{"id":31339,"date":"2025-12-29T15:05:45","date_gmt":"2025-12-29T07:05:45","guid":{"rendered":"https:\/\/fizzyvape.com\/product\/150k-puffs-15-em-1\/"},"modified":"2026-01-21T15:25:33","modified_gmt":"2026-01-21T07:25:33","slug":"150k-puffs-15-em-1","status":"publish","type":"product","link":"https:\/\/fizzyvape.com\/pt-pt\/product\/150k-puffs-15-em-1\/","title":{"rendered":"150K Puffs 15 em 1"},"content":{"rendered":"\t\t<div data-elementor-type=\"product-post\" data-elementor-id=\"31339\" class=\"elementor elementor-31339 elementor-29818\" data-elementor-post-type=\"product\">\n\t\t\t\t<div class=\"wd-negative-gap elementor-element elementor-element-47bfc5e e-flex e-con-boxed e-con e-parent\" data-id=\"47bfc5e\" data-element_type=\"container\" data-e-type=\"container\">\n\t\t\t\t\t<div class=\"e-con-inner\">\n\t\t\t\t<div class=\"elementor-element elementor-element-3b6e603 color-scheme-inherit text-left elementor-widget elementor-widget-text-editor\" data-id=\"3b6e603\" data-element_type=\"widget\" data-e-type=\"widget\" data-widget_type=\"text-editor.default\">\n\t\t\t\t\t\t\t\t\t<h1>Fizzy 150K 150000 Puffs Vape descart\u00e1vel: O derradeiro carro-chefe inteligente 15 em 1<\/h1><p>O <b>Fizzy 150K 150000 Puffs<\/b> n\u00e3o \u00e9 apenas um dispositivo de alta capacidade; \u00e9 uma revolu\u00e7\u00e3o tecnol\u00f3gica na ind\u00fastria dos vape descart\u00e1veis. Como carro-chefe da Fizzy, combina uma contagem sem precedentes <b>de 150.000 puffs<\/b> com um <b>sistema<\/b> patenteado <b>de m\u00faltiplos sabores<\/b> e <b>monitoriza\u00e7\u00e3o inteligente<\/b>, estabelecendo um novo padr\u00e3o de desempenho e valor. <\/p><h2>\ud83d\ude80 Principais destaques do produto<\/h2><h4><b>1. Resist\u00eancia e capacidade inigual\u00e1veis<\/b><\/h4><p>Concebido para te satisfazeres a longo prazo, o Fizzy 150K \u00e9 o vape definitivo para a &#8220;maratona&#8221;.<\/p><ul><li><p><b>Lidera a ind\u00fastria com 150.000 baforadas:<\/b> Uma vida \u00fatil enorme que ultrapassa dezenas de descart\u00e1veis normais.<\/p><\/li><li><p><b>Reservat\u00f3rio ultra-grande de 80 ml:<\/b> Preenchido com e-l\u00edquido Fizzy de alta qualidade para uma utiliza\u00e7\u00e3o sem interrup\u00e7\u00f5es.<\/p><\/li><li><p><b>Bateria din\u00e2mica de 1000mAh:<\/b> Uma c\u00e9lula recarreg\u00e1vel de alta capacidade garante que o dispositivo funciona no seu m\u00e1ximo at\u00e9 \u00e0 \u00faltima gota.<\/p><\/li><li><p><b>Solu\u00e7\u00e3o econ\u00f3mica:<\/b> Reduz drasticamente o custo por baforada para os consumidores e a frequ\u00eancia de substitui\u00e7\u00e3o para os retalhistas.<\/p><\/li><\/ul><h4><b>2. Inova\u00e7\u00e3o patenteada do sabor 15 em 1<\/b><\/h4><p>Experimenta a liberdade total de sabores. A Fizzy 150K apresenta uma arquitetura \u00fanica de quatro tanques que te permite mudar de sabor instantaneamente. <\/p><ul><li><p><b>4 Canais de E-l\u00edquido independentes:<\/b> Quatro dep\u00f3sitos separados de 20 ml (A, B, C e D) garantem que n\u00e3o h\u00e1 mistura de sabores.<\/p><\/li><li><p><b>15 combina\u00e7\u00f5es de sabores:<\/b> Utiliza o bot\u00e3o de altern\u00e2ncia f\u00edsico para escolher entre 4 sabores base ou desbloquear 11 misturas h\u00edbridas.<\/p><\/li><li><p><b>Pura integridade do sabor:<\/b> A tecnologia de isolamento avan\u00e7ada mant\u00e9m cada perfil de sabor n\u00edtido e distinto.<\/p><\/li><\/ul><h4><b>3. Sistema de ecr\u00e3 inteligente<\/b><\/h4><p>Transpar\u00eancia total na ponta dos teus dedos. O ecr\u00e3 HD incorporado fornece dados em tempo real para uma experi\u00eancia sem preocupa\u00e7\u00f5es. <\/p><ul><li><p><b>Monitoriza a percentagem de bateria:<\/b> Sabe exatamente quando deves recarregar atrav\u00e9s da porta Type-C.<\/p><\/li><li><p><b>Rastreamento de e-l\u00edquido em quatro tanques:<\/b> Indicadores de n\u00edvel individuais para os quatro canais de e-l\u00edquido.<\/p><\/li><li><p><b>Feedback do modo ativo:<\/b> V\u00ea claramente qual o canal ou combina\u00e7\u00e3o de aromas que est\u00e1 atualmente ativo.<\/p><\/li><\/ul><h4><b>4. Revolucion\u00e1ria tecnologia Quad Mesh<\/b><\/h4><p>A pot\u00eancia encontra-se com a precis\u00e3o. O sistema de aquecimento interno foi concebido para lidar com o enorme volume de e-l\u00edquido, mantendo a intensidade do sabor. <\/p><ul><li><p><b>Arquitetura de 4 bobinas de malha:<\/b> Quatro bobinas de malha sincronizada proporcionam um aquecimento instant\u00e2neo e uniforme.<\/p><\/li><li><p><b>Resist\u00eancia de precis\u00e3o de 4*1.0\u03a9:<\/b> Otimizado para um equil\u00edbrio perfeito entre vapor denso e batida suave na garganta.<\/p><\/li><li><p><b>Produz um sabor consistente:<\/b> A tecnologia propriet\u00e1ria evita que as batidas se queimem, mesmo quando te aproximas da 150.000\u00aa baforada.<\/p><\/li><\/ul>\t\t\t\t\t\t\t\t<\/div>\n\t\t\t\t\t<\/div>\n\t\t\t\t<\/div>\n\t\t<div class=\"wd-negative-gap elementor-element elementor-element-da2825a e-flex e-con-boxed e-con e-parent\" data-id=\"da2825a\" data-element_type=\"container\" data-e-type=\"container\">\n\t\t\t\t\t<div class=\"e-con-inner\">\n\t\t\t\t<div class=\"elementor-element elementor-element-74d2315 color-scheme-inherit text-left elementor-widget elementor-widget-text-editor\" data-id=\"74d2315\" data-element_type=\"widget\" data-e-type=\"widget\" data-widget_type=\"text-editor.default\">\n\t\t\t\t\t\t\t\t\t<h2><strong>Lista de sabores do vaporizador descart<\/strong>\u00e1vel recarreg\u00e1vel Fizzy 15 em 1 150K Puffs <strong>:<\/strong><\/h2><ol><li>gelo de melancia &amp; red bull &amp; morango framboesa &amp; gelo triplo de mel\u00e3o<\/li><li>morango ice &amp; kiwi maracuj\u00e1 goiaba &amp; p\u00eassego manga melancia &amp; uva burst<\/li><li>red bull &amp; morango kiwi rom\u00e3 &amp; mirtilo ice &amp; anan\u00e1s coco<\/li><li>morango kiwi &amp; mistura de frutos silvestres &amp; melancia bubblegum &amp; p\u00eassego sumarento<\/li><li>mirtilo framboesa &amp; morango ice &amp; blue razz limonada &amp; melancia gummy bear<\/li><li>ponche de frutas tropicais e melancia framboesa e mirtilo coco e morango skittles<\/li><li>amor 66 &amp; morango kiwi &amp; melancia mirtilo &amp; framboesa limonada<\/li><li>mistura de frutos silvestres e anan\u00e1s p\u00eassego maracuj\u00e1 e cola com g\u00e1s e morango framboesa<\/li><li>blue razz rapsberry &amp; watermelon cherry ice &amp; strawberry grape &amp;passion fruit orange peach<\/li><li>cereja efervescente &amp; morango fruta do drag\u00e3o &amp; lim\u00e3o lima &amp; melancia mirtilo<\/li><li>Coca-Cola de morango e baunilha e mirtilo framboesa e melancia gelo e cereja<\/li><li>mirtilo ice &amp; morango melancia &amp; mojito &amp; kiwi maracuj\u00e1 goiaba<\/li><\/ol>\t\t\t\t\t\t\t\t<\/div>\n\t\t\t\t<div class=\"elementor-element elementor-element-d4fbf27 color-scheme-inherit text-left elementor-widget elementor-widget-text-editor\" data-id=\"d4fbf27\" data-element_type=\"widget\" data-e-type=\"widget\" data-widget_type=\"text-editor.default\">\n\t\t\t\t\t\t\t\t\t<h2><strong>Porqu\u00ea escolher Fizzy 150K Puffs?<\/strong><\/h2><ul><li><p>Solu\u00e7\u00e3o descart\u00e1vel de puff ultra-alto<\/p><\/li><li><p>Inova\u00e7\u00e3o multi-sabor 15 em 1<\/p><\/li><li><p>Ecr\u00e3 inteligente com dados em tempo real<\/p><\/li><li><p>Recarreg\u00e1vel, design ecol\u00f3gico<\/p><\/li><li><p>Ideal para <strong>grossistas, distribuidores e retalhistas de vape<\/strong><\/p><\/li><\/ul><p>Como uma marca de confian\u00e7a com anos de experi\u00eancia na ind\u00fastria, <strong>a Fizzy continua a ultrapassar os limites da tecnologia de vape descart\u00e1vel<\/strong>.<\/p>\t\t\t\t\t\t\t\t<\/div>\n\t\t\t\t\t<\/div>\n\t\t\t\t<\/div>\n\t\t<div class=\"wd-negative-gap elementor-element elementor-element-258c428 e-flex e-con-boxed e-con e-parent\" data-id=\"258c428\" data-element_type=\"container\" data-e-type=\"container\">\n\t\t\t\t\t<div class=\"e-con-inner\">\n\t\t\t\t<div class=\"elementor-element elementor-element-461b777 color-scheme-inherit text-left elementor-widget elementor-widget-text-editor\" data-id=\"461b777\" data-element_type=\"widget\" data-e-type=\"widget\" data-widget_type=\"text-editor.default\">\n\t\t\t\t\t\t\t\t\t<h2>Perguntas e Respostas &#8211; Fizzy 150K Puffs Vape descart\u00e1vel<\/h2><p><strong>Como funciona o sistema de aromas 15 em 1?<\/strong><\/p><p>O dispositivo cont\u00e9m quatro canais de sabor separados (A, B, C, D). Ao selecionar diferentes combina\u00e7\u00f5es atrav\u00e9s dos bot\u00f5es de controlo, os utilizadores podem aceder a at\u00e9 <strong>15 modos de sabor \u00fanicos<\/strong>. <\/p><p><strong>Posso verificar o n\u00edvel de e-l\u00edquido de cada sabor?<\/strong><\/p><p>Sim. O visor inteligente mostra <strong>os n\u00edveis individuais de e-l\u00edquido para cada canal de sabor<\/strong>, permitindo uma monitoriza\u00e7\u00e3o precisa. <\/p><p><strong>O Fizzy 150K \u00e9 recarreg\u00e1vel?<\/strong><\/p><p>Sim. Possui uma <strong>bateria recarreg\u00e1vel de 1000mAh<\/strong> com <strong>carregamento Tipo C<\/strong> para um reabastecimento de energia r\u00e1pido e eficiente. <\/p><p><strong>A mudan\u00e7a de sabores afecta a qualidade do vapor?<\/strong><\/p><p>N\u00e3o. O sistema de bobina de malha qu\u00e1drupla foi concebido para manter <strong>uma qualidade consistente de vapor e sabor<\/strong>, mesmo quando alternas entre diferentes combina\u00e7\u00f5es de sabores. <\/p><p><strong>Este produto \u00e9 adequado para distribui\u00e7\u00e3o por grosso?<\/strong><\/p><p>Sim. O Fizzy 150K \u00e9 ideal para <strong>grossistas, distribuidores e retalhistas de vape<\/strong> que procuram solu\u00e7\u00f5es de vape descart\u00e1veis inovadoras e de grande capacidade. <\/p><p><strong>O que torna este dispositivo diferente dos vapes descart\u00e1veis normais?<\/strong><\/p><p>Ao contr\u00e1rio dos descart\u00e1veis normais, este dispositivo combina <strong>a sele\u00e7\u00e3o de v\u00e1rios sabores, o visor em tempo real, a contagem ultra elevada de baforadas e a funcionalidade recarreg\u00e1vel<\/strong> num \u00fanico produto.<\/p>\t\t\t\t\t\t\t\t<\/div>\n\t\t\t\t\t<\/div>\n\t\t\t\t<\/div>\n\t\t<div class=\"wd-negative-gap elementor-element elementor-element-d8c54b9 e-flex e-con-boxed e-con e-parent\" data-id=\"d8c54b9\" data-element_type=\"container\" data-e-type=\"container\">\n\t\t\t\t\t<div class=\"e-con-inner\">\n\t\t\t\t<div class=\"elementor-element elementor-element-9630d8a elementor-widget elementor-widget-shortcode\" data-id=\"9630d8a\" data-element_type=\"widget\" data-e-type=\"widget\" data-widget_type=\"shortcode.default\">\n\t\t\t\t\t\t\t<div class=\"elementor-shortcode\">\t\t\t<link rel=\"stylesheet\" id=\"elementor-post-30351-css\" href=\"https:\/\/fizzyvape.com\/wp-content\/uploads\/elementor\/css\/post-30351.css?ver=1777063452\" type=\"text\/css\" media=\"all\">\n\t\t\t\t\t<div data-elementor-type=\"wp-post\" data-elementor-id=\"30351\" class=\"elementor elementor-30351\" data-elementor-post-type=\"cms_block\">\n\t\t\t\t<div class=\"elementor-element elementor-element-b1bf99a e-con-full wd-section-stretch e-flex e-con e-parent\" data-id=\"b1bf99a\" data-element_type=\"container\" data-e-type=\"container\">\n\t\t\t\t<div class=\"elementor-element elementor-element-4bcebb7 elementor-widget elementor-widget-wd_image_or_svg\" data-id=\"4bcebb7\" data-element_type=\"widget\" data-e-type=\"widget\" data-widget_type=\"wd_image_or_svg.default\">\n\t\t\t\t<div class=\"elementor-widget-container\">\n\t\t\t\t\t\n\t\t<div class=\"wd-image text-left\">\n\t\t\t\t\t\t\t\t<img loading=\"lazy\" decoding=\"async\" width=\"1920\" height=\"915\" src=\"https:\/\/fizzyvape.com\/wp-content\/uploads\/2025\/12\/Fizzy-150K-Puffs-Disposable-Vape-0.jpg\" class=\"attachment-full size-full\" alt=\"Fizzy 150K Puffs Disposable Vape - 0\" srcset=\"https:\/\/fizzyvape.com\/wp-content\/uploads\/2025\/12\/Fizzy-150K-Puffs-Disposable-Vape-0.jpg 1920w, https:\/\/fizzyvape.com\/wp-content\/uploads\/2025\/12\/Fizzy-150K-Puffs-Disposable-Vape-0-400x191.jpg 400w, https:\/\/fizzyvape.com\/wp-content\/uploads\/2025\/12\/Fizzy-150K-Puffs-Disposable-Vape-0-1300x620.jpg 1300w, https:\/\/fizzyvape.com\/wp-content\/uploads\/2025\/12\/Fizzy-150K-Puffs-Disposable-Vape-0-768x366.jpg 768w, https:\/\/fizzyvape.com\/wp-content\/uploads\/2025\/12\/Fizzy-150K-Puffs-Disposable-Vape-0-1536x732.jpg 1536w, https:\/\/fizzyvape.com\/wp-content\/uploads\/2025\/12\/Fizzy-150K-Puffs-Disposable-Vape-0-430x205.jpg 430w, https:\/\/fizzyvape.com\/wp-content\/uploads\/2025\/12\/Fizzy-150K-Puffs-Disposable-Vape-0-700x334.jpg 700w, https:\/\/fizzyvape.com\/wp-content\/uploads\/2025\/12\/Fizzy-150K-Puffs-Disposable-Vape-0-150x71.jpg 150w\" sizes=\"auto, (max-width: 1920px) 100vw, 1920px\" \/>\t\t\t\t\t<\/div>\n\n\t\t\t\t\t\t<\/div>\n\t\t\t\t<\/div>\n\t\t\t\t<div class=\"elementor-element elementor-element-57fb82b elementor-widget elementor-widget-wd_image_or_svg\" data-id=\"57fb82b\" data-element_type=\"widget\" data-e-type=\"widget\" data-widget_type=\"wd_image_or_svg.default\">\n\t\t\t\t<div class=\"elementor-widget-container\">\n\t\t\t\t\t\n\t\t<div class=\"wd-image text-left\">\n\t\t\t\t\t\t\t\t<img loading=\"lazy\" decoding=\"async\" width=\"1920\" height=\"1084\" src=\"https:\/\/fizzyvape.com\/wp-content\/uploads\/2025\/12\/Fizzy-150K-Puffs-Disposable-Vape-2.jpg\" class=\"attachment-full size-full\" alt=\"Fizzy 150K Puffs Disposable Vape - 2\" srcset=\"https:\/\/fizzyvape.com\/wp-content\/uploads\/2025\/12\/Fizzy-150K-Puffs-Disposable-Vape-2.jpg 1920w, https:\/\/fizzyvape.com\/wp-content\/uploads\/2025\/12\/Fizzy-150K-Puffs-Disposable-Vape-2-400x226.jpg 400w, https:\/\/fizzyvape.com\/wp-content\/uploads\/2025\/12\/Fizzy-150K-Puffs-Disposable-Vape-2-1300x734.jpg 1300w, https:\/\/fizzyvape.com\/wp-content\/uploads\/2025\/12\/Fizzy-150K-Puffs-Disposable-Vape-2-768x434.jpg 768w, https:\/\/fizzyvape.com\/wp-content\/uploads\/2025\/12\/Fizzy-150K-Puffs-Disposable-Vape-2-1536x867.jpg 1536w, https:\/\/fizzyvape.com\/wp-content\/uploads\/2025\/12\/Fizzy-150K-Puffs-Disposable-Vape-2-430x243.jpg 430w, https:\/\/fizzyvape.com\/wp-content\/uploads\/2025\/12\/Fizzy-150K-Puffs-Disposable-Vape-2-700x395.jpg 700w, https:\/\/fizzyvape.com\/wp-content\/uploads\/2025\/12\/Fizzy-150K-Puffs-Disposable-Vape-2-150x85.jpg 150w\" sizes=\"auto, (max-width: 1920px) 100vw, 1920px\" \/>\t\t\t\t\t<\/div>\n\n\t\t\t\t\t\t<\/div>\n\t\t\t\t<\/div>\n\t\t\t\t<div class=\"elementor-element elementor-element-8c01a1f elementor-widget elementor-widget-wd_image_or_svg\" data-id=\"8c01a1f\" data-element_type=\"widget\" data-e-type=\"widget\" data-widget_type=\"wd_image_or_svg.default\">\n\t\t\t\t<div class=\"elementor-widget-container\">\n\t\t\t\t\t\n\t\t<div class=\"wd-image text-left\">\n\t\t\t\t\t\t\t\t<img loading=\"lazy\" decoding=\"async\" width=\"1920\" height=\"981\" src=\"https:\/\/fizzyvape.com\/wp-content\/uploads\/2025\/12\/Fizzy-150K-Puffs-Disposable-Vape-3.jpg\" class=\"attachment-full size-full\" alt=\"Fizzy 150K Puffs Disposable Vape - 3\" srcset=\"https:\/\/fizzyvape.com\/wp-content\/uploads\/2025\/12\/Fizzy-150K-Puffs-Disposable-Vape-3.jpg 1920w, https:\/\/fizzyvape.com\/wp-content\/uploads\/2025\/12\/Fizzy-150K-Puffs-Disposable-Vape-3-400x204.jpg 400w, https:\/\/fizzyvape.com\/wp-content\/uploads\/2025\/12\/Fizzy-150K-Puffs-Disposable-Vape-3-1300x664.jpg 1300w, https:\/\/fizzyvape.com\/wp-content\/uploads\/2025\/12\/Fizzy-150K-Puffs-Disposable-Vape-3-768x392.jpg 768w, https:\/\/fizzyvape.com\/wp-content\/uploads\/2025\/12\/Fizzy-150K-Puffs-Disposable-Vape-3-1536x785.jpg 1536w, https:\/\/fizzyvape.com\/wp-content\/uploads\/2025\/12\/Fizzy-150K-Puffs-Disposable-Vape-3-430x220.jpg 430w, https:\/\/fizzyvape.com\/wp-content\/uploads\/2025\/12\/Fizzy-150K-Puffs-Disposable-Vape-3-700x358.jpg 700w, https:\/\/fizzyvape.com\/wp-content\/uploads\/2025\/12\/Fizzy-150K-Puffs-Disposable-Vape-3-150x77.jpg 150w\" sizes=\"auto, (max-width: 1920px) 100vw, 1920px\" \/>\t\t\t\t\t<\/div>\n\n\t\t\t\t\t\t<\/div>\n\t\t\t\t<\/div>\n\t\t\t\t<div class=\"elementor-element elementor-element-0da72e0 elementor-widget elementor-widget-wd_image_or_svg\" data-id=\"0da72e0\" data-element_type=\"widget\" data-e-type=\"widget\" data-widget_type=\"wd_image_or_svg.default\">\n\t\t\t\t<div class=\"elementor-widget-container\">\n\t\t\t\t\t\n\t\t<div class=\"wd-image text-left\">\n\t\t\t\t\t\t\t\t<img loading=\"lazy\" decoding=\"async\" width=\"1920\" height=\"769\" src=\"https:\/\/fizzyvape.com\/wp-content\/uploads\/2025\/12\/Fizzy-150K-Puffs-Disposable-Vape-4.jpg\" class=\"attachment-full size-full\" alt=\"Fizzy 150K Puffs Disposable Vape - 4\" srcset=\"https:\/\/fizzyvape.com\/wp-content\/uploads\/2025\/12\/Fizzy-150K-Puffs-Disposable-Vape-4.jpg 1920w, https:\/\/fizzyvape.com\/wp-content\/uploads\/2025\/12\/Fizzy-150K-Puffs-Disposable-Vape-4-400x160.jpg 400w, https:\/\/fizzyvape.com\/wp-content\/uploads\/2025\/12\/Fizzy-150K-Puffs-Disposable-Vape-4-1300x521.jpg 1300w, https:\/\/fizzyvape.com\/wp-content\/uploads\/2025\/12\/Fizzy-150K-Puffs-Disposable-Vape-4-768x308.jpg 768w, https:\/\/fizzyvape.com\/wp-content\/uploads\/2025\/12\/Fizzy-150K-Puffs-Disposable-Vape-4-1536x615.jpg 1536w, https:\/\/fizzyvape.com\/wp-content\/uploads\/2025\/12\/Fizzy-150K-Puffs-Disposable-Vape-4-430x172.jpg 430w, https:\/\/fizzyvape.com\/wp-content\/uploads\/2025\/12\/Fizzy-150K-Puffs-Disposable-Vape-4-700x280.jpg 700w, https:\/\/fizzyvape.com\/wp-content\/uploads\/2025\/12\/Fizzy-150K-Puffs-Disposable-Vape-4-150x60.jpg 150w\" sizes=\"auto, (max-width: 1920px) 100vw, 1920px\" \/>\t\t\t\t\t<\/div>\n\n\t\t\t\t\t\t<\/div>\n\t\t\t\t<\/div>\n\t\t\t\t<div class=\"elementor-element elementor-element-a8d3d16 elementor-widget elementor-widget-wd_image_or_svg\" data-id=\"a8d3d16\" data-element_type=\"widget\" data-e-type=\"widget\" data-widget_type=\"wd_image_or_svg.default\">\n\t\t\t\t<div class=\"elementor-widget-container\">\n\t\t\t\t\t\n\t\t<div class=\"wd-image text-center\">\n\t\t\t\t\t\t\t\t<img loading=\"lazy\" decoding=\"async\" width=\"1663\" height=\"2560\" src=\"https:\/\/fizzyvape.com\/wp-content\/uploads\/2025\/12\/Fizzy-150K-Puffs-Disposable-Vape-5-1-scaled.jpg\" class=\"attachment-full size-full\" alt=\"Fizzy 150K Puffs Disposable Vape Flavors List - 5\" srcset=\"https:\/\/fizzyvape.com\/wp-content\/uploads\/2025\/12\/Fizzy-150K-Puffs-Disposable-Vape-5-1-scaled.jpg 1663w, https:\/\/fizzyvape.com\/wp-content\/uploads\/2025\/12\/Fizzy-150K-Puffs-Disposable-Vape-5-1-195x300.jpg 195w, https:\/\/fizzyvape.com\/wp-content\/uploads\/2025\/12\/Fizzy-150K-Puffs-Disposable-Vape-5-1-520x800.jpg 520w, https:\/\/fizzyvape.com\/wp-content\/uploads\/2025\/12\/Fizzy-150K-Puffs-Disposable-Vape-5-1-768x1182.jpg 768w, https:\/\/fizzyvape.com\/wp-content\/uploads\/2025\/12\/Fizzy-150K-Puffs-Disposable-Vape-5-1-998x1536.jpg 998w, https:\/\/fizzyvape.com\/wp-content\/uploads\/2025\/12\/Fizzy-150K-Puffs-Disposable-Vape-5-1-1330x2048.jpg 1330w, https:\/\/fizzyvape.com\/wp-content\/uploads\/2025\/12\/Fizzy-150K-Puffs-Disposable-Vape-5-1-430x662.jpg 430w, https:\/\/fizzyvape.com\/wp-content\/uploads\/2025\/12\/Fizzy-150K-Puffs-Disposable-Vape-5-1-700x1078.jpg 700w, https:\/\/fizzyvape.com\/wp-content\/uploads\/2025\/12\/Fizzy-150K-Puffs-Disposable-Vape-5-1-150x231.jpg 150w\" sizes=\"auto, (max-width: 1663px) 100vw, 1663px\" \/>\t\t\t\t\t<\/div>\n\n\t\t\t\t\t\t<\/div>\n\t\t\t\t<\/div>\n\t\t\t\t<div class=\"elementor-element elementor-element-2948100 elementor-widget elementor-widget-wd_image_or_svg\" data-id=\"2948100\" data-element_type=\"widget\" data-e-type=\"widget\" data-widget_type=\"wd_image_or_svg.default\">\n\t\t\t\t<div class=\"elementor-widget-container\">\n\t\t\t\t\t\n\t\t<div class=\"wd-image text-left\">\n\t\t\t\t\t\t\t\t<img loading=\"lazy\" decoding=\"async\" width=\"1920\" height=\"823\" src=\"https:\/\/fizzyvape.com\/wp-content\/uploads\/2025\/12\/Fizzy-150K-Puffs-Disposable-Vape-6-1.jpg\" class=\"attachment-full size-full\" alt=\"Fizzy 150K Puffs Disposable Vape - 6\" srcset=\"https:\/\/fizzyvape.com\/wp-content\/uploads\/2025\/12\/Fizzy-150K-Puffs-Disposable-Vape-6-1.jpg 1920w, https:\/\/fizzyvape.com\/wp-content\/uploads\/2025\/12\/Fizzy-150K-Puffs-Disposable-Vape-6-1-400x171.jpg 400w, https:\/\/fizzyvape.com\/wp-content\/uploads\/2025\/12\/Fizzy-150K-Puffs-Disposable-Vape-6-1-1300x557.jpg 1300w, https:\/\/fizzyvape.com\/wp-content\/uploads\/2025\/12\/Fizzy-150K-Puffs-Disposable-Vape-6-1-768x329.jpg 768w, https:\/\/fizzyvape.com\/wp-content\/uploads\/2025\/12\/Fizzy-150K-Puffs-Disposable-Vape-6-1-1536x658.jpg 1536w, https:\/\/fizzyvape.com\/wp-content\/uploads\/2025\/12\/Fizzy-150K-Puffs-Disposable-Vape-6-1-430x184.jpg 430w, https:\/\/fizzyvape.com\/wp-content\/uploads\/2025\/12\/Fizzy-150K-Puffs-Disposable-Vape-6-1-700x300.jpg 700w, https:\/\/fizzyvape.com\/wp-content\/uploads\/2025\/12\/Fizzy-150K-Puffs-Disposable-Vape-6-1-150x64.jpg 150w\" sizes=\"auto, (max-width: 1920px) 100vw, 1920px\" \/>\t\t\t\t\t<\/div>\n\n\t\t\t\t\t\t<\/div>\n\t\t\t\t<\/div>\n\t\t\t\t<div class=\"elementor-element elementor-element-00e6aa4 elementor-widget elementor-widget-wd_image_or_svg\" data-id=\"00e6aa4\" data-element_type=\"widget\" data-e-type=\"widget\" data-widget_type=\"wd_image_or_svg.default\">\n\t\t\t\t<div class=\"elementor-widget-container\">\n\t\t\t\t\t\n\t\t<div class=\"wd-image text-left\">\n\t\t\t\t\t\t\t\t<img loading=\"lazy\" decoding=\"async\" width=\"1920\" height=\"1266\" src=\"https:\/\/fizzyvape.com\/wp-content\/uploads\/2025\/12\/Fizzy-150K-Puffs-Disposable-Vape-8-1.jpg\" class=\"attachment-full size-full\" alt=\"Fizzy 150K Puffs Disposable Vape - 8\" srcset=\"https:\/\/fizzyvape.com\/wp-content\/uploads\/2025\/12\/Fizzy-150K-Puffs-Disposable-Vape-8-1.jpg 1920w, https:\/\/fizzyvape.com\/wp-content\/uploads\/2025\/12\/Fizzy-150K-Puffs-Disposable-Vape-8-1-400x264.jpg 400w, https:\/\/fizzyvape.com\/wp-content\/uploads\/2025\/12\/Fizzy-150K-Puffs-Disposable-Vape-8-1-1213x800.jpg 1213w, https:\/\/fizzyvape.com\/wp-content\/uploads\/2025\/12\/Fizzy-150K-Puffs-Disposable-Vape-8-1-768x506.jpg 768w, https:\/\/fizzyvape.com\/wp-content\/uploads\/2025\/12\/Fizzy-150K-Puffs-Disposable-Vape-8-1-1536x1013.jpg 1536w, https:\/\/fizzyvape.com\/wp-content\/uploads\/2025\/12\/Fizzy-150K-Puffs-Disposable-Vape-8-1-430x284.jpg 430w, https:\/\/fizzyvape.com\/wp-content\/uploads\/2025\/12\/Fizzy-150K-Puffs-Disposable-Vape-8-1-700x462.jpg 700w, https:\/\/fizzyvape.com\/wp-content\/uploads\/2025\/12\/Fizzy-150K-Puffs-Disposable-Vape-8-1-150x99.jpg 150w\" sizes=\"auto, (max-width: 1920px) 100vw, 1920px\" \/>\t\t\t\t\t<\/div>\n\n\t\t\t\t\t\t<\/div>\n\t\t\t\t<\/div>\n\t\t\t\t<\/div>\n\t\t\t\t<\/div>\n\t\t<\/div>\n\t\t\t\t\t\t<\/div>\n\t\t\t\t\t<\/div>\n\t\t\t\t<\/div>\n\t\t\t\t<\/div>\n\t\t","protected":false},"excerpt":{"rendered":"[html_block id=\"30031\"]\n","protected":false},"featured_media":31340,"comment_status":"closed","ping_status":"closed","template":"","meta":{"_crdt_document":"","om_disable_all_campaigns":false,"_monsterinsights_skip_tracking":false,"_monsterinsights_sitenote_active":false,"_monsterinsights_sitenote_note":"","_monsterinsights_sitenote_category":0},"product_brand":[],"product_cat":[174],"product_tag":[],"class_list":{"0":"post-31339","1":"product","2":"type-product","3":"status-publish","4":"has-post-thumbnail","6":"product_cat-vape-descartavel","8":"first","9":"instock","10":"shipping-taxable","11":"product-type-simple"},"aioseo_notices":[],"_links":{"self":[{"href":"https:\/\/fizzyvape.com\/pt-pt\/wp-json\/wp\/v2\/product\/31339","targetHints":{"allow":["GET"]}}],"collection":[{"href":"https:\/\/fizzyvape.com\/pt-pt\/wp-json\/wp\/v2\/product"}],"about":[{"href":"https:\/\/fizzyvape.com\/pt-pt\/wp-json\/wp\/v2\/types\/product"}],"replies":[{"embeddable":true,"href":"https:\/\/fizzyvape.com\/pt-pt\/wp-json\/wp\/v2\/comments?post=31339"}],"version-history":[{"count":1,"href":"https:\/\/fizzyvape.com\/pt-pt\/wp-json\/wp\/v2\/product\/31339\/revisions"}],"predecessor-version":[{"id":31356,"href":"https:\/\/fizzyvape.com\/pt-pt\/wp-json\/wp\/v2\/product\/31339\/revisions\/31356"}],"wp:featuredmedia":[{"embeddable":true,"href":"https:\/\/fizzyvape.com\/pt-pt\/wp-json\/wp\/v2\/media\/31340"}],"wp:attachment":[{"href":"https:\/\/fizzyvape.com\/pt-pt\/wp-json\/wp\/v2\/media?parent=31339"}],"wp:term":[{"taxonomy":"product_brand","embeddable":true,"href":"https:\/\/fizzyvape.com\/pt-pt\/wp-json\/wp\/v2\/product_brand?post=31339"},{"taxonomy":"product_cat","embeddable":true,"href":"https:\/\/fizzyvape.com\/pt-pt\/wp-json\/wp\/v2\/product_cat?post=31339"},{"taxonomy":"product_tag","embeddable":true,"href":"https:\/\/fizzyvape.com\/pt-pt\/wp-json\/wp\/v2\/product_tag?post=31339"}],"curies":[{"name":"wp","href":"https:\/\/api.w.org\/{rel}","templated":true}]}}