{"id":31226,"date":"2025-06-18T09:47:57","date_gmt":"2025-06-18T01:47:57","guid":{"rendered":"https:\/\/fizzyvape.com\/product\/max-iii-6em1-60000-puffs\/"},"modified":"2026-01-21T15:25:33","modified_gmt":"2026-01-21T07:25:33","slug":"max-iii-6em1-60000-puffs","status":"publish","type":"product","link":"https:\/\/fizzyvape.com\/pt-pt\/product\/max-iii-6em1-60000-puffs\/","title":{"rendered":"Max III 6em1 &#8211; 60000 Puffs"},"content":{"rendered":"\t\t<div data-elementor-type=\"product-post\" data-elementor-id=\"31226\" class=\"elementor elementor-31226 elementor-2473\" data-elementor-post-type=\"product\">\n\t\t\t\t<div class=\"wd-negative-gap elementor-element elementor-element-50c2a61 e-flex e-con-boxed e-con e-parent\" data-id=\"50c2a61\" data-element_type=\"container\" data-e-type=\"container\">\n\t\t\t\t\t<div class=\"e-con-inner\">\n\t\t\t\t<div class=\"elementor-element elementor-element-f8789cd elementor-widget elementor-widget-heading\" data-id=\"f8789cd\" data-element_type=\"widget\" data-e-type=\"widget\" data-widget_type=\"heading.default\">\n\t\t\t\t\t<h1 class=\"elementor-heading-title elementor-size-default\">Fizzy Max III 6-em-1 60000 Puffs Vape descart\u00e1vel | Fornecedor grossista<\/h1>\t\t\t\t<\/div>\n\t\t\t\t\t<\/div>\n\t\t\t\t<\/div>\n\t\t<div class=\"wd-negative-gap elementor-element elementor-element-1fc59b2 e-flex e-con-boxed e-con e-parent\" data-id=\"1fc59b2\" data-element_type=\"container\" data-e-type=\"container\">\n\t\t\t\t\t<div class=\"e-con-inner\">\n\t\t\t\t<div class=\"elementor-element elementor-element-db021bd color-scheme-inherit text-left elementor-widget elementor-widget-text-editor\" data-id=\"db021bd\" data-element_type=\"widget\" data-e-type=\"widget\" data-widget_type=\"text-editor.default\">\n\t\t\t\t\t\t\t\t\t<p><strong>Um dispositivo, seis sabores &#8211; a derradeira inova\u00e7\u00e3o vaporizadora<\/strong><\/p><p>Experimenta uma versatilidade inigual\u00e1vel com o Fizzy Max III 6 em 1, um <a href=\"https:\/\/fizzyvape.com\/pt-pt\/product-category\/vape-descartavel\/\">Vape descart\u00e1vel<\/a> de 60000 Puffs que combina seis sabores de primeira qualidade num s\u00f3 dispositivo recarreg\u00e1vel. Perfeito para os vapers que desejam variedade, desempenho e conveni\u00eancia. <\/p>\t\t\t\t\t\t\t\t<\/div>\n\t\t\t\t<div class=\"elementor-element elementor-element-12ec70c elementor-widget elementor-widget-heading\" data-id=\"12ec70c\" data-element_type=\"widget\" data-e-type=\"widget\" data-widget_type=\"heading.default\">\n\t\t\t\t\t<h2 class=\"elementor-heading-title elementor-size-default\">Porqu\u00ea escolher o Fizzy Max III 6in1 60000 Puffs Vape descart\u00e1vel?<\/h2>\t\t\t\t<\/div>\n\t\t\t\t<div class=\"elementor-element elementor-element-92e8b26 color-scheme-inherit text-left elementor-widget elementor-widget-text-editor\" data-id=\"92e8b26\" data-element_type=\"widget\" data-e-type=\"widget\" data-widget_type=\"text-editor.default\">\n\t\t\t\t\t\t\t\t\t<ul><li><p><strong>60.000 baforadas no total<\/strong> &#8211; Grande capacidade para uma satisfa\u00e7\u00e3o duradoura<\/p><\/li><li><p><strong>6 sabores num s\u00f3 dispositivo<\/strong> &#8211; Muda sem esfor\u00e7o usando o bocal rotativo inteligente<\/p><\/li><li><p><strong>3 c\u00e1psulas x 20 ml cada<\/strong> &#8211; C\u00e1psulas com dois sabores para um vape rico e em camadas<\/p><\/li><li><p><strong>Bateria recarreg\u00e1vel<\/strong> &#8211; Carregamento TYPE-C para m\u00e1xima efici\u00eancia<\/p><\/li><li><p><strong>Ecr\u00e3 LED<\/strong> &#8211; Mostra o n\u00edvel da bateria e o estado do e-l\u00edquido<\/p><\/li><li><p><strong>Draw-Activated<\/strong> &#8211; Inspira suavemente e sem complica\u00e7\u00f5es, sem necessidade de bot\u00f5es<\/p><\/li><\/ul>\t\t\t\t\t\t\t\t<\/div>\n\t\t\t\t<div class=\"elementor-element elementor-element-be4ea9c elementor-widget elementor-widget-heading\" data-id=\"be4ea9c\" data-element_type=\"widget\" data-e-type=\"widget\" data-widget_type=\"heading.default\">\n\t\t\t\t\t<h2 class=\"elementor-heading-title elementor-size-default\">Fizzy Max III 6in1 60000 Puffs Vape descart\u00e1vel Lista de sabores:<\/h2>\t\t\t\t<\/div>\n\t\t\t\t<div class=\"elementor-element elementor-element-90ed138 color-scheme-inherit text-left elementor-widget elementor-widget-text-editor\" data-id=\"90ed138\" data-element_type=\"widget\" data-e-type=\"widget\" data-widget_type=\"text-editor.default\">\n\t\t\t\t\t\t\t\t\t<ol><li>Morango Framboesa e Manga P\u00eassego e Mirtilo Melancia<\/li><li>Mistura de frutos silvestres e kiwi Maracuj\u00e1 Goiaba e morango Melancia<\/li><li>Mirtilo, framboesa, mel\u00e3o triplo e gelo de morango<\/li><li>Morango Dragon Fruit &amp; Red Bull &amp; Melancia Framboesa<\/li><li>Gelo de morango, kiwi e mirtilo e gelo de melancia<\/li><li>Mirtilo Gelado &amp; Cereja Fresca &amp; Framboesa Lim\u00e3o<\/li><li>Gelado de melancia e morango Coca-Cola de baunilha e mista<\/li><li>Morango Uva e Mirtilo Coco e P\u00eassego Lim\u00e3o<\/li><li>Blue Razz Ice &amp; Morango Kiwi &amp; Laranja Anan\u00e1s Azedo<\/li><li>Melancia com morango e lima-lim\u00e3o e coco com mirtilo<\/li><li>Love 66 &amp; Red Bull Melancia &amp; Morango Framboesa<\/li><li>Gelo de morango e Cola com g\u00e1s e pastilha el\u00e1stica de melancia<\/li><\/ol>\t\t\t\t\t\t\t\t<\/div>\n\t\t\t\t<div class=\"elementor-element elementor-element-816149c color-scheme-inherit text-left elementor-widget elementor-widget-text-editor\" data-id=\"816149c\" data-element_type=\"widget\" data-e-type=\"widget\" data-widget_type=\"text-editor.default\">\n\t\t\t\t\t\t\t\t\t<h3>Perguntas frequentes sobre o Fizzy Max III 6in1 60000 Puffs Vape descart\u00e1vel<\/h3><p><strong>1. Como \u00e9 que posso alternar entre os seis sabores?<\/strong><br>O Fizzy Max III 6em1 tem uma boquilha rotativa inteligente que te permite mudar facilmente de sabor. Basta rodares a boquilha para seleccionares entre os seis sabores dispon\u00edveis. <\/p><p><strong>2. Que dosagens de nicotina est\u00e3o dispon\u00edveis?<\/strong><br>Este dispositivo est\u00e1 dispon\u00edvel em concentra\u00e7\u00f5es de nicotina <strong>de 2% (20mg)<\/strong> e <strong>5% (50mg)<\/strong>. Escolhe a concentra\u00e7\u00e3o que melhor se adapta \u00e0s tuas prefer\u00eancias pessoais ou ao teu historial de fumador. <\/p><p><strong>3. O Fizzy Max III 6in1 \u00e9 recarreg\u00e1vel?<\/strong><br>Sim, vem com uma <strong>bateria recarreg\u00e1vel USB-C<\/strong>, o que te permite utilizar plenamente as 60.000 baforadas em tr\u00eas c\u00e1psulas grandes sem te preocupares com a energia.<\/p><p><strong>4. Quantas c\u00e1psulas est\u00e3o inclu\u00eddas no dispositivo?<\/strong><br>O dispositivo inclui <strong>tr\u00eas c\u00e1psulas pr\u00e9-cheias<\/strong>, cada uma contendo <strong>20 ml de e-l\u00edquido<\/strong>.<\/p>\t\t\t\t\t\t\t\t<\/div>\n\t\t\t\t\t<\/div>\n\t\t\t\t<\/div>\n\t\t<div class=\"elementor-element elementor-element-a0adde3 e-con-full wd-section-stretch e-flex e-con e-parent\" data-id=\"a0adde3\" data-element_type=\"container\" data-e-type=\"container\">\n\t\t\t\t<div class=\"elementor-element elementor-element-8ce0e64 elementor-widget elementor-widget-image\" data-id=\"8ce0e64\" data-element_type=\"widget\" data-e-type=\"widget\" data-widget_type=\"image.default\">\n\t\t\t\t\t\t\t\t\t\t\t\t\t\t\t\t<a href=\"https:\/\/shop.fizzyvape.com\/product-category\/fizzy-max-iii-60000-puffs-disposable-vape\/\">\n\t\t\t\t\t\t\t<img loading=\"lazy\" decoding=\"async\" width=\"1168\" height=\"2560\" src=\"https:\/\/fizzyvape.com\/wp-content\/uploads\/2025\/06\/60K-VAPE-Flavors--scaled.webp\" class=\"attachment-full size-full wp-image-31230\" alt=\"60K VAPE Flavors\" srcset=\"https:\/\/fizzyvape.com\/wp-content\/uploads\/2025\/06\/60K-VAPE-Flavors--scaled.webp 1168w, https:\/\/fizzyvape.com\/wp-content\/uploads\/2025\/06\/60K-VAPE-Flavors--137x300.webp 137w, https:\/\/fizzyvape.com\/wp-content\/uploads\/2025\/06\/60K-VAPE-Flavors--467x1024.webp 467w, https:\/\/fizzyvape.com\/wp-content\/uploads\/2025\/06\/60K-VAPE-Flavors--768x1684.webp 768w, https:\/\/fizzyvape.com\/wp-content\/uploads\/2025\/06\/60K-VAPE-Flavors--701x1536.webp 701w, https:\/\/fizzyvape.com\/wp-content\/uploads\/2025\/06\/60K-VAPE-Flavors--934x2048.webp 934w, https:\/\/fizzyvape.com\/wp-content\/uploads\/2025\/06\/60K-VAPE-Flavors--600x1316.webp 600w, https:\/\/fizzyvape.com\/wp-content\/uploads\/2025\/06\/60K-VAPE-Flavors--scaled-150x329.webp 150w\" sizes=\"auto, (max-width: 1168px) 100vw, 1168px\" \/>\t\t\t\t\t\t\t\t<\/a>\n\t\t\t\t\t\t\t\t\t\t\t\t\t\t\t<\/div>\n\t\t\t\t<div class=\"elementor-element elementor-element-8caef54 elementor-widget__width-inherit elementor-widget elementor-widget-image\" data-id=\"8caef54\" data-element_type=\"widget\" data-e-type=\"widget\" data-widget_type=\"image.default\">\n\t\t\t\t\t\t\t\t\t\t\t\t\t\t\t\t<a href=\"https:\/\/shop.fizzyvape.com\/product-category\/fizzy-max-iii-60000-puffs-disposable-vape\/\">\n\t\t\t\t\t\t\t<img loading=\"lazy\" decoding=\"async\" width=\"1920\" height=\"1245\" src=\"https:\/\/fizzyvape.com\/wp-content\/uploads\/2025\/06\/60K-VAPE_01.webp\" class=\"attachment-full size-full wp-image-31252\" alt=\"60K VAPE_01\" srcset=\"https:\/\/fizzyvape.com\/wp-content\/uploads\/2025\/06\/60K-VAPE_01.webp 1920w, https:\/\/fizzyvape.com\/wp-content\/uploads\/2025\/06\/60K-VAPE_01-300x195.webp 300w, https:\/\/fizzyvape.com\/wp-content\/uploads\/2025\/06\/60K-VAPE_01-1024x664.webp 1024w, https:\/\/fizzyvape.com\/wp-content\/uploads\/2025\/06\/60K-VAPE_01-768x498.webp 768w, https:\/\/fizzyvape.com\/wp-content\/uploads\/2025\/06\/60K-VAPE_01-1536x996.webp 1536w, https:\/\/fizzyvape.com\/wp-content\/uploads\/2025\/06\/60K-VAPE_01-600x389.webp 600w, https:\/\/fizzyvape.com\/wp-content\/uploads\/2025\/06\/60K-VAPE_01-150x97.webp 150w\" sizes=\"auto, (max-width: 1920px) 100vw, 1920px\" \/>\t\t\t\t\t\t\t\t<\/a>\n\t\t\t\t\t\t\t\t\t\t\t\t\t\t\t<\/div>\n\t\t\t\t<div class=\"elementor-element elementor-element-8333442 elementor-widget__width-inherit elementor-widget elementor-widget-image\" data-id=\"8333442\" data-element_type=\"widget\" data-e-type=\"widget\" data-widget_type=\"image.default\">\n\t\t\t\t\t\t\t\t\t\t\t\t\t\t\t\t<a href=\"https:\/\/shop.fizzyvape.com\/product-category\/fizzy-max-iii-60000-puffs-disposable-vape\/\">\n\t\t\t\t\t\t\t<img loading=\"lazy\" decoding=\"async\" width=\"1920\" height=\"1867\" src=\"https:\/\/fizzyvape.com\/wp-content\/uploads\/2025\/06\/60K-VAPE_02.webp\" class=\"attachment-full size-full wp-image-31253\" alt=\"60K VAPE_02\" srcset=\"https:\/\/fizzyvape.com\/wp-content\/uploads\/2025\/06\/60K-VAPE_02.webp 1920w, https:\/\/fizzyvape.com\/wp-content\/uploads\/2025\/06\/60K-VAPE_02-300x292.webp 300w, https:\/\/fizzyvape.com\/wp-content\/uploads\/2025\/06\/60K-VAPE_02-1024x996.webp 1024w, https:\/\/fizzyvape.com\/wp-content\/uploads\/2025\/06\/60K-VAPE_02-768x747.webp 768w, https:\/\/fizzyvape.com\/wp-content\/uploads\/2025\/06\/60K-VAPE_02-1536x1494.webp 1536w, https:\/\/fizzyvape.com\/wp-content\/uploads\/2025\/06\/60K-VAPE_02-600x583.webp 600w, https:\/\/fizzyvape.com\/wp-content\/uploads\/2025\/06\/60K-VAPE_02-150x146.webp 150w\" sizes=\"auto, (max-width: 1920px) 100vw, 1920px\" \/>\t\t\t\t\t\t\t\t<\/a>\n\t\t\t\t\t\t\t\t\t\t\t\t\t\t\t<\/div>\n\t\t\t\t<div class=\"elementor-element elementor-element-79feffa elementor-widget__width-inherit elementor-widget elementor-widget-image\" data-id=\"79feffa\" data-element_type=\"widget\" data-e-type=\"widget\" data-widget_type=\"image.default\">\n\t\t\t\t\t\t\t\t\t\t\t\t\t\t\t<img loading=\"lazy\" decoding=\"async\" width=\"1920\" height=\"2239\" src=\"https:\/\/fizzyvape.com\/wp-content\/uploads\/2025\/06\/60K-VAPE_03.webp\" class=\"attachment-full size-full wp-image-31254\" alt=\"60K VAPE_03\" srcset=\"https:\/\/fizzyvape.com\/wp-content\/uploads\/2025\/06\/60K-VAPE_03.webp 1920w, https:\/\/fizzyvape.com\/wp-content\/uploads\/2025\/06\/60K-VAPE_03-257x300.webp 257w, https:\/\/fizzyvape.com\/wp-content\/uploads\/2025\/06\/60K-VAPE_03-878x1024.webp 878w, https:\/\/fizzyvape.com\/wp-content\/uploads\/2025\/06\/60K-VAPE_03-768x896.webp 768w, https:\/\/fizzyvape.com\/wp-content\/uploads\/2025\/06\/60K-VAPE_03-1317x1536.webp 1317w, https:\/\/fizzyvape.com\/wp-content\/uploads\/2025\/06\/60K-VAPE_03-1756x2048.webp 1756w, https:\/\/fizzyvape.com\/wp-content\/uploads\/2025\/06\/60K-VAPE_03-600x700.webp 600w, https:\/\/fizzyvape.com\/wp-content\/uploads\/2025\/06\/60K-VAPE_03-150x175.webp 150w\" sizes=\"auto, (max-width: 1920px) 100vw, 1920px\" \/>\t\t\t\t\t\t\t\t\t\t\t\t\t\t\t<\/div>\n\t\t\t\t<div class=\"elementor-element elementor-element-fd1a84f elementor-widget__width-inherit elementor-widget elementor-widget-image\" data-id=\"fd1a84f\" data-element_type=\"widget\" data-e-type=\"widget\" data-widget_type=\"image.default\">\n\t\t\t\t\t\t\t\t\t\t\t\t\t\t\t<img loading=\"lazy\" decoding=\"async\" width=\"1776\" height=\"2560\" src=\"https:\/\/fizzyvape.com\/wp-content\/uploads\/2025\/06\/60K-VAPE_04-scaled.webp\" class=\"attachment-full size-full wp-image-31255\" alt=\"60K VAPE_04\" srcset=\"https:\/\/fizzyvape.com\/wp-content\/uploads\/2025\/06\/60K-VAPE_04-scaled.webp 1776w, https:\/\/fizzyvape.com\/wp-content\/uploads\/2025\/06\/60K-VAPE_04-208x300.webp 208w, https:\/\/fizzyvape.com\/wp-content\/uploads\/2025\/06\/60K-VAPE_04-711x1024.webp 711w, https:\/\/fizzyvape.com\/wp-content\/uploads\/2025\/06\/60K-VAPE_04-768x1107.webp 768w, https:\/\/fizzyvape.com\/wp-content\/uploads\/2025\/06\/60K-VAPE_04-1066x1536.webp 1066w, https:\/\/fizzyvape.com\/wp-content\/uploads\/2025\/06\/60K-VAPE_04-1421x2048.webp 1421w, https:\/\/fizzyvape.com\/wp-content\/uploads\/2025\/06\/60K-VAPE_04-600x865.webp 600w, https:\/\/fizzyvape.com\/wp-content\/uploads\/2025\/06\/60K-VAPE_04-scaled-150x216.webp 150w\" sizes=\"auto, (max-width: 1776px) 100vw, 1776px\" \/>\t\t\t\t\t\t\t\t\t\t\t\t\t\t\t<\/div>\n\t\t\t\t<div class=\"elementor-element elementor-element-aa64a04 elementor-widget__width-inherit elementor-widget elementor-widget-image\" data-id=\"aa64a04\" data-element_type=\"widget\" data-e-type=\"widget\" data-widget_type=\"image.default\">\n\t\t\t\t\t\t\t\t\t\t\t\t\t\t\t<img loading=\"lazy\" decoding=\"async\" width=\"1897\" height=\"2560\" src=\"https:\/\/fizzyvape.com\/wp-content\/uploads\/2025\/06\/60K-VAPE_05-scaled.webp\" class=\"attachment-full size-full wp-image-31256\" alt=\"60K VAPE_05\" srcset=\"https:\/\/fizzyvape.com\/wp-content\/uploads\/2025\/06\/60K-VAPE_05-scaled.webp 1897w, https:\/\/fizzyvape.com\/wp-content\/uploads\/2025\/06\/60K-VAPE_05-222x300.webp 222w, https:\/\/fizzyvape.com\/wp-content\/uploads\/2025\/06\/60K-VAPE_05-759x1024.webp 759w, https:\/\/fizzyvape.com\/wp-content\/uploads\/2025\/06\/60K-VAPE_05-768x1036.webp 768w, https:\/\/fizzyvape.com\/wp-content\/uploads\/2025\/06\/60K-VAPE_05-1138x1536.webp 1138w, https:\/\/fizzyvape.com\/wp-content\/uploads\/2025\/06\/60K-VAPE_05-1518x2048.webp 1518w, https:\/\/fizzyvape.com\/wp-content\/uploads\/2025\/06\/60K-VAPE_05-600x810.webp 600w, https:\/\/fizzyvape.com\/wp-content\/uploads\/2025\/06\/60K-VAPE_05-scaled-150x202.webp 150w\" sizes=\"auto, (max-width: 1897px) 100vw, 1897px\" \/>\t\t\t\t\t\t\t\t\t\t\t\t\t\t\t<\/div>\n\t\t\t\t<\/div>\n\t\t\t\t<\/div>\n\t\t","protected":false},"excerpt":{"rendered":"[html_block id=\"29301\"]\n","protected":false},"featured_media":31263,"comment_status":"closed","ping_status":"closed","template":"","meta":{"_crdt_document":"","om_disable_all_campaigns":false,"_monsterinsights_skip_tracking":false,"_monsterinsights_sitenote_active":false,"_monsterinsights_sitenote_note":"","_monsterinsights_sitenote_category":0},"product_brand":[],"product_cat":[174,175],"product_tag":[],"class_list":{"0":"post-31226","1":"product","2":"type-product","3":"status-publish","4":"has-post-thumbnail","6":"product_cat-vape-descartavel","7":"product_cat-vapes-recarregaveis","9":"first","10":"instock","11":"shipping-taxable","12":"product-type-simple"},"aioseo_notices":[],"_links":{"self":[{"href":"https:\/\/fizzyvape.com\/pt-pt\/wp-json\/wp\/v2\/product\/31226","targetHints":{"allow":["GET"]}}],"collection":[{"href":"https:\/\/fizzyvape.com\/pt-pt\/wp-json\/wp\/v2\/product"}],"about":[{"href":"https:\/\/fizzyvape.com\/pt-pt\/wp-json\/wp\/v2\/types\/product"}],"replies":[{"embeddable":true,"href":"https:\/\/fizzyvape.com\/pt-pt\/wp-json\/wp\/v2\/comments?post=31226"}],"version-history":[{"count":1,"href":"https:\/\/fizzyvape.com\/pt-pt\/wp-json\/wp\/v2\/product\/31226\/revisions"}],"predecessor-version":[{"id":31266,"href":"https:\/\/fizzyvape.com\/pt-pt\/wp-json\/wp\/v2\/product\/31226\/revisions\/31266"}],"wp:featuredmedia":[{"embeddable":true,"href":"https:\/\/fizzyvape.com\/pt-pt\/wp-json\/wp\/v2\/media\/31263"}],"wp:attachment":[{"href":"https:\/\/fizzyvape.com\/pt-pt\/wp-json\/wp\/v2\/media?parent=31226"}],"wp:term":[{"taxonomy":"product_brand","embeddable":true,"href":"https:\/\/fizzyvape.com\/pt-pt\/wp-json\/wp\/v2\/product_brand?post=31226"},{"taxonomy":"product_cat","embeddable":true,"href":"https:\/\/fizzyvape.com\/pt-pt\/wp-json\/wp\/v2\/product_cat?post=31226"},{"taxonomy":"product_tag","embeddable":true,"href":"https:\/\/fizzyvape.com\/pt-pt\/wp-json\/wp\/v2\/product_tag?post=31226"}],"curies":[{"name":"wp","href":"https:\/\/api.w.org\/{rel}","templated":true}]}}