{"id":31138,"date":"2024-11-15T14:10:01","date_gmt":"2024-11-15T06:10:01","guid":{"rendered":"https:\/\/fizzyvape.com\/product\/boom-13000-puffs\/"},"modified":"2026-01-21T15:25:21","modified_gmt":"2026-01-21T07:25:21","slug":"boom-13000-puffs","status":"publish","type":"product","link":"https:\/\/fizzyvape.com\/pt-pt\/product\/boom-13000-puffs\/","title":{"rendered":"Boom 13000 Puffs"},"content":{"rendered":"\t\t<div data-elementor-type=\"product-post\" data-elementor-id=\"31138\" class=\"elementor elementor-31138 elementor-484\" data-elementor-post-type=\"product\">\n\t\t\t\t<div class=\"elementor-element elementor-element-dd5d4ad e-con-full e-flex e-con e-parent\" data-id=\"dd5d4ad\" data-element_type=\"container\" data-e-type=\"container\">\n\t\t\t\t<div class=\"elementor-element elementor-element-6731fb6 elementor-widget elementor-widget-image\" data-id=\"6731fb6\" data-element_type=\"widget\" data-e-type=\"widget\" data-widget_type=\"image.default\">\n\t\t\t\t\t\t\t\t\t\t\t\t\t\t\t<img loading=\"lazy\" decoding=\"async\" width=\"2560\" height=\"1198\" src=\"https:\/\/fizzyvape.com\/wp-content\/uploads\/2024\/11\/Fizzy-Boom04.jpg\" class=\"attachment-full size-full wp-image-31153\" alt=\"Fizzy Boom04\" srcset=\"https:\/\/fizzyvape.com\/wp-content\/uploads\/2024\/11\/Fizzy-Boom04.jpg 2560w, https:\/\/fizzyvape.com\/wp-content\/uploads\/2024\/11\/Fizzy-Boom04-300x140.jpg 300w, https:\/\/fizzyvape.com\/wp-content\/uploads\/2024\/11\/Fizzy-Boom04-1024x479.jpg 1024w, https:\/\/fizzyvape.com\/wp-content\/uploads\/2024\/11\/Fizzy-Boom04-768x359.jpg 768w, https:\/\/fizzyvape.com\/wp-content\/uploads\/2024\/11\/Fizzy-Boom04-1536x719.jpg 1536w, https:\/\/fizzyvape.com\/wp-content\/uploads\/2024\/11\/Fizzy-Boom04-2048x958.jpg 2048w, https:\/\/fizzyvape.com\/wp-content\/uploads\/2024\/11\/Fizzy-Boom04-600x281.jpg 600w, https:\/\/fizzyvape.com\/wp-content\/uploads\/2024\/11\/Fizzy-Boom04-150x70.jpg 150w\" sizes=\"auto, (max-width: 2560px) 100vw, 2560px\" \/>\t\t\t\t\t\t\t\t\t\t\t\t\t\t\t<\/div>\n\t\t\t\t<div class=\"elementor-element elementor-element-0c8ef93 elementor-widget elementor-widget-image\" data-id=\"0c8ef93\" data-element_type=\"widget\" data-e-type=\"widget\" data-widget_type=\"image.default\">\n\t\t\t\t\t\t\t\t\t\t\t\t\t\t\t<img loading=\"lazy\" decoding=\"async\" width=\"2560\" height=\"1196\" src=\"https:\/\/fizzyvape.com\/wp-content\/uploads\/2024\/11\/Fizzy-Boom05.jpg\" class=\"attachment-full size-full wp-image-31154\" alt=\"Fizzy Boom05\" srcset=\"https:\/\/fizzyvape.com\/wp-content\/uploads\/2024\/11\/Fizzy-Boom05.jpg 2560w, https:\/\/fizzyvape.com\/wp-content\/uploads\/2024\/11\/Fizzy-Boom05-300x140.jpg 300w, https:\/\/fizzyvape.com\/wp-content\/uploads\/2024\/11\/Fizzy-Boom05-1024x478.jpg 1024w, https:\/\/fizzyvape.com\/wp-content\/uploads\/2024\/11\/Fizzy-Boom05-768x359.jpg 768w, https:\/\/fizzyvape.com\/wp-content\/uploads\/2024\/11\/Fizzy-Boom05-1536x718.jpg 1536w, https:\/\/fizzyvape.com\/wp-content\/uploads\/2024\/11\/Fizzy-Boom05-2048x957.jpg 2048w, https:\/\/fizzyvape.com\/wp-content\/uploads\/2024\/11\/Fizzy-Boom05-600x280.jpg 600w, https:\/\/fizzyvape.com\/wp-content\/uploads\/2024\/11\/Fizzy-Boom05-150x70.jpg 150w\" sizes=\"auto, (max-width: 2560px) 100vw, 2560px\" \/>\t\t\t\t\t\t\t\t\t\t\t\t\t\t\t<\/div>\n\t\t\t\t<div class=\"elementor-element elementor-element-c5a32bc elementor-widget elementor-widget-image\" data-id=\"c5a32bc\" data-element_type=\"widget\" data-e-type=\"widget\" data-widget_type=\"image.default\">\n\t\t\t\t\t\t\t\t\t\t\t\t\t\t\t<img loading=\"lazy\" decoding=\"async\" width=\"2560\" height=\"1200\" src=\"https:\/\/fizzyvape.com\/wp-content\/uploads\/2024\/11\/Fizzy-Boom06.jpg\" class=\"attachment-full size-full wp-image-31155\" alt=\"Fizzy Boom06\" srcset=\"https:\/\/fizzyvape.com\/wp-content\/uploads\/2024\/11\/Fizzy-Boom06.jpg 2560w, https:\/\/fizzyvape.com\/wp-content\/uploads\/2024\/11\/Fizzy-Boom06-300x141.jpg 300w, https:\/\/fizzyvape.com\/wp-content\/uploads\/2024\/11\/Fizzy-Boom06-1024x480.jpg 1024w, https:\/\/fizzyvape.com\/wp-content\/uploads\/2024\/11\/Fizzy-Boom06-768x360.jpg 768w, https:\/\/fizzyvape.com\/wp-content\/uploads\/2024\/11\/Fizzy-Boom06-1536x720.jpg 1536w, https:\/\/fizzyvape.com\/wp-content\/uploads\/2024\/11\/Fizzy-Boom06-2048x960.jpg 2048w, https:\/\/fizzyvape.com\/wp-content\/uploads\/2024\/11\/Fizzy-Boom06-600x281.jpg 600w, https:\/\/fizzyvape.com\/wp-content\/uploads\/2024\/11\/Fizzy-Boom06-150x70.jpg 150w\" sizes=\"auto, (max-width: 2560px) 100vw, 2560px\" \/>\t\t\t\t\t\t\t\t\t\t\t\t\t\t\t<\/div>\n\t\t\t\t<div class=\"elementor-element elementor-element-278dd7b elementor-widget elementor-widget-image\" data-id=\"278dd7b\" data-element_type=\"widget\" data-e-type=\"widget\" data-widget_type=\"image.default\">\n\t\t\t\t\t\t\t\t\t\t\t\t\t\t\t<img loading=\"lazy\" decoding=\"async\" width=\"2560\" height=\"1200\" src=\"https:\/\/fizzyvape.com\/wp-content\/uploads\/2024\/11\/Fizzy-Boom07.jpg\" class=\"attachment-full size-full wp-image-31156\" alt=\"Fizzy Boom07\" srcset=\"https:\/\/fizzyvape.com\/wp-content\/uploads\/2024\/11\/Fizzy-Boom07.jpg 2560w, https:\/\/fizzyvape.com\/wp-content\/uploads\/2024\/11\/Fizzy-Boom07-300x141.jpg 300w, https:\/\/fizzyvape.com\/wp-content\/uploads\/2024\/11\/Fizzy-Boom07-1024x480.jpg 1024w, https:\/\/fizzyvape.com\/wp-content\/uploads\/2024\/11\/Fizzy-Boom07-768x360.jpg 768w, https:\/\/fizzyvape.com\/wp-content\/uploads\/2024\/11\/Fizzy-Boom07-1536x720.jpg 1536w, https:\/\/fizzyvape.com\/wp-content\/uploads\/2024\/11\/Fizzy-Boom07-2048x960.jpg 2048w, https:\/\/fizzyvape.com\/wp-content\/uploads\/2024\/11\/Fizzy-Boom07-600x281.jpg 600w, https:\/\/fizzyvape.com\/wp-content\/uploads\/2024\/11\/Fizzy-Boom07-150x70.jpg 150w\" sizes=\"auto, (max-width: 2560px) 100vw, 2560px\" \/>\t\t\t\t\t\t\t\t\t\t\t\t\t\t\t<\/div>\n\t\t\t\t<div class=\"elementor-element elementor-element-9be32af elementor-widget elementor-widget-image\" data-id=\"9be32af\" data-element_type=\"widget\" data-e-type=\"widget\" data-widget_type=\"image.default\">\n\t\t\t\t\t\t\t\t\t\t\t\t\t\t\t<img loading=\"lazy\" decoding=\"async\" width=\"2560\" height=\"1197\" src=\"https:\/\/fizzyvape.com\/wp-content\/uploads\/2024\/11\/Fizzy-Boom08.jpg\" class=\"attachment-full size-full wp-image-31157\" alt=\"Fizzy Boom08\" srcset=\"https:\/\/fizzyvape.com\/wp-content\/uploads\/2024\/11\/Fizzy-Boom08.jpg 2560w, https:\/\/fizzyvape.com\/wp-content\/uploads\/2024\/11\/Fizzy-Boom08-300x140.jpg 300w, https:\/\/fizzyvape.com\/wp-content\/uploads\/2024\/11\/Fizzy-Boom08-1024x479.jpg 1024w, https:\/\/fizzyvape.com\/wp-content\/uploads\/2024\/11\/Fizzy-Boom08-768x359.jpg 768w, https:\/\/fizzyvape.com\/wp-content\/uploads\/2024\/11\/Fizzy-Boom08-1536x718.jpg 1536w, https:\/\/fizzyvape.com\/wp-content\/uploads\/2024\/11\/Fizzy-Boom08-2048x958.jpg 2048w, https:\/\/fizzyvape.com\/wp-content\/uploads\/2024\/11\/Fizzy-Boom08-600x281.jpg 600w, https:\/\/fizzyvape.com\/wp-content\/uploads\/2024\/11\/Fizzy-Boom08-150x70.jpg 150w\" sizes=\"auto, (max-width: 2560px) 100vw, 2560px\" \/>\t\t\t\t\t\t\t\t\t\t\t\t\t\t\t<\/div>\n\t\t\t\t<div class=\"elementor-element elementor-element-e5eff12 elementor-widget elementor-widget-image\" data-id=\"e5eff12\" data-element_type=\"widget\" data-e-type=\"widget\" data-widget_type=\"image.default\">\n\t\t\t\t\t\t\t\t\t\t\t\t\t\t\t<img loading=\"lazy\" decoding=\"async\" width=\"2560\" height=\"1203\" src=\"https:\/\/fizzyvape.com\/wp-content\/uploads\/2024\/11\/Fizzy-Boom09.jpg\" class=\"attachment-full size-full wp-image-31158\" alt=\"Fizzy Boom09\" srcset=\"https:\/\/fizzyvape.com\/wp-content\/uploads\/2024\/11\/Fizzy-Boom09.jpg 2560w, https:\/\/fizzyvape.com\/wp-content\/uploads\/2024\/11\/Fizzy-Boom09-300x141.jpg 300w, https:\/\/fizzyvape.com\/wp-content\/uploads\/2024\/11\/Fizzy-Boom09-1024x481.jpg 1024w, https:\/\/fizzyvape.com\/wp-content\/uploads\/2024\/11\/Fizzy-Boom09-768x361.jpg 768w, https:\/\/fizzyvape.com\/wp-content\/uploads\/2024\/11\/Fizzy-Boom09-1536x722.jpg 1536w, https:\/\/fizzyvape.com\/wp-content\/uploads\/2024\/11\/Fizzy-Boom09-2048x962.jpg 2048w, https:\/\/fizzyvape.com\/wp-content\/uploads\/2024\/11\/Fizzy-Boom09-600x282.jpg 600w, https:\/\/fizzyvape.com\/wp-content\/uploads\/2024\/11\/Fizzy-Boom09-150x70.jpg 150w\" sizes=\"auto, (max-width: 2560px) 100vw, 2560px\" \/>\t\t\t\t\t\t\t\t\t\t\t\t\t\t\t<\/div>\n\t\t\t\t<div class=\"elementor-element elementor-element-0446ecb elementor-widget elementor-widget-image\" data-id=\"0446ecb\" data-element_type=\"widget\" data-e-type=\"widget\" data-widget_type=\"image.default\">\n\t\t\t\t\t\t\t\t\t\t\t\t\t\t\t<img loading=\"lazy\" decoding=\"async\" width=\"2560\" height=\"1200\" src=\"https:\/\/fizzyvape.com\/wp-content\/uploads\/2024\/11\/Fizzy-Boom01.jpg\" class=\"attachment-full size-full wp-image-31150\" alt=\"Fizzy Boom01\" srcset=\"https:\/\/fizzyvape.com\/wp-content\/uploads\/2024\/11\/Fizzy-Boom01.jpg 2560w, https:\/\/fizzyvape.com\/wp-content\/uploads\/2024\/11\/Fizzy-Boom01-300x141.jpg 300w, https:\/\/fizzyvape.com\/wp-content\/uploads\/2024\/11\/Fizzy-Boom01-1024x480.jpg 1024w, https:\/\/fizzyvape.com\/wp-content\/uploads\/2024\/11\/Fizzy-Boom01-768x360.jpg 768w, https:\/\/fizzyvape.com\/wp-content\/uploads\/2024\/11\/Fizzy-Boom01-1536x720.jpg 1536w, https:\/\/fizzyvape.com\/wp-content\/uploads\/2024\/11\/Fizzy-Boom01-2048x960.jpg 2048w, https:\/\/fizzyvape.com\/wp-content\/uploads\/2024\/11\/Fizzy-Boom01-600x281.jpg 600w, https:\/\/fizzyvape.com\/wp-content\/uploads\/2024\/11\/Fizzy-Boom01-150x70.jpg 150w\" sizes=\"auto, (max-width: 2560px) 100vw, 2560px\" \/>\t\t\t\t\t\t\t\t\t\t\t\t\t\t\t<\/div>\n\t\t\t\t<div class=\"elementor-element elementor-element-d8a90da elementor-arrows-position-inside elementor-pagination-position-outside elementor-widget elementor-widget-image-carousel\" data-id=\"d8a90da\" data-element_type=\"widget\" data-e-type=\"widget\" data-settings=\"{&quot;slides_to_show&quot;:&quot;3&quot;,&quot;navigation&quot;:&quot;both&quot;,&quot;autoplay&quot;:&quot;yes&quot;,&quot;pause_on_hover&quot;:&quot;yes&quot;,&quot;pause_on_interaction&quot;:&quot;yes&quot;,&quot;autoplay_speed&quot;:5000,&quot;infinite&quot;:&quot;yes&quot;,&quot;speed&quot;:500}\" data-widget_type=\"image-carousel.default\">\n\t\t\t\t\t\t\t<div class=\"elementor-image-carousel-wrapper swiper\" role=\"region\" aria-roledescription=\"carousel\" aria-label=\"\u56fe\u50cf\u8f6e\u64ad\" dir=\"ltr\">\n\t\t\t<div class=\"elementor-image-carousel swiper-wrapper\" aria-live=\"off\">\n\t\t\t\t\t\t\t\t<div class=\"swiper-slide\" role=\"group\" aria-roledescription=\"slide\" aria-label=\"1 of 12\"><figure class=\"swiper-slide-inner\"><img decoding=\"async\" class=\"swiper-slide-image\" src=\"https:\/\/fizzyvape.com\/wp-content\/uploads\/2024\/11\/Fizzy-Boom-Flavor01.png\" alt=\"Fizzy Boom Flavor01\" \/><\/figure><\/div><div class=\"swiper-slide\" role=\"group\" aria-roledescription=\"slide\" aria-label=\"2 of 12\"><figure class=\"swiper-slide-inner\"><img decoding=\"async\" class=\"swiper-slide-image\" src=\"https:\/\/fizzyvape.com\/wp-content\/uploads\/2024\/11\/Fizzy-Boom-Flavor02.png\" alt=\"Fizzy Boom Flavor02\" \/><\/figure><\/div><div class=\"swiper-slide\" role=\"group\" aria-roledescription=\"slide\" aria-label=\"3 of 12\"><figure class=\"swiper-slide-inner\"><img decoding=\"async\" class=\"swiper-slide-image\" src=\"https:\/\/fizzyvape.com\/wp-content\/uploads\/2024\/11\/Fizzy-Boom-Flavor03.png\" alt=\"Fizzy Boom Flavor03\" \/><\/figure><\/div><div class=\"swiper-slide\" role=\"group\" aria-roledescription=\"slide\" aria-label=\"4 of 12\"><figure class=\"swiper-slide-inner\"><img decoding=\"async\" class=\"swiper-slide-image\" src=\"https:\/\/fizzyvape.com\/wp-content\/uploads\/2024\/11\/Fizzy-Boom-Flavor04.png\" alt=\"Fizzy Boom Flavor04\" \/><\/figure><\/div><div class=\"swiper-slide\" role=\"group\" aria-roledescription=\"slide\" aria-label=\"5 of 12\"><figure class=\"swiper-slide-inner\"><img decoding=\"async\" class=\"swiper-slide-image\" src=\"https:\/\/fizzyvape.com\/wp-content\/uploads\/2024\/11\/Fizzy-Boom-Flavor05.png\" alt=\"Fizzy Boom Flavor05\" \/><\/figure><\/div><div class=\"swiper-slide\" role=\"group\" aria-roledescription=\"slide\" aria-label=\"6 of 12\"><figure class=\"swiper-slide-inner\"><img decoding=\"async\" class=\"swiper-slide-image\" src=\"https:\/\/fizzyvape.com\/wp-content\/uploads\/2024\/11\/Fizzy-Boom-Flavor06.png\" alt=\"Fizzy Boom Flavor06\" \/><\/figure><\/div><div class=\"swiper-slide\" role=\"group\" aria-roledescription=\"slide\" aria-label=\"7 of 12\"><figure class=\"swiper-slide-inner\"><img decoding=\"async\" class=\"swiper-slide-image\" src=\"https:\/\/fizzyvape.com\/wp-content\/uploads\/2024\/11\/Fizzy-Boom-Flavor07.png\" alt=\"Fizzy Boom Flavor07\" \/><\/figure><\/div><div class=\"swiper-slide\" role=\"group\" aria-roledescription=\"slide\" aria-label=\"8 of 12\"><figure class=\"swiper-slide-inner\"><img decoding=\"async\" class=\"swiper-slide-image\" src=\"https:\/\/fizzyvape.com\/wp-content\/uploads\/2024\/11\/Fizzy-Boom-Flavor08.png\" alt=\"Fizzy Boom Flavor08\" \/><\/figure><\/div><div class=\"swiper-slide\" role=\"group\" aria-roledescription=\"slide\" aria-label=\"9 of 12\"><figure class=\"swiper-slide-inner\"><img decoding=\"async\" class=\"swiper-slide-image\" src=\"https:\/\/fizzyvape.com\/wp-content\/uploads\/2024\/11\/Fizzy-Boom-Flavor09.png\" alt=\"Fizzy Boom Flavor09\" \/><\/figure><\/div><div class=\"swiper-slide\" role=\"group\" aria-roledescription=\"slide\" aria-label=\"10 of 12\"><figure class=\"swiper-slide-inner\"><img decoding=\"async\" class=\"swiper-slide-image\" src=\"https:\/\/fizzyvape.com\/wp-content\/uploads\/2024\/11\/Fizzy-Boom-Flavor010.png\" alt=\"Fizzy Boom Flavor010\" \/><\/figure><\/div><div class=\"swiper-slide\" role=\"group\" aria-roledescription=\"slide\" aria-label=\"11 of 12\"><figure class=\"swiper-slide-inner\"><img decoding=\"async\" class=\"swiper-slide-image\" src=\"https:\/\/fizzyvape.com\/wp-content\/uploads\/2024\/11\/Fizzy-Boom-Flavor011.png\" alt=\"Fizzy Boom Flavor011\" \/><\/figure><\/div><div class=\"swiper-slide\" role=\"group\" aria-roledescription=\"slide\" aria-label=\"12 of 12\"><figure class=\"swiper-slide-inner\"><img decoding=\"async\" class=\"swiper-slide-image\" src=\"https:\/\/fizzyvape.com\/wp-content\/uploads\/2024\/11\/Fizzy-Boom-Flavor012.png\" alt=\"Fizzy Boom Flavor012\" \/><\/figure><\/div>\t\t\t<\/div>\n\t\t\t\t\t\t\t\t\t\t\t\t<div class=\"elementor-swiper-button elementor-swiper-button-prev\" role=\"button\" tabindex=\"0\">\n\t\t\t\t\t\t<svg aria-hidden=\"true\" class=\"e-font-icon-svg e-eicon-chevron-left\" viewBox=\"0 0 1000 1000\" xmlns=\"http:\/\/www.w3.org\/2000\/svg\"><path d=\"M646 125C629 125 613 133 604 142L308 442C296 454 292 471 292 487 292 504 296 521 308 533L604 854C617 867 629 875 646 875 663 875 679 871 692 858 704 846 713 829 713 812 713 796 708 779 692 767L438 487 692 225C700 217 708 204 708 187 708 171 704 154 692 142 675 129 663 125 646 125Z\"><\/path><\/svg>\t\t\t\t\t<\/div>\n\t\t\t\t\t<div class=\"elementor-swiper-button elementor-swiper-button-next\" role=\"button\" tabindex=\"0\">\n\t\t\t\t\t\t<svg aria-hidden=\"true\" class=\"e-font-icon-svg e-eicon-chevron-right\" viewBox=\"0 0 1000 1000\" xmlns=\"http:\/\/www.w3.org\/2000\/svg\"><path d=\"M696 533C708 521 713 504 713 487 713 471 708 454 696 446L400 146C388 133 375 125 354 125 338 125 325 129 313 142 300 154 292 171 292 187 292 204 296 221 308 233L563 492 304 771C292 783 288 800 288 817 288 833 296 850 308 863 321 871 338 875 354 875 371 875 388 867 400 854L696 533Z\"><\/path><\/svg>\t\t\t\t\t<\/div>\n\t\t\t\t\n\t\t\t\t\t\t\t\t\t<div class=\"swiper-pagination\"><\/div>\n\t\t\t\t\t\t\t\t\t<\/div>\n\t\t\t\t\t\t<\/div>\n\t\t\t\t<div class=\"elementor-element elementor-element-c6ac81c elementor-widget elementor-widget-image\" data-id=\"c6ac81c\" data-element_type=\"widget\" data-e-type=\"widget\" data-widget_type=\"image.default\">\n\t\t\t\t\t\t\t\t\t\t\t\t\t\t\t<img loading=\"lazy\" decoding=\"async\" width=\"2560\" height=\"1200\" src=\"https:\/\/fizzyvape.com\/wp-content\/uploads\/2024\/11\/Fizzy-Boom03.jpg\" class=\"attachment-full size-full wp-image-31152\" alt=\"Fizzy Boom03\" srcset=\"https:\/\/fizzyvape.com\/wp-content\/uploads\/2024\/11\/Fizzy-Boom03.jpg 2560w, https:\/\/fizzyvape.com\/wp-content\/uploads\/2024\/11\/Fizzy-Boom03-300x141.jpg 300w, https:\/\/fizzyvape.com\/wp-content\/uploads\/2024\/11\/Fizzy-Boom03-1024x480.jpg 1024w, https:\/\/fizzyvape.com\/wp-content\/uploads\/2024\/11\/Fizzy-Boom03-768x360.jpg 768w, https:\/\/fizzyvape.com\/wp-content\/uploads\/2024\/11\/Fizzy-Boom03-1536x720.jpg 1536w, https:\/\/fizzyvape.com\/wp-content\/uploads\/2024\/11\/Fizzy-Boom03-2048x960.jpg 2048w, https:\/\/fizzyvape.com\/wp-content\/uploads\/2024\/11\/Fizzy-Boom03-600x281.jpg 600w, https:\/\/fizzyvape.com\/wp-content\/uploads\/2024\/11\/Fizzy-Boom03-150x70.jpg 150w\" sizes=\"auto, (max-width: 2560px) 100vw, 2560px\" \/>\t\t\t\t\t\t\t\t\t\t\t\t\t\t\t<\/div>\n\t\t<div class=\"elementor-element elementor-element-d15d423 e-con-full e-flex e-con e-child\" data-id=\"d15d423\" data-element_type=\"container\" data-e-type=\"container\">\n\t\t\t\t<div class=\"elementor-element elementor-element-101b649 elementor-widget elementor-widget-heading\" data-id=\"101b649\" data-element_type=\"widget\" data-e-type=\"widget\" data-widget_type=\"heading.default\">\n\t\t\t\t\t<h2 class=\"elementor-heading-title elementor-size-default\">Fizzy Boom 13000 Puffs Vape descart\u00e1vel - O estilo encontra o desempenho<\/h2>\t\t\t\t<\/div>\n\t\t\t\t<div class=\"elementor-element elementor-element-c815ca1 color-scheme-inherit text-left elementor-widget elementor-widget-text-editor\" data-id=\"c815ca1\" data-element_type=\"widget\" data-e-type=\"widget\" data-widget_type=\"text-editor.default\">\n\t\t\t\t\t\t\t\t\t<p>O Fizzy Boom \u00e9 um vape descart\u00e1vel de alto desempenho concebido para vapers que valorizam tanto a sofistica\u00e7\u00e3o como a subst\u00e2ncia. Oferecendo at\u00e9 13.000 baforadas e alimentado por uma bateria recarreg\u00e1vel de 650mAh, proporciona um desempenho consistente para sess\u00f5es prolongadas. <\/p><p>Pr\u00e9-cheio com 21 ml de e-l\u00edquido de primeira qualidade, o Fizzy Boom assegura uma experi\u00eancia duradoura e saborosa. A sua tecnologia avan\u00e7ada de bobina de malha melhora a clareza do sabor e a densidade do vapor, tornando cada tragada suave e satisfat\u00f3ria. <\/p><p>Um ecr\u00e3 LCD integrado fornece actualiza\u00e7\u00f5es em tempo real sobre os n\u00edveis da bateria e do e-l\u00edquido, enquanto o elegante acabamento em metal acrescenta um aspeto moderno e refinado que \u00e9 t\u00e3o elegante como funcional.<\/p>\t\t\t\t\t\t\t\t<\/div>\n\t\t\t\t<div class=\"elementor-element elementor-element-a9e5c6e elementor-widget elementor-widget-heading\" data-id=\"a9e5c6e\" data-element_type=\"widget\" data-e-type=\"widget\" data-widget_type=\"heading.default\">\n\t\t\t\t\t<h2 class=\"elementor-heading-title elementor-size-default\">Porqu\u00ea escolher Fizzy Boom 13000 Puffs?<\/h2>\t\t\t\t<\/div>\n\t\t\t\t<div class=\"elementor-element elementor-element-5ecd447 color-scheme-inherit text-left elementor-widget elementor-widget-text-editor\" data-id=\"5ecd447\" data-element_type=\"widget\" data-e-type=\"widget\" data-widget_type=\"text-editor.default\">\n\t\t\t\t\t\t\t\t\t<p><strong>\ud83d\udd0b Capacidade de 13.000 baforadas<\/strong><br>Desfruta de at\u00e9 13.000 baforadas para uma experi\u00eancia de vaporiza\u00e7\u00e3o consistentemente satisfat\u00f3ria e prolongada.<\/p><p>\ud83d\udc5c <strong>Compacto e f\u00e1cil de viajar<\/strong><br>Design leve e port\u00e1til &#8211; fuma em qualquer altura e em qualquer lugar com facilidade.<\/p><p>\ud83d\udee0\ufe0f <strong>Acabamento met\u00e1lico refinado<\/strong><br>A caixa met\u00e1lica elegante e duradoura oferece um toque premium e um aspeto elevado.<\/p><p>\ud83d\udd25 <strong>Aquecimento da bobina de malha<\/strong><br>Proporciona um vapor n\u00edtido e cheio de sabor, especialmente eficaz para e-l\u00edquidos frutados.<\/p><p><strong>Bateria recarreg\u00e1vel de 650mAh<\/strong><br>Fonte de energia fi\u00e1vel e eficiente &#8211; perfeita para vaporizar durante todo o dia com recarga USB-C.<\/p><p>\ud83d\udca7 <strong>21mL E-Liquid Capacity<\/strong><br>O reservat\u00f3rio grande garante menos recargas e uma viagem de sabor mais duradoura.<\/p><p>\ud83d\udcdf <strong>Painel LCD<\/strong><br>Mant\u00e9m-te informado com um visor em tempo real do n\u00edvel da bateria e do volume de e-l\u00edquido.<\/p>\t\t\t\t\t\t\t\t<\/div>\n\t\t\t\t<div class=\"elementor-element elementor-element-f1b7aa0 elementor-widget elementor-widget-heading\" data-id=\"f1b7aa0\" data-element_type=\"widget\" data-e-type=\"widget\" data-widget_type=\"heading.default\">\n\t\t\t\t\t<h2 class=\"elementor-heading-title elementor-size-default\">Lista de sabores de Fizzy Boom 13000 Puffs:<\/h2>\t\t\t\t<\/div>\n\t\t\t\t<div class=\"elementor-element elementor-element-1f23db6 color-scheme-inherit text-left elementor-widget elementor-widget-text-editor\" data-id=\"1f23db6\" data-element_type=\"widget\" data-e-type=\"widget\" data-widget_type=\"text-editor.default\">\n\t\t\t\t\t\t\t\t\t<ol><li>P\u00eassego<\/li><li>Gelo de mirtilo<\/li><li>Gelo de uva<\/li><li>Morango<\/li><li>Gelo de melancia<\/li><li>Amora Melancia Pastilha el\u00e1stica<\/li><li>Ma\u00e7\u00e3 \u00e1cida<\/li><li>Melancia Cereja<\/li><li>Mel\u00e3o com mirtilo<\/li><li>Gelo de bagas de kiwi<\/li><li>Mirtilo Framboesa Lim\u00e3o<\/li><li>Morango Melancia Rom\u00e3<\/li><\/ol>\t\t\t\t\t\t\t\t<\/div>\n\t\t<div class=\"elementor-element elementor-element-808144d e-con-full e-flex e-con e-child\" data-id=\"808144d\" data-element_type=\"container\" data-e-type=\"container\">\n\t\t\t\t<div class=\"elementor-element elementor-element-79dbcbc elementor-mobile-align-center elementor-widget elementor-widget-button\" data-id=\"79dbcbc\" data-element_type=\"widget\" data-e-type=\"widget\" data-widget_type=\"button.default\">\n\t\t\t\t\t\t\t\t\t\t<a class=\"elementor-button elementor-button-link elementor-size-sm\" href=\"https:\/\/fizzyvape.com\/contact-us\/\">\n\t\t\t\t\t\t<span class=\"elementor-button-content-wrapper\">\n\t\t\t\t\t\t\t\t\t<span class=\"elementor-button-text\">CONTACTA-NOS<\/span>\n\t\t\t\t\t<\/span>\n\t\t\t\t\t<\/a>\n\t\t\t\t\t\t\t\t<\/div>\n\t\t\t\t<\/div>\n\t\t\t\t<\/div>\n\t\t\t\t<\/div>\n\t\t\t\t<\/div>\n\t\t","protected":false},"excerpt":{"rendered":"<p>Fizzy Boom 13000 Puffs Vape descart\u00e1vel &#8211; O estilo encontra o desempenho O Fizzy Boom \u00e9 um vape descart\u00e1vel de<\/p>\n","protected":false},"featured_media":29482,"comment_status":"open","ping_status":"closed","template":"elementor_header_footer","meta":{"_crdt_document":"","om_disable_all_campaigns":false,"_monsterinsights_skip_tracking":false,"_monsterinsights_sitenote_active":false,"_monsterinsights_sitenote_note":"","_monsterinsights_sitenote_category":0},"product_brand":[],"product_cat":[174,175],"product_tag":[],"class_list":{"0":"post-31138","1":"product","2":"type-product","3":"status-publish","4":"has-post-thumbnail","6":"product_cat-vape-descartavel","7":"product_cat-vapes-recarregaveis","9":"first","10":"instock","11":"shipping-taxable","12":"product-type-simple"},"aioseo_notices":[],"_links":{"self":[{"href":"https:\/\/fizzyvape.com\/pt-pt\/wp-json\/wp\/v2\/product\/31138","targetHints":{"allow":["GET"]}}],"collection":[{"href":"https:\/\/fizzyvape.com\/pt-pt\/wp-json\/wp\/v2\/product"}],"about":[{"href":"https:\/\/fizzyvape.com\/pt-pt\/wp-json\/wp\/v2\/types\/product"}],"replies":[{"embeddable":true,"href":"https:\/\/fizzyvape.com\/pt-pt\/wp-json\/wp\/v2\/comments?post=31138"}],"version-history":[{"count":1,"href":"https:\/\/fizzyvape.com\/pt-pt\/wp-json\/wp\/v2\/product\/31138\/revisions"}],"predecessor-version":[{"id":31160,"href":"https:\/\/fizzyvape.com\/pt-pt\/wp-json\/wp\/v2\/product\/31138\/revisions\/31160"}],"wp:featuredmedia":[{"embeddable":true,"href":"https:\/\/fizzyvape.com\/pt-pt\/wp-json\/wp\/v2\/media\/29482"}],"wp:attachment":[{"href":"https:\/\/fizzyvape.com\/pt-pt\/wp-json\/wp\/v2\/media?parent=31138"}],"wp:term":[{"taxonomy":"product_brand","embeddable":true,"href":"https:\/\/fizzyvape.com\/pt-pt\/wp-json\/wp\/v2\/product_brand?post=31138"},{"taxonomy":"product_cat","embeddable":true,"href":"https:\/\/fizzyvape.com\/pt-pt\/wp-json\/wp\/v2\/product_cat?post=31138"},{"taxonomy":"product_tag","embeddable":true,"href":"https:\/\/fizzyvape.com\/pt-pt\/wp-json\/wp\/v2\/product_tag?post=31138"}],"curies":[{"name":"wp","href":"https:\/\/api.w.org\/{rel}","templated":true}]}}