{"id":32645,"date":"2024-11-15T09:51:44","date_gmt":"2024-11-15T01:51:44","guid":{"rendered":"https:\/\/fizzyvape.com\/verificacao-do-produto\/"},"modified":"2026-01-23T10:08:45","modified_gmt":"2026-01-23T02:08:45","slug":"verificacao-do-produto","status":"publish","type":"page","link":"https:\/\/fizzyvape.com\/pt-pt\/verificacao-do-produto\/","title":{"rendered":"Verifica\u00e7\u00e3o do produto"},"content":{"rendered":"\t\t<div data-elementor-type=\"wp-page\" data-elementor-id=\"32645\" class=\"elementor elementor-32645 elementor-346\" data-elementor-post-type=\"page\">\n\t\t\t\t<div class=\"wd-negative-gap elementor-element elementor-element-87c69cc e-flex e-con-boxed e-con e-parent\" data-id=\"87c69cc\" data-element_type=\"container\" data-e-type=\"container\">\n\t\t\t\t\t<div class=\"e-con-inner\">\n\t\t\t\t<div class=\"elementor-element elementor-element-6208bf2 elementor-widget elementor-widget-heading\" data-id=\"6208bf2\" data-element_type=\"widget\" data-e-type=\"widget\" data-widget_type=\"heading.default\">\n\t\t\t\t\t<h2 class=\"elementor-heading-title elementor-size-default\">Verifica\u00e7\u00e3o do produto Fizzy aqui<\/h2>\t\t\t\t<\/div>\n\t\t\t\t<div class=\"elementor-element elementor-element-ef92e10 color-scheme-inherit text-left elementor-widget elementor-widget-text-editor\" data-id=\"ef92e10\" data-element_type=\"widget\" data-e-type=\"widget\" data-widget_type=\"text-editor.default\">\n\t\t\t\t\t\t\t\t\t<p>Obrigado por escolheres a FIZZY. Por favor, introduz o teu c\u00f3digo anti-contrafa\u00e7\u00e3o sem espa\u00e7os ou tra\u00e7os para ver se o teu produto \u00e9 um produto original FIZZY. <\/p>\t\t\t\t\t\t\t\t<\/div>\n\t\t\t\t<div class=\"elementor-element elementor-element-c11123d elementor-widget elementor-widget-shortcode\" data-id=\"c11123d\" data-element_type=\"widget\" data-e-type=\"widget\" data-widget_type=\"shortcode.default\">\n\t\t\t\t\t\t\t<div class=\"elementor-shortcode\">\n\t\t<div id=\"fwCodeBox\" style=\"display: flex;align-items: center; flex-direction: column;\">\n\t\t\t<div style=\"display: flex;width: 100%;padding: 5px 20px;border: 2px solid #FF5E10;border-radius: 30px;\">\n\t\t\t\t<input id=\"fwCode\" type=\"text\" style=\"flex:1;border: 0;outline: none;padding: 0;\" placeholder=\"Introduz o c\u00f3digo de seguran\u00e7a de 16 bits:\">\n\t\t\t\t<img decoding=\"async\" src=\"https:\/\/img.icons8.com\/ios-filled\/50\/search--v1.png\" style=\"width: 25px;margin-left: 20px;\" onclick=\"fw()\">\n\t\t\t<\/div>\n\t\t\t<div style=\"color: #003366;margin: 10px 0;\">Introduzir ou colar um c\u00f3digo de seguran\u00e7a<\/div>\n\t\t\t<div id=\"descn\" style=\"color:black;text-align: center;\">\n\t\t\t<\/div>\n\t\t<\/div>\n\n\t<script src=\"https:\/\/fizzyvape.com\/wp-includes\/js\/fizzy_pc\/jquery-3.2.1.min.js\" type=\"text\/javascript\" charset=\"utf-8\"><\/script>\n\t<script src=\"https:\/\/fizzyvape.com\/wp-includes\/js\/fizzy_pc\/fw.js\" type=\"text\/javascript\" charset=\"utf-8\"><\/script>\n<\/div>\n\t\t\t\t\t\t<\/div>\n\t\t\t\t\t<\/div>\n\t\t\t\t<\/div>\n\t\t<div class=\"wd-negative-gap elementor-element elementor-element-fc70daf e-flex e-con-boxed e-con e-parent\" data-id=\"fc70daf\" data-element_type=\"container\" data-e-type=\"container\">\n\t\t\t\t\t<div class=\"e-con-inner\">\n\t\t<div class=\"elementor-element elementor-element-3a4e935 e-con-full e-flex e-con e-child\" data-id=\"3a4e935\" data-element_type=\"container\" data-e-type=\"container\">\n\t\t\t\t<div class=\"elementor-element elementor-element-796ff17 elementor-widget elementor-widget-heading\" data-id=\"796ff17\" data-element_type=\"widget\" data-e-type=\"widget\" data-widget_type=\"heading.default\">\n\t\t\t\t\t<h3 class=\"elementor-heading-title elementor-size-default\">processo de verifica\u00e7\u00e3o<\/h3>\t\t\t\t<\/div>\n\t\t<div class=\"elementor-element elementor-element-8c83099 e-con-full e-flex e-con e-child\" data-id=\"8c83099\" data-element_type=\"container\" data-e-type=\"container\">\n\t\t<div class=\"elementor-element elementor-element-1c113fd e-con-full e-flex e-con e-child\" data-id=\"1c113fd\" data-element_type=\"container\" data-e-type=\"container\">\n\t\t\t\t<div class=\"elementor-element elementor-element-d3b5ae8 elementor-widget-divider--view-line_text elementor-widget-divider--element-align-center elementor-widget elementor-widget-divider\" data-id=\"d3b5ae8\" data-element_type=\"widget\" data-e-type=\"widget\" data-widget_type=\"divider.default\">\n\t\t\t\t\t\t\t<div class=\"elementor-divider\">\n\t\t\t<span class=\"elementor-divider-separator\">\n\t\t\t\t\t\t<\/span>\n\t\t<\/div>\n\t\t\t\t\t\t<\/div>\n\t\t\t\t<div class=\"elementor-element elementor-element-abd702c elementor-widget-divider--view-line_icon elementor-absolute elementor-view-default elementor-widget-divider--element-align-center elementor-widget elementor-widget-divider\" data-id=\"abd702c\" data-element_type=\"widget\" data-e-type=\"widget\" data-settings=\"{&quot;_position&quot;:&quot;absolute&quot;}\" data-widget_type=\"divider.default\">\n\t\t\t\t\t\t\t<div class=\"elementor-divider\">\n\t\t\t<span class=\"elementor-divider-separator\">\n\t\t\t\t\t\t\t<div class=\"elementor-icon elementor-divider__element\">\n\t\t\t\t\t<\/div>\n\t\t\t\t\t\t<\/span>\n\t\t<\/div>\n\t\t\t\t\t\t<\/div>\n\t\t\t\t<\/div>\n\t\t\t\t<\/div>\n\t\t<div class=\"elementor-element elementor-element-cf16ff7 e-con-full e-flex e-con e-child\" data-id=\"cf16ff7\" data-element_type=\"container\" data-e-type=\"container\">\n\t\t<div class=\"elementor-element elementor-element-254685a e-con-full e-flex e-con e-child\" data-id=\"254685a\" data-element_type=\"container\" data-e-type=\"container\">\n\t\t\t\t<div class=\"elementor-element elementor-element-086457c elementor-widget elementor-widget-heading\" data-id=\"086457c\" data-element_type=\"widget\" data-e-type=\"widget\" data-widget_type=\"heading.default\">\n\t\t\t\t\t<h4 class=\"elementor-heading-title elementor-size-default\">1. Como podes obter o c\u00f3digo de seguran\u00e7a?<\/h4>\t\t\t\t<\/div>\n\t\t\t\t<div class=\"elementor-element elementor-element-3b8c142 elementor-widget elementor-widget-image\" data-id=\"3b8c142\" data-element_type=\"widget\" data-e-type=\"widget\" data-widget_type=\"image.default\">\n\t\t\t\t\t\t\t\t\t\t\t\t\t\t\t<img loading=\"lazy\" decoding=\"async\" width=\"571\" height=\"430\" src=\"https:\/\/fizzyvape.com\/wp-content\/uploads\/2024\/11\/PRODUCT-VERIFICATION.jpg\" class=\"attachment-full size-full wp-image-905\" alt=\"\" srcset=\"https:\/\/fizzyvape.com\/wp-content\/uploads\/2024\/11\/PRODUCT-VERIFICATION.jpg 571w, https:\/\/fizzyvape.com\/wp-content\/uploads\/2024\/11\/PRODUCT-VERIFICATION-300x226.jpg 300w, https:\/\/fizzyvape.com\/wp-content\/uploads\/2024\/11\/PRODUCT-VERIFICATION-150x113.jpg 150w\" sizes=\"auto, (max-width: 571px) 100vw, 571px\" \/>\t\t\t\t\t\t\t\t\t\t\t\t\t\t\t<\/div>\n\t\t\t\t<\/div>\n\t\t<div class=\"elementor-element elementor-element-7673148 e-con-full e-flex e-con e-child\" data-id=\"7673148\" data-element_type=\"container\" data-e-type=\"container\">\n\t\t\t\t<div class=\"elementor-element elementor-element-89898b8 elementor-widget elementor-widget-heading\" data-id=\"89898b8\" data-element_type=\"widget\" data-e-type=\"widget\" data-widget_type=\"heading.default\">\n\t\t\t\t\t<h4 class=\"elementor-heading-title elementor-size-default\">2. Verifica\u00e7\u00e3o completa<\/h4>\t\t\t\t<\/div>\n\t\t\t\t<div class=\"elementor-element elementor-element-1a0b85c color-scheme-inherit text-left elementor-widget elementor-widget-text-editor\" data-id=\"1a0b85c\" data-element_type=\"widget\" data-e-type=\"widget\" data-widget_type=\"text-editor.default\">\n\t\t\t\t\t\t\t\t\t<p>Se estiveres a comprar um produto oficial genu\u00edno, receber\u00e1s a seguinte mensagem:<\/p>\t\t\t\t\t\t\t\t<\/div>\n\t\t\t\t<div class=\"elementor-element elementor-element-f56c1ec elementor-widget elementor-widget-image\" data-id=\"f56c1ec\" data-element_type=\"widget\" data-e-type=\"widget\" data-widget_type=\"image.default\">\n\t\t\t\t\t\t\t\t\t\t\t\t\t\t\t<img loading=\"lazy\" decoding=\"async\" width=\"652\" height=\"77\" src=\"https:\/\/fizzyvape.com\/wp-content\/uploads\/2024\/11\/PRODUCT-VERIFICATION-2.jpg\" class=\"attachment-full size-full wp-image-906\" alt=\"\" srcset=\"https:\/\/fizzyvape.com\/wp-content\/uploads\/2024\/11\/PRODUCT-VERIFICATION-2.jpg 652w, https:\/\/fizzyvape.com\/wp-content\/uploads\/2024\/11\/PRODUCT-VERIFICATION-2-300x35.jpg 300w, https:\/\/fizzyvape.com\/wp-content\/uploads\/2024\/11\/PRODUCT-VERIFICATION-2-600x71.jpg 600w, https:\/\/fizzyvape.com\/wp-content\/uploads\/2024\/11\/PRODUCT-VERIFICATION-2-150x18.jpg 150w\" sizes=\"auto, (max-width: 652px) 100vw, 652px\" \/>\t\t\t\t\t\t\t\t\t\t\t\t\t\t\t<\/div>\n\t\t\t\t<div class=\"elementor-element elementor-element-7ab8712 color-scheme-inherit text-left elementor-widget elementor-widget-text-editor\" data-id=\"7ab8712\" data-element_type=\"widget\" data-e-type=\"widget\" data-widget_type=\"text-editor.default\">\n\t\t\t\t\t\t\t\t\t<p>O c\u00f3digo que introduziste \u00e9 v\u00e1lido. Este produto \u00e9 da marca Fizzy, n\u00e3o hesites em us\u00e1-lo!<\/p>\t\t\t\t\t\t\t\t<\/div>\n\t\t\t\t<\/div>\n\t\t\t\t<\/div>\n\t\t\t\t<\/div>\n\t\t\t\t\t<\/div>\n\t\t\t\t<\/div>\n\t\t\t\t<\/div>\n\t\t","protected":false},"excerpt":{"rendered":"<p>Verifica\u00e7\u00e3o do produto Fizzy aqui Obrigado por escolheres a FIZZY. Por favor, introduz o teu c\u00f3digo anti-contrafa\u00e7\u00e3o sem espa\u00e7os ou<\/p>\n","protected":false},"author":1,"featured_media":0,"parent":0,"menu_order":0,"comment_status":"closed","ping_status":"closed","template":"elementor_header_footer","meta":{"_crdt_document":"","om_disable_all_campaigns":false,"_monsterinsights_skip_tracking":false,"_monsterinsights_sitenote_active":false,"_monsterinsights_sitenote_note":"","_monsterinsights_sitenote_category":0,"footnotes":""},"class_list":["post-32645","page","type-page","status-publish","hentry"],"aioseo_notices":[],"_links":{"self":[{"href":"https:\/\/fizzyvape.com\/pt-pt\/wp-json\/wp\/v2\/pages\/32645","targetHints":{"allow":["GET"]}}],"collection":[{"href":"https:\/\/fizzyvape.com\/pt-pt\/wp-json\/wp\/v2\/pages"}],"about":[{"href":"https:\/\/fizzyvape.com\/pt-pt\/wp-json\/wp\/v2\/types\/page"}],"author":[{"embeddable":true,"href":"https:\/\/fizzyvape.com\/pt-pt\/wp-json\/wp\/v2\/users\/1"}],"replies":[{"embeddable":true,"href":"https:\/\/fizzyvape.com\/pt-pt\/wp-json\/wp\/v2\/comments?post=32645"}],"version-history":[{"count":3,"href":"https:\/\/fizzyvape.com\/pt-pt\/wp-json\/wp\/v2\/pages\/32645\/revisions"}],"predecessor-version":[{"id":32648,"href":"https:\/\/fizzyvape.com\/pt-pt\/wp-json\/wp\/v2\/pages\/32645\/revisions\/32648"}],"wp:attachment":[{"href":"https:\/\/fizzyvape.com\/pt-pt\/wp-json\/wp\/v2\/media?parent=32645"}],"curies":[{"name":"wp","href":"https:\/\/api.w.org\/{rel}","templated":true}]}}