{"id":31366,"date":"2025-12-29T15:05:45","date_gmt":"2025-12-29T07:05:45","guid":{"rendered":"https:\/\/fizzyvape.com\/product\/150k-puffs-15-w-1\/"},"modified":"2026-01-21T15:25:33","modified_gmt":"2026-01-21T07:25:33","slug":"150k-puffs-15-w-1","status":"publish","type":"product","link":"https:\/\/fizzyvape.com\/pl\/product\/150k-puffs-15-w-1\/","title":{"rendered":"150K Puffs 15-w-1"},"content":{"rendered":"\t\t<div data-elementor-type=\"product-post\" data-elementor-id=\"31366\" class=\"elementor elementor-31366 elementor-29818\" data-elementor-post-type=\"product\">\n\t\t\t\t<div class=\"wd-negative-gap elementor-element elementor-element-47bfc5e e-flex e-con-boxed e-con e-parent\" data-id=\"47bfc5e\" data-element_type=\"container\" data-e-type=\"container\">\n\t\t\t\t\t<div class=\"e-con-inner\">\n\t\t\t\t<div class=\"elementor-element elementor-element-3b6e603 color-scheme-inherit text-left elementor-widget elementor-widget-text-editor\" data-id=\"3b6e603\" data-element_type=\"widget\" data-e-type=\"widget\" data-widget_type=\"text-editor.default\">\n\t\t\t\t\t\t\t\t\t<h1>Fizzy 150K 150000 Puffs jednorazowy Vape: Najlepszy inteligentny flagowiec 15 w 1<\/h1><p><b>Fizzy 150K 150000 P<\/b> uffs to nie tylko urz\u0105dzenie o du\u017cej pojemno\u015bci; to technologiczna rewolucja w bran\u017cy jednorazowych waporyzator\u00f3w. Jako flagowy produkt Fizzy, \u0142\u0105czy w sobie bezprecedensow\u0105 <b>liczb\u0119 150 000 zaci\u0105gni\u0119\u0107<\/b> z opatentowanym <b>systemem wielu smak\u00f3w<\/b> i <b>inteligentnym monitor<\/b>owaniem, wyznaczaj\u0105c nowy standard wydajno\u015bci i warto\u015bci. <\/p><h2>Najwa\u017cniejsze cechy produktu<\/h2><h4><b>1. Niezr\u00f3wnana wytrzyma\u0142o\u015b\u0107 i pojemno\u015b\u0107<\/b><\/h4><p>Zaprojektowany z my\u015bl\u0105 o d\u0142ugotrwa\u0142ej satysfakcji, Fizzy 150K jest ostatecznym &#8220;maratonowym&#8221; waporyzatorem.<\/p><ul><li><p><b>150 000 zaci\u0105gni\u0119\u0107:<\/b> Ogromna \u017cywotno\u015b\u0107, kt\u00f3ra przewy\u017csza dziesi\u0105tki standardowych jednoraz\u00f3wek.<\/p><\/li><li><p><b>Bardzo du\u017cy zbiornik o pojemno\u015bci 80 ml:<\/b> Wst\u0119pnie nape\u0142niony najwy\u017cszej jako\u015bci e-liquidem Fizzy do nieprzerwanego u\u017cytkowania.<\/p><\/li><li><p><b>Dynamiczna bateria 1000 mAh:<\/b> Akumulator o du\u017cej pojemno\u015bci zapewnia maksymaln\u0105 wydajno\u015b\u0107 urz\u0105dzenia do ostatniej kropli wody.<\/p><\/li><li><p><b>Ekonomiczne rozwi\u0105zanie:<\/b> Znacz\u0105co zmniejsza koszt dmuchania dla konsument\u00f3w i cz\u0119stotliwo\u015b\u0107 wymiany dla sprzedawc\u00f3w detalicznych.<\/p><\/li><\/ul><h4><b>2. Opatentowana innowacja smakowa 15 w 1<\/b><\/h4><p>Do\u015bwiadcz ca\u0142kowitej wolno\u015bci smaku. Fizzy 150K posiada unikaln\u0105 architektur\u0119 poczw\u00f3rnego zbiornika, kt\u00f3ra pozwala na natychmiastow\u0105 zmian\u0119 smak\u00f3w. <\/p><ul><li><p><b>4 niezale\u017cne kana\u0142y E-Liquid:<\/b> Cztery oddzielne zbiorniki o pojemno\u015bci 20 ml (A, B, C i D) zapewniaj\u0105 brak mieszania si\u0119 smak\u00f3w.<\/p><\/li><li><p><b>15 kombinacji smak\u00f3w:<\/b> U\u017cyj fizycznego przycisku prze\u0142\u0105czania, aby wybra\u0107 jeden z 4 podstawowych smak\u00f3w lub odblokowa\u0107 11 mieszanek hybrydowych.<\/p><\/li><li><p><b>Integralno\u015b\u0107 czystego smaku:<\/b> Zaawansowana technologia izolacji sprawia, \u017ce ka\u017cdy profil smakowy jest wyra\u017any i wyrazisty.<\/p><\/li><\/ul><h4><b>3. Inteligentny system wy\u015bwietlania<\/b><\/h4><p>Ca\u0142kowita przejrzysto\u015b\u0107 na wyci\u0105gni\u0119cie r\u0119ki. Wbudowany ekran HD dostarcza dane w czasie rzeczywistym, zapewniaj\u0105c bezproblemow\u0105 prac\u0119. <\/p><ul><li><p><b>Monitor procentowego stanu baterii:<\/b> Wiedz dok\u0142adnie, kiedy nale\u017cy na\u0142adowa\u0107 bateri\u0119 przez port Type-C.<\/p><\/li><li><p><b>\u015aledzenie czterech zbiornik\u00f3w e-cieczy:<\/b> Indywidualne wska\u017aniki poziomu dla wszystkich czterech kana\u0142\u00f3w e-cieczy.<\/p><\/li><li><p><b>Sprz\u0119\u017cenie zwrotne trybu aktywnego:<\/b> Wyra\u017anie pokazuje, kt\u00f3ry kana\u0142 lub kombinacja smak\u00f3w jest aktualnie aktywna.<\/p><\/li><\/ul><h4><b>4. Rewolucyjna technologia Quad Mesh<\/b><\/h4><p>Moc \u0142\u0105czy si\u0119 z precyzj\u0105. Wewn\u0119trzny system grzewczy zosta\u0142 zaprojektowany do obs\u0142ugi ogromnej obj\u0119to\u015bci e-liquidu przy jednoczesnym zachowaniu intensywno\u015bci smaku. <\/p><ul><li><p><b>Architektura z 4 cewkami siatkowymi:<\/b> Cztery zsynchronizowane cewki siatkowe zapewniaj\u0105 natychmiastowe i r\u00f3wnomierne ogrzewanie.<\/p><\/li><li><p><b>Precyzyjny op\u00f3r 4*1,0\u03a9:<\/b> Zoptymalizowany pod k\u0105tem idealnej r\u00f3wnowagi g\u0119stej pary i g\u0142adkiego uderzenia w gard\u0142o.<\/p><\/li><li><p><b>Sta\u0142a moc aromatu:<\/b> Zastrze\u017cona technologia zapobiega przypalaniu, nawet gdy zbli\u017casz si\u0119 do 150 000 zaci\u0105gni\u0119cia.<\/p><\/li><\/ul>\t\t\t\t\t\t\t\t<\/div>\n\t\t\t\t\t<\/div>\n\t\t\t\t<\/div>\n\t\t<div class=\"wd-negative-gap elementor-element elementor-element-da2825a e-flex e-con-boxed e-con e-parent\" data-id=\"da2825a\" data-element_type=\"container\" data-e-type=\"container\">\n\t\t\t\t\t<div class=\"e-con-inner\">\n\t\t\t\t<div class=\"elementor-element elementor-element-74d2315 color-scheme-inherit text-left elementor-widget elementor-widget-text-editor\" data-id=\"74d2315\" data-element_type=\"widget\" data-e-type=\"widget\" data-widget_type=\"text-editor.default\">\n\t\t\t\t\t\t\t\t\t<h2>Fizzy 15-in-1 150K Puffs <strong>Jednorazowy<\/strong> akumulator <strong>Vape Lista smak\u00f3w:<\/strong><\/h2><ol><li>l\u00f3d arbuzowy &amp; red bull &amp; malina truskawkowa &amp; potr\u00f3jny l\u00f3d melonowy<\/li><li>l\u00f3d truskawkowy i kiwi marakuja guawa i brzoskwinia mango arbuz i winogrono burst<\/li><li>red bull &amp; truskawka kiwi granat &amp; jagoda l\u00f3d &amp; ananas kokos<\/li><li>truskawka kiwi &amp; mieszanka jag\u00f3d &amp; arbuz bubblegum &amp; soczysta brzoskwinia<\/li><li>jagoda malina &amp; truskawka ice &amp; lemoniada blue razz &amp; arbuz gummy bear<\/li><li>poncz z owoc\u00f3w tropikalnych &amp; arbuz malina &amp; jagoda kokos &amp; truskawka skittles<\/li><li>love 66 &amp; truskawka kiwi &amp; arbuz jagoda &amp; malina lemoniada<\/li><li>mieszanka jag\u00f3d i ananasa brzoskwinia marakuja i gazowana cola truskawka malina<\/li><li>blue razz rapsberry &amp; watermelon cherry ice &amp; strawberry grape &amp;passion fruit orange peach<\/li><li>musuj\u0105ca wi\u015bnia &amp; truskawka smoczy owoc &amp; cytryna limonka &amp; arbuz jagoda<\/li><li>truskawka z col\u0105 waniliow\u0105 &amp; malina z jagodami &amp; arbuz z lodem &amp; wi\u015bnia z jagodami<\/li><li>l\u00f3d jagodowy &amp; truskawka arbuz &amp; mojito &amp; kiwi marakuja guawa<\/li><\/ol>\t\t\t\t\t\t\t\t<\/div>\n\t\t\t\t<div class=\"elementor-element elementor-element-d4fbf27 color-scheme-inherit text-left elementor-widget elementor-widget-text-editor\" data-id=\"d4fbf27\" data-element_type=\"widget\" data-e-type=\"widget\" data-widget_type=\"text-editor.default\">\n\t\t\t\t\t\t\t\t\t<h2><strong>Dlaczego warto wybra\u0107 Fizzy 150K Puffs?<\/strong><\/h2><ul><li><p>Jednorazowe rozwi\u0105zanie o bardzo wysokiej wydajno\u015bci<\/p><\/li><li><p>Innowacyjny smak 15 w 1<\/p><\/li><li><p>Inteligentny ekran z danymi w czasie rzeczywistym<\/p><\/li><li><p>Akumulator, ekologiczna konstrukcja<\/p><\/li><li><p>Idealny dla <strong>hurtownik\u00f3w, dystrybutor\u00f3w i sprzedawc\u00f3w vape.<\/strong><\/p><\/li><\/ul><p>Jako zaufana marka z wieloletnim do\u015bwiadczeniem w bran\u017cy, <strong>Fizzy nadal przesuwa granice w technologii jednorazowych waporyzator\u00f3w<\/strong>.<\/p>\t\t\t\t\t\t\t\t<\/div>\n\t\t\t\t\t<\/div>\n\t\t\t\t<\/div>\n\t\t<div class=\"wd-negative-gap elementor-element elementor-element-258c428 e-flex e-con-boxed e-con e-parent\" data-id=\"258c428\" data-element_type=\"container\" data-e-type=\"container\">\n\t\t\t\t\t<div class=\"e-con-inner\">\n\t\t\t\t<div class=\"elementor-element elementor-element-461b777 color-scheme-inherit text-left elementor-widget elementor-widget-text-editor\" data-id=\"461b777\" data-element_type=\"widget\" data-e-type=\"widget\" data-widget_type=\"text-editor.default\">\n\t\t\t\t\t\t\t\t\t<h2>FAQ &#8211; Fizzy 150K Puffs Vape jednorazowego u\u017cytku<\/h2><p><strong>Jak dzia\u0142a system aromat\u00f3w 15 w 1?<\/strong><\/p><p>Urz\u0105dzenie zawiera cztery oddzielne kana\u0142y smakowe (A, B, C, D). Wybieraj\u0105c r\u00f3\u017cne kombinacje za pomoc\u0105 przycisk\u00f3w steruj\u0105cych, u\u017cytkownicy mog\u0105 uzyska\u0107 dost\u0119p do <strong>15 unikalnych tryb\u00f3w smakowych<\/strong>. <\/p><p><strong>Czy mog\u0119 sprawdzi\u0107 poziom e-liquidu dla ka\u017cdego smaku?<\/strong><\/p><p>Tak. Inteligentny wy\u015bwietlacz pokazuje <strong>indywidualne poziomy e-cieczy dla ka\u017cdego kana\u0142u smakowego<\/strong>, umo\u017cliwiaj\u0105c precyzyjne monitorowanie. <\/p><p><strong>Czy Fizzy 150K mo\u017cna \u0142adowa\u0107?<\/strong><\/p><p>Tak. Wyposa\u017cony jest w akumulator o pojemno\u015bci <strong>1000 mAh<\/strong> z funkcj\u0105 <strong>\u0142adowania typu C<\/strong>, kt\u00f3ra zapewnia szybkie i wydajne uzupe\u0142nianie energii. <\/p><p><strong>Czy zmiana smak\u00f3w wp\u0142ywa na jako\u015b\u0107 pary?<\/strong><\/p><p>System cewek z poczw\u00f3rn\u0105 siatk\u0105 zosta\u0142 zaprojektowany w celu utrzymania <strong>sta\u0142ej jako\u015bci pary i smaku<\/strong>, nawet podczas prze\u0142\u0105czania mi\u0119dzy r\u00f3\u017cnymi kombinacjami smak\u00f3w. <\/p><p><strong>Czy ten produkt nadaje si\u0119 do dystrybucji hurtowej?<\/strong><\/p><p>Tak, Fizzy 150K jest idealny dla <strong>hurtownik\u00f3w, dystrybutor\u00f3w i sprzedawc\u00f3w vape<\/strong> poszukuj\u0105cych innowacyjnych jednorazowych rozwi\u0105za\u0144 vape o du\u017cej pojemno\u015bci. <\/p><p><strong>Co odr\u00f3\u017cnia to urz\u0105dzenie od standardowych waporyzator\u00f3w jednorazowych?<\/strong><\/p><p>W przeciwie\u0144stwie do standardowych urz\u0105dze\u0144 jednorazowych, to urz\u0105dzenie \u0142\u0105czy w sobie <strong>wyb\u00f3r wielu smak\u00f3w, wy\u015bwietlanie w czasie rzeczywistym, bardzo du\u017c\u0105 liczb\u0119 zaci\u0105gni\u0119\u0107 i funkcj\u0119 \u0142adowania<\/strong> w jednym produkcie.<\/p>\t\t\t\t\t\t\t\t<\/div>\n\t\t\t\t\t<\/div>\n\t\t\t\t<\/div>\n\t\t<div class=\"wd-negative-gap elementor-element elementor-element-d8c54b9 e-flex e-con-boxed e-con e-parent\" data-id=\"d8c54b9\" data-element_type=\"container\" data-e-type=\"container\">\n\t\t\t\t\t<div class=\"e-con-inner\">\n\t\t\t\t<div class=\"elementor-element elementor-element-9630d8a elementor-widget elementor-widget-shortcode\" data-id=\"9630d8a\" data-element_type=\"widget\" data-e-type=\"widget\" data-widget_type=\"shortcode.default\">\n\t\t\t\t\t\t\t<div class=\"elementor-shortcode\">\t\t\t<link rel=\"stylesheet\" id=\"elementor-post-30351-css\" href=\"https:\/\/fizzyvape.com\/wp-content\/uploads\/elementor\/css\/post-30351.css?ver=1777063452\" type=\"text\/css\" media=\"all\">\n\t\t\t\t\t<div data-elementor-type=\"wp-post\" data-elementor-id=\"30351\" class=\"elementor elementor-30351\" data-elementor-post-type=\"cms_block\">\n\t\t\t\t<div class=\"elementor-element elementor-element-b1bf99a e-con-full wd-section-stretch e-flex e-con e-parent\" data-id=\"b1bf99a\" data-element_type=\"container\" data-e-type=\"container\">\n\t\t\t\t<div class=\"elementor-element elementor-element-4bcebb7 elementor-widget elementor-widget-wd_image_or_svg\" data-id=\"4bcebb7\" data-element_type=\"widget\" data-e-type=\"widget\" data-widget_type=\"wd_image_or_svg.default\">\n\t\t\t\t<div class=\"elementor-widget-container\">\n\t\t\t\t\t\n\t\t<div class=\"wd-image text-left\">\n\t\t\t\t\t\t\t\t<img loading=\"lazy\" decoding=\"async\" width=\"1920\" height=\"915\" src=\"https:\/\/fizzyvape.com\/wp-content\/uploads\/2025\/12\/Fizzy-150K-Puffs-Disposable-Vape-0.jpg\" class=\"attachment-full size-full\" alt=\"Fizzy 150K Puffs Disposable Vape - 0\" srcset=\"https:\/\/fizzyvape.com\/wp-content\/uploads\/2025\/12\/Fizzy-150K-Puffs-Disposable-Vape-0.jpg 1920w, https:\/\/fizzyvape.com\/wp-content\/uploads\/2025\/12\/Fizzy-150K-Puffs-Disposable-Vape-0-400x191.jpg 400w, https:\/\/fizzyvape.com\/wp-content\/uploads\/2025\/12\/Fizzy-150K-Puffs-Disposable-Vape-0-1300x620.jpg 1300w, https:\/\/fizzyvape.com\/wp-content\/uploads\/2025\/12\/Fizzy-150K-Puffs-Disposable-Vape-0-768x366.jpg 768w, https:\/\/fizzyvape.com\/wp-content\/uploads\/2025\/12\/Fizzy-150K-Puffs-Disposable-Vape-0-1536x732.jpg 1536w, https:\/\/fizzyvape.com\/wp-content\/uploads\/2025\/12\/Fizzy-150K-Puffs-Disposable-Vape-0-430x205.jpg 430w, https:\/\/fizzyvape.com\/wp-content\/uploads\/2025\/12\/Fizzy-150K-Puffs-Disposable-Vape-0-700x334.jpg 700w, https:\/\/fizzyvape.com\/wp-content\/uploads\/2025\/12\/Fizzy-150K-Puffs-Disposable-Vape-0-150x71.jpg 150w\" sizes=\"auto, (max-width: 1920px) 100vw, 1920px\" \/>\t\t\t\t\t<\/div>\n\n\t\t\t\t\t\t<\/div>\n\t\t\t\t<\/div>\n\t\t\t\t<div class=\"elementor-element elementor-element-57fb82b elementor-widget elementor-widget-wd_image_or_svg\" data-id=\"57fb82b\" data-element_type=\"widget\" data-e-type=\"widget\" data-widget_type=\"wd_image_or_svg.default\">\n\t\t\t\t<div class=\"elementor-widget-container\">\n\t\t\t\t\t\n\t\t<div class=\"wd-image text-left\">\n\t\t\t\t\t\t\t\t<img loading=\"lazy\" decoding=\"async\" width=\"1920\" height=\"1084\" src=\"https:\/\/fizzyvape.com\/wp-content\/uploads\/2025\/12\/Fizzy-150K-Puffs-Disposable-Vape-2.jpg\" class=\"attachment-full size-full\" alt=\"Fizzy 150K Puffs Disposable Vape - 2\" srcset=\"https:\/\/fizzyvape.com\/wp-content\/uploads\/2025\/12\/Fizzy-150K-Puffs-Disposable-Vape-2.jpg 1920w, https:\/\/fizzyvape.com\/wp-content\/uploads\/2025\/12\/Fizzy-150K-Puffs-Disposable-Vape-2-400x226.jpg 400w, https:\/\/fizzyvape.com\/wp-content\/uploads\/2025\/12\/Fizzy-150K-Puffs-Disposable-Vape-2-1300x734.jpg 1300w, https:\/\/fizzyvape.com\/wp-content\/uploads\/2025\/12\/Fizzy-150K-Puffs-Disposable-Vape-2-768x434.jpg 768w, https:\/\/fizzyvape.com\/wp-content\/uploads\/2025\/12\/Fizzy-150K-Puffs-Disposable-Vape-2-1536x867.jpg 1536w, https:\/\/fizzyvape.com\/wp-content\/uploads\/2025\/12\/Fizzy-150K-Puffs-Disposable-Vape-2-430x243.jpg 430w, https:\/\/fizzyvape.com\/wp-content\/uploads\/2025\/12\/Fizzy-150K-Puffs-Disposable-Vape-2-700x395.jpg 700w, https:\/\/fizzyvape.com\/wp-content\/uploads\/2025\/12\/Fizzy-150K-Puffs-Disposable-Vape-2-150x85.jpg 150w\" sizes=\"auto, (max-width: 1920px) 100vw, 1920px\" \/>\t\t\t\t\t<\/div>\n\n\t\t\t\t\t\t<\/div>\n\t\t\t\t<\/div>\n\t\t\t\t<div class=\"elementor-element elementor-element-8c01a1f elementor-widget elementor-widget-wd_image_or_svg\" data-id=\"8c01a1f\" data-element_type=\"widget\" data-e-type=\"widget\" data-widget_type=\"wd_image_or_svg.default\">\n\t\t\t\t<div class=\"elementor-widget-container\">\n\t\t\t\t\t\n\t\t<div class=\"wd-image text-left\">\n\t\t\t\t\t\t\t\t<img loading=\"lazy\" decoding=\"async\" width=\"1920\" height=\"981\" src=\"https:\/\/fizzyvape.com\/wp-content\/uploads\/2025\/12\/Fizzy-150K-Puffs-Disposable-Vape-3.jpg\" class=\"attachment-full size-full\" alt=\"Fizzy 150K Puffs Disposable Vape - 3\" srcset=\"https:\/\/fizzyvape.com\/wp-content\/uploads\/2025\/12\/Fizzy-150K-Puffs-Disposable-Vape-3.jpg 1920w, https:\/\/fizzyvape.com\/wp-content\/uploads\/2025\/12\/Fizzy-150K-Puffs-Disposable-Vape-3-400x204.jpg 400w, https:\/\/fizzyvape.com\/wp-content\/uploads\/2025\/12\/Fizzy-150K-Puffs-Disposable-Vape-3-1300x664.jpg 1300w, https:\/\/fizzyvape.com\/wp-content\/uploads\/2025\/12\/Fizzy-150K-Puffs-Disposable-Vape-3-768x392.jpg 768w, https:\/\/fizzyvape.com\/wp-content\/uploads\/2025\/12\/Fizzy-150K-Puffs-Disposable-Vape-3-1536x785.jpg 1536w, https:\/\/fizzyvape.com\/wp-content\/uploads\/2025\/12\/Fizzy-150K-Puffs-Disposable-Vape-3-430x220.jpg 430w, https:\/\/fizzyvape.com\/wp-content\/uploads\/2025\/12\/Fizzy-150K-Puffs-Disposable-Vape-3-700x358.jpg 700w, https:\/\/fizzyvape.com\/wp-content\/uploads\/2025\/12\/Fizzy-150K-Puffs-Disposable-Vape-3-150x77.jpg 150w\" sizes=\"auto, (max-width: 1920px) 100vw, 1920px\" \/>\t\t\t\t\t<\/div>\n\n\t\t\t\t\t\t<\/div>\n\t\t\t\t<\/div>\n\t\t\t\t<div class=\"elementor-element elementor-element-0da72e0 elementor-widget elementor-widget-wd_image_or_svg\" data-id=\"0da72e0\" data-element_type=\"widget\" data-e-type=\"widget\" data-widget_type=\"wd_image_or_svg.default\">\n\t\t\t\t<div class=\"elementor-widget-container\">\n\t\t\t\t\t\n\t\t<div class=\"wd-image text-left\">\n\t\t\t\t\t\t\t\t<img loading=\"lazy\" decoding=\"async\" width=\"1920\" height=\"769\" src=\"https:\/\/fizzyvape.com\/wp-content\/uploads\/2025\/12\/Fizzy-150K-Puffs-Disposable-Vape-4.jpg\" class=\"attachment-full size-full\" alt=\"Fizzy 150K Puffs Disposable Vape - 4\" srcset=\"https:\/\/fizzyvape.com\/wp-content\/uploads\/2025\/12\/Fizzy-150K-Puffs-Disposable-Vape-4.jpg 1920w, https:\/\/fizzyvape.com\/wp-content\/uploads\/2025\/12\/Fizzy-150K-Puffs-Disposable-Vape-4-400x160.jpg 400w, https:\/\/fizzyvape.com\/wp-content\/uploads\/2025\/12\/Fizzy-150K-Puffs-Disposable-Vape-4-1300x521.jpg 1300w, https:\/\/fizzyvape.com\/wp-content\/uploads\/2025\/12\/Fizzy-150K-Puffs-Disposable-Vape-4-768x308.jpg 768w, https:\/\/fizzyvape.com\/wp-content\/uploads\/2025\/12\/Fizzy-150K-Puffs-Disposable-Vape-4-1536x615.jpg 1536w, https:\/\/fizzyvape.com\/wp-content\/uploads\/2025\/12\/Fizzy-150K-Puffs-Disposable-Vape-4-430x172.jpg 430w, https:\/\/fizzyvape.com\/wp-content\/uploads\/2025\/12\/Fizzy-150K-Puffs-Disposable-Vape-4-700x280.jpg 700w, https:\/\/fizzyvape.com\/wp-content\/uploads\/2025\/12\/Fizzy-150K-Puffs-Disposable-Vape-4-150x60.jpg 150w\" sizes=\"auto, (max-width: 1920px) 100vw, 1920px\" \/>\t\t\t\t\t<\/div>\n\n\t\t\t\t\t\t<\/div>\n\t\t\t\t<\/div>\n\t\t\t\t<div class=\"elementor-element elementor-element-a8d3d16 elementor-widget elementor-widget-wd_image_or_svg\" data-id=\"a8d3d16\" data-element_type=\"widget\" data-e-type=\"widget\" data-widget_type=\"wd_image_or_svg.default\">\n\t\t\t\t<div class=\"elementor-widget-container\">\n\t\t\t\t\t\n\t\t<div class=\"wd-image text-center\">\n\t\t\t\t\t\t\t\t<img loading=\"lazy\" decoding=\"async\" width=\"1663\" height=\"2560\" src=\"https:\/\/fizzyvape.com\/wp-content\/uploads\/2025\/12\/Fizzy-150K-Puffs-Disposable-Vape-5-1-scaled.jpg\" class=\"attachment-full size-full\" alt=\"Fizzy 150K Puffs Disposable Vape Flavors List - 5\" srcset=\"https:\/\/fizzyvape.com\/wp-content\/uploads\/2025\/12\/Fizzy-150K-Puffs-Disposable-Vape-5-1-scaled.jpg 1663w, https:\/\/fizzyvape.com\/wp-content\/uploads\/2025\/12\/Fizzy-150K-Puffs-Disposable-Vape-5-1-195x300.jpg 195w, https:\/\/fizzyvape.com\/wp-content\/uploads\/2025\/12\/Fizzy-150K-Puffs-Disposable-Vape-5-1-520x800.jpg 520w, https:\/\/fizzyvape.com\/wp-content\/uploads\/2025\/12\/Fizzy-150K-Puffs-Disposable-Vape-5-1-768x1182.jpg 768w, https:\/\/fizzyvape.com\/wp-content\/uploads\/2025\/12\/Fizzy-150K-Puffs-Disposable-Vape-5-1-998x1536.jpg 998w, https:\/\/fizzyvape.com\/wp-content\/uploads\/2025\/12\/Fizzy-150K-Puffs-Disposable-Vape-5-1-1330x2048.jpg 1330w, https:\/\/fizzyvape.com\/wp-content\/uploads\/2025\/12\/Fizzy-150K-Puffs-Disposable-Vape-5-1-430x662.jpg 430w, https:\/\/fizzyvape.com\/wp-content\/uploads\/2025\/12\/Fizzy-150K-Puffs-Disposable-Vape-5-1-700x1078.jpg 700w, https:\/\/fizzyvape.com\/wp-content\/uploads\/2025\/12\/Fizzy-150K-Puffs-Disposable-Vape-5-1-150x231.jpg 150w\" sizes=\"auto, (max-width: 1663px) 100vw, 1663px\" \/>\t\t\t\t\t<\/div>\n\n\t\t\t\t\t\t<\/div>\n\t\t\t\t<\/div>\n\t\t\t\t<div class=\"elementor-element elementor-element-2948100 elementor-widget elementor-widget-wd_image_or_svg\" data-id=\"2948100\" data-element_type=\"widget\" data-e-type=\"widget\" data-widget_type=\"wd_image_or_svg.default\">\n\t\t\t\t<div class=\"elementor-widget-container\">\n\t\t\t\t\t\n\t\t<div class=\"wd-image text-left\">\n\t\t\t\t\t\t\t\t<img loading=\"lazy\" decoding=\"async\" width=\"1920\" height=\"823\" src=\"https:\/\/fizzyvape.com\/wp-content\/uploads\/2025\/12\/Fizzy-150K-Puffs-Disposable-Vape-6-1.jpg\" class=\"attachment-full size-full\" alt=\"Fizzy 150K Puffs Disposable Vape - 6\" srcset=\"https:\/\/fizzyvape.com\/wp-content\/uploads\/2025\/12\/Fizzy-150K-Puffs-Disposable-Vape-6-1.jpg 1920w, https:\/\/fizzyvape.com\/wp-content\/uploads\/2025\/12\/Fizzy-150K-Puffs-Disposable-Vape-6-1-400x171.jpg 400w, https:\/\/fizzyvape.com\/wp-content\/uploads\/2025\/12\/Fizzy-150K-Puffs-Disposable-Vape-6-1-1300x557.jpg 1300w, https:\/\/fizzyvape.com\/wp-content\/uploads\/2025\/12\/Fizzy-150K-Puffs-Disposable-Vape-6-1-768x329.jpg 768w, https:\/\/fizzyvape.com\/wp-content\/uploads\/2025\/12\/Fizzy-150K-Puffs-Disposable-Vape-6-1-1536x658.jpg 1536w, https:\/\/fizzyvape.com\/wp-content\/uploads\/2025\/12\/Fizzy-150K-Puffs-Disposable-Vape-6-1-430x184.jpg 430w, https:\/\/fizzyvape.com\/wp-content\/uploads\/2025\/12\/Fizzy-150K-Puffs-Disposable-Vape-6-1-700x300.jpg 700w, https:\/\/fizzyvape.com\/wp-content\/uploads\/2025\/12\/Fizzy-150K-Puffs-Disposable-Vape-6-1-150x64.jpg 150w\" sizes=\"auto, (max-width: 1920px) 100vw, 1920px\" \/>\t\t\t\t\t<\/div>\n\n\t\t\t\t\t\t<\/div>\n\t\t\t\t<\/div>\n\t\t\t\t<div class=\"elementor-element elementor-element-00e6aa4 elementor-widget elementor-widget-wd_image_or_svg\" data-id=\"00e6aa4\" data-element_type=\"widget\" data-e-type=\"widget\" data-widget_type=\"wd_image_or_svg.default\">\n\t\t\t\t<div class=\"elementor-widget-container\">\n\t\t\t\t\t\n\t\t<div class=\"wd-image text-left\">\n\t\t\t\t\t\t\t\t<img loading=\"lazy\" decoding=\"async\" width=\"1920\" height=\"1266\" src=\"https:\/\/fizzyvape.com\/wp-content\/uploads\/2025\/12\/Fizzy-150K-Puffs-Disposable-Vape-8-1.jpg\" class=\"attachment-full size-full\" alt=\"Fizzy 150K Puffs Disposable Vape - 8\" srcset=\"https:\/\/fizzyvape.com\/wp-content\/uploads\/2025\/12\/Fizzy-150K-Puffs-Disposable-Vape-8-1.jpg 1920w, https:\/\/fizzyvape.com\/wp-content\/uploads\/2025\/12\/Fizzy-150K-Puffs-Disposable-Vape-8-1-400x264.jpg 400w, https:\/\/fizzyvape.com\/wp-content\/uploads\/2025\/12\/Fizzy-150K-Puffs-Disposable-Vape-8-1-1213x800.jpg 1213w, https:\/\/fizzyvape.com\/wp-content\/uploads\/2025\/12\/Fizzy-150K-Puffs-Disposable-Vape-8-1-768x506.jpg 768w, https:\/\/fizzyvape.com\/wp-content\/uploads\/2025\/12\/Fizzy-150K-Puffs-Disposable-Vape-8-1-1536x1013.jpg 1536w, https:\/\/fizzyvape.com\/wp-content\/uploads\/2025\/12\/Fizzy-150K-Puffs-Disposable-Vape-8-1-430x284.jpg 430w, https:\/\/fizzyvape.com\/wp-content\/uploads\/2025\/12\/Fizzy-150K-Puffs-Disposable-Vape-8-1-700x462.jpg 700w, https:\/\/fizzyvape.com\/wp-content\/uploads\/2025\/12\/Fizzy-150K-Puffs-Disposable-Vape-8-1-150x99.jpg 150w\" sizes=\"auto, (max-width: 1920px) 100vw, 1920px\" \/>\t\t\t\t\t<\/div>\n\n\t\t\t\t\t\t<\/div>\n\t\t\t\t<\/div>\n\t\t\t\t<\/div>\n\t\t\t\t<\/div>\n\t\t<\/div>\n\t\t\t\t\t\t<\/div>\n\t\t\t\t\t<\/div>\n\t\t\t\t<\/div>\n\t\t\t\t<\/div>\n\t\t","protected":false},"excerpt":{"rendered":"[html_block id=\"30031\"]\n","protected":false},"featured_media":31368,"comment_status":"closed","ping_status":"closed","template":"","meta":{"_crdt_document":"","om_disable_all_campaigns":false,"_monsterinsights_skip_tracking":false,"_monsterinsights_sitenote_active":false,"_monsterinsights_sitenote_note":"","_monsterinsights_sitenote_category":0},"product_brand":[],"product_cat":[176],"product_tag":[],"class_list":{"0":"post-31366","1":"product","2":"type-product","3":"status-publish","4":"has-post-thumbnail","6":"product_cat-jednorazowe-vape","8":"first","9":"instock","10":"shipping-taxable","11":"product-type-simple"},"aioseo_notices":[],"_links":{"self":[{"href":"https:\/\/fizzyvape.com\/pl\/wp-json\/wp\/v2\/product\/31366","targetHints":{"allow":["GET"]}}],"collection":[{"href":"https:\/\/fizzyvape.com\/pl\/wp-json\/wp\/v2\/product"}],"about":[{"href":"https:\/\/fizzyvape.com\/pl\/wp-json\/wp\/v2\/types\/product"}],"replies":[{"embeddable":true,"href":"https:\/\/fizzyvape.com\/pl\/wp-json\/wp\/v2\/comments?post=31366"}],"version-history":[{"count":1,"href":"https:\/\/fizzyvape.com\/pl\/wp-json\/wp\/v2\/product\/31366\/revisions"}],"predecessor-version":[{"id":31380,"href":"https:\/\/fizzyvape.com\/pl\/wp-json\/wp\/v2\/product\/31366\/revisions\/31380"}],"wp:featuredmedia":[{"embeddable":true,"href":"https:\/\/fizzyvape.com\/pl\/wp-json\/wp\/v2\/media\/31368"}],"wp:attachment":[{"href":"https:\/\/fizzyvape.com\/pl\/wp-json\/wp\/v2\/media?parent=31366"}],"wp:term":[{"taxonomy":"product_brand","embeddable":true,"href":"https:\/\/fizzyvape.com\/pl\/wp-json\/wp\/v2\/product_brand?post=31366"},{"taxonomy":"product_cat","embeddable":true,"href":"https:\/\/fizzyvape.com\/pl\/wp-json\/wp\/v2\/product_cat?post=31366"},{"taxonomy":"product_tag","embeddable":true,"href":"https:\/\/fizzyvape.com\/pl\/wp-json\/wp\/v2\/product_tag?post=31366"}],"curies":[{"name":"wp","href":"https:\/\/api.w.org\/{rel}","templated":true}]}}