{"id":31280,"date":"2025-06-18T09:47:57","date_gmt":"2025-06-18T01:47:57","guid":{"rendered":"https:\/\/fizzyvape.com\/product\/max-iii-6in1-60000-zaciagniec\/"},"modified":"2026-01-21T15:25:33","modified_gmt":"2026-01-21T07:25:33","slug":"max-iii-6in1-60000-zaciagniec","status":"publish","type":"product","link":"https:\/\/fizzyvape.com\/pl\/product\/max-iii-6in1-60000-zaciagniec\/","title":{"rendered":"Max III 6in1 &#8211; 60000 zaci\u0105gni\u0119\u0107"},"content":{"rendered":"\t\t<div data-elementor-type=\"product-post\" data-elementor-id=\"31280\" class=\"elementor elementor-31280 elementor-2473\" data-elementor-post-type=\"product\">\n\t\t\t\t<div class=\"wd-negative-gap elementor-element elementor-element-50c2a61 e-flex e-con-boxed e-con e-parent\" data-id=\"50c2a61\" data-element_type=\"container\" data-e-type=\"container\">\n\t\t\t\t\t<div class=\"e-con-inner\">\n\t\t\t\t<div class=\"elementor-element elementor-element-f8789cd elementor-widget elementor-widget-heading\" data-id=\"f8789cd\" data-element_type=\"widget\" data-e-type=\"widget\" data-widget_type=\"heading.default\">\n\t\t\t\t\t<h1 class=\"elementor-heading-title elementor-size-default\">Fizzy Max III 6-w-1 60000 Puffs Jednorazowy Vape | Hurtowy dostawca<\/h1>\t\t\t\t<\/div>\n\t\t\t\t\t<\/div>\n\t\t\t\t<\/div>\n\t\t<div class=\"wd-negative-gap elementor-element elementor-element-1fc59b2 e-flex e-con-boxed e-con e-parent\" data-id=\"1fc59b2\" data-element_type=\"container\" data-e-type=\"container\">\n\t\t\t\t\t<div class=\"e-con-inner\">\n\t\t\t\t<div class=\"elementor-element elementor-element-db021bd color-scheme-inherit text-left elementor-widget elementor-widget-text-editor\" data-id=\"db021bd\" data-element_type=\"widget\" data-e-type=\"widget\" data-widget_type=\"text-editor.default\">\n\t\t\t\t\t\t\t\t\t<p><strong>Jedno urz\u0105dzenie, sze\u015b\u0107 smak\u00f3w &#8211; najwi\u0119ksza innowacja w dziedzinie waporyzacji<\/strong><\/p><p>Do\u015bwiadcz niezr\u00f3wnanej wszechstronno\u015bci dzi\u0119ki Fizzy Max III 6 w 1, <a href=\"https:\/\/fizzyvape.com\/pl\/product-category\/jednorazowe-vape\/\">jednorazowemu waporyzatorowi<\/a> 60000 Puffs, kt\u00f3ry \u0142\u0105czy sze\u015b\u0107 smak\u00f3w premium w jednym urz\u0105dzeniu wielokrotnego \u0142adowania. Idealny dla vaper\u00f3w, kt\u00f3rzy pragn\u0105 r\u00f3\u017cnorodno\u015bci, wydajno\u015bci i wygody. <\/p>\t\t\t\t\t\t\t\t<\/div>\n\t\t\t\t<div class=\"elementor-element elementor-element-12ec70c elementor-widget elementor-widget-heading\" data-id=\"12ec70c\" data-element_type=\"widget\" data-e-type=\"widget\" data-widget_type=\"heading.default\">\n\t\t\t\t\t<h2 class=\"elementor-heading-title elementor-size-default\">Dlaczego warto wybra\u0107 Fizzy Max III 6in1 60000 Puffs Disposable Vape?<\/h2>\t\t\t\t<\/div>\n\t\t\t\t<div class=\"elementor-element elementor-element-92e8b26 color-scheme-inherit text-left elementor-widget elementor-widget-text-editor\" data-id=\"92e8b26\" data-element_type=\"widget\" data-e-type=\"widget\" data-widget_type=\"text-editor.default\">\n\t\t\t\t\t\t\t\t\t<ul><li><p><strong>\u0141\u0105cznie 60 000 zaci\u0105gni\u0119\u0107<\/strong> &#8211; ogromna pojemno\u015b\u0107 zapewniaj\u0105ca d\u0142ugotrwa\u0142\u0105 satysfakcj\u0119<\/p><\/li><li><p><strong>6 smak\u00f3w w 1 urz\u0105dzeniu<\/strong> &#8211; prze\u0142\u0105czaj si\u0119 bez wysi\u0142ku za pomoc\u0105 inteligentnego obrotowego ustnika<\/p><\/li><li><p><strong>3 kapsu\u0142ki x 20 ml ka\u017cda<\/strong> &#8211; kapsu\u0142ki o podw\u00f3jnym smaku zapewniaj\u0105ce bogaty i wielowarstwowy smak.<\/p><\/li><li><p><strong>Akumulator<\/strong> &#8211; \u0142adowanie TYPE-C dla maksymalnej wydajno\u015bci<\/p><\/li><li><p><strong>Wy\u015bwietlacz LED<\/strong> &#8211; pokazuje poziom na\u0142adowania baterii i stan e-cieczy<\/p><\/li><li><p><strong>Draw-Activated<\/strong> &#8211; p\u0142ynny, bezproblemowy wdech bez konieczno\u015bci u\u017cywania przycisk\u00f3w.<\/p><\/li><\/ul>\t\t\t\t\t\t\t\t<\/div>\n\t\t\t\t<div class=\"elementor-element elementor-element-be4ea9c elementor-widget elementor-widget-heading\" data-id=\"be4ea9c\" data-element_type=\"widget\" data-e-type=\"widget\" data-widget_type=\"heading.default\">\n\t\t\t\t\t<h2 class=\"elementor-heading-title elementor-size-default\">Fizzy Max III 6in1 60000 Puffs Jednorazowy Vape Lista smak\u00f3w:<\/h2>\t\t\t\t<\/div>\n\t\t\t\t<div class=\"elementor-element elementor-element-90ed138 color-scheme-inherit text-left elementor-widget elementor-widget-text-editor\" data-id=\"90ed138\" data-element_type=\"widget\" data-e-type=\"widget\" data-widget_type=\"text-editor.default\">\n\t\t\t\t\t\t\t\t\t<ol><li>Truskawka Malina &amp; Mango Brzoskwinia &amp; Jagoda Arbuz<\/li><li>Mixed Berry &amp; Kiwi Passion Fruit Guava &amp; Strawberry Watermelon<\/li><li>Blueberry Raspberry &amp; Triple Melon &amp; Strawberry Ice<\/li><li>Smoczy owoc truskawkowy &amp; Red Bull &amp; arbuz malinowy<\/li><li>Strawberry Kiwi &amp; Blueberry Ice &amp; Watermelon Ice<\/li><li>Blueberry Ice &amp; Fizzy Cherry &amp; Raspberry Lemon<\/li><li>Watermelon Ice &amp; Strawberry Vanilla Coke &amp; Mixed<\/li><li>Truskawka Winogrono &amp; Jagoda Kokos &amp; Brzoskwinia Cytryna<\/li><li>Blue Razz Ice &amp; Strawberry Kiwi &amp; Sour Pineapple Orange<\/li><li>Arbuz truskawkowy &amp; Limonka cytrynowa &amp; Kokos jagodowy<\/li><li>Love 66 &amp; Red Bull Watermelon &amp; Strawberry Raspberry<\/li><li>Strawberry Ice &amp; Fizzy Cola &amp; Watermelon Bubble Gum<\/li><\/ol>\t\t\t\t\t\t\t\t<\/div>\n\t\t\t\t<div class=\"elementor-element elementor-element-816149c color-scheme-inherit text-left elementor-widget elementor-widget-text-editor\" data-id=\"816149c\" data-element_type=\"widget\" data-e-type=\"widget\" data-widget_type=\"text-editor.default\">\n\t\t\t\t\t\t\t\t\t<h3>Najcz\u0119\u015bciej zadawane pytania dotycz\u0105ce Fizzy Max III 6in1 60000 Puffs jednorazowe Vape<\/h3><p><strong>1. Jak prze\u0142\u0105cza\u0107 si\u0119 mi\u0119dzy sze\u015bcioma smakami?<\/strong><br>Fizzy Max III 6in1 posiada inteligentny obrotowy ustnik, kt\u00f3ry umo\u017cliwia \u0142atw\u0105 zmian\u0119 smak\u00f3w. Wystarczy obr\u00f3ci\u0107 ustnik, aby wybra\u0107 jeden z sze\u015bciu dost\u0119pnych smak\u00f3w. <\/p><p><strong>2. Jakie st\u0119\u017cenia nikotyny s\u0105 dost\u0119pne?<\/strong><br>To urz\u0105dzenie jest dost\u0119pne w st\u0119\u017ceniach <strong>2%<\/strong> <strong>(<\/strong> <strong>20 mg)<\/strong> i <strong>5% (50 mg)<\/strong> nikotyny. Wybierz moc, kt\u00f3ra najlepiej odpowiada Twoim osobistym preferencjom lub historii palenia. <\/p><p><strong>3. Czy Fizzy Max III 6w1 mo\u017cna \u0142adowa\u0107?<\/strong><br>Tak, jest wyposa\u017cony w <strong>akumulator USB-C<\/strong>, kt\u00f3ry pozwala w pe\u0142ni wykorzysta\u0107 60 000 zaci\u0105gni\u0119\u0107 w trzech du\u017cych kapsu\u0142kach bez martwienia si\u0119 o zasilanie.<\/p><p><strong>4. Ile kapsu\u0142ek zawiera urz\u0105dzenie?<\/strong><br>Urz\u0105dzenie zawiera <strong>trzy wst\u0119pnie nape\u0142nione kapsu\u0142ki<\/strong>, z kt\u00f3rych ka\u017cda zawiera <strong>20 ml e-liquidu<\/strong>.<\/p>\t\t\t\t\t\t\t\t<\/div>\n\t\t\t\t\t<\/div>\n\t\t\t\t<\/div>\n\t\t<div class=\"elementor-element elementor-element-a0adde3 e-con-full wd-section-stretch e-flex e-con e-parent\" data-id=\"a0adde3\" data-element_type=\"container\" data-e-type=\"container\">\n\t\t\t\t<div class=\"elementor-element elementor-element-8ce0e64 elementor-widget elementor-widget-image\" data-id=\"8ce0e64\" data-element_type=\"widget\" data-e-type=\"widget\" data-widget_type=\"image.default\">\n\t\t\t\t\t\t\t\t\t\t\t\t\t\t\t\t<a href=\"https:\/\/shop.fizzyvape.com\/product-category\/fizzy-max-iii-60000-puffs-disposable-vape\/\">\n\t\t\t\t\t\t\t<img loading=\"lazy\" decoding=\"async\" width=\"1168\" height=\"2560\" src=\"https:\/\/fizzyvape.com\/wp-content\/uploads\/2025\/06\/60K-VAPE-Flavors--scaled.webp\" class=\"attachment-full size-full wp-image-31281\" alt=\"60K VAPE Flavors\" srcset=\"https:\/\/fizzyvape.com\/wp-content\/uploads\/2025\/06\/60K-VAPE-Flavors--scaled.webp 1168w, https:\/\/fizzyvape.com\/wp-content\/uploads\/2025\/06\/60K-VAPE-Flavors--137x300.webp 137w, https:\/\/fizzyvape.com\/wp-content\/uploads\/2025\/06\/60K-VAPE-Flavors--467x1024.webp 467w, https:\/\/fizzyvape.com\/wp-content\/uploads\/2025\/06\/60K-VAPE-Flavors--768x1684.webp 768w, https:\/\/fizzyvape.com\/wp-content\/uploads\/2025\/06\/60K-VAPE-Flavors--701x1536.webp 701w, https:\/\/fizzyvape.com\/wp-content\/uploads\/2025\/06\/60K-VAPE-Flavors--934x2048.webp 934w, https:\/\/fizzyvape.com\/wp-content\/uploads\/2025\/06\/60K-VAPE-Flavors--600x1316.webp 600w, https:\/\/fizzyvape.com\/wp-content\/uploads\/2025\/06\/60K-VAPE-Flavors--scaled-150x329.webp 150w\" sizes=\"auto, (max-width: 1168px) 100vw, 1168px\" \/>\t\t\t\t\t\t\t\t<\/a>\n\t\t\t\t\t\t\t\t\t\t\t\t\t\t\t<\/div>\n\t\t\t\t<div class=\"elementor-element elementor-element-8caef54 elementor-widget__width-inherit elementor-widget elementor-widget-image\" data-id=\"8caef54\" data-element_type=\"widget\" data-e-type=\"widget\" data-widget_type=\"image.default\">\n\t\t\t\t\t\t\t\t\t\t\t\t\t\t\t\t<a href=\"https:\/\/shop.fizzyvape.com\/product-category\/fizzy-max-iii-60000-puffs-disposable-vape\/\">\n\t\t\t\t\t\t\t<img loading=\"lazy\" decoding=\"async\" width=\"1920\" height=\"1245\" src=\"https:\/\/fizzyvape.com\/wp-content\/uploads\/2025\/06\/60K-VAPE_01.webp\" class=\"attachment-full size-full wp-image-31294\" alt=\"60K VAPE_01\" srcset=\"https:\/\/fizzyvape.com\/wp-content\/uploads\/2025\/06\/60K-VAPE_01.webp 1920w, https:\/\/fizzyvape.com\/wp-content\/uploads\/2025\/06\/60K-VAPE_01-300x195.webp 300w, https:\/\/fizzyvape.com\/wp-content\/uploads\/2025\/06\/60K-VAPE_01-1024x664.webp 1024w, https:\/\/fizzyvape.com\/wp-content\/uploads\/2025\/06\/60K-VAPE_01-768x498.webp 768w, https:\/\/fizzyvape.com\/wp-content\/uploads\/2025\/06\/60K-VAPE_01-1536x996.webp 1536w, https:\/\/fizzyvape.com\/wp-content\/uploads\/2025\/06\/60K-VAPE_01-600x389.webp 600w, https:\/\/fizzyvape.com\/wp-content\/uploads\/2025\/06\/60K-VAPE_01-150x97.webp 150w\" sizes=\"auto, (max-width: 1920px) 100vw, 1920px\" \/>\t\t\t\t\t\t\t\t<\/a>\n\t\t\t\t\t\t\t\t\t\t\t\t\t\t\t<\/div>\n\t\t\t\t<div class=\"elementor-element elementor-element-8333442 elementor-widget__width-inherit elementor-widget elementor-widget-image\" data-id=\"8333442\" data-element_type=\"widget\" data-e-type=\"widget\" data-widget_type=\"image.default\">\n\t\t\t\t\t\t\t\t\t\t\t\t\t\t\t\t<a href=\"https:\/\/shop.fizzyvape.com\/product-category\/fizzy-max-iii-60000-puffs-disposable-vape\/\">\n\t\t\t\t\t\t\t<img loading=\"lazy\" decoding=\"async\" width=\"1920\" height=\"1867\" src=\"https:\/\/fizzyvape.com\/wp-content\/uploads\/2025\/06\/60K-VAPE_02.webp\" class=\"attachment-full size-full wp-image-31295\" alt=\"60K VAPE_02\" srcset=\"https:\/\/fizzyvape.com\/wp-content\/uploads\/2025\/06\/60K-VAPE_02.webp 1920w, https:\/\/fizzyvape.com\/wp-content\/uploads\/2025\/06\/60K-VAPE_02-300x292.webp 300w, https:\/\/fizzyvape.com\/wp-content\/uploads\/2025\/06\/60K-VAPE_02-1024x996.webp 1024w, https:\/\/fizzyvape.com\/wp-content\/uploads\/2025\/06\/60K-VAPE_02-768x747.webp 768w, https:\/\/fizzyvape.com\/wp-content\/uploads\/2025\/06\/60K-VAPE_02-1536x1494.webp 1536w, https:\/\/fizzyvape.com\/wp-content\/uploads\/2025\/06\/60K-VAPE_02-600x583.webp 600w, https:\/\/fizzyvape.com\/wp-content\/uploads\/2025\/06\/60K-VAPE_02-150x146.webp 150w\" sizes=\"auto, (max-width: 1920px) 100vw, 1920px\" \/>\t\t\t\t\t\t\t\t<\/a>\n\t\t\t\t\t\t\t\t\t\t\t\t\t\t\t<\/div>\n\t\t\t\t<div class=\"elementor-element elementor-element-79feffa elementor-widget__width-inherit elementor-widget elementor-widget-image\" data-id=\"79feffa\" data-element_type=\"widget\" data-e-type=\"widget\" data-widget_type=\"image.default\">\n\t\t\t\t\t\t\t\t\t\t\t\t\t\t\t<img loading=\"lazy\" decoding=\"async\" width=\"1920\" height=\"2239\" src=\"https:\/\/fizzyvape.com\/wp-content\/uploads\/2025\/06\/60K-VAPE_03.webp\" class=\"attachment-full size-full wp-image-31296\" alt=\"60K VAPE_03\" srcset=\"https:\/\/fizzyvape.com\/wp-content\/uploads\/2025\/06\/60K-VAPE_03.webp 1920w, https:\/\/fizzyvape.com\/wp-content\/uploads\/2025\/06\/60K-VAPE_03-257x300.webp 257w, https:\/\/fizzyvape.com\/wp-content\/uploads\/2025\/06\/60K-VAPE_03-878x1024.webp 878w, https:\/\/fizzyvape.com\/wp-content\/uploads\/2025\/06\/60K-VAPE_03-768x896.webp 768w, https:\/\/fizzyvape.com\/wp-content\/uploads\/2025\/06\/60K-VAPE_03-1317x1536.webp 1317w, https:\/\/fizzyvape.com\/wp-content\/uploads\/2025\/06\/60K-VAPE_03-1756x2048.webp 1756w, https:\/\/fizzyvape.com\/wp-content\/uploads\/2025\/06\/60K-VAPE_03-600x700.webp 600w, https:\/\/fizzyvape.com\/wp-content\/uploads\/2025\/06\/60K-VAPE_03-150x175.webp 150w\" sizes=\"auto, (max-width: 1920px) 100vw, 1920px\" \/>\t\t\t\t\t\t\t\t\t\t\t\t\t\t\t<\/div>\n\t\t\t\t<div class=\"elementor-element elementor-element-fd1a84f elementor-widget__width-inherit elementor-widget elementor-widget-image\" data-id=\"fd1a84f\" data-element_type=\"widget\" data-e-type=\"widget\" data-widget_type=\"image.default\">\n\t\t\t\t\t\t\t\t\t\t\t\t\t\t\t<img loading=\"lazy\" decoding=\"async\" width=\"1776\" height=\"2560\" src=\"https:\/\/fizzyvape.com\/wp-content\/uploads\/2025\/06\/60K-VAPE_04-scaled.webp\" class=\"attachment-full size-full wp-image-31297\" alt=\"60K VAPE_04\" srcset=\"https:\/\/fizzyvape.com\/wp-content\/uploads\/2025\/06\/60K-VAPE_04-scaled.webp 1776w, https:\/\/fizzyvape.com\/wp-content\/uploads\/2025\/06\/60K-VAPE_04-208x300.webp 208w, https:\/\/fizzyvape.com\/wp-content\/uploads\/2025\/06\/60K-VAPE_04-711x1024.webp 711w, https:\/\/fizzyvape.com\/wp-content\/uploads\/2025\/06\/60K-VAPE_04-768x1107.webp 768w, https:\/\/fizzyvape.com\/wp-content\/uploads\/2025\/06\/60K-VAPE_04-1066x1536.webp 1066w, https:\/\/fizzyvape.com\/wp-content\/uploads\/2025\/06\/60K-VAPE_04-1421x2048.webp 1421w, https:\/\/fizzyvape.com\/wp-content\/uploads\/2025\/06\/60K-VAPE_04-600x865.webp 600w, https:\/\/fizzyvape.com\/wp-content\/uploads\/2025\/06\/60K-VAPE_04-scaled-150x216.webp 150w\" sizes=\"auto, (max-width: 1776px) 100vw, 1776px\" \/>\t\t\t\t\t\t\t\t\t\t\t\t\t\t\t<\/div>\n\t\t\t\t<div class=\"elementor-element elementor-element-aa64a04 elementor-widget__width-inherit elementor-widget elementor-widget-image\" data-id=\"aa64a04\" data-element_type=\"widget\" data-e-type=\"widget\" data-widget_type=\"image.default\">\n\t\t\t\t\t\t\t\t\t\t\t\t\t\t\t<img loading=\"lazy\" decoding=\"async\" width=\"1897\" height=\"2560\" src=\"https:\/\/fizzyvape.com\/wp-content\/uploads\/2025\/06\/60K-VAPE_05-scaled.webp\" class=\"attachment-full size-full wp-image-31298\" alt=\"60K VAPE_05\" srcset=\"https:\/\/fizzyvape.com\/wp-content\/uploads\/2025\/06\/60K-VAPE_05-scaled.webp 1897w, https:\/\/fizzyvape.com\/wp-content\/uploads\/2025\/06\/60K-VAPE_05-222x300.webp 222w, https:\/\/fizzyvape.com\/wp-content\/uploads\/2025\/06\/60K-VAPE_05-759x1024.webp 759w, https:\/\/fizzyvape.com\/wp-content\/uploads\/2025\/06\/60K-VAPE_05-768x1036.webp 768w, https:\/\/fizzyvape.com\/wp-content\/uploads\/2025\/06\/60K-VAPE_05-1138x1536.webp 1138w, https:\/\/fizzyvape.com\/wp-content\/uploads\/2025\/06\/60K-VAPE_05-1518x2048.webp 1518w, https:\/\/fizzyvape.com\/wp-content\/uploads\/2025\/06\/60K-VAPE_05-600x810.webp 600w, https:\/\/fizzyvape.com\/wp-content\/uploads\/2025\/06\/60K-VAPE_05-scaled-150x202.webp 150w\" sizes=\"auto, (max-width: 1897px) 100vw, 1897px\" \/>\t\t\t\t\t\t\t\t\t\t\t\t\t\t\t<\/div>\n\t\t\t\t<\/div>\n\t\t\t\t<\/div>\n\t\t","protected":false},"excerpt":{"rendered":"[html_block id=\"29301\"]\n","protected":false},"featured_media":31306,"comment_status":"closed","ping_status":"closed","template":"","meta":{"_crdt_document":"","om_disable_all_campaigns":false,"_monsterinsights_skip_tracking":false,"_monsterinsights_sitenote_active":false,"_monsterinsights_sitenote_note":"","_monsterinsights_sitenote_category":0},"product_brand":[],"product_cat":[176,177],"product_tag":[],"class_list":{"0":"post-31280","1":"product","2":"type-product","3":"status-publish","4":"has-post-thumbnail","6":"product_cat-jednorazowe-vape","7":"product_cat-vape-wielokrotnego-ladowania","9":"first","10":"instock","11":"shipping-taxable","12":"product-type-simple"},"aioseo_notices":[],"_links":{"self":[{"href":"https:\/\/fizzyvape.com\/pl\/wp-json\/wp\/v2\/product\/31280","targetHints":{"allow":["GET"]}}],"collection":[{"href":"https:\/\/fizzyvape.com\/pl\/wp-json\/wp\/v2\/product"}],"about":[{"href":"https:\/\/fizzyvape.com\/pl\/wp-json\/wp\/v2\/types\/product"}],"replies":[{"embeddable":true,"href":"https:\/\/fizzyvape.com\/pl\/wp-json\/wp\/v2\/comments?post=31280"}],"version-history":[{"count":1,"href":"https:\/\/fizzyvape.com\/pl\/wp-json\/wp\/v2\/product\/31280\/revisions"}],"predecessor-version":[{"id":31318,"href":"https:\/\/fizzyvape.com\/pl\/wp-json\/wp\/v2\/product\/31280\/revisions\/31318"}],"wp:featuredmedia":[{"embeddable":true,"href":"https:\/\/fizzyvape.com\/pl\/wp-json\/wp\/v2\/media\/31306"}],"wp:attachment":[{"href":"https:\/\/fizzyvape.com\/pl\/wp-json\/wp\/v2\/media?parent=31280"}],"wp:term":[{"taxonomy":"product_brand","embeddable":true,"href":"https:\/\/fizzyvape.com\/pl\/wp-json\/wp\/v2\/product_brand?post=31280"},{"taxonomy":"product_cat","embeddable":true,"href":"https:\/\/fizzyvape.com\/pl\/wp-json\/wp\/v2\/product_cat?post=31280"},{"taxonomy":"product_tag","embeddable":true,"href":"https:\/\/fizzyvape.com\/pl\/wp-json\/wp\/v2\/product_tag?post=31280"}],"curies":[{"name":"wp","href":"https:\/\/api.w.org\/{rel}","templated":true}]}}