{"id":32659,"date":"2021-10-12T15:51:09","date_gmt":"2021-10-12T07:51:09","guid":{"rendered":"https:\/\/fizzyvape.com\/o-nas\/"},"modified":"2026-01-23T10:09:17","modified_gmt":"2026-01-23T02:09:17","slug":"o-nas","status":"publish","type":"page","link":"https:\/\/fizzyvape.com\/pl\/o-nas\/","title":{"rendered":"O nas"},"content":{"rendered":"\t\t<div data-elementor-type=\"wp-page\" data-elementor-id=\"32659\" class=\"elementor elementor-32659 elementor-4400\" data-elementor-post-type=\"page\">\n\t\t\t\t<div class=\"wd-negative-gap elementor-element elementor-element-7c7c544 e-flex e-con-boxed e-con e-parent\" data-id=\"7c7c544\" data-element_type=\"container\" data-e-type=\"container\">\n\t\t\t\t\t<div class=\"e-con-inner\">\n\t\t<div class=\"elementor-element elementor-element-e7cb5cd e-con-full e-flex e-con e-child\" data-id=\"e7cb5cd\" data-element_type=\"container\" data-e-type=\"container\">\n\t\t\t\t<div class=\"elementor-element elementor-element-56aec39 elementor-widget elementor-widget-wd_image_or_svg\" data-id=\"56aec39\" data-element_type=\"widget\" data-e-type=\"widget\" data-widget_type=\"wd_image_or_svg.default\">\n\t\t\t\t<div class=\"elementor-widget-container\">\n\t\t\t\t\t\n\t\t<div class=\"wd-image text-left\">\n\t\t\t\t\t\t\t\t<img loading=\"lazy\" decoding=\"async\" width=\"508\" height=\"580\" src=\"https:\/\/fizzyvape.com\/wp-content\/uploads\/2025\/12\/20251222110948.jpg\" class=\"attachment-full size-full\" alt=\"Fizzy Vape Factory\" srcset=\"https:\/\/fizzyvape.com\/wp-content\/uploads\/2025\/12\/20251222110948.jpg 508w, https:\/\/fizzyvape.com\/wp-content\/uploads\/2025\/12\/20251222110948-263x300.jpg 263w, https:\/\/fizzyvape.com\/wp-content\/uploads\/2025\/12\/20251222110948-430x491.jpg 430w, https:\/\/fizzyvape.com\/wp-content\/uploads\/2025\/12\/20251222110948-150x171.jpg 150w\" sizes=\"auto, (max-width: 508px) 100vw, 508px\" \/>\t\t\t\t\t<\/div>\n\n\t\t\t\t\t\t<\/div>\n\t\t\t\t<\/div>\n\t\t\t\t<\/div>\n\t\t<div class=\"elementor-element elementor-element-97d6084 e-con-full e-flex e-con e-child\" data-id=\"97d6084\" data-element_type=\"container\" data-e-type=\"container\">\n\t\t\t\t<div class=\"elementor-element elementor-element-98d830b wd-width-100 elementor-widget elementor-widget-wd_title\" data-id=\"98d830b\" data-element_type=\"widget\" data-e-type=\"widget\" data-widget_type=\"wd_title.default\">\n\t\t\t\t<div class=\"elementor-widget-container\">\n\t\t\t\t\t\t\t<div class=\"title-wrapper wd-set-mb reset-last-child wd-title-color-primary wd-title-style-default wd-title-size-large text-left\">\n\n\t\t\t\n\t\t\t<div class=\"liner-continer\">\n\t\t\t\t<h4 class=\"woodmart-title-container title wd-fontsize-xxl\">FizzyVape - na nowo definiuje przysz\u0142o\u015b\u0107 jednorazowego wapowania<\/h4> \n\t\t\t\t\t\t\t<\/div>\n\n\t\t\t\t\t<\/div>\n\t\t\t\t\t\t<\/div>\n\t\t\t\t<\/div>\n\t\t\t\t<div class=\"elementor-element elementor-element-66e47ad elementor-widget elementor-widget-wd_text_block\" data-id=\"66e47ad\" data-element_type=\"widget\" data-e-type=\"widget\" data-widget_type=\"wd_text_block.default\">\n\t\t\t\t<div class=\"elementor-widget-container\">\n\t\t\t\t\t\t\t<div class=\"wd-text-block reset-last-child text-left\">\n\t\t\t\n\t\t\t<p data-start=\"308\" data-end=\"639\">Za\u0142o\u017cona w <strong data-start=\"319\" data-end=\"327\">2013 roku<\/strong> firma <strong data-start=\"329\" data-end=\"343\">Fizzy Vape<\/strong> rozwin\u0119\u0142a si\u0119 z pe\u0142nego pasji startupu w jedn\u0105 z <strong data-start=\"396\" data-end=\"443\">najbardziej zaufanych marek jednorazowych waporyzator\u00f3w<\/strong> na <strong data-start=\"396\" data-end=\"443\">\u015bwiecie<\/strong>. Od samego pocz\u0105tku nasza misja by\u0142a jasna - dostarcza\u0107 <strong data-start=\"499\" data-end=\"524\">vape najwy\u017cszej jako\u015bci<\/strong>, kt\u00f3re \u0142\u0105cz\u0105 <strong data-start=\"538\" data-end=\"612\">wyj\u0105tkowy smak, najnowocze\u015bniejsz\u0105 technologi\u0119 i niezr\u00f3wnan\u0105 wygod\u0119<\/strong> dla doros\u0142ych u\u017cytkownik\u00f3w na ca\u0142ym \u015bwiecie. <\/p><p data-start=\"641\" data-end=\"934\">Dzi\u015b Fizzy Vape jest <strong data-start=\"664\" data-end=\"713\">\u015bwiatowym liderem w dziedzinie urz\u0105dze\u0144 jednorazowych o du\u017cej mocy<\/strong>, oferuj\u0105c zaawansowane produkty, takie jak <strong data-start=\"754\" data-end=\"784\">Fizzy Max III 60,000 Puffs<\/strong>, <strong data-start=\"786\" data-end=\"814\">Fizzy Twins 50,000 Puffs<\/strong> i <strong data-start=\"820\" data-end=\"852\">Fizzy Nova Plus 40,000 Puffs<\/strong> - ka\u017cdy z nich zosta\u0142 zaprojektowany z my\u015bl\u0105 o innowacyjno\u015bci, wydajno\u015bci i satysfakcji z ka\u017cdego zaci\u0105gni\u0119cia.<\/p>\n\t\t\t\t\t<\/div>\n\t\t\t\t\t\t<\/div>\n\t\t\t\t<\/div>\n\t\t<div class=\"elementor-element elementor-element-3eef7d8 e-con-full e-flex e-con e-child\" data-id=\"3eef7d8\" data-element_type=\"container\" data-e-type=\"container\">\n\t\t\t\t<div class=\"elementor-element elementor-element-92ee592 elementor-widget elementor-widget-button\" data-id=\"92ee592\" data-element_type=\"widget\" data-e-type=\"widget\" data-widget_type=\"button.default\">\n\t\t\t\t\t\t\t\t\t\t<a class=\"elementor-button elementor-button-link elementor-size-sm\" href=\"#\">\n\t\t\t\t\t\t<span class=\"elementor-button-content-wrapper\">\n\t\t\t\t\t\t\t\t\t<span class=\"elementor-button-text\">KONTAKT<\/span>\n\t\t\t\t\t<\/span>\n\t\t\t\t\t<\/a>\n\t\t\t\t\t\t\t\t<\/div>\n\t\t\t\t<div class=\"elementor-element elementor-element-ee232e9 elementor-widget__width-auto elementor-hidden-phone elementor-widget elementor-widget-wd_social_buttons\" data-id=\"ee232e9\" data-element_type=\"widget\" data-e-type=\"widget\" data-widget_type=\"wd_social_buttons.default\">\n\t\t\t\t<div class=\"elementor-widget-container\">\n\t\t\t\t\t\t\t\t<div\n\t\t\t\t\t\tclass=\" wd-social-icons wd-style-colored-alt wd-size-small social-share wd-shape-circle color-scheme-dark text-left\">\n\t\t\t\t\n\t\t\t\t\n\t\t\t\t\t\t\t\t\t<a rel=\"noopener noreferrer nofollow\" href=\"https:\/\/www.facebook.com\/sharer\/sharer.php?u=https:\/\/fizzyvape.com\/pl\/o-nas\/\" target=\"_blank\" class=\" wd-social-icon social-facebook\" aria-label=\"Facebook social link\">\n\t\t\t\t\t\t<span class=\"wd-icon\"><\/span>\n\t\t\t\t\t\t\t\t\t\t\t<\/a>\n\t\t\t\t\n\t\t\t\t\n\t\t\t\t\n\t\t\t\t\n\t\t\t\t\n\t\t\t\t\n\t\t\t\t\n\t\t\t\t\t\t\t\t\t<a rel=\"noopener noreferrer nofollow\" href=\"https:\/\/pinterest.com\/pin\/create\/button\/?url=https:\/\/fizzyvape.com\/pl\/o-nas\/&media=https:\/\/fizzyvape.com\/wp-includes\/images\/media\/default.svg&description=O+nas\" target=\"_blank\" class=\" wd-social-icon social-pinterest\" aria-label=\"Pinterest social link\">\n\t\t\t\t\t\t<span class=\"wd-icon\"><\/span>\n\t\t\t\t\t\t\t\t\t\t\t<\/a>\n\t\t\t\t\n\t\t\t\t\n\t\t\t\t\t\t\t\t\t<a rel=\"noopener noreferrer nofollow\" href=\"https:\/\/www.linkedin.com\/shareArticle?mini=true&url=https:\/\/fizzyvape.com\/pl\/o-nas\/\" target=\"_blank\" class=\" wd-social-icon social-linkedin\" aria-label=\"Linkedin social link\">\n\t\t\t\t\t\t<span class=\"wd-icon\"><\/span>\n\t\t\t\t\t\t\t\t\t\t\t<\/a>\n\t\t\t\t\n\t\t\t\t\n\t\t\t\t\n\t\t\t\t\n\t\t\t\t\n\t\t\t\t\n\t\t\t\t\n\t\t\t\t\n\t\t\t\t\n\t\t\t\t\n\t\t\t\t\n\t\t\t\t\n\t\t\t\t\n\t\t\t\t\n\t\t\t\t\n\t\t\t\t\t\t\t\t\t<a rel=\"noopener noreferrer nofollow\" href=\"https:\/\/telegram.me\/share\/url?url=https:\/\/fizzyvape.com\/pl\/o-nas\/\" target=\"_blank\" class=\" wd-social-icon social-tg\" aria-label=\"Telegram social link\">\n\t\t\t\t\t\t<span class=\"wd-icon\"><\/span>\n\t\t\t\t\t\t\t\t\t\t\t<\/a>\n\t\t\t\t\n\t\t\t\t\n\t\t\t<\/div>\n\n\t\t\t\t\t\t<\/div>\n\t\t\t\t<\/div>\n\t\t\t\t<\/div>\n\t\t\t\t<\/div>\n\t\t\t\t\t<\/div>\n\t\t\t\t<\/div>\n\t\t<div class=\"wd-negative-gap elementor-element elementor-element-4d041690 e-flex e-con-boxed e-con e-parent\" data-id=\"4d041690\" data-element_type=\"container\" data-e-type=\"container\" data-settings=\"{&quot;background_background&quot;:&quot;gradient&quot;}\">\n\t\t\t\t\t<div class=\"e-con-inner\">\n\t\t<div class=\"elementor-element elementor-element-efd4cc6 e-con-full e-flex e-con e-child\" data-id=\"efd4cc6\" data-element_type=\"container\" data-e-type=\"container\">\n\t\t<div class=\"wd-negative-gap elementor-element elementor-element-777d29f0 e-flex e-con-boxed e-con e-child\" data-id=\"777d29f0\" data-element_type=\"container\" data-e-type=\"container\">\n\t\t\t\t\t<div class=\"e-con-inner\">\n\t\t<div class=\"elementor-element elementor-element-2b8f4db2 e-con-full e-flex e-con e-child\" data-id=\"2b8f4db2\" data-element_type=\"container\" data-e-type=\"container\">\n\t\t\t\t<div class=\"elementor-element elementor-element-3d3bf0c1 elementor-vertical-align-top elementor-widget elementor-widget-image-box\" data-id=\"3d3bf0c1\" data-element_type=\"widget\" data-e-type=\"widget\" data-widget_type=\"image-box.default\">\n\t\t\t\t\t<div class=\"elementor-image-box-wrapper\"><div class=\"elementor-image-box-content\"><h4 class=\"elementor-image-box-title\">Nasza wizja<\/h4><p class=\"elementor-image-box-description\">Aby na nowo zdefiniowa\u0107 doznania zwi\u0105zane z wapowaniem na ca\u0142ym \u015bwiecie poprzez innowacje, jako\u015b\u0107 i zr\u00f3wnowa\u017cony rozw\u00f3j - sprawiaj\u0105c, \u017ce ka\u017cde zaci\u0105gni\u0119cie si\u0119 jest inteligentniejsze, bezpieczniejsze i przyjemniejsze.<\/p><\/div><\/div>\t\t\t\t<\/div>\n\t\t\t\t<\/div>\n\t\t<div class=\"elementor-element elementor-element-6bb39963 e-con-full e-flex e-con e-child\" data-id=\"6bb39963\" data-element_type=\"container\" data-e-type=\"container\">\n\t\t\t\t<div class=\"elementor-element elementor-element-6a40573 elementor-vertical-align-top elementor-widget elementor-widget-image-box\" data-id=\"6a40573\" data-element_type=\"widget\" data-e-type=\"widget\" data-widget_type=\"image-box.default\">\n\t\t\t\t\t<div class=\"elementor-image-box-wrapper\"><div class=\"elementor-image-box-content\"><h4 class=\"elementor-image-box-title\">Nasza misja<\/h4><p class=\"elementor-image-box-description\">Aby dostarcza\u0107 najwy\u017cszej jako\u015bci jednorazowe waporyzatory z najnowocze\u015bniejsz\u0105 technologi\u0105, autentycznymi smakami i niezawodn\u0105 wydajno\u015bci\u0105, zapewniaj\u0105c satysfakcj\u0119 ka\u017cdemu klientowi i partnerowi, kt\u00f3remu s\u0142u\u017cymy.<\/p><\/div><\/div>\t\t\t\t<\/div>\n\t\t\t\t<\/div>\n\t\t<div class=\"elementor-element elementor-element-5ffc4c8a e-con-full e-flex e-con e-child\" data-id=\"5ffc4c8a\" data-element_type=\"container\" data-e-type=\"container\">\n\t\t\t\t<div class=\"elementor-element elementor-element-19127a41 elementor-vertical-align-top elementor-widget elementor-widget-image-box\" data-id=\"19127a41\" data-element_type=\"widget\" data-e-type=\"widget\" data-widget_type=\"image-box.default\">\n\t\t\t\t\t<div class=\"elementor-image-box-wrapper\"><div class=\"elementor-image-box-content\"><h4 class=\"elementor-image-box-title\">Podstawowe warto\u015bci<\/h4><p class=\"elementor-image-box-description\">Autentyczno\u015b\u0107. Innowacyjno\u015b\u0107. Odpowiedzialno\u015b\u0107.<br>Stoimy na stra\u017cy integralno\u015bci naszej marki, rozwijamy si\u0119 poprzez innowacje i wspieramy odpowiedzialn\u0105 kultur\u0119 waporyzacji opart\u0105 na zaufaniu i przejrzysto\u015bci.  <\/p><\/div><\/div>\t\t\t\t<\/div>\n\t\t\t\t<\/div>\n\t\t\t\t\t<\/div>\n\t\t\t\t<\/div>\n\t\t\t\t<\/div>\n\t\t\t\t\t<\/div>\n\t\t\t\t<\/div>\n\t\t<div class=\"wd-negative-gap elementor-element elementor-element-a30ca60 wd-section-stretch e-flex e-con-boxed e-con e-parent\" data-id=\"a30ca60\" data-element_type=\"container\" data-e-type=\"container\" data-settings=\"{&quot;background_background&quot;:&quot;classic&quot;}\">\n\t\t\t\t\t<div class=\"e-con-inner\">\n\t\t<div class=\"elementor-element elementor-element-a00e7d0 color-scheme-light e-con-full e-flex e-con e-child\" data-id=\"a00e7d0\" data-element_type=\"container\" data-e-type=\"container\">\n\t\t\t\t<div class=\"elementor-element elementor-element-4ec64e9 wd-width-100 elementor-widget elementor-widget-wd_title\" data-id=\"4ec64e9\" data-element_type=\"widget\" data-e-type=\"widget\" data-widget_type=\"wd_title.default\">\n\t\t\t\t<div class=\"elementor-widget-container\">\n\t\t\t\t\t\t\t<div class=\"title-wrapper wd-set-mb reset-last-child wd-title-color-primary wd-title-style-default wd-title-size-large text-left\">\n\n\t\t\t\n\t\t\t<div class=\"liner-continer\">\n\t\t\t\t<h4 class=\"woodmart-title-container title wd-fontsize-xxl\">Co sprawia, \u017ce Fizzy jest wysokiej jako\u015bci producentem jednorazowych Vape?<\/h4> \n\t\t\t\t\t\t\t<\/div>\n\n\t\t\t\t\t\t\t<div class=\"title-after_title reset-last-child wd-fontsize-s\">\n\t\t\t\t\t<p>Rozbijmy to na kilka kluczowych liczb.<\/p>\t\t\t\t<\/div>\n\t\t\t\t\t<\/div>\n\t\t\t\t\t\t<\/div>\n\t\t\t\t<\/div>\n\t\t\t\t<div class=\"elementor-element elementor-element-2186639 elementor-widget elementor-widget-wd_button\" data-id=\"2186639\" data-element_type=\"widget\" data-e-type=\"widget\" data-widget_type=\"wd_button.default\">\n\t\t\t\t<div class=\"elementor-widget-container\">\n\t\t\t\t\t\t\t<div class=\"wd-button-wrapper text-left\" >\n\t\t\t<a class=\"btn btn-style-link btn-shape- btn-size-default btn-color-white btn-icon-pos-right\"  href=\"https:\/\/fizzyvape.com\/pl\/skontaktuj-sie-z-nami\/\">\n\t\t\t\t<span class=\"wd-btn-text\" data-elementor-setting-key=\"text\">\n\t\t\t\t\tKONTAKT\t\t\t\t<\/span>\n\n\t\t\t\t\t\t\t<\/a>\n\t\t<\/div>\n\t\t\t\t\t\t<\/div>\n\t\t\t\t<\/div>\n\t\t\t\t<\/div>\n\t\t<div class=\"elementor-element elementor-element-0ea1cec e-con-full e-flex e-con e-child\" data-id=\"0ea1cec\" data-element_type=\"container\" data-e-type=\"container\">\n\t\t<div class=\"elementor-element elementor-element-8d08034 e-con-full e-flex e-con e-child\" data-id=\"8d08034\" data-element_type=\"container\" data-e-type=\"container\">\n\t\t<div class=\"elementor-element elementor-element-7f1bbdf e-con-full e-flex e-con e-child\" data-id=\"7f1bbdf\" data-element_type=\"container\" data-e-type=\"container\">\n\t\t\t\t<div class=\"elementor-element elementor-element-9bcb52d elementor-widget elementor-widget-wd_counter\" data-id=\"9bcb52d\" data-element_type=\"widget\" data-e-type=\"widget\" data-widget_type=\"wd_counter.default\">\n\t\t\t\t<div class=\"elementor-widget-container\">\n\t\t\t\t\t\t\t<div class=\"woodmart-counter counter-large text-center color-scheme-light\">\n\t\t\t<div class=\"counter-value\" data-state=\"new\" data-final=\"2013\">\n\t\t\t\t0\t\t\t<\/div>\n\n\t\t\t\t\t\t\t<div class=\"counter-label\">\n\t\t\t\t\tROK ZA\u0141O\u017bENIA\t\t\t\t<\/div>\n\t\t\t\t\t<\/div>\n\t\t\t\t\t\t<\/div>\n\t\t\t\t<\/div>\n\t\t\t\t<\/div>\n\t\t<div class=\"elementor-element elementor-element-8e130ad e-con-full e-flex e-con e-child\" data-id=\"8e130ad\" data-element_type=\"container\" data-e-type=\"container\">\n\t\t\t\t<div class=\"elementor-element elementor-element-8b99033 elementor-widget elementor-widget-wd_counter\" data-id=\"8b99033\" data-element_type=\"widget\" data-e-type=\"widget\" data-widget_type=\"wd_counter.default\">\n\t\t\t\t<div class=\"elementor-widget-container\">\n\t\t\t\t\t\t\t<div class=\"woodmart-counter counter-large text-center color-scheme-light\">\n\t\t\t<div class=\"counter-value\" data-state=\"new\" data-final=\"20000\">\n\t\t\t\t0\t\t\t<\/div>\n\n\t\t\t\t\t\t\t<div class=\"counter-label\">\n\t\t\t\t\tROZMIAR FABRYKI (m\u00b2)\t\t\t\t<\/div>\n\t\t\t\t\t<\/div>\n\t\t\t\t\t\t<\/div>\n\t\t\t\t<\/div>\n\t\t\t\t<\/div>\n\t\t\t\t<\/div>\n\t\t<div class=\"elementor-element elementor-element-4f83ee9 e-con-full e-flex e-con e-child\" data-id=\"4f83ee9\" data-element_type=\"container\" data-e-type=\"container\">\n\t\t<div class=\"elementor-element elementor-element-077feb8 e-con-full e-flex e-con e-child\" data-id=\"077feb8\" data-element_type=\"container\" data-e-type=\"container\">\n\t\t\t\t<div class=\"elementor-element elementor-element-31d6c6f elementor-widget elementor-widget-wd_counter\" data-id=\"31d6c6f\" data-element_type=\"widget\" data-e-type=\"widget\" data-widget_type=\"wd_counter.default\">\n\t\t\t\t<div class=\"elementor-widget-container\">\n\t\t\t\t\t\t\t<div class=\"woodmart-counter counter-large text-center color-scheme-light\">\n\t\t\t<div class=\"counter-value\" data-state=\"new\" data-final=\"50\">\n\t\t\t\t0\t\t\t<\/div>\n\n\t\t\t\t\t\t\t<div class=\"counter-label\">\n\t\t\t\t\tKRAJE PARTNERSKIE\t\t\t\t<\/div>\n\t\t\t\t\t<\/div>\n\t\t\t\t\t\t<\/div>\n\t\t\t\t<\/div>\n\t\t\t\t<\/div>\n\t\t<div class=\"elementor-element elementor-element-165f264 e-con-full e-flex e-con e-child\" data-id=\"165f264\" data-element_type=\"container\" data-e-type=\"container\">\n\t\t\t\t<div class=\"elementor-element elementor-element-59603cf elementor-widget elementor-widget-wd_counter\" data-id=\"59603cf\" data-element_type=\"widget\" data-e-type=\"widget\" data-widget_type=\"wd_counter.default\">\n\t\t\t\t<div class=\"elementor-widget-container\">\n\t\t\t\t\t\t\t<div class=\"woodmart-counter counter-large text-center color-scheme-light\">\n\t\t\t<div class=\"counter-value\" data-state=\"new\" data-final=\"40\">\n\t\t\t\t0\t\t\t<\/div>\n\n\t\t\t\t\t\t\t<div class=\"counter-label\">\n\t\t\t\t\tAROMATY\t\t\t\t<\/div>\n\t\t\t\t\t<\/div>\n\t\t\t\t\t\t<\/div>\n\t\t\t\t<\/div>\n\t\t\t\t<\/div>\n\t\t\t\t<\/div>\n\t\t<div class=\"elementor-element elementor-element-5477283 e-con-full e-flex e-con e-child\" data-id=\"5477283\" data-element_type=\"container\" data-e-type=\"container\">\n\t\t<div class=\"elementor-element elementor-element-5849b8a e-con-full e-flex e-con e-child\" data-id=\"5849b8a\" data-element_type=\"container\" data-e-type=\"container\">\n\t\t\t\t<div class=\"elementor-element elementor-element-03a40ee elementor-widget elementor-widget-counter\" data-id=\"03a40ee\" data-element_type=\"widget\" data-e-type=\"widget\" data-widget_type=\"counter.default\">\n\t\t\t\t\t\t\t<div class=\"elementor-counter\">\n\t\t\t<div class=\"elementor-counter-title\">MIESI\u0118CZNA PRODUKCJA<\/div>\t\t\t<div class=\"elementor-counter-number-wrapper\">\n\t\t\t\t<span class=\"elementor-counter-number-prefix\"><\/span>\n\t\t\t\t<span class=\"elementor-counter-number\" data-duration=\"2000\" data-to-value=\"200\" data-from-value=\"0\" data-delimiter=\",\">0<\/span>\n\t\t\t\t<span class=\"elementor-counter-number-suffix\">w+<\/span>\n\t\t\t<\/div>\n\t\t<\/div>\n\t\t\t\t\t\t<\/div>\n\t\t\t\t<\/div>\n\t\t<div class=\"elementor-element elementor-element-6c73e75 e-con-full e-flex e-con e-child\" data-id=\"6c73e75\" data-element_type=\"container\" data-e-type=\"container\">\n\t\t\t\t<div class=\"elementor-element elementor-element-9dd2a50 elementor-widget elementor-widget-counter\" data-id=\"9dd2a50\" data-element_type=\"widget\" data-e-type=\"widget\" data-widget_type=\"counter.default\">\n\t\t\t\t\t\t\t<div class=\"elementor-counter\">\n\t\t\t<div class=\"elementor-counter-title\">SZCZ\u0118\u015aLIWI KLIENCI<\/div>\t\t\t<div class=\"elementor-counter-number-wrapper\">\n\t\t\t\t<span class=\"elementor-counter-number-prefix\"><\/span>\n\t\t\t\t<span class=\"elementor-counter-number\" data-duration=\"2000\" data-to-value=\"400\" data-from-value=\"0\" data-delimiter=\",\">0<\/span>\n\t\t\t\t<span class=\"elementor-counter-number-suffix\">w+<\/span>\n\t\t\t<\/div>\n\t\t<\/div>\n\t\t\t\t\t\t<\/div>\n\t\t\t\t<\/div>\n\t\t\t\t<\/div>\n\t\t\t\t<\/div>\n\t\t\t\t\t<\/div>\n\t\t\t\t<\/div>\n\t\t\t\t<\/div>\n\t\t","protected":false},"excerpt":{"rendered":"<p>FizzyVape &#8211; na nowo definiuje przysz\u0142o\u015b\u0107 jednorazowego wapowania Za\u0142o\u017cona w 2013 roku firma Fizzy Vape rozwin\u0119\u0142a si\u0119 z pe\u0142nego pasji<\/p>\n","protected":false},"author":2,"featured_media":0,"parent":0,"menu_order":0,"comment_status":"closed","ping_status":"closed","template":"","meta":{"_crdt_document":"","om_disable_all_campaigns":false,"_monsterinsights_skip_tracking":false,"_monsterinsights_sitenote_active":false,"_monsterinsights_sitenote_note":"","_monsterinsights_sitenote_category":0,"footnotes":""},"class_list":["post-32659","page","type-page","status-publish","hentry"],"aioseo_notices":[],"_links":{"self":[{"href":"https:\/\/fizzyvape.com\/pl\/wp-json\/wp\/v2\/pages\/32659","targetHints":{"allow":["GET"]}}],"collection":[{"href":"https:\/\/fizzyvape.com\/pl\/wp-json\/wp\/v2\/pages"}],"about":[{"href":"https:\/\/fizzyvape.com\/pl\/wp-json\/wp\/v2\/types\/page"}],"author":[{"embeddable":true,"href":"https:\/\/fizzyvape.com\/pl\/wp-json\/wp\/v2\/users\/2"}],"replies":[{"embeddable":true,"href":"https:\/\/fizzyvape.com\/pl\/wp-json\/wp\/v2\/comments?post=32659"}],"version-history":[{"count":1,"href":"https:\/\/fizzyvape.com\/pl\/wp-json\/wp\/v2\/pages\/32659\/revisions"}],"predecessor-version":[{"id":32661,"href":"https:\/\/fizzyvape.com\/pl\/wp-json\/wp\/v2\/pages\/32659\/revisions\/32661"}],"wp:attachment":[{"href":"https:\/\/fizzyvape.com\/pl\/wp-json\/wp\/v2\/media?parent=32659"}],"curies":[{"name":"wp","href":"https:\/\/api.w.org\/{rel}","templated":true}]}}