{"id":31265,"date":"2025-12-29T15:05:45","date_gmt":"2025-12-29T07:05:45","guid":{"rendered":"https:\/\/fizzyvape.com\/product\/150k-bigne-15-in-1\/"},"modified":"2026-01-21T15:25:32","modified_gmt":"2026-01-21T07:25:32","slug":"150k-bigne-15-in-1","status":"publish","type":"product","link":"https:\/\/fizzyvape.com\/it\/product\/150k-bigne-15-in-1\/","title":{"rendered":"150K Bign\u00e8 15 in 1"},"content":{"rendered":"\t\t<div data-elementor-type=\"product-post\" data-elementor-id=\"31265\" class=\"elementor elementor-31265 elementor-29818\" data-elementor-post-type=\"product\">\n\t\t\t\t<div class=\"wd-negative-gap elementor-element elementor-element-47bfc5e e-flex e-con-boxed e-con e-parent\" data-id=\"47bfc5e\" data-element_type=\"container\" data-e-type=\"container\">\n\t\t\t\t\t<div class=\"e-con-inner\">\n\t\t\t\t<div class=\"elementor-element elementor-element-3b6e603 color-scheme-inherit text-left elementor-widget elementor-widget-text-editor\" data-id=\"3b6e603\" data-element_type=\"widget\" data-e-type=\"widget\" data-widget_type=\"text-editor.default\">\n\t\t\t\t\t\t\t\t\t<h1>Fizzy 150K 150000 Puffs usa e getta: L&#8217;ultima ammiraglia intelligente 15 in 1<\/h1><p><b>Fizzy 150K 150000 Puff<\/b> non \u00e8 solo un dispositivo ad alta capacit\u00e0: \u00e8 una rivoluzione tecnologica nel settore del vaping usa e getta. Come ammiraglia di Fizzy, combina un <b>numero di 150.000 puff<\/b> senza precedenti con un <b>sistema<\/b> brevettato <b>multi-sapore<\/b> e un <b>monitoraggio intelligente<\/b>, stabilendo un nuovo standard di prestazioni e valore. <\/p><h2>\ud83d\ude80 Caratteristiche principali del prodotto<\/h2><h4><b>1. Resistenza e capacit\u00e0 senza pari<\/b><\/h4><p>Progettata per una soddisfazione a lungo termine, la Fizzy 150K \u00e8 la svapata &#8220;maratona&#8221; definitiva.<\/p><ul><li><p><b>Leader nel settore, 150.000 soffi:<\/b> Una durata enorme che supera decine di prodotti usa e getta standard.<\/p><\/li><li><p><b>Serbatoio ultra-grande da 80 ml:<\/b> Pre-riempito con l&#8217;e-liquid Fizzy premium per un utilizzo non-stop.<\/p><\/li><li><p><b>Batteria dinamica da 1000mAh:<\/b> Una batteria ricaricabile ad alta capacit\u00e0 garantisce al dispositivo prestazioni ottimali fino all&#8217;ultima goccia.<\/p><\/li><li><p><b>Soluzione efficiente dal punto di vista dei costi:<\/b> Riduce drasticamente il costo per boccata per i consumatori e la frequenza di sostituzione per i rivenditori.<\/p><\/li><\/ul><h4><b>2. Innovazione brevettata del gusto 15 in 1<\/b><\/h4><p>Prova la totale libert\u00e0 dei sapori. La Fizzy 150K \u00e8 dotata di un&#8217;esclusiva architettura a quattro serbatoi che ti permette di cambiare gusto all&#8217;istante. <\/p><ul><li><p><b>4 canali di liquido elettronico indipendenti:<\/b> Quattro serbatoi separati da 20 ml (A, B, C e D) garantiscono l&#8217;assenza di miscelazione dei sapori.<\/p><\/li><li><p><b>15 combinazioni di sapori:<\/b> Usa il pulsante fisico per scegliere tra 4 aromi di base o sbloccare 11 miscele ibride.<\/p><\/li><li><p><b>Integrit\u00e0 del gusto puro:<\/b> L&#8217;avanzata tecnologia di isolamento mantiene ogni profilo di sapore nitido e distinto.<\/p><\/li><\/ul><h4><b>3. Sistema di visualizzazione intelligente<\/b><\/h4><p>Trasparenza totale a portata di mano. Lo schermo HD integrato fornisce dati in tempo reale per un&#8217;esperienza senza preoccupazioni. <\/p><ul><li><p><b>Monitoraggio della percentuale di batteria:<\/b> Sappi esattamente quando ricaricare la batteria grazie alla porta Type-C.<\/p><\/li><li><p><b>Tracciamento del liquido elettronico a quattro serbatoi:<\/b> Indicatori di livello individuali per tutti e quattro i canali di e-liquid.<\/p><\/li><li><p><b>Feedback della modalit\u00e0 attiva:<\/b> Visualizza chiaramente quale canale o combinazione di sapori \u00e8 attualmente attivo.<\/p><\/li><\/ul><h4><b>4. Rivoluzionaria tecnologia Quad Mesh<\/b><\/h4><p>La potenza incontra la precisione. Il sistema di riscaldamento interno \u00e8 progettato per gestire l&#8217;enorme volume di e-liquid mantenendo l&#8217;intensit\u00e0 del sapore. <\/p><ul><li><p><b>Architettura a 4 maglie:<\/b> Quattro bobine a rete sincronizzate garantiscono un riscaldamento istantaneo e uniforme.<\/p><\/li><li><p><b>Resistenza di precisione 4*1.0\u03a9:<\/b> Ottimizzata per un perfetto equilibrio tra vapore denso e colpo in gola.<\/p><\/li><li><p><b>Produzione di aroma costante:<\/b> La tecnologia proprietaria evita i colpi bruciati, anche quando ti avvicini alla 150.000esima boccata.<\/p><\/li><\/ul>\t\t\t\t\t\t\t\t<\/div>\n\t\t\t\t\t<\/div>\n\t\t\t\t<\/div>\n\t\t<div class=\"wd-negative-gap elementor-element elementor-element-da2825a e-flex e-con-boxed e-con e-parent\" data-id=\"da2825a\" data-element_type=\"container\" data-e-type=\"container\">\n\t\t\t\t\t<div class=\"e-con-inner\">\n\t\t\t\t<div class=\"elementor-element elementor-element-74d2315 color-scheme-inherit text-left elementor-widget elementor-widget-text-editor\" data-id=\"74d2315\" data-element_type=\"widget\" data-e-type=\"widget\" data-widget_type=\"text-editor.default\">\n\t\t\t\t\t\t\t\t\t<h2><strong>Lista degli aromi di svapo<\/strong> ricaricabili Fizzy 15-in-1 150K Puffs <strong>:<\/strong><\/h2><ol><li>ghiaccio all&#8217;anguria &amp; red bull &amp; lampone alla fragola &amp; triplo ghiaccio al melone<\/li><li>fragola ghiacciata &amp; kiwi frutto della passione guava &amp; pesca mango anguria &amp; uva burst<\/li><li>red bull &amp; kiwi alla fragola melograno &amp; mirtillo ghiaccio &amp; ananas cocco<\/li><li>kiwi alla fragola &amp; frutti di bosco misti &amp; anguria bubblegum &amp; pesca succosa<\/li><li>Mirtillo, lampone, fragola e ghiaccio, limonata blu razz e orsetto gommoso all&#8217;anguria<\/li><li>punch di frutta tropicale e anguria lampone e mirtillo cocco e fragola skittles<\/li><li>amore 66 e fragola kiwi e anguria mirtillo e lampone limonata<\/li><li>frutti di bosco misti &amp; ananas pesca frutto della passione &amp; cola frizzante &amp; lampone fragola<\/li><li>blu razz rapsberry &amp; anguria ciliegia ice &amp; fragola uva &amp;passion fruit arancia pesca<\/li><li>ciliegia frizzante &amp; fragola frutto del drago &amp; limone lime &amp; anguria mirtillo<\/li><li>Coca alla fragola e vaniglia, lampone e anguria, ghiaccio e ciliegia.<\/li><li>ghiaccio al mirtillo &amp; anguria alla fragola &amp; mojito &amp; kiwi frutto della passione guava<\/li><\/ol>\t\t\t\t\t\t\t\t<\/div>\n\t\t\t\t<div class=\"elementor-element elementor-element-d4fbf27 color-scheme-inherit text-left elementor-widget elementor-widget-text-editor\" data-id=\"d4fbf27\" data-element_type=\"widget\" data-e-type=\"widget\" data-widget_type=\"text-editor.default\">\n\t\t\t\t\t\t\t\t\t<h2><strong>Perch\u00e9 scegliere i Puff frizzanti 150K?<\/strong><\/h2><ul><li><p>Soluzione monouso ad altissimo contenuto di puff<\/p><\/li><li><p>Innovazione multi-sapore 15 in 1<\/p><\/li><li><p>Schermo intelligente con dati in tempo reale<\/p><\/li><li><p>Ricaricabile, design eco-consapevole<\/p><\/li><li><p>Ideale per i <strong>rivenditori all&#8217;ingrosso, i distributori e i negozi di vape<\/strong><\/p><\/li><\/ul><p>Come marchio di fiducia con anni di esperienza nel settore, <strong>Fizzy continua a spingersi oltre i confini della tecnologia del vape usa e getta<\/strong>.<\/p>\t\t\t\t\t\t\t\t<\/div>\n\t\t\t\t\t<\/div>\n\t\t\t\t<\/div>\n\t\t<div class=\"wd-negative-gap elementor-element elementor-element-258c428 e-flex e-con-boxed e-con e-parent\" data-id=\"258c428\" data-element_type=\"container\" data-e-type=\"container\">\n\t\t\t\t\t<div class=\"e-con-inner\">\n\t\t\t\t<div class=\"elementor-element elementor-element-461b777 color-scheme-inherit text-left elementor-widget elementor-widget-text-editor\" data-id=\"461b777\" data-element_type=\"widget\" data-e-type=\"widget\" data-widget_type=\"text-editor.default\">\n\t\t\t\t\t\t\t\t\t<h2>FAQ &#8211; Vape monouso Fizzy 150K Puffs<\/h2><p><strong>Come funziona il sistema di aromi 15 in 1?<\/strong><\/p><p>Il dispositivo contiene quattro canali di aromi separati (A, B, C, D). Selezionando diverse combinazioni attraverso i pulsanti di controllo, gli utenti possono accedere a <strong>15 modalit\u00e0 di aroma uniche<\/strong>. <\/p><p><strong>Posso controllare il livello di e-liquid per ogni aroma?<\/strong><\/p><p>S\u00ec. Il display intelligente mostra i <strong>livelli di e-liquid individuali per ogni canale di aroma<\/strong>, consentendo un monitoraggio preciso. <\/p><p><strong>Il Fizzy 150K \u00e8 ricaricabile?<\/strong><\/p><p>S\u00ec. \u00c8 dotato di una <strong>batteria ricaricabile da 1000 mAh<\/strong> con <strong>ricarica Type-C<\/strong> per un rifornimento di energia rapido ed efficiente. <\/p><p><strong>Cambiare aroma influisce sulla qualit\u00e0 del vapore?<\/strong><\/p><p>Il sistema di bobine a quadrupla maglia \u00e8 progettato per mantenere una <strong>qualit\u00e0 di vapore e di aroma costante<\/strong>, anche quando si passa da una combinazione di aromi all&#8217;altra. <\/p><p><strong>Questo prodotto \u00e8 adatto alla distribuzione all&#8217;ingrosso?<\/strong><\/p><p>S\u00ec. La Fizzy 150K \u00e8 ideale per i <strong>grossisti, i distributori e i rivenditori di prodotti da svapo<\/strong> che cercano soluzioni di svapo monouso innovative e ad alta capacit\u00e0. <\/p><p><strong>Cosa rende questo dispositivo diverso dai normali vapers usa e getta?<\/strong><\/p><p>A differenza dei normali dispositivi usa e getta, questo dispositivo combina la <strong>selezione di pi\u00f9 sapori, la visualizzazione in tempo reale, il conteggio dei puff ultra-elevato e la funzionalit\u00e0 ricaricabile<\/strong> in un unico prodotto.<\/p>\t\t\t\t\t\t\t\t<\/div>\n\t\t\t\t\t<\/div>\n\t\t\t\t<\/div>\n\t\t<div class=\"wd-negative-gap elementor-element elementor-element-d8c54b9 e-flex e-con-boxed e-con e-parent\" data-id=\"d8c54b9\" data-element_type=\"container\" data-e-type=\"container\">\n\t\t\t\t\t<div class=\"e-con-inner\">\n\t\t\t\t<div class=\"elementor-element elementor-element-9630d8a elementor-widget elementor-widget-shortcode\" data-id=\"9630d8a\" data-element_type=\"widget\" data-e-type=\"widget\" data-widget_type=\"shortcode.default\">\n\t\t\t\t\t\t\t<div class=\"elementor-shortcode\">\t\t\t<link rel=\"stylesheet\" id=\"elementor-post-30351-css\" href=\"https:\/\/fizzyvape.com\/wp-content\/uploads\/elementor\/css\/post-30351.css?ver=1777063452\" type=\"text\/css\" media=\"all\">\n\t\t\t\t\t<div data-elementor-type=\"wp-post\" data-elementor-id=\"30351\" class=\"elementor elementor-30351\" data-elementor-post-type=\"cms_block\">\n\t\t\t\t<div class=\"elementor-element elementor-element-b1bf99a e-con-full wd-section-stretch e-flex e-con e-parent\" data-id=\"b1bf99a\" data-element_type=\"container\" data-e-type=\"container\">\n\t\t\t\t<div class=\"elementor-element elementor-element-4bcebb7 elementor-widget elementor-widget-wd_image_or_svg\" data-id=\"4bcebb7\" data-element_type=\"widget\" data-e-type=\"widget\" data-widget_type=\"wd_image_or_svg.default\">\n\t\t\t\t<div class=\"elementor-widget-container\">\n\t\t\t\t\t\n\t\t<div class=\"wd-image text-left\">\n\t\t\t\t\t\t\t\t<img loading=\"lazy\" decoding=\"async\" width=\"1920\" height=\"915\" src=\"https:\/\/fizzyvape.com\/wp-content\/uploads\/2025\/12\/Fizzy-150K-Puffs-Disposable-Vape-0.jpg\" class=\"attachment-full size-full\" alt=\"Fizzy 150K Puffs Disposable Vape - 0\" srcset=\"https:\/\/fizzyvape.com\/wp-content\/uploads\/2025\/12\/Fizzy-150K-Puffs-Disposable-Vape-0.jpg 1920w, https:\/\/fizzyvape.com\/wp-content\/uploads\/2025\/12\/Fizzy-150K-Puffs-Disposable-Vape-0-400x191.jpg 400w, https:\/\/fizzyvape.com\/wp-content\/uploads\/2025\/12\/Fizzy-150K-Puffs-Disposable-Vape-0-1300x620.jpg 1300w, https:\/\/fizzyvape.com\/wp-content\/uploads\/2025\/12\/Fizzy-150K-Puffs-Disposable-Vape-0-768x366.jpg 768w, https:\/\/fizzyvape.com\/wp-content\/uploads\/2025\/12\/Fizzy-150K-Puffs-Disposable-Vape-0-1536x732.jpg 1536w, https:\/\/fizzyvape.com\/wp-content\/uploads\/2025\/12\/Fizzy-150K-Puffs-Disposable-Vape-0-430x205.jpg 430w, https:\/\/fizzyvape.com\/wp-content\/uploads\/2025\/12\/Fizzy-150K-Puffs-Disposable-Vape-0-700x334.jpg 700w, https:\/\/fizzyvape.com\/wp-content\/uploads\/2025\/12\/Fizzy-150K-Puffs-Disposable-Vape-0-150x71.jpg 150w\" sizes=\"auto, (max-width: 1920px) 100vw, 1920px\" \/>\t\t\t\t\t<\/div>\n\n\t\t\t\t\t\t<\/div>\n\t\t\t\t<\/div>\n\t\t\t\t<div class=\"elementor-element elementor-element-57fb82b elementor-widget elementor-widget-wd_image_or_svg\" data-id=\"57fb82b\" data-element_type=\"widget\" data-e-type=\"widget\" data-widget_type=\"wd_image_or_svg.default\">\n\t\t\t\t<div class=\"elementor-widget-container\">\n\t\t\t\t\t\n\t\t<div class=\"wd-image text-left\">\n\t\t\t\t\t\t\t\t<img loading=\"lazy\" decoding=\"async\" width=\"1920\" height=\"1084\" src=\"https:\/\/fizzyvape.com\/wp-content\/uploads\/2025\/12\/Fizzy-150K-Puffs-Disposable-Vape-2.jpg\" class=\"attachment-full size-full\" alt=\"Fizzy 150K Puffs Disposable Vape - 2\" srcset=\"https:\/\/fizzyvape.com\/wp-content\/uploads\/2025\/12\/Fizzy-150K-Puffs-Disposable-Vape-2.jpg 1920w, https:\/\/fizzyvape.com\/wp-content\/uploads\/2025\/12\/Fizzy-150K-Puffs-Disposable-Vape-2-400x226.jpg 400w, https:\/\/fizzyvape.com\/wp-content\/uploads\/2025\/12\/Fizzy-150K-Puffs-Disposable-Vape-2-1300x734.jpg 1300w, https:\/\/fizzyvape.com\/wp-content\/uploads\/2025\/12\/Fizzy-150K-Puffs-Disposable-Vape-2-768x434.jpg 768w, https:\/\/fizzyvape.com\/wp-content\/uploads\/2025\/12\/Fizzy-150K-Puffs-Disposable-Vape-2-1536x867.jpg 1536w, https:\/\/fizzyvape.com\/wp-content\/uploads\/2025\/12\/Fizzy-150K-Puffs-Disposable-Vape-2-430x243.jpg 430w, https:\/\/fizzyvape.com\/wp-content\/uploads\/2025\/12\/Fizzy-150K-Puffs-Disposable-Vape-2-700x395.jpg 700w, https:\/\/fizzyvape.com\/wp-content\/uploads\/2025\/12\/Fizzy-150K-Puffs-Disposable-Vape-2-150x85.jpg 150w\" sizes=\"auto, (max-width: 1920px) 100vw, 1920px\" \/>\t\t\t\t\t<\/div>\n\n\t\t\t\t\t\t<\/div>\n\t\t\t\t<\/div>\n\t\t\t\t<div class=\"elementor-element elementor-element-8c01a1f elementor-widget elementor-widget-wd_image_or_svg\" data-id=\"8c01a1f\" data-element_type=\"widget\" data-e-type=\"widget\" data-widget_type=\"wd_image_or_svg.default\">\n\t\t\t\t<div class=\"elementor-widget-container\">\n\t\t\t\t\t\n\t\t<div class=\"wd-image text-left\">\n\t\t\t\t\t\t\t\t<img loading=\"lazy\" decoding=\"async\" width=\"1920\" height=\"981\" src=\"https:\/\/fizzyvape.com\/wp-content\/uploads\/2025\/12\/Fizzy-150K-Puffs-Disposable-Vape-3.jpg\" class=\"attachment-full size-full\" alt=\"Fizzy 150K Puffs Disposable Vape - 3\" srcset=\"https:\/\/fizzyvape.com\/wp-content\/uploads\/2025\/12\/Fizzy-150K-Puffs-Disposable-Vape-3.jpg 1920w, https:\/\/fizzyvape.com\/wp-content\/uploads\/2025\/12\/Fizzy-150K-Puffs-Disposable-Vape-3-400x204.jpg 400w, https:\/\/fizzyvape.com\/wp-content\/uploads\/2025\/12\/Fizzy-150K-Puffs-Disposable-Vape-3-1300x664.jpg 1300w, https:\/\/fizzyvape.com\/wp-content\/uploads\/2025\/12\/Fizzy-150K-Puffs-Disposable-Vape-3-768x392.jpg 768w, https:\/\/fizzyvape.com\/wp-content\/uploads\/2025\/12\/Fizzy-150K-Puffs-Disposable-Vape-3-1536x785.jpg 1536w, https:\/\/fizzyvape.com\/wp-content\/uploads\/2025\/12\/Fizzy-150K-Puffs-Disposable-Vape-3-430x220.jpg 430w, https:\/\/fizzyvape.com\/wp-content\/uploads\/2025\/12\/Fizzy-150K-Puffs-Disposable-Vape-3-700x358.jpg 700w, https:\/\/fizzyvape.com\/wp-content\/uploads\/2025\/12\/Fizzy-150K-Puffs-Disposable-Vape-3-150x77.jpg 150w\" sizes=\"auto, (max-width: 1920px) 100vw, 1920px\" \/>\t\t\t\t\t<\/div>\n\n\t\t\t\t\t\t<\/div>\n\t\t\t\t<\/div>\n\t\t\t\t<div class=\"elementor-element elementor-element-0da72e0 elementor-widget elementor-widget-wd_image_or_svg\" data-id=\"0da72e0\" data-element_type=\"widget\" data-e-type=\"widget\" data-widget_type=\"wd_image_or_svg.default\">\n\t\t\t\t<div class=\"elementor-widget-container\">\n\t\t\t\t\t\n\t\t<div class=\"wd-image text-left\">\n\t\t\t\t\t\t\t\t<img loading=\"lazy\" decoding=\"async\" width=\"1920\" height=\"769\" src=\"https:\/\/fizzyvape.com\/wp-content\/uploads\/2025\/12\/Fizzy-150K-Puffs-Disposable-Vape-4.jpg\" class=\"attachment-full size-full\" alt=\"Fizzy 150K Puffs Disposable Vape - 4\" srcset=\"https:\/\/fizzyvape.com\/wp-content\/uploads\/2025\/12\/Fizzy-150K-Puffs-Disposable-Vape-4.jpg 1920w, https:\/\/fizzyvape.com\/wp-content\/uploads\/2025\/12\/Fizzy-150K-Puffs-Disposable-Vape-4-400x160.jpg 400w, https:\/\/fizzyvape.com\/wp-content\/uploads\/2025\/12\/Fizzy-150K-Puffs-Disposable-Vape-4-1300x521.jpg 1300w, https:\/\/fizzyvape.com\/wp-content\/uploads\/2025\/12\/Fizzy-150K-Puffs-Disposable-Vape-4-768x308.jpg 768w, https:\/\/fizzyvape.com\/wp-content\/uploads\/2025\/12\/Fizzy-150K-Puffs-Disposable-Vape-4-1536x615.jpg 1536w, https:\/\/fizzyvape.com\/wp-content\/uploads\/2025\/12\/Fizzy-150K-Puffs-Disposable-Vape-4-430x172.jpg 430w, https:\/\/fizzyvape.com\/wp-content\/uploads\/2025\/12\/Fizzy-150K-Puffs-Disposable-Vape-4-700x280.jpg 700w, https:\/\/fizzyvape.com\/wp-content\/uploads\/2025\/12\/Fizzy-150K-Puffs-Disposable-Vape-4-150x60.jpg 150w\" sizes=\"auto, (max-width: 1920px) 100vw, 1920px\" \/>\t\t\t\t\t<\/div>\n\n\t\t\t\t\t\t<\/div>\n\t\t\t\t<\/div>\n\t\t\t\t<div class=\"elementor-element elementor-element-a8d3d16 elementor-widget elementor-widget-wd_image_or_svg\" data-id=\"a8d3d16\" data-element_type=\"widget\" data-e-type=\"widget\" data-widget_type=\"wd_image_or_svg.default\">\n\t\t\t\t<div class=\"elementor-widget-container\">\n\t\t\t\t\t\n\t\t<div class=\"wd-image text-center\">\n\t\t\t\t\t\t\t\t<img loading=\"lazy\" decoding=\"async\" width=\"1663\" height=\"2560\" src=\"https:\/\/fizzyvape.com\/wp-content\/uploads\/2025\/12\/Fizzy-150K-Puffs-Disposable-Vape-5-1-scaled.jpg\" class=\"attachment-full size-full\" alt=\"Fizzy 150K Puffs Disposable Vape Flavors List - 5\" srcset=\"https:\/\/fizzyvape.com\/wp-content\/uploads\/2025\/12\/Fizzy-150K-Puffs-Disposable-Vape-5-1-scaled.jpg 1663w, https:\/\/fizzyvape.com\/wp-content\/uploads\/2025\/12\/Fizzy-150K-Puffs-Disposable-Vape-5-1-195x300.jpg 195w, https:\/\/fizzyvape.com\/wp-content\/uploads\/2025\/12\/Fizzy-150K-Puffs-Disposable-Vape-5-1-520x800.jpg 520w, https:\/\/fizzyvape.com\/wp-content\/uploads\/2025\/12\/Fizzy-150K-Puffs-Disposable-Vape-5-1-768x1182.jpg 768w, https:\/\/fizzyvape.com\/wp-content\/uploads\/2025\/12\/Fizzy-150K-Puffs-Disposable-Vape-5-1-998x1536.jpg 998w, https:\/\/fizzyvape.com\/wp-content\/uploads\/2025\/12\/Fizzy-150K-Puffs-Disposable-Vape-5-1-1330x2048.jpg 1330w, https:\/\/fizzyvape.com\/wp-content\/uploads\/2025\/12\/Fizzy-150K-Puffs-Disposable-Vape-5-1-430x662.jpg 430w, https:\/\/fizzyvape.com\/wp-content\/uploads\/2025\/12\/Fizzy-150K-Puffs-Disposable-Vape-5-1-700x1078.jpg 700w, https:\/\/fizzyvape.com\/wp-content\/uploads\/2025\/12\/Fizzy-150K-Puffs-Disposable-Vape-5-1-150x231.jpg 150w\" sizes=\"auto, (max-width: 1663px) 100vw, 1663px\" \/>\t\t\t\t\t<\/div>\n\n\t\t\t\t\t\t<\/div>\n\t\t\t\t<\/div>\n\t\t\t\t<div class=\"elementor-element elementor-element-2948100 elementor-widget elementor-widget-wd_image_or_svg\" data-id=\"2948100\" data-element_type=\"widget\" data-e-type=\"widget\" data-widget_type=\"wd_image_or_svg.default\">\n\t\t\t\t<div class=\"elementor-widget-container\">\n\t\t\t\t\t\n\t\t<div class=\"wd-image text-left\">\n\t\t\t\t\t\t\t\t<img loading=\"lazy\" decoding=\"async\" width=\"1920\" height=\"823\" src=\"https:\/\/fizzyvape.com\/wp-content\/uploads\/2025\/12\/Fizzy-150K-Puffs-Disposable-Vape-6-1.jpg\" class=\"attachment-full size-full\" alt=\"Fizzy 150K Puffs Disposable Vape - 6\" srcset=\"https:\/\/fizzyvape.com\/wp-content\/uploads\/2025\/12\/Fizzy-150K-Puffs-Disposable-Vape-6-1.jpg 1920w, https:\/\/fizzyvape.com\/wp-content\/uploads\/2025\/12\/Fizzy-150K-Puffs-Disposable-Vape-6-1-400x171.jpg 400w, https:\/\/fizzyvape.com\/wp-content\/uploads\/2025\/12\/Fizzy-150K-Puffs-Disposable-Vape-6-1-1300x557.jpg 1300w, https:\/\/fizzyvape.com\/wp-content\/uploads\/2025\/12\/Fizzy-150K-Puffs-Disposable-Vape-6-1-768x329.jpg 768w, https:\/\/fizzyvape.com\/wp-content\/uploads\/2025\/12\/Fizzy-150K-Puffs-Disposable-Vape-6-1-1536x658.jpg 1536w, https:\/\/fizzyvape.com\/wp-content\/uploads\/2025\/12\/Fizzy-150K-Puffs-Disposable-Vape-6-1-430x184.jpg 430w, https:\/\/fizzyvape.com\/wp-content\/uploads\/2025\/12\/Fizzy-150K-Puffs-Disposable-Vape-6-1-700x300.jpg 700w, https:\/\/fizzyvape.com\/wp-content\/uploads\/2025\/12\/Fizzy-150K-Puffs-Disposable-Vape-6-1-150x64.jpg 150w\" sizes=\"auto, (max-width: 1920px) 100vw, 1920px\" \/>\t\t\t\t\t<\/div>\n\n\t\t\t\t\t\t<\/div>\n\t\t\t\t<\/div>\n\t\t\t\t<div class=\"elementor-element elementor-element-00e6aa4 elementor-widget elementor-widget-wd_image_or_svg\" data-id=\"00e6aa4\" data-element_type=\"widget\" data-e-type=\"widget\" data-widget_type=\"wd_image_or_svg.default\">\n\t\t\t\t<div class=\"elementor-widget-container\">\n\t\t\t\t\t\n\t\t<div class=\"wd-image text-left\">\n\t\t\t\t\t\t\t\t<img loading=\"lazy\" decoding=\"async\" width=\"1920\" height=\"1266\" src=\"https:\/\/fizzyvape.com\/wp-content\/uploads\/2025\/12\/Fizzy-150K-Puffs-Disposable-Vape-8-1.jpg\" class=\"attachment-full size-full\" alt=\"Fizzy 150K Puffs Disposable Vape - 8\" srcset=\"https:\/\/fizzyvape.com\/wp-content\/uploads\/2025\/12\/Fizzy-150K-Puffs-Disposable-Vape-8-1.jpg 1920w, https:\/\/fizzyvape.com\/wp-content\/uploads\/2025\/12\/Fizzy-150K-Puffs-Disposable-Vape-8-1-400x264.jpg 400w, https:\/\/fizzyvape.com\/wp-content\/uploads\/2025\/12\/Fizzy-150K-Puffs-Disposable-Vape-8-1-1213x800.jpg 1213w, https:\/\/fizzyvape.com\/wp-content\/uploads\/2025\/12\/Fizzy-150K-Puffs-Disposable-Vape-8-1-768x506.jpg 768w, https:\/\/fizzyvape.com\/wp-content\/uploads\/2025\/12\/Fizzy-150K-Puffs-Disposable-Vape-8-1-1536x1013.jpg 1536w, https:\/\/fizzyvape.com\/wp-content\/uploads\/2025\/12\/Fizzy-150K-Puffs-Disposable-Vape-8-1-430x284.jpg 430w, https:\/\/fizzyvape.com\/wp-content\/uploads\/2025\/12\/Fizzy-150K-Puffs-Disposable-Vape-8-1-700x462.jpg 700w, https:\/\/fizzyvape.com\/wp-content\/uploads\/2025\/12\/Fizzy-150K-Puffs-Disposable-Vape-8-1-150x99.jpg 150w\" sizes=\"auto, (max-width: 1920px) 100vw, 1920px\" \/>\t\t\t\t\t<\/div>\n\n\t\t\t\t\t\t<\/div>\n\t\t\t\t<\/div>\n\t\t\t\t<\/div>\n\t\t\t\t<\/div>\n\t\t<\/div>\n\t\t\t\t\t\t<\/div>\n\t\t\t\t\t<\/div>\n\t\t\t\t<\/div>\n\t\t\t\t<\/div>\n\t\t","protected":false},"excerpt":{"rendered":"[html_block id=\"30031\"]\n","protected":false},"featured_media":31267,"comment_status":"closed","ping_status":"closed","template":"","meta":{"_crdt_document":"","om_disable_all_campaigns":false,"_monsterinsights_skip_tracking":false,"_monsterinsights_sitenote_active":false,"_monsterinsights_sitenote_note":"","_monsterinsights_sitenote_category":0},"product_brand":[],"product_cat":[170],"product_tag":[],"class_list":{"0":"post-31265","1":"product","2":"type-product","3":"status-publish","4":"has-post-thumbnail","6":"product_cat-vape-usa-e-getta","8":"first","9":"instock","10":"shipping-taxable","11":"product-type-simple"},"aioseo_notices":[],"_links":{"self":[{"href":"https:\/\/fizzyvape.com\/it\/wp-json\/wp\/v2\/product\/31265","targetHints":{"allow":["GET"]}}],"collection":[{"href":"https:\/\/fizzyvape.com\/it\/wp-json\/wp\/v2\/product"}],"about":[{"href":"https:\/\/fizzyvape.com\/it\/wp-json\/wp\/v2\/types\/product"}],"replies":[{"embeddable":true,"href":"https:\/\/fizzyvape.com\/it\/wp-json\/wp\/v2\/comments?post=31265"}],"version-history":[{"count":1,"href":"https:\/\/fizzyvape.com\/it\/wp-json\/wp\/v2\/product\/31265\/revisions"}],"predecessor-version":[{"id":31279,"href":"https:\/\/fizzyvape.com\/it\/wp-json\/wp\/v2\/product\/31265\/revisions\/31279"}],"wp:featuredmedia":[{"embeddable":true,"href":"https:\/\/fizzyvape.com\/it\/wp-json\/wp\/v2\/media\/31267"}],"wp:attachment":[{"href":"https:\/\/fizzyvape.com\/it\/wp-json\/wp\/v2\/media?parent=31265"}],"wp:term":[{"taxonomy":"product_brand","embeddable":true,"href":"https:\/\/fizzyvape.com\/it\/wp-json\/wp\/v2\/product_brand?post=31265"},{"taxonomy":"product_cat","embeddable":true,"href":"https:\/\/fizzyvape.com\/it\/wp-json\/wp\/v2\/product_cat?post=31265"},{"taxonomy":"product_tag","embeddable":true,"href":"https:\/\/fizzyvape.com\/it\/wp-json\/wp\/v2\/product_tag?post=31265"}],"curies":[{"name":"wp","href":"https:\/\/api.w.org\/{rel}","templated":true}]}}