{"id":32442,"date":"2024-11-05T10:03:20","date_gmt":"2024-11-05T02:03:20","guid":{"rendered":"https:\/\/fizzyvape.com\/product\/thunder\/"},"modified":"2026-01-21T15:26:50","modified_gmt":"2026-01-21T07:26:50","slug":"thunder","status":"publish","type":"product","link":"https:\/\/fizzyvape.com\/hu\/product\/thunder\/","title":{"rendered":"Thunder"},"content":{"rendered":"\t\t<div data-elementor-type=\"product-post\" data-elementor-id=\"32442\" class=\"elementor elementor-32442 elementor-699\" data-elementor-post-type=\"product\">\n\t\t\t\t<div class=\"elementor-element elementor-element-a8e95bc e-con-full e-flex e-con e-parent\" data-id=\"a8e95bc\" data-element_type=\"container\" data-e-type=\"container\">\n\t\t\t\t<div class=\"elementor-element elementor-element-21124ad elementor-widget elementor-widget-image\" data-id=\"21124ad\" data-element_type=\"widget\" data-e-type=\"widget\" data-widget_type=\"image.default\">\n\t\t\t\t\t\t\t\t\t\t\t\t\t\t\t<img loading=\"lazy\" decoding=\"async\" width=\"1920\" height=\"1151\" src=\"https:\/\/fizzyvape.com\/wp-content\/uploads\/2024\/11\/Fizzy-Thunder02.jpg\" class=\"attachment-full size-full wp-image-992\" alt=\"Fizzy Thunder02\" srcset=\"https:\/\/fizzyvape.com\/wp-content\/uploads\/2024\/11\/Fizzy-Thunder02.jpg 1920w, https:\/\/fizzyvape.com\/wp-content\/uploads\/2024\/11\/Fizzy-Thunder02-300x180.jpg 300w, https:\/\/fizzyvape.com\/wp-content\/uploads\/2024\/11\/Fizzy-Thunder02-1024x614.jpg 1024w, https:\/\/fizzyvape.com\/wp-content\/uploads\/2024\/11\/Fizzy-Thunder02-768x460.jpg 768w, https:\/\/fizzyvape.com\/wp-content\/uploads\/2024\/11\/Fizzy-Thunder02-1536x921.jpg 1536w, https:\/\/fizzyvape.com\/wp-content\/uploads\/2024\/11\/Fizzy-Thunder02-600x360.jpg 600w\" sizes=\"auto, (max-width: 1920px) 100vw, 1920px\" \/>\t\t\t\t\t\t\t\t\t\t\t\t\t\t\t<\/div>\n\t\t\t\t<div class=\"elementor-element elementor-element-4434920 elementor-widget elementor-widget-image\" data-id=\"4434920\" data-element_type=\"widget\" data-e-type=\"widget\" data-widget_type=\"image.default\">\n\t\t\t\t\t\t\t\t\t\t\t\t\t\t\t<img loading=\"lazy\" decoding=\"async\" width=\"1920\" height=\"940\" src=\"https:\/\/fizzyvape.com\/wp-content\/uploads\/2024\/11\/Fizzy-Thunder03.jpg\" class=\"attachment-full size-full wp-image-993\" alt=\"Fizzy Thunder03\" srcset=\"https:\/\/fizzyvape.com\/wp-content\/uploads\/2024\/11\/Fizzy-Thunder03.jpg 1920w, https:\/\/fizzyvape.com\/wp-content\/uploads\/2024\/11\/Fizzy-Thunder03-300x147.jpg 300w, https:\/\/fizzyvape.com\/wp-content\/uploads\/2024\/11\/Fizzy-Thunder03-1024x501.jpg 1024w, https:\/\/fizzyvape.com\/wp-content\/uploads\/2024\/11\/Fizzy-Thunder03-768x376.jpg 768w, https:\/\/fizzyvape.com\/wp-content\/uploads\/2024\/11\/Fizzy-Thunder03-1536x752.jpg 1536w, https:\/\/fizzyvape.com\/wp-content\/uploads\/2024\/11\/Fizzy-Thunder03-600x294.jpg 600w\" sizes=\"auto, (max-width: 1920px) 100vw, 1920px\" \/>\t\t\t\t\t\t\t\t\t\t\t\t\t\t\t<\/div>\n\t\t\t\t<div class=\"elementor-element elementor-element-e6a53f4 elementor-widget elementor-widget-image\" data-id=\"e6a53f4\" data-element_type=\"widget\" data-e-type=\"widget\" data-widget_type=\"image.default\">\n\t\t\t\t\t\t\t\t\t\t\t\t\t\t\t<img loading=\"lazy\" decoding=\"async\" width=\"1920\" height=\"945\" src=\"https:\/\/fizzyvape.com\/wp-content\/uploads\/2024\/11\/Fizzy-Thunder04.jpg\" class=\"attachment-full size-full wp-image-994\" alt=\"Fizzy Thunder04\" srcset=\"https:\/\/fizzyvape.com\/wp-content\/uploads\/2024\/11\/Fizzy-Thunder04.jpg 1920w, https:\/\/fizzyvape.com\/wp-content\/uploads\/2024\/11\/Fizzy-Thunder04-300x148.jpg 300w, https:\/\/fizzyvape.com\/wp-content\/uploads\/2024\/11\/Fizzy-Thunder04-1024x504.jpg 1024w, https:\/\/fizzyvape.com\/wp-content\/uploads\/2024\/11\/Fizzy-Thunder04-768x378.jpg 768w, https:\/\/fizzyvape.com\/wp-content\/uploads\/2024\/11\/Fizzy-Thunder04-1536x756.jpg 1536w, https:\/\/fizzyvape.com\/wp-content\/uploads\/2024\/11\/Fizzy-Thunder04-600x295.jpg 600w\" sizes=\"auto, (max-width: 1920px) 100vw, 1920px\" \/>\t\t\t\t\t\t\t\t\t\t\t\t\t\t\t<\/div>\n\t\t\t\t<div class=\"elementor-element elementor-element-0a4ee80 elementor-widget elementor-widget-image\" data-id=\"0a4ee80\" data-element_type=\"widget\" data-e-type=\"widget\" data-widget_type=\"image.default\">\n\t\t\t\t\t\t\t\t\t\t\t\t\t\t\t<img loading=\"lazy\" decoding=\"async\" width=\"1920\" height=\"941\" src=\"https:\/\/fizzyvape.com\/wp-content\/uploads\/2024\/11\/Fizzy-Thunder05.jpg\" class=\"attachment-full size-full wp-image-995\" alt=\"Fizzy Thunder05\" srcset=\"https:\/\/fizzyvape.com\/wp-content\/uploads\/2024\/11\/Fizzy-Thunder05.jpg 1920w, https:\/\/fizzyvape.com\/wp-content\/uploads\/2024\/11\/Fizzy-Thunder05-300x147.jpg 300w, https:\/\/fizzyvape.com\/wp-content\/uploads\/2024\/11\/Fizzy-Thunder05-1024x502.jpg 1024w, https:\/\/fizzyvape.com\/wp-content\/uploads\/2024\/11\/Fizzy-Thunder05-768x376.jpg 768w, https:\/\/fizzyvape.com\/wp-content\/uploads\/2024\/11\/Fizzy-Thunder05-1536x753.jpg 1536w, https:\/\/fizzyvape.com\/wp-content\/uploads\/2024\/11\/Fizzy-Thunder05-600x294.jpg 600w\" sizes=\"auto, (max-width: 1920px) 100vw, 1920px\" \/>\t\t\t\t\t\t\t\t\t\t\t\t\t\t\t<\/div>\n\t\t\t\t<div class=\"elementor-element elementor-element-3b5b7e3 elementor-widget elementor-widget-image\" data-id=\"3b5b7e3\" data-element_type=\"widget\" data-e-type=\"widget\" data-widget_type=\"image.default\">\n\t\t\t\t\t\t\t\t\t\t\t\t\t\t\t<img loading=\"lazy\" decoding=\"async\" width=\"1920\" height=\"952\" src=\"https:\/\/fizzyvape.com\/wp-content\/uploads\/2024\/11\/Fizzy-Thunder06.jpg\" class=\"attachment-full size-full wp-image-996\" alt=\"Fizzy Thunder06\" srcset=\"https:\/\/fizzyvape.com\/wp-content\/uploads\/2024\/11\/Fizzy-Thunder06.jpg 1920w, https:\/\/fizzyvape.com\/wp-content\/uploads\/2024\/11\/Fizzy-Thunder06-300x149.jpg 300w, https:\/\/fizzyvape.com\/wp-content\/uploads\/2024\/11\/Fizzy-Thunder06-1024x508.jpg 1024w, https:\/\/fizzyvape.com\/wp-content\/uploads\/2024\/11\/Fizzy-Thunder06-768x381.jpg 768w, https:\/\/fizzyvape.com\/wp-content\/uploads\/2024\/11\/Fizzy-Thunder06-1536x762.jpg 1536w, https:\/\/fizzyvape.com\/wp-content\/uploads\/2024\/11\/Fizzy-Thunder06-600x298.jpg 600w\" sizes=\"auto, (max-width: 1920px) 100vw, 1920px\" \/>\t\t\t\t\t\t\t\t\t\t\t\t\t\t\t<\/div>\n\t\t\t\t<div class=\"elementor-element elementor-element-bfcfb5f elementor-widget elementor-widget-image\" data-id=\"bfcfb5f\" data-element_type=\"widget\" data-e-type=\"widget\" data-widget_type=\"image.default\">\n\t\t\t\t\t\t\t\t\t\t\t\t\t\t\t<img loading=\"lazy\" decoding=\"async\" width=\"1920\" height=\"942\" src=\"https:\/\/fizzyvape.com\/wp-content\/uploads\/2024\/11\/Fizzy-Thunder07.jpg\" class=\"attachment-full size-full wp-image-997\" alt=\"Fizzy Thunder07\" srcset=\"https:\/\/fizzyvape.com\/wp-content\/uploads\/2024\/11\/Fizzy-Thunder07.jpg 1920w, https:\/\/fizzyvape.com\/wp-content\/uploads\/2024\/11\/Fizzy-Thunder07-300x147.jpg 300w, https:\/\/fizzyvape.com\/wp-content\/uploads\/2024\/11\/Fizzy-Thunder07-1024x502.jpg 1024w, https:\/\/fizzyvape.com\/wp-content\/uploads\/2024\/11\/Fizzy-Thunder07-768x377.jpg 768w, https:\/\/fizzyvape.com\/wp-content\/uploads\/2024\/11\/Fizzy-Thunder07-1536x754.jpg 1536w, https:\/\/fizzyvape.com\/wp-content\/uploads\/2024\/11\/Fizzy-Thunder07-600x294.jpg 600w\" sizes=\"auto, (max-width: 1920px) 100vw, 1920px\" \/>\t\t\t\t\t\t\t\t\t\t\t\t\t\t\t<\/div>\n\t\t\t\t<div class=\"elementor-element elementor-element-e5f0552 elementor-widget elementor-widget-image\" data-id=\"e5f0552\" data-element_type=\"widget\" data-e-type=\"widget\" data-widget_type=\"image.default\">\n\t\t\t\t\t\t\t\t\t\t\t\t\t\t\t<img loading=\"lazy\" decoding=\"async\" width=\"1920\" height=\"943\" src=\"https:\/\/fizzyvape.com\/wp-content\/uploads\/2024\/11\/Fizzy-Thunder09.jpg\" class=\"attachment-full size-full wp-image-999\" alt=\"Fizzy Thunder09\" srcset=\"https:\/\/fizzyvape.com\/wp-content\/uploads\/2024\/11\/Fizzy-Thunder09.jpg 1920w, https:\/\/fizzyvape.com\/wp-content\/uploads\/2024\/11\/Fizzy-Thunder09-300x147.jpg 300w, https:\/\/fizzyvape.com\/wp-content\/uploads\/2024\/11\/Fizzy-Thunder09-1024x503.jpg 1024w, https:\/\/fizzyvape.com\/wp-content\/uploads\/2024\/11\/Fizzy-Thunder09-768x377.jpg 768w, https:\/\/fizzyvape.com\/wp-content\/uploads\/2024\/11\/Fizzy-Thunder09-1536x754.jpg 1536w, https:\/\/fizzyvape.com\/wp-content\/uploads\/2024\/11\/Fizzy-Thunder09-600x295.jpg 600w\" sizes=\"auto, (max-width: 1920px) 100vw, 1920px\" \/>\t\t\t\t\t\t\t\t\t\t\t\t\t\t\t<\/div>\n\t\t\t\t<div class=\"elementor-element elementor-element-6f3e9e4 elementor-widget elementor-widget-image\" data-id=\"6f3e9e4\" data-element_type=\"widget\" data-e-type=\"widget\" data-widget_type=\"image.default\">\n\t\t\t\t\t\t\t\t\t\t\t\t\t\t\t<img loading=\"lazy\" decoding=\"async\" width=\"1920\" height=\"943\" src=\"https:\/\/fizzyvape.com\/wp-content\/uploads\/2024\/11\/Fizzy-Thunder010.jpg\" class=\"attachment-full size-full wp-image-1000\" alt=\"Fizzy Thunder010\" srcset=\"https:\/\/fizzyvape.com\/wp-content\/uploads\/2024\/11\/Fizzy-Thunder010.jpg 1920w, https:\/\/fizzyvape.com\/wp-content\/uploads\/2024\/11\/Fizzy-Thunder010-300x147.jpg 300w, https:\/\/fizzyvape.com\/wp-content\/uploads\/2024\/11\/Fizzy-Thunder010-1024x503.jpg 1024w, https:\/\/fizzyvape.com\/wp-content\/uploads\/2024\/11\/Fizzy-Thunder010-768x377.jpg 768w, https:\/\/fizzyvape.com\/wp-content\/uploads\/2024\/11\/Fizzy-Thunder010-1536x754.jpg 1536w, https:\/\/fizzyvape.com\/wp-content\/uploads\/2024\/11\/Fizzy-Thunder010-600x295.jpg 600w\" sizes=\"auto, (max-width: 1920px) 100vw, 1920px\" \/>\t\t\t\t\t\t\t\t\t\t\t\t\t\t\t<\/div>\n\t\t\t\t<div class=\"elementor-element elementor-element-4162a3e elementor-widget elementor-widget-image\" data-id=\"4162a3e\" data-element_type=\"widget\" data-e-type=\"widget\" data-widget_type=\"image.default\">\n\t\t\t\t\t\t\t\t\t\t\t\t\t\t\t<img loading=\"lazy\" decoding=\"async\" width=\"1920\" height=\"940\" src=\"https:\/\/fizzyvape.com\/wp-content\/uploads\/2024\/11\/Fizzy-Thunder011.jpg\" class=\"attachment-full size-full wp-image-1001\" alt=\"Fizzy Thunder011\" srcset=\"https:\/\/fizzyvape.com\/wp-content\/uploads\/2024\/11\/Fizzy-Thunder011.jpg 1920w, https:\/\/fizzyvape.com\/wp-content\/uploads\/2024\/11\/Fizzy-Thunder011-300x147.jpg 300w, https:\/\/fizzyvape.com\/wp-content\/uploads\/2024\/11\/Fizzy-Thunder011-1024x501.jpg 1024w, https:\/\/fizzyvape.com\/wp-content\/uploads\/2024\/11\/Fizzy-Thunder011-768x376.jpg 768w, https:\/\/fizzyvape.com\/wp-content\/uploads\/2024\/11\/Fizzy-Thunder011-1536x752.jpg 1536w, https:\/\/fizzyvape.com\/wp-content\/uploads\/2024\/11\/Fizzy-Thunder011-600x294.jpg 600w\" sizes=\"auto, (max-width: 1920px) 100vw, 1920px\" \/>\t\t\t\t\t\t\t\t\t\t\t\t\t\t\t<\/div>\n\t\t\t\t<div class=\"elementor-element elementor-element-f380eea elementor-widget elementor-widget-image\" data-id=\"f380eea\" data-element_type=\"widget\" data-e-type=\"widget\" data-widget_type=\"image.default\">\n\t\t\t\t\t\t\t\t\t\t\t\t\t\t\t<img loading=\"lazy\" decoding=\"async\" width=\"1920\" height=\"946\" src=\"https:\/\/fizzyvape.com\/wp-content\/uploads\/2024\/11\/Fizzy-Thunder012.jpg\" class=\"attachment-full size-full wp-image-1002\" alt=\"Fizzy Thunder012\" srcset=\"https:\/\/fizzyvape.com\/wp-content\/uploads\/2024\/11\/Fizzy-Thunder012.jpg 1920w, https:\/\/fizzyvape.com\/wp-content\/uploads\/2024\/11\/Fizzy-Thunder012-300x148.jpg 300w, https:\/\/fizzyvape.com\/wp-content\/uploads\/2024\/11\/Fizzy-Thunder012-1024x505.jpg 1024w, https:\/\/fizzyvape.com\/wp-content\/uploads\/2024\/11\/Fizzy-Thunder012-768x378.jpg 768w, https:\/\/fizzyvape.com\/wp-content\/uploads\/2024\/11\/Fizzy-Thunder012-1536x757.jpg 1536w, https:\/\/fizzyvape.com\/wp-content\/uploads\/2024\/11\/Fizzy-Thunder012-600x296.jpg 600w\" sizes=\"auto, (max-width: 1920px) 100vw, 1920px\" \/>\t\t\t\t\t\t\t\t\t\t\t\t\t\t\t<\/div>\n\t\t\t\t<div class=\"elementor-element elementor-element-255359a elementor-widget elementor-widget-image\" data-id=\"255359a\" data-element_type=\"widget\" data-e-type=\"widget\" data-widget_type=\"image.default\">\n\t\t\t\t\t\t\t\t\t\t\t\t\t\t\t<img loading=\"lazy\" decoding=\"async\" width=\"1920\" height=\"914\" src=\"https:\/\/fizzyvape.com\/wp-content\/uploads\/2024\/11\/Fizzy-Thunder013.jpg\" class=\"attachment-full size-full wp-image-1003\" alt=\"Fizzy Thunder013\" srcset=\"https:\/\/fizzyvape.com\/wp-content\/uploads\/2024\/11\/Fizzy-Thunder013.jpg 1920w, https:\/\/fizzyvape.com\/wp-content\/uploads\/2024\/11\/Fizzy-Thunder013-300x143.jpg 300w, https:\/\/fizzyvape.com\/wp-content\/uploads\/2024\/11\/Fizzy-Thunder013-1024x487.jpg 1024w, https:\/\/fizzyvape.com\/wp-content\/uploads\/2024\/11\/Fizzy-Thunder013-768x366.jpg 768w, https:\/\/fizzyvape.com\/wp-content\/uploads\/2024\/11\/Fizzy-Thunder013-1536x731.jpg 1536w, https:\/\/fizzyvape.com\/wp-content\/uploads\/2024\/11\/Fizzy-Thunder013-600x286.jpg 600w\" sizes=\"auto, (max-width: 1920px) 100vw, 1920px\" \/>\t\t\t\t\t\t\t\t\t\t\t\t\t\t\t<\/div>\n\t\t\t\t<div class=\"elementor-element elementor-element-ba2ed6d elementor-widget elementor-widget-image\" data-id=\"ba2ed6d\" data-element_type=\"widget\" data-e-type=\"widget\" data-widget_type=\"image.default\">\n\t\t\t\t\t\t\t\t\t\t\t\t\t\t\t<img loading=\"lazy\" decoding=\"async\" width=\"1920\" height=\"947\" src=\"https:\/\/fizzyvape.com\/wp-content\/uploads\/2024\/11\/Fizzy-Thunder08.jpg\" class=\"attachment-full size-full wp-image-998\" alt=\"Fizzy Thunder08\" srcset=\"https:\/\/fizzyvape.com\/wp-content\/uploads\/2024\/11\/Fizzy-Thunder08.jpg 1920w, https:\/\/fizzyvape.com\/wp-content\/uploads\/2024\/11\/Fizzy-Thunder08-300x148.jpg 300w, https:\/\/fizzyvape.com\/wp-content\/uploads\/2024\/11\/Fizzy-Thunder08-1024x505.jpg 1024w, https:\/\/fizzyvape.com\/wp-content\/uploads\/2024\/11\/Fizzy-Thunder08-768x379.jpg 768w, https:\/\/fizzyvape.com\/wp-content\/uploads\/2024\/11\/Fizzy-Thunder08-1536x758.jpg 1536w, https:\/\/fizzyvape.com\/wp-content\/uploads\/2024\/11\/Fizzy-Thunder08-600x296.jpg 600w\" sizes=\"auto, (max-width: 1920px) 100vw, 1920px\" \/>\t\t\t\t\t\t\t\t\t\t\t\t\t\t\t<\/div>\n\t\t\t\t<div class=\"elementor-element elementor-element-c183310 elementor-arrows-position-inside elementor-pagination-position-outside elementor-widget elementor-widget-image-carousel\" data-id=\"c183310\" data-element_type=\"widget\" data-e-type=\"widget\" data-settings=\"{&quot;slides_to_show&quot;:&quot;3&quot;,&quot;navigation&quot;:&quot;both&quot;,&quot;autoplay&quot;:&quot;yes&quot;,&quot;pause_on_hover&quot;:&quot;yes&quot;,&quot;pause_on_interaction&quot;:&quot;yes&quot;,&quot;autoplay_speed&quot;:5000,&quot;infinite&quot;:&quot;yes&quot;,&quot;speed&quot;:500}\" data-widget_type=\"image-carousel.default\">\n\t\t\t\t\t\t\t<div class=\"elementor-image-carousel-wrapper swiper\" role=\"region\" aria-roledescription=\"carousel\" aria-label=\"K\u00e9p k\u00f6rhinta\" dir=\"ltr\">\n\t\t\t<div class=\"elementor-image-carousel swiper-wrapper\" aria-live=\"off\">\n\t\t\t\t\t\t\t\t<div class=\"swiper-slide\" role=\"group\" aria-roledescription=\"slide\" aria-label=\"1 \/ 18\"><figure class=\"swiper-slide-inner\"><img decoding=\"async\" class=\"swiper-slide-image\" src=\"https:\/\/fizzyvape.com\/wp-content\/uploads\/2024\/11\/BANANA.png\" alt=\"BANANA\" \/><\/figure><\/div><div class=\"swiper-slide\" role=\"group\" aria-roledescription=\"slide\" aria-label=\"2 \/ 18\"><figure class=\"swiper-slide-inner\"><img decoding=\"async\" class=\"swiper-slide-image\" src=\"https:\/\/fizzyvape.com\/wp-content\/uploads\/2024\/11\/BLACKCURRANT.png\" alt=\"BLACKCURRANT\" \/><\/figure><\/div><div class=\"swiper-slide\" role=\"group\" aria-roledescription=\"slide\" aria-label=\"3 \/ 18\"><figure class=\"swiper-slide-inner\"><img decoding=\"async\" class=\"swiper-slide-image\" src=\"https:\/\/fizzyvape.com\/wp-content\/uploads\/2024\/11\/BLUEBERRY-RASPBERRY-LEMON.png\" alt=\"BLUEBERRY RASPBERRY LEMON\" \/><\/figure><\/div><div class=\"swiper-slide\" role=\"group\" aria-roledescription=\"slide\" aria-label=\"4 \/ 18\"><figure class=\"swiper-slide-inner\"><img decoding=\"async\" class=\"swiper-slide-image\" src=\"https:\/\/fizzyvape.com\/wp-content\/uploads\/2024\/11\/BLUEBERRY-SPICED-MELON.png\" alt=\"BLUEBERRY SPICED MELON\" \/><\/figure><\/div><div class=\"swiper-slide\" role=\"group\" aria-roledescription=\"slide\" aria-label=\"5 \/ 18\"><figure class=\"swiper-slide-inner\"><img decoding=\"async\" class=\"swiper-slide-image\" src=\"https:\/\/fizzyvape.com\/wp-content\/uploads\/2024\/11\/BLUEBERRY.png\" alt=\"BLUEBERRY\" \/><\/figure><\/div><div class=\"swiper-slide\" role=\"group\" aria-roledescription=\"slide\" aria-label=\"6 \/ 18\"><figure class=\"swiper-slide-inner\"><img decoding=\"async\" class=\"swiper-slide-image\" src=\"https:\/\/fizzyvape.com\/wp-content\/uploads\/2024\/11\/CAPPUCCINO.png\" alt=\"CAPPUCCINO\" \/><\/figure><\/div><div class=\"swiper-slide\" role=\"group\" aria-roledescription=\"slide\" aria-label=\"7 \/ 18\"><figure class=\"swiper-slide-inner\"><img decoding=\"async\" class=\"swiper-slide-image\" src=\"https:\/\/fizzyvape.com\/wp-content\/uploads\/2024\/11\/CHERRY-GRAPELEMON-SODA.png\" alt=\"CHERRY GRAPELEMON SODA\" \/><\/figure><\/div><div class=\"swiper-slide\" role=\"group\" aria-roledescription=\"slide\" aria-label=\"8 \/ 18\"><figure class=\"swiper-slide-inner\"><img decoding=\"async\" class=\"swiper-slide-image\" src=\"https:\/\/fizzyvape.com\/wp-content\/uploads\/2024\/11\/COLA-ICE.png\" alt=\"COLA ICE\" \/><\/figure><\/div><div class=\"swiper-slide\" role=\"group\" aria-roledescription=\"slide\" aria-label=\"9 \/ 18\"><figure class=\"swiper-slide-inner\"><img decoding=\"async\" class=\"swiper-slide-image\" src=\"https:\/\/fizzyvape.com\/wp-content\/uploads\/2024\/11\/COOL-MINT-ICE.png\" alt=\"COOL MINT ICE\" \/><\/figure><\/div><div class=\"swiper-slide\" role=\"group\" aria-roledescription=\"slide\" aria-label=\"10 \/ 18\"><figure class=\"swiper-slide-inner\"><img decoding=\"async\" class=\"swiper-slide-image\" src=\"https:\/\/fizzyvape.com\/wp-content\/uploads\/2024\/11\/GRAPE-CRANBERRY.png\" alt=\"GRAPE CRANBERRY\" \/><\/figure><\/div><div class=\"swiper-slide\" role=\"group\" aria-roledescription=\"slide\" aria-label=\"11 \/ 18\"><figure class=\"swiper-slide-inner\"><img decoding=\"async\" class=\"swiper-slide-image\" src=\"https:\/\/fizzyvape.com\/wp-content\/uploads\/2024\/11\/GRAPE.png\" alt=\"GRAPE\" \/><\/figure><\/div><div class=\"swiper-slide\" role=\"group\" aria-roledescription=\"slide\" aria-label=\"12 \/ 18\"><figure class=\"swiper-slide-inner\"><img decoding=\"async\" class=\"swiper-slide-image\" src=\"https:\/\/fizzyvape.com\/wp-content\/uploads\/2024\/11\/GRAPEFRUIT-PEACH.png\" alt=\"GRAPEFRUIT PEACH\" \/><\/figure><\/div><div class=\"swiper-slide\" role=\"group\" aria-roledescription=\"slide\" aria-label=\"13 \/ 18\"><figure class=\"swiper-slide-inner\"><img decoding=\"async\" class=\"swiper-slide-image\" src=\"https:\/\/fizzyvape.com\/wp-content\/uploads\/2024\/11\/MANGO-PEACH-WATERMELON.png\" alt=\"MANGO PEACH WATERMELON\" \/><\/figure><\/div><div class=\"swiper-slide\" role=\"group\" aria-roledescription=\"slide\" aria-label=\"14 \/ 18\"><figure class=\"swiper-slide-inner\"><img decoding=\"async\" class=\"swiper-slide-image\" src=\"https:\/\/fizzyvape.com\/wp-content\/uploads\/2024\/11\/MANGO.png\" alt=\"MANGO\" \/><\/figure><\/div><div class=\"swiper-slide\" role=\"group\" aria-roledescription=\"slide\" aria-label=\"15 \/ 18\"><figure class=\"swiper-slide-inner\"><img decoding=\"async\" class=\"swiper-slide-image\" src=\"https:\/\/fizzyvape.com\/wp-content\/uploads\/2024\/11\/MIXED-BERRY.png\" alt=\"MIXED BERRY\" \/><\/figure><\/div><div class=\"swiper-slide\" role=\"group\" aria-roledescription=\"slide\" aria-label=\"16 \/ 18\"><figure class=\"swiper-slide-inner\"><img decoding=\"async\" class=\"swiper-slide-image\" src=\"https:\/\/fizzyvape.com\/wp-content\/uploads\/2024\/11\/ORANGE-FUDGE.png\" alt=\"ORANGE FUDGE\" \/><\/figure><\/div><div class=\"swiper-slide\" role=\"group\" aria-roledescription=\"slide\" aria-label=\"17 \/ 18\"><figure class=\"swiper-slide-inner\"><img decoding=\"async\" class=\"swiper-slide-image\" src=\"https:\/\/fizzyvape.com\/wp-content\/uploads\/2024\/11\/PASSION-FRUIT-GRAPEFRUIT-JUICE.png\" alt=\"PASSION FRUIT GRAPEFRUIT JUICE\" \/><\/figure><\/div><div class=\"swiper-slide\" role=\"group\" aria-roledescription=\"slide\" aria-label=\"18 \/ 18\"><figure class=\"swiper-slide-inner\"><img decoding=\"async\" class=\"swiper-slide-image\" src=\"https:\/\/fizzyvape.com\/wp-content\/uploads\/2024\/11\/PEACH-CHERRY-LEMON.png\" alt=\"PEACH CHERRY LEMON\" \/><\/figure><\/div>\t\t\t<\/div>\n\t\t\t\t\t\t\t\t\t\t\t\t<div class=\"elementor-swiper-button elementor-swiper-button-prev\" role=\"button\" tabindex=\"0\">\n\t\t\t\t\t\t<svg aria-hidden=\"true\" class=\"e-font-icon-svg e-eicon-chevron-left\" viewBox=\"0 0 1000 1000\" xmlns=\"http:\/\/www.w3.org\/2000\/svg\"><path d=\"M646 125C629 125 613 133 604 142L308 442C296 454 292 471 292 487 292 504 296 521 308 533L604 854C617 867 629 875 646 875 663 875 679 871 692 858 704 846 713 829 713 812 713 796 708 779 692 767L438 487 692 225C700 217 708 204 708 187 708 171 704 154 692 142 675 129 663 125 646 125Z\"><\/path><\/svg>\t\t\t\t\t<\/div>\n\t\t\t\t\t<div class=\"elementor-swiper-button elementor-swiper-button-next\" role=\"button\" tabindex=\"0\">\n\t\t\t\t\t\t<svg aria-hidden=\"true\" class=\"e-font-icon-svg e-eicon-chevron-right\" viewBox=\"0 0 1000 1000\" xmlns=\"http:\/\/www.w3.org\/2000\/svg\"><path d=\"M696 533C708 521 713 504 713 487 713 471 708 454 696 446L400 146C388 133 375 125 354 125 338 125 325 129 313 142 300 154 292 171 292 187 292 204 296 221 308 233L563 492 304 771C292 783 288 800 288 817 288 833 296 850 308 863 321 871 338 875 354 875 371 875 388 867 400 854L696 533Z\"><\/path><\/svg>\t\t\t\t\t<\/div>\n\t\t\t\t\n\t\t\t\t\t\t\t\t\t<div class=\"swiper-pagination\"><\/div>\n\t\t\t\t\t\t\t\t\t<\/div>\n\t\t\t\t\t\t<\/div>\n\t\t\t\t<div class=\"elementor-element elementor-element-36e1fdb elementor-widget elementor-widget-image\" data-id=\"36e1fdb\" data-element_type=\"widget\" data-e-type=\"widget\" data-widget_type=\"image.default\">\n\t\t\t\t\t\t\t\t\t\t\t\t\t\t\t<img loading=\"lazy\" decoding=\"async\" width=\"1920\" height=\"934\" src=\"https:\/\/fizzyvape.com\/wp-content\/uploads\/2024\/11\/Fizzy-Thunder014.jpg\" class=\"attachment-full size-full wp-image-1004\" alt=\"Fizzy Thunder014\" srcset=\"https:\/\/fizzyvape.com\/wp-content\/uploads\/2024\/11\/Fizzy-Thunder014.jpg 1920w, https:\/\/fizzyvape.com\/wp-content\/uploads\/2024\/11\/Fizzy-Thunder014-300x146.jpg 300w, https:\/\/fizzyvape.com\/wp-content\/uploads\/2024\/11\/Fizzy-Thunder014-1024x498.jpg 1024w, https:\/\/fizzyvape.com\/wp-content\/uploads\/2024\/11\/Fizzy-Thunder014-768x374.jpg 768w, https:\/\/fizzyvape.com\/wp-content\/uploads\/2024\/11\/Fizzy-Thunder014-1536x747.jpg 1536w, https:\/\/fizzyvape.com\/wp-content\/uploads\/2024\/11\/Fizzy-Thunder014-600x292.jpg 600w\" sizes=\"auto, (max-width: 1920px) 100vw, 1920px\" \/>\t\t\t\t\t\t\t\t\t\t\t\t\t\t\t<\/div>\n\t\t\t\t<div class=\"elementor-element elementor-element-9293969 elementor-widget elementor-widget-image\" data-id=\"9293969\" data-element_type=\"widget\" data-e-type=\"widget\" data-widget_type=\"image.default\">\n\t\t\t\t\t\t\t\t\t\t\t\t\t\t\t<img loading=\"lazy\" decoding=\"async\" width=\"1920\" height=\"1053\" src=\"https:\/\/fizzyvape.com\/wp-content\/uploads\/2024\/11\/Fizzy-Thunder01.jpg\" class=\"attachment-full size-full wp-image-991\" alt=\"Fizzy Thunder01\" srcset=\"https:\/\/fizzyvape.com\/wp-content\/uploads\/2024\/11\/Fizzy-Thunder01.jpg 1920w, https:\/\/fizzyvape.com\/wp-content\/uploads\/2024\/11\/Fizzy-Thunder01-300x165.jpg 300w, https:\/\/fizzyvape.com\/wp-content\/uploads\/2024\/11\/Fizzy-Thunder01-1024x562.jpg 1024w, https:\/\/fizzyvape.com\/wp-content\/uploads\/2024\/11\/Fizzy-Thunder01-768x421.jpg 768w, https:\/\/fizzyvape.com\/wp-content\/uploads\/2024\/11\/Fizzy-Thunder01-1536x842.jpg 1536w, https:\/\/fizzyvape.com\/wp-content\/uploads\/2024\/11\/Fizzy-Thunder01-600x329.jpg 600w\" sizes=\"auto, (max-width: 1920px) 100vw, 1920px\" \/>\t\t\t\t\t\t\t\t\t\t\t\t\t\t\t<\/div>\n\t\t\t\t<\/div>\n\t\t\t\t<\/div>\n\t\t","protected":false},"excerpt":{"rendered":"<div class=\"flex max-w-full flex-col flex-grow\">\n<div class=\"min-h-8 text-message flex w-full flex-col items-end gap-2 whitespace-normal break-words [.text-message+&amp;]:mt-5\" dir=\"auto\" data-message-author-role=\"assistant\" data-message-id=\"756a31e3-0415-4c41-9b14-4d8abe706043\" data-message-model-slug=\"gpt-4o\">\n<div class=\"flex w-full flex-col gap-1 empty:hidden first:pt-[3px]\">\n<div class=\"markdown prose w-full break-words dark:prose-invert light\">\n<p>St\u00edlusos \u00e9s sz\u00ednes pod rendszer.<\/p>\n<\/div>\n<\/div>\n<\/div>\n<\/div>\n<div class=\"mb-2 flex gap-3 empty:hidden -ml-2\">\n<div class=\"items-center justify-start rounded-xl p-1 flex\">\n<div class=\"flex items-center\">\n<div class=\"flex items-center pb-0\"><\/div>\n<\/div>\n<\/div>\n<\/div>\n","protected":false},"featured_media":788,"comment_status":"open","ping_status":"closed","template":"elementor_header_footer","meta":{"_crdt_document":"","om_disable_all_campaigns":false,"_monsterinsights_skip_tracking":false,"_monsterinsights_sitenote_active":false,"_monsterinsights_sitenote_note":"","_monsterinsights_sitenote_category":0},"product_brand":[],"product_cat":[161],"product_tag":[],"class_list":{"0":"post-32442","1":"product","2":"type-product","3":"status-publish","4":"has-post-thumbnail","6":"product_cat-pod-rendszer","8":"first","9":"instock","10":"shipping-taxable","11":"product-type-simple"},"aioseo_notices":[],"_links":{"self":[{"href":"https:\/\/fizzyvape.com\/hu\/wp-json\/wp\/v2\/product\/32442","targetHints":{"allow":["GET"]}}],"collection":[{"href":"https:\/\/fizzyvape.com\/hu\/wp-json\/wp\/v2\/product"}],"about":[{"href":"https:\/\/fizzyvape.com\/hu\/wp-json\/wp\/v2\/types\/product"}],"replies":[{"embeddable":true,"href":"https:\/\/fizzyvape.com\/hu\/wp-json\/wp\/v2\/comments?post=32442"}],"version-history":[{"count":1,"href":"https:\/\/fizzyvape.com\/hu\/wp-json\/wp\/v2\/product\/32442\/revisions"}],"predecessor-version":[{"id":32452,"href":"https:\/\/fizzyvape.com\/hu\/wp-json\/wp\/v2\/product\/32442\/revisions\/32452"}],"wp:featuredmedia":[{"embeddable":true,"href":"https:\/\/fizzyvape.com\/hu\/wp-json\/wp\/v2\/media\/788"}],"wp:attachment":[{"href":"https:\/\/fizzyvape.com\/hu\/wp-json\/wp\/v2\/media?parent=32442"}],"wp:term":[{"taxonomy":"product_brand","embeddable":true,"href":"https:\/\/fizzyvape.com\/hu\/wp-json\/wp\/v2\/product_brand?post=32442"},{"taxonomy":"product_cat","embeddable":true,"href":"https:\/\/fizzyvape.com\/hu\/wp-json\/wp\/v2\/product_cat?post=32442"},{"taxonomy":"product_tag","embeddable":true,"href":"https:\/\/fizzyvape.com\/hu\/wp-json\/wp\/v2\/product_tag?post=32442"}],"curies":[{"name":"wp","href":"https:\/\/api.w.org\/{rel}","templated":true}]}}