{"id":31764,"date":"2024-11-15T14:10:34","date_gmt":"2024-11-15T06:10:34","guid":{"rendered":"https:\/\/fizzyvape.com\/product\/nova-plus-40000-puffok\/"},"modified":"2026-01-21T15:26:07","modified_gmt":"2026-01-21T07:26:07","slug":"nova-plus-40000-puffok","status":"publish","type":"product","link":"https:\/\/fizzyvape.com\/hu\/product\/nova-plus-40000-puffok\/","title":{"rendered":"Nova Plus 40000 puffok"},"content":{"rendered":"\t\t<div data-elementor-type=\"product-post\" data-elementor-id=\"31764\" class=\"elementor elementor-31764 elementor-488\" data-elementor-post-type=\"product\">\n\t\t\t\t<div class=\"wd-negative-gap elementor-element elementor-element-bcf0db8 e-flex e-con-boxed e-con e-parent\" data-id=\"bcf0db8\" data-element_type=\"container\" data-e-type=\"container\">\n\t\t\t\t\t<div class=\"e-con-inner\">\n\t\t\t\t<div class=\"elementor-element elementor-element-0b1c0fa elementor-widget elementor-widget-heading\" data-id=\"0b1c0fa\" data-element_type=\"widget\" data-e-type=\"widget\" data-widget_type=\"heading.default\">\n\t\t\t\t\t<h1 class=\"elementor-heading-title elementor-size-default\">Fizzy Nova Plus 40000 Puffs Eldobhat\u00f3 Vape - Pr\u00e9mium Vaping Redefined<\/h1>\t\t\t\t<\/div>\n\t\t\t\t<div class=\"elementor-element elementor-element-c6e8de8 color-scheme-inherit text-left elementor-widget elementor-widget-text-editor\" data-id=\"c6e8de8\" data-element_type=\"widget\" data-e-type=\"widget\" data-widget_type=\"text-editor.default\">\n\t\t\t\t\t\t\t\t\t<p>Tapasztald meg az eldobhat\u00f3 p\u00e1rologtat\u00e1s j\u00f6v\u0151j\u00e9t a <strong>Fizzy Nova Plus 40000 Puffs-szal<\/strong>. A kiv\u00e1l\u00f3s\u00e1got ig\u00e9nyl\u0151 vapereknek tervezett \u00fajgener\u00e1ci\u00f3s k\u00e9sz\u00fcl\u00e9k a cs\u00facsteljes\u00edtm\u00e9nyt, a kiv\u00e9teles \u00edzt \u00e9s a p\u00e1ratlan \u00e9lettartamot \u00f6tv\u00f6zi &#8211; mindezt eleg\u00e1ns, utaz\u00e1sra alkalmas form\u00e1ban. <\/p>\t\t\t\t\t\t\t\t<\/div>\n\t\t\t\t<div class=\"elementor-element elementor-element-b9f7c79 elementor-widget elementor-widget-heading\" data-id=\"b9f7c79\" data-element_type=\"widget\" data-e-type=\"widget\" data-widget_type=\"heading.default\">\n\t\t\t\t\t<h2 class=\"elementor-heading-title elementor-size-default\">Mi\u00e9rt v\u00e1lassza a Fizzy Nova Plus-t?<\/h2>\t\t\t\t<\/div>\n\t\t\t\t<div class=\"elementor-element elementor-element-b4e1e3f color-scheme-inherit text-left elementor-widget elementor-widget-text-editor\" data-id=\"b4e1e3f\" data-element_type=\"widget\" data-e-type=\"widget\" data-widget_type=\"text-editor.default\">\n\t\t\t\t\t\t\t\t\t<ul><li><strong>Ultra- High Puff Count &#8211; <\/strong>\u00c9lvezze az ak\u00e1r <strong>40,000 puffot<\/strong>, amely hetekig tart\u00f3, \u00e1lland\u00f3 el\u00e9gedetts\u00e9get biztos\u00edt an\u00e9lk\u00fcl, hogy gyakori cser\u00e9re lenne sz\u00fcks\u00e9g.<\/li><li><strong>Hatalmas E- liquid kapacit\u00e1s<\/strong> &#8211; El\u0151re felt\u00f6ltve <strong>40ml pr\u00e9mium e- liquiddel<\/strong> a val\u00f3ban hosszan tart\u00f3 \u00e9s megszak\u00edt\u00e1s n\u00e9lk\u00fcli p\u00e1rologtat\u00e1si \u00e9lm\u00e9ny\u00e9rt.<\/li><li><strong>Dual Mesh Coil technol\u00f3gia &#8211; <\/strong> <strong>Gazdagabb \u00edz \u00e9s<\/strong> <strong>s\u0171r\u0171bb g\u0151z<\/strong> \u00e9rdek\u00e9ben tervezt\u00e9k, \u00edgy biztos\u00edtva, hogy minden slukk sima, \u00edzletes \u00e9s m\u00e9lyen kiel\u00e9g\u00edt\u0151 legyen.<\/li><li><strong>\u00c1ll\u00edthat\u00f3 szagos\u00edt\u00e1si m\u00f3dok &#8211; <\/strong>V\u00e1ltson a hosszabb akkumul\u00e1tor-\u00e9lettartamot biztos\u00edt\u00f3 <strong>Eco m\u00f3d<\/strong> \u00e9s az intenz\u00edvebb \u00edz \u00e9s g\u0151ztermel\u00e9s \u00e9rdek\u00e9ben a <strong>Turbo m\u00f3d<\/strong> k\u00f6z\u00f6tt &#8211; az \u00d6n preferenci\u00e1ihoz igaz\u00edtva.<\/li><li><strong>Intelligens LED-kijelz\u0151 &#8211; <\/strong>Maradjon ura a helyzetnek a vil\u00e1gos, intelligens kijelz\u0151vel, amely egy pillant\u00e1ssal mutatja az <strong>akkumul\u00e1tor t\u00f6lt\u00f6tts\u00e9gi szintj\u00e9t<\/strong> \u00e9s az <strong>e- folyad\u00e9k \u00e1llapot\u00e1t<\/strong>.<\/li><li><strong>Gyors USB-C t\u00f6lt\u00e9s &#8211; <\/strong>A robusztus <strong>850mAh-s akkumul\u00e1tor<\/strong>ral m\u0171k\u00f6d\u0151 k\u00e9sz\u00fcl\u00e9k mind\u00f6ssze <strong>2 \u00f3ra<\/strong> alatt teljesen felt\u00f6lt\u0151dik, \u00edgy b\u00e1rmikor \u00e9s b\u00e1rhol k\u00e9szen \u00e1ll a vape-ra.<\/li><\/ul>\t\t\t\t\t\t\t\t<\/div>\n\t\t\t\t<div class=\"elementor-element elementor-element-4c4befa elementor-widget elementor-widget-heading\" data-id=\"4c4befa\" data-element_type=\"widget\" data-e-type=\"widget\" data-widget_type=\"heading.default\">\n\t\t\t\t\t<h2 class=\"elementor-heading-title elementor-size-default\">Fizzy Nova Plus 40000 Puffs Eldobhat\u00f3 Vape \u00edzek list\u00e1ja:<\/h2>\t\t\t\t<\/div>\n\t\t\t\t<div class=\"elementor-element elementor-element-aaf8600 color-scheme-inherit text-left elementor-widget elementor-widget-text-editor\" data-id=\"aaf8600\" data-element_type=\"widget\" data-e-type=\"widget\" data-widget_type=\"text-editor.default\">\n\t\t\t\t\t\t\t\t\t<ol><li>Eper Kiwi<\/li><li>\u00c1fonya j\u00e9g<\/li><li>G\u00f6r\u00f6gdinnye j\u00e9g<\/li><li>Barack mang\u00f3 g\u00f6r\u00f6gdinnye<\/li><li>Kiwi Passi\u00f3gy\u00fcm\u00f6lcs Guava<\/li><li>M\u00e1lna citrom<\/li><li>H\u00e1romszoros bogy\u00f3<\/li><li>Barack j\u00e9g<\/li><li>sz\u0151l\u0151 lime<\/li><li>Blue Razz limon\u00e1d\u00e9<\/li><li>Eper j\u00e9g<\/li><li>\u00c1fonya k\u00f3kusz<\/li><\/ol>\t\t\t\t\t\t\t\t<\/div>\n\t\t<div class=\"elementor-element elementor-element-7481ca8 e-con-full e-flex e-con e-child\" data-id=\"7481ca8\" data-element_type=\"container\" data-e-type=\"container\">\n\t\t\t\t<div class=\"elementor-element elementor-element-4032ef5 elementor-widget elementor-widget-button\" data-id=\"4032ef5\" data-element_type=\"widget\" data-e-type=\"widget\" data-widget_type=\"button.default\">\n\t\t\t\t\t\t\t\t\t\t<a class=\"elementor-button elementor-button-link elementor-size-sm\" href=\"https:\/\/shop.fizzyvape.com\/product-category\/fizzy-nova-plus-40000-puffs-disposable-vape\/\">\n\t\t\t\t\t\t<span class=\"elementor-button-content-wrapper\">\n\t\t\t\t\t\t\t\t\t<span class=\"elementor-button-text\">V\u00e1s\u00e1rolja meg most<\/span>\n\t\t\t\t\t<\/span>\n\t\t\t\t\t<\/a>\n\t\t\t\t\t\t\t\t<\/div>\n\t\t\t\t<\/div>\n\t\t\t\t\t<\/div>\n\t\t\t\t<\/div>\n\t\t<div class=\"elementor-element elementor-element-2bc4d93 e-con-full e-flex e-con e-parent\" data-id=\"2bc4d93\" data-element_type=\"container\" data-e-type=\"container\">\n\t\t\t\t<div class=\"elementor-element elementor-element-62a3ae7 elementor-widget elementor-widget-image\" data-id=\"62a3ae7\" data-element_type=\"widget\" data-e-type=\"widget\" data-widget_type=\"image.default\">\n\t\t\t\t\t\t\t\t\t\t\t\t\t\t\t<img loading=\"lazy\" decoding=\"async\" width=\"2121\" height=\"1321\" src=\"https:\/\/fizzyvape.com\/wp-content\/uploads\/2024\/11\/40000\u8be6\u60c5\u9875_01.jpg\" class=\"attachment-full size-full wp-image-31794\" alt=\"40000 puff Disposable Vape\" srcset=\"https:\/\/fizzyvape.com\/wp-content\/uploads\/2024\/11\/40000\u8be6\u60c5\u9875_01.jpg 2121w, https:\/\/fizzyvape.com\/wp-content\/uploads\/2024\/11\/40000\u8be6\u60c5\u9875_01-300x187.jpg 300w, https:\/\/fizzyvape.com\/wp-content\/uploads\/2024\/11\/40000\u8be6\u60c5\u9875_01-1024x638.jpg 1024w, https:\/\/fizzyvape.com\/wp-content\/uploads\/2024\/11\/40000\u8be6\u60c5\u9875_01-768x478.jpg 768w, https:\/\/fizzyvape.com\/wp-content\/uploads\/2024\/11\/40000\u8be6\u60c5\u9875_01-1536x957.jpg 1536w, https:\/\/fizzyvape.com\/wp-content\/uploads\/2024\/11\/40000\u8be6\u60c5\u9875_01-2048x1276.jpg 2048w, https:\/\/fizzyvape.com\/wp-content\/uploads\/2024\/11\/40000\u8be6\u60c5\u9875_01-600x374.jpg 600w, https:\/\/fizzyvape.com\/wp-content\/uploads\/2024\/11\/40000\u8be6\u60c5\u9875_01-150x93.jpg 150w\" sizes=\"auto, (max-width: 2121px) 100vw, 2121px\" \/>\t\t\t\t\t\t\t\t\t\t\t\t\t\t\t<\/div>\n\t\t\t\t<div class=\"elementor-element elementor-element-267f30a elementor-widget elementor-widget-image\" data-id=\"267f30a\" data-element_type=\"widget\" data-e-type=\"widget\" data-widget_type=\"image.default\">\n\t\t\t\t\t\t\t\t\t\t\t\t\t\t\t<img loading=\"lazy\" decoding=\"async\" width=\"2121\" height=\"2519\" src=\"https:\/\/fizzyvape.com\/wp-content\/uploads\/2024\/11\/40000\u8be6\u60c5\u9875_02.jpg\" class=\"attachment-full size-full wp-image-31796\" alt=\"\" srcset=\"https:\/\/fizzyvape.com\/wp-content\/uploads\/2024\/11\/40000\u8be6\u60c5\u9875_02.jpg 2121w, https:\/\/fizzyvape.com\/wp-content\/uploads\/2024\/11\/40000\u8be6\u60c5\u9875_02-253x300.jpg 253w, https:\/\/fizzyvape.com\/wp-content\/uploads\/2024\/11\/40000\u8be6\u60c5\u9875_02-862x1024.jpg 862w, https:\/\/fizzyvape.com\/wp-content\/uploads\/2024\/11\/40000\u8be6\u60c5\u9875_02-768x912.jpg 768w, https:\/\/fizzyvape.com\/wp-content\/uploads\/2024\/11\/40000\u8be6\u60c5\u9875_02-1293x1536.jpg 1293w, https:\/\/fizzyvape.com\/wp-content\/uploads\/2024\/11\/40000\u8be6\u60c5\u9875_02-1724x2048.jpg 1724w, https:\/\/fizzyvape.com\/wp-content\/uploads\/2024\/11\/40000\u8be6\u60c5\u9875_02-600x713.jpg 600w, https:\/\/fizzyvape.com\/wp-content\/uploads\/2024\/11\/40000\u8be6\u60c5\u9875_02-150x178.jpg 150w\" sizes=\"auto, (max-width: 2121px) 100vw, 2121px\" \/>\t\t\t\t\t\t\t\t\t\t\t\t\t\t\t<\/div>\n\t\t\t\t<div class=\"elementor-element elementor-element-4b9c868 elementor-widget elementor-widget-image\" data-id=\"4b9c868\" data-element_type=\"widget\" data-e-type=\"widget\" data-widget_type=\"image.default\">\n\t\t\t\t\t\t\t\t\t\t\t\t\t\t\t<img loading=\"lazy\" decoding=\"async\" width=\"2121\" height=\"1801\" src=\"https:\/\/fizzyvape.com\/wp-content\/uploads\/2024\/11\/40000\u8be6\u60c5\u9875_03.jpg\" class=\"attachment-full size-full wp-image-31798\" alt=\"\" srcset=\"https:\/\/fizzyvape.com\/wp-content\/uploads\/2024\/11\/40000\u8be6\u60c5\u9875_03.jpg 2121w, https:\/\/fizzyvape.com\/wp-content\/uploads\/2024\/11\/40000\u8be6\u60c5\u9875_03-300x255.jpg 300w, https:\/\/fizzyvape.com\/wp-content\/uploads\/2024\/11\/40000\u8be6\u60c5\u9875_03-1024x870.jpg 1024w, https:\/\/fizzyvape.com\/wp-content\/uploads\/2024\/11\/40000\u8be6\u60c5\u9875_03-768x652.jpg 768w, https:\/\/fizzyvape.com\/wp-content\/uploads\/2024\/11\/40000\u8be6\u60c5\u9875_03-1536x1304.jpg 1536w, https:\/\/fizzyvape.com\/wp-content\/uploads\/2024\/11\/40000\u8be6\u60c5\u9875_03-2048x1739.jpg 2048w, https:\/\/fizzyvape.com\/wp-content\/uploads\/2024\/11\/40000\u8be6\u60c5\u9875_03-600x509.jpg 600w, https:\/\/fizzyvape.com\/wp-content\/uploads\/2024\/11\/40000\u8be6\u60c5\u9875_03-150x127.jpg 150w\" sizes=\"auto, (max-width: 2121px) 100vw, 2121px\" \/>\t\t\t\t\t\t\t\t\t\t\t\t\t\t\t<\/div>\n\t\t\t\t<div class=\"elementor-element elementor-element-3d40e8d elementor-widget elementor-widget-image\" data-id=\"3d40e8d\" data-element_type=\"widget\" data-e-type=\"widget\" data-widget_type=\"image.default\">\n\t\t\t\t\t\t\t\t\t\t\t\t\t\t\t<img loading=\"lazy\" decoding=\"async\" width=\"2121\" height=\"2026\" src=\"https:\/\/fizzyvape.com\/wp-content\/uploads\/2024\/11\/40000\u8be6\u60c5\u9875_04.jpg\" class=\"attachment-full size-full wp-image-31800\" alt=\"\" srcset=\"https:\/\/fizzyvape.com\/wp-content\/uploads\/2024\/11\/40000\u8be6\u60c5\u9875_04.jpg 2121w, https:\/\/fizzyvape.com\/wp-content\/uploads\/2024\/11\/40000\u8be6\u60c5\u9875_04-300x287.jpg 300w, https:\/\/fizzyvape.com\/wp-content\/uploads\/2024\/11\/40000\u8be6\u60c5\u9875_04-1024x978.jpg 1024w, https:\/\/fizzyvape.com\/wp-content\/uploads\/2024\/11\/40000\u8be6\u60c5\u9875_04-768x734.jpg 768w, https:\/\/fizzyvape.com\/wp-content\/uploads\/2024\/11\/40000\u8be6\u60c5\u9875_04-1536x1467.jpg 1536w, https:\/\/fizzyvape.com\/wp-content\/uploads\/2024\/11\/40000\u8be6\u60c5\u9875_04-2048x1956.jpg 2048w, https:\/\/fizzyvape.com\/wp-content\/uploads\/2024\/11\/40000\u8be6\u60c5\u9875_04-600x573.jpg 600w, https:\/\/fizzyvape.com\/wp-content\/uploads\/2024\/11\/40000\u8be6\u60c5\u9875_04-150x143.jpg 150w\" sizes=\"auto, (max-width: 2121px) 100vw, 2121px\" \/>\t\t\t\t\t\t\t\t\t\t\t\t\t\t\t<\/div>\n\t\t\t\t<div class=\"elementor-element elementor-element-0ef0b98 elementor-widget elementor-widget-image\" data-id=\"0ef0b98\" data-element_type=\"widget\" data-e-type=\"widget\" data-widget_type=\"image.default\">\n\t\t\t\t\t\t\t\t\t\t\t\t\t\t\t<img loading=\"lazy\" decoding=\"async\" width=\"2121\" height=\"1410\" src=\"https:\/\/fizzyvape.com\/wp-content\/uploads\/2024\/11\/40000\u8be6\u60c5\u9875_05.jpg\" class=\"attachment-full size-full wp-image-31802\" alt=\"\" srcset=\"https:\/\/fizzyvape.com\/wp-content\/uploads\/2024\/11\/40000\u8be6\u60c5\u9875_05.jpg 2121w, https:\/\/fizzyvape.com\/wp-content\/uploads\/2024\/11\/40000\u8be6\u60c5\u9875_05-300x199.jpg 300w, https:\/\/fizzyvape.com\/wp-content\/uploads\/2024\/11\/40000\u8be6\u60c5\u9875_05-1024x681.jpg 1024w, https:\/\/fizzyvape.com\/wp-content\/uploads\/2024\/11\/40000\u8be6\u60c5\u9875_05-768x511.jpg 768w, https:\/\/fizzyvape.com\/wp-content\/uploads\/2024\/11\/40000\u8be6\u60c5\u9875_05-1536x1021.jpg 1536w, https:\/\/fizzyvape.com\/wp-content\/uploads\/2024\/11\/40000\u8be6\u60c5\u9875_05-2048x1361.jpg 2048w, https:\/\/fizzyvape.com\/wp-content\/uploads\/2024\/11\/40000\u8be6\u60c5\u9875_05-600x399.jpg 600w, https:\/\/fizzyvape.com\/wp-content\/uploads\/2024\/11\/40000\u8be6\u60c5\u9875_05-150x100.jpg 150w\" sizes=\"auto, (max-width: 2121px) 100vw, 2121px\" \/>\t\t\t\t\t\t\t\t\t\t\t\t\t\t\t<\/div>\n\t\t\t\t<\/div>\n\t\t\t\t<\/div>\n\t\t","protected":false},"excerpt":{"rendered":"<p>\u00c9lvezze az ultra-hossz\u00fa g\u0151z\u00f6l\u00e9st ak\u00e1r <strong>40 000 puffol\u00e1ssal<\/strong>, a <strong>kett\u0151s h\u00e1l\u00f3s tekercsek<\/strong> gazdag \u00edz\u00e9t \u00e9s az intelligens testreszab\u00e1st az <strong>Eco \u00e9s Turbo \u00fczemm\u00f3dokkal<\/strong>. A <strong>40 ml e-folyad\u00e9kkal<\/strong>, <strong>\u00fajrat\u00f6lthet\u0151 850 mAh-s akkumul\u00e1torral<\/strong> \u00e9s <strong>eleg\u00e1ns f\u00e9m kivitelben<\/strong> a Nova Plus \u00fajradefini\u00e1lja az eldobhat\u00f3 vape-k\u00e9sz\u00fcl\u00e9keket. <\/p>\n","protected":false},"featured_media":29121,"comment_status":"closed","ping_status":"closed","template":"","meta":{"_crdt_document":"","om_disable_all_campaigns":false,"_monsterinsights_skip_tracking":false,"_monsterinsights_sitenote_active":false,"_monsterinsights_sitenote_note":"","_monsterinsights_sitenote_category":0},"product_brand":[],"product_cat":[162,163],"product_tag":[],"class_list":{"0":"post-31764","1":"product","2":"type-product","3":"status-publish","4":"has-post-thumbnail","6":"product_cat-eldobhato-vape","7":"product_cat-ujratoltheto-vapes","9":"first","10":"instock","11":"shipping-taxable","12":"product-type-simple"},"aioseo_notices":[],"_links":{"self":[{"href":"https:\/\/fizzyvape.com\/hu\/wp-json\/wp\/v2\/product\/31764","targetHints":{"allow":["GET"]}}],"collection":[{"href":"https:\/\/fizzyvape.com\/hu\/wp-json\/wp\/v2\/product"}],"about":[{"href":"https:\/\/fizzyvape.com\/hu\/wp-json\/wp\/v2\/types\/product"}],"replies":[{"embeddable":true,"href":"https:\/\/fizzyvape.com\/hu\/wp-json\/wp\/v2\/comments?post=31764"}],"version-history":[{"count":1,"href":"https:\/\/fizzyvape.com\/hu\/wp-json\/wp\/v2\/product\/31764\/revisions"}],"predecessor-version":[{"id":31821,"href":"https:\/\/fizzyvape.com\/hu\/wp-json\/wp\/v2\/product\/31764\/revisions\/31821"}],"wp:featuredmedia":[{"embeddable":true,"href":"https:\/\/fizzyvape.com\/hu\/wp-json\/wp\/v2\/media\/29121"}],"wp:attachment":[{"href":"https:\/\/fizzyvape.com\/hu\/wp-json\/wp\/v2\/media?parent=31764"}],"wp:term":[{"taxonomy":"product_brand","embeddable":true,"href":"https:\/\/fizzyvape.com\/hu\/wp-json\/wp\/v2\/product_brand?post=31764"},{"taxonomy":"product_cat","embeddable":true,"href":"https:\/\/fizzyvape.com\/hu\/wp-json\/wp\/v2\/product_cat?post=31764"},{"taxonomy":"product_tag","embeddable":true,"href":"https:\/\/fizzyvape.com\/hu\/wp-json\/wp\/v2\/product_tag?post=31764"}],"curies":[{"name":"wp","href":"https:\/\/api.w.org\/{rel}","templated":true}]}}