{"id":31584,"date":"2024-11-15T14:10:18","date_gmt":"2024-11-15T06:10:18","guid":{"rendered":"https:\/\/fizzyvape.com\/product\/luxus-15000-puffok\/"},"modified":"2026-01-21T15:26:06","modified_gmt":"2026-01-21T07:26:06","slug":"luxus-15000-puffok","status":"publish","type":"product","link":"https:\/\/fizzyvape.com\/hu\/product\/luxus-15000-puffok\/","title":{"rendered":"Luxus 15000 puffok"},"content":{"rendered":"\t\t<div data-elementor-type=\"product-post\" data-elementor-id=\"31584\" class=\"elementor elementor-31584 elementor-486\" data-elementor-post-type=\"product\">\n\t\t\t\t<div class=\"elementor-element elementor-element-a4d0029 e-con-full e-flex e-con e-parent\" data-id=\"a4d0029\" data-element_type=\"container\" data-e-type=\"container\">\n\t\t<div class=\"elementor-element elementor-element-41882da e-con-full e-flex e-con e-child\" data-id=\"41882da\" data-element_type=\"container\" data-e-type=\"container\">\n\t\t\t\t<\/div>\n\t\t\t\t<div class=\"elementor-element elementor-element-1cfafac elementor-widget elementor-widget-image\" data-id=\"1cfafac\" data-element_type=\"widget\" data-e-type=\"widget\" data-widget_type=\"image.default\">\n\t\t\t\t\t\t\t\t\t\t\t\t\t\t\t<img loading=\"lazy\" decoding=\"async\" width=\"2560\" height=\"1197\" src=\"https:\/\/fizzyvape.com\/wp-content\/uploads\/2024\/11\/Fizzy-Luxury08.jpg\" class=\"attachment-full size-full wp-image-31606\" alt=\"Fizzy Luxury08\" srcset=\"https:\/\/fizzyvape.com\/wp-content\/uploads\/2024\/11\/Fizzy-Luxury08.jpg 2560w, https:\/\/fizzyvape.com\/wp-content\/uploads\/2024\/11\/Fizzy-Luxury08-300x140.jpg 300w, https:\/\/fizzyvape.com\/wp-content\/uploads\/2024\/11\/Fizzy-Luxury08-1024x479.jpg 1024w, https:\/\/fizzyvape.com\/wp-content\/uploads\/2024\/11\/Fizzy-Luxury08-768x359.jpg 768w, https:\/\/fizzyvape.com\/wp-content\/uploads\/2024\/11\/Fizzy-Luxury08-1536x718.jpg 1536w, https:\/\/fizzyvape.com\/wp-content\/uploads\/2024\/11\/Fizzy-Luxury08-2048x958.jpg 2048w, https:\/\/fizzyvape.com\/wp-content\/uploads\/2024\/11\/Fizzy-Luxury08-600x281.jpg 600w, https:\/\/fizzyvape.com\/wp-content\/uploads\/2024\/11\/Fizzy-Luxury08-150x70.jpg 150w\" sizes=\"auto, (max-width: 2560px) 100vw, 2560px\" \/>\t\t\t\t\t\t\t\t\t\t\t\t\t\t\t<\/div>\n\t\t\t\t<div class=\"elementor-element elementor-element-0c9a000 elementor-widget elementor-widget-image\" data-id=\"0c9a000\" data-element_type=\"widget\" data-e-type=\"widget\" data-widget_type=\"image.default\">\n\t\t\t\t\t\t\t\t\t\t\t\t\t\t\t<img loading=\"lazy\" decoding=\"async\" width=\"2560\" height=\"1198\" src=\"https:\/\/fizzyvape.com\/wp-content\/uploads\/2024\/11\/Fizzy-Luxury09.jpg\" class=\"attachment-full size-full wp-image-31608\" alt=\"Fizzy Luxury09\" srcset=\"https:\/\/fizzyvape.com\/wp-content\/uploads\/2024\/11\/Fizzy-Luxury09.jpg 2560w, https:\/\/fizzyvape.com\/wp-content\/uploads\/2024\/11\/Fizzy-Luxury09-300x140.jpg 300w, https:\/\/fizzyvape.com\/wp-content\/uploads\/2024\/11\/Fizzy-Luxury09-1024x479.jpg 1024w, https:\/\/fizzyvape.com\/wp-content\/uploads\/2024\/11\/Fizzy-Luxury09-768x359.jpg 768w, https:\/\/fizzyvape.com\/wp-content\/uploads\/2024\/11\/Fizzy-Luxury09-1536x719.jpg 1536w, https:\/\/fizzyvape.com\/wp-content\/uploads\/2024\/11\/Fizzy-Luxury09-2048x958.jpg 2048w, https:\/\/fizzyvape.com\/wp-content\/uploads\/2024\/11\/Fizzy-Luxury09-600x281.jpg 600w, https:\/\/fizzyvape.com\/wp-content\/uploads\/2024\/11\/Fizzy-Luxury09-150x70.jpg 150w\" sizes=\"auto, (max-width: 2560px) 100vw, 2560px\" \/>\t\t\t\t\t\t\t\t\t\t\t\t\t\t\t<\/div>\n\t\t\t\t<div class=\"elementor-element elementor-element-6537695 elementor-widget elementor-widget-image\" data-id=\"6537695\" data-element_type=\"widget\" data-e-type=\"widget\" data-widget_type=\"image.default\">\n\t\t\t\t\t\t\t\t\t\t\t\t\t\t\t<img loading=\"lazy\" decoding=\"async\" width=\"2560\" height=\"1199\" src=\"https:\/\/fizzyvape.com\/wp-content\/uploads\/2024\/11\/Fizzy-Luxury01.jpg\" class=\"attachment-full size-full wp-image-31592\" alt=\"Fizzy Luxury01\" srcset=\"https:\/\/fizzyvape.com\/wp-content\/uploads\/2024\/11\/Fizzy-Luxury01.jpg 2560w, https:\/\/fizzyvape.com\/wp-content\/uploads\/2024\/11\/Fizzy-Luxury01-300x141.jpg 300w, https:\/\/fizzyvape.com\/wp-content\/uploads\/2024\/11\/Fizzy-Luxury01-1024x480.jpg 1024w, https:\/\/fizzyvape.com\/wp-content\/uploads\/2024\/11\/Fizzy-Luxury01-768x360.jpg 768w, https:\/\/fizzyvape.com\/wp-content\/uploads\/2024\/11\/Fizzy-Luxury01-1536x719.jpg 1536w, https:\/\/fizzyvape.com\/wp-content\/uploads\/2024\/11\/Fizzy-Luxury01-2048x959.jpg 2048w, https:\/\/fizzyvape.com\/wp-content\/uploads\/2024\/11\/Fizzy-Luxury01-600x281.jpg 600w, https:\/\/fizzyvape.com\/wp-content\/uploads\/2024\/11\/Fizzy-Luxury01-150x70.jpg 150w\" sizes=\"auto, (max-width: 2560px) 100vw, 2560px\" \/>\t\t\t\t\t\t\t\t\t\t\t\t\t\t\t<\/div>\n\t\t\t\t<div class=\"elementor-element elementor-element-99a1839 elementor-widget elementor-widget-image\" data-id=\"99a1839\" data-element_type=\"widget\" data-e-type=\"widget\" data-widget_type=\"image.default\">\n\t\t\t\t\t\t\t\t\t\t\t\t\t\t\t<img loading=\"lazy\" decoding=\"async\" width=\"2560\" height=\"1200\" src=\"https:\/\/fizzyvape.com\/wp-content\/uploads\/2024\/11\/Fizzy-Luxury02.jpg\" class=\"attachment-full size-full wp-image-31594\" alt=\"Fizzy Luxury02\" srcset=\"https:\/\/fizzyvape.com\/wp-content\/uploads\/2024\/11\/Fizzy-Luxury02.jpg 2560w, https:\/\/fizzyvape.com\/wp-content\/uploads\/2024\/11\/Fizzy-Luxury02-300x141.jpg 300w, https:\/\/fizzyvape.com\/wp-content\/uploads\/2024\/11\/Fizzy-Luxury02-1024x480.jpg 1024w, https:\/\/fizzyvape.com\/wp-content\/uploads\/2024\/11\/Fizzy-Luxury02-768x360.jpg 768w, https:\/\/fizzyvape.com\/wp-content\/uploads\/2024\/11\/Fizzy-Luxury02-1536x720.jpg 1536w, https:\/\/fizzyvape.com\/wp-content\/uploads\/2024\/11\/Fizzy-Luxury02-2048x960.jpg 2048w, https:\/\/fizzyvape.com\/wp-content\/uploads\/2024\/11\/Fizzy-Luxury02-600x281.jpg 600w, https:\/\/fizzyvape.com\/wp-content\/uploads\/2024\/11\/Fizzy-Luxury02-150x70.jpg 150w\" sizes=\"auto, (max-width: 2560px) 100vw, 2560px\" \/>\t\t\t\t\t\t\t\t\t\t\t\t\t\t\t<\/div>\n\t\t\t\t<div class=\"elementor-element elementor-element-62dd03d elementor-widget elementor-widget-image\" data-id=\"62dd03d\" data-element_type=\"widget\" data-e-type=\"widget\" data-widget_type=\"image.default\">\n\t\t\t\t\t\t\t\t\t\t\t\t\t\t\t<img loading=\"lazy\" decoding=\"async\" width=\"2560\" height=\"1200\" src=\"https:\/\/fizzyvape.com\/wp-content\/uploads\/2024\/11\/Fizzy-Luxury03.jpg\" class=\"attachment-full size-full wp-image-31596\" alt=\"Fizzy Luxury03\" srcset=\"https:\/\/fizzyvape.com\/wp-content\/uploads\/2024\/11\/Fizzy-Luxury03.jpg 2560w, https:\/\/fizzyvape.com\/wp-content\/uploads\/2024\/11\/Fizzy-Luxury03-300x141.jpg 300w, https:\/\/fizzyvape.com\/wp-content\/uploads\/2024\/11\/Fizzy-Luxury03-1024x480.jpg 1024w, https:\/\/fizzyvape.com\/wp-content\/uploads\/2024\/11\/Fizzy-Luxury03-768x360.jpg 768w, https:\/\/fizzyvape.com\/wp-content\/uploads\/2024\/11\/Fizzy-Luxury03-1536x720.jpg 1536w, https:\/\/fizzyvape.com\/wp-content\/uploads\/2024\/11\/Fizzy-Luxury03-2048x960.jpg 2048w, https:\/\/fizzyvape.com\/wp-content\/uploads\/2024\/11\/Fizzy-Luxury03-600x281.jpg 600w, https:\/\/fizzyvape.com\/wp-content\/uploads\/2024\/11\/Fizzy-Luxury03-150x70.jpg 150w\" sizes=\"auto, (max-width: 2560px) 100vw, 2560px\" \/>\t\t\t\t\t\t\t\t\t\t\t\t\t\t\t<\/div>\n\t\t\t\t<div class=\"elementor-element elementor-element-e8cec2b elementor-widget elementor-widget-image\" data-id=\"e8cec2b\" data-element_type=\"widget\" data-e-type=\"widget\" data-widget_type=\"image.default\">\n\t\t\t\t\t\t\t\t\t\t\t\t\t\t\t<img loading=\"lazy\" decoding=\"async\" width=\"2560\" height=\"1199\" src=\"https:\/\/fizzyvape.com\/wp-content\/uploads\/2024\/11\/Fizzy-Luxury04.jpg\" class=\"attachment-full size-full wp-image-31598\" alt=\"Fizzy Luxury04\" srcset=\"https:\/\/fizzyvape.com\/wp-content\/uploads\/2024\/11\/Fizzy-Luxury04.jpg 2560w, https:\/\/fizzyvape.com\/wp-content\/uploads\/2024\/11\/Fizzy-Luxury04-300x141.jpg 300w, https:\/\/fizzyvape.com\/wp-content\/uploads\/2024\/11\/Fizzy-Luxury04-1024x480.jpg 1024w, https:\/\/fizzyvape.com\/wp-content\/uploads\/2024\/11\/Fizzy-Luxury04-768x360.jpg 768w, https:\/\/fizzyvape.com\/wp-content\/uploads\/2024\/11\/Fizzy-Luxury04-1536x719.jpg 1536w, https:\/\/fizzyvape.com\/wp-content\/uploads\/2024\/11\/Fizzy-Luxury04-2048x959.jpg 2048w, https:\/\/fizzyvape.com\/wp-content\/uploads\/2024\/11\/Fizzy-Luxury04-600x281.jpg 600w, https:\/\/fizzyvape.com\/wp-content\/uploads\/2024\/11\/Fizzy-Luxury04-150x70.jpg 150w\" sizes=\"auto, (max-width: 2560px) 100vw, 2560px\" \/>\t\t\t\t\t\t\t\t\t\t\t\t\t\t\t<\/div>\n\t\t\t\t<div class=\"elementor-element elementor-element-8405358 elementor-widget elementor-widget-image\" data-id=\"8405358\" data-element_type=\"widget\" data-e-type=\"widget\" data-widget_type=\"image.default\">\n\t\t\t\t\t\t\t\t\t\t\t\t\t\t\t<img loading=\"lazy\" decoding=\"async\" width=\"2560\" height=\"1200\" src=\"https:\/\/fizzyvape.com\/wp-content\/uploads\/2024\/11\/Fizzy-Luxury05.jpg\" class=\"attachment-full size-full wp-image-31600\" alt=\"Fizzy Luxury05\" srcset=\"https:\/\/fizzyvape.com\/wp-content\/uploads\/2024\/11\/Fizzy-Luxury05.jpg 2560w, https:\/\/fizzyvape.com\/wp-content\/uploads\/2024\/11\/Fizzy-Luxury05-300x141.jpg 300w, https:\/\/fizzyvape.com\/wp-content\/uploads\/2024\/11\/Fizzy-Luxury05-1024x480.jpg 1024w, https:\/\/fizzyvape.com\/wp-content\/uploads\/2024\/11\/Fizzy-Luxury05-768x360.jpg 768w, https:\/\/fizzyvape.com\/wp-content\/uploads\/2024\/11\/Fizzy-Luxury05-1536x720.jpg 1536w, https:\/\/fizzyvape.com\/wp-content\/uploads\/2024\/11\/Fizzy-Luxury05-2048x960.jpg 2048w, https:\/\/fizzyvape.com\/wp-content\/uploads\/2024\/11\/Fizzy-Luxury05-600x281.jpg 600w, https:\/\/fizzyvape.com\/wp-content\/uploads\/2024\/11\/Fizzy-Luxury05-150x70.jpg 150w\" sizes=\"auto, (max-width: 2560px) 100vw, 2560px\" \/>\t\t\t\t\t\t\t\t\t\t\t\t\t\t\t<\/div>\n\t\t\t\t<div class=\"elementor-element elementor-element-028d8c0 elementor-arrows-position-inside elementor-pagination-position-outside elementor-widget elementor-widget-image-carousel\" data-id=\"028d8c0\" data-element_type=\"widget\" data-e-type=\"widget\" data-settings=\"{&quot;slides_to_show&quot;:&quot;3&quot;,&quot;navigation&quot;:&quot;both&quot;,&quot;autoplay&quot;:&quot;yes&quot;,&quot;pause_on_hover&quot;:&quot;yes&quot;,&quot;pause_on_interaction&quot;:&quot;yes&quot;,&quot;autoplay_speed&quot;:5000,&quot;infinite&quot;:&quot;yes&quot;,&quot;speed&quot;:500}\" data-widget_type=\"image-carousel.default\">\n\t\t\t\t\t\t\t<div class=\"elementor-image-carousel-wrapper swiper\" role=\"region\" aria-roledescription=\"carousel\" aria-label=\"\u56fe\u50cf\u8f6e\u64ad\" dir=\"ltr\">\n\t\t\t<div class=\"elementor-image-carousel swiper-wrapper\" aria-live=\"off\">\n\t\t\t\t\t\t\t\t<div class=\"swiper-slide\" role=\"group\" aria-roledescription=\"slide\" aria-label=\"1 \/ 15\"><figure class=\"swiper-slide-inner\"><img decoding=\"async\" class=\"swiper-slide-image\" src=\"https:\/\/fizzyvape.com\/wp-content\/uploads\/2024\/11\/Fizzy-Luxury-Flavor01.png\" alt=\"Fizzy Luxury Flavor01\" \/><\/figure><\/div><div class=\"swiper-slide\" role=\"group\" aria-roledescription=\"slide\" aria-label=\"2 \/ 15\"><figure class=\"swiper-slide-inner\"><img decoding=\"async\" class=\"swiper-slide-image\" src=\"https:\/\/fizzyvape.com\/wp-content\/uploads\/2024\/11\/Fizzy-Luxury-Flavor02.png\" alt=\"Fizzy Luxury Flavor02\" \/><\/figure><\/div><div class=\"swiper-slide\" role=\"group\" aria-roledescription=\"slide\" aria-label=\"3 \/ 15\"><figure class=\"swiper-slide-inner\"><img decoding=\"async\" class=\"swiper-slide-image\" src=\"https:\/\/fizzyvape.com\/wp-content\/uploads\/2024\/11\/Fizzy-Luxury-Flavor03.png\" alt=\"Fizzy Luxury Flavor03\" \/><\/figure><\/div><div class=\"swiper-slide\" role=\"group\" aria-roledescription=\"slide\" aria-label=\"4 \/ 15\"><figure class=\"swiper-slide-inner\"><img decoding=\"async\" class=\"swiper-slide-image\" src=\"https:\/\/fizzyvape.com\/wp-content\/uploads\/2024\/11\/Fizzy-Luxury-Flavor04.png\" alt=\"Fizzy Luxury Flavor04\" \/><\/figure><\/div><div class=\"swiper-slide\" role=\"group\" aria-roledescription=\"slide\" aria-label=\"5 \/ 15\"><figure class=\"swiper-slide-inner\"><img decoding=\"async\" class=\"swiper-slide-image\" src=\"https:\/\/fizzyvape.com\/wp-content\/uploads\/2024\/11\/Fizzy-Luxury-Flavor05.png\" alt=\"Fizzy Luxury Flavor05\" \/><\/figure><\/div><div class=\"swiper-slide\" role=\"group\" aria-roledescription=\"slide\" aria-label=\"6 \/ 15\"><figure class=\"swiper-slide-inner\"><img decoding=\"async\" class=\"swiper-slide-image\" src=\"https:\/\/fizzyvape.com\/wp-content\/uploads\/2024\/11\/Fizzy-Luxury-Flavor06.png\" alt=\"Fizzy Luxury Flavor06\" \/><\/figure><\/div><div class=\"swiper-slide\" role=\"group\" aria-roledescription=\"slide\" aria-label=\"7 \/ 15\"><figure class=\"swiper-slide-inner\"><img decoding=\"async\" class=\"swiper-slide-image\" src=\"https:\/\/fizzyvape.com\/wp-content\/uploads\/2024\/11\/Fizzy-Luxury-Flavor07.png\" alt=\"Fizzy Luxury Flavor07\" \/><\/figure><\/div><div class=\"swiper-slide\" role=\"group\" aria-roledescription=\"slide\" aria-label=\"8 \/ 15\"><figure class=\"swiper-slide-inner\"><img decoding=\"async\" class=\"swiper-slide-image\" src=\"https:\/\/fizzyvape.com\/wp-content\/uploads\/2024\/11\/Fizzy-Luxury-Flavor08.png\" alt=\"Fizzy Luxury Flavor08\" \/><\/figure><\/div><div class=\"swiper-slide\" role=\"group\" aria-roledescription=\"slide\" aria-label=\"9 \/ 15\"><figure class=\"swiper-slide-inner\"><img decoding=\"async\" class=\"swiper-slide-image\" src=\"https:\/\/fizzyvape.com\/wp-content\/uploads\/2024\/11\/Fizzy-Luxury-Flavor09.png\" alt=\"Fizzy Luxury Flavor09\" \/><\/figure><\/div><div class=\"swiper-slide\" role=\"group\" aria-roledescription=\"slide\" aria-label=\"10 \/ 15\"><figure class=\"swiper-slide-inner\"><img decoding=\"async\" class=\"swiper-slide-image\" src=\"https:\/\/fizzyvape.com\/wp-content\/uploads\/2024\/11\/Fizzy-Luxury-Flavor010.png\" alt=\"Fizzy Luxury Flavor010\" \/><\/figure><\/div><div class=\"swiper-slide\" role=\"group\" aria-roledescription=\"slide\" aria-label=\"11 \/ 15\"><figure class=\"swiper-slide-inner\"><img decoding=\"async\" class=\"swiper-slide-image\" src=\"https:\/\/fizzyvape.com\/wp-content\/uploads\/2024\/11\/Fizzy-Luxury-Flavor011.png\" alt=\"Fizzy Luxury Flavor011\" \/><\/figure><\/div><div class=\"swiper-slide\" role=\"group\" aria-roledescription=\"slide\" aria-label=\"12 \/ 15\"><figure class=\"swiper-slide-inner\"><img decoding=\"async\" class=\"swiper-slide-image\" src=\"https:\/\/fizzyvape.com\/wp-content\/uploads\/2024\/11\/Fizzy-Luxury-Flavor012.png\" alt=\"Fizzy Luxury Flavor012\" \/><\/figure><\/div><div class=\"swiper-slide\" role=\"group\" aria-roledescription=\"slide\" aria-label=\"13 \/ 15\"><figure class=\"swiper-slide-inner\"><img decoding=\"async\" class=\"swiper-slide-image\" src=\"https:\/\/fizzyvape.com\/wp-content\/uploads\/2024\/11\/Fizzy-Luxury-Flavor013.png\" alt=\"Fizzy Luxury Flavor013\" \/><\/figure><\/div><div class=\"swiper-slide\" role=\"group\" aria-roledescription=\"slide\" aria-label=\"14 \/ 15\"><figure class=\"swiper-slide-inner\"><img decoding=\"async\" class=\"swiper-slide-image\" src=\"https:\/\/fizzyvape.com\/wp-content\/uploads\/2024\/11\/Fizzy-Luxury-Flavor014.png\" alt=\"Fizzy Luxury Flavor014\" \/><\/figure><\/div><div class=\"swiper-slide\" role=\"group\" aria-roledescription=\"slide\" aria-label=\"15 \/ 15\"><figure class=\"swiper-slide-inner\"><img decoding=\"async\" class=\"swiper-slide-image\" src=\"https:\/\/fizzyvape.com\/wp-content\/uploads\/2024\/11\/Fizzy-Luxury-Flavor015.png\" alt=\"Fizzy Luxury Flavor015\" \/><\/figure><\/div>\t\t\t<\/div>\n\t\t\t\t\t\t\t\t\t\t\t\t<div class=\"elementor-swiper-button elementor-swiper-button-prev\" role=\"button\" tabindex=\"0\">\n\t\t\t\t\t\t<svg aria-hidden=\"true\" class=\"e-font-icon-svg e-eicon-chevron-left\" viewBox=\"0 0 1000 1000\" xmlns=\"http:\/\/www.w3.org\/2000\/svg\"><path d=\"M646 125C629 125 613 133 604 142L308 442C296 454 292 471 292 487 292 504 296 521 308 533L604 854C617 867 629 875 646 875 663 875 679 871 692 858 704 846 713 829 713 812 713 796 708 779 692 767L438 487 692 225C700 217 708 204 708 187 708 171 704 154 692 142 675 129 663 125 646 125Z\"><\/path><\/svg>\t\t\t\t\t<\/div>\n\t\t\t\t\t<div class=\"elementor-swiper-button elementor-swiper-button-next\" role=\"button\" tabindex=\"0\">\n\t\t\t\t\t\t<svg aria-hidden=\"true\" class=\"e-font-icon-svg e-eicon-chevron-right\" viewBox=\"0 0 1000 1000\" xmlns=\"http:\/\/www.w3.org\/2000\/svg\"><path d=\"M696 533C708 521 713 504 713 487 713 471 708 454 696 446L400 146C388 133 375 125 354 125 338 125 325 129 313 142 300 154 292 171 292 187 292 204 296 221 308 233L563 492 304 771C292 783 288 800 288 817 288 833 296 850 308 863 321 871 338 875 354 875 371 875 388 867 400 854L696 533Z\"><\/path><\/svg>\t\t\t\t\t<\/div>\n\t\t\t\t\n\t\t\t\t\t\t\t\t\t<div class=\"swiper-pagination\"><\/div>\n\t\t\t\t\t\t\t\t\t<\/div>\n\t\t\t\t\t\t<\/div>\n\t\t\t\t<div class=\"elementor-element elementor-element-ddc6e7b elementor-widget elementor-widget-image\" data-id=\"ddc6e7b\" data-element_type=\"widget\" data-e-type=\"widget\" data-widget_type=\"image.default\">\n\t\t\t\t\t\t\t\t\t\t\t\t\t\t\t<img loading=\"lazy\" decoding=\"async\" width=\"2560\" height=\"1201\" src=\"https:\/\/fizzyvape.com\/wp-content\/uploads\/2024\/11\/Fizzy-Luxury07.jpg\" class=\"attachment-full size-full wp-image-31604\" alt=\"Fizzy Luxury07\" srcset=\"https:\/\/fizzyvape.com\/wp-content\/uploads\/2024\/11\/Fizzy-Luxury07.jpg 2560w, https:\/\/fizzyvape.com\/wp-content\/uploads\/2024\/11\/Fizzy-Luxury07-300x141.jpg 300w, https:\/\/fizzyvape.com\/wp-content\/uploads\/2024\/11\/Fizzy-Luxury07-1024x480.jpg 1024w, https:\/\/fizzyvape.com\/wp-content\/uploads\/2024\/11\/Fizzy-Luxury07-768x360.jpg 768w, https:\/\/fizzyvape.com\/wp-content\/uploads\/2024\/11\/Fizzy-Luxury07-1536x721.jpg 1536w, https:\/\/fizzyvape.com\/wp-content\/uploads\/2024\/11\/Fizzy-Luxury07-2048x961.jpg 2048w, https:\/\/fizzyvape.com\/wp-content\/uploads\/2024\/11\/Fizzy-Luxury07-600x281.jpg 600w, https:\/\/fizzyvape.com\/wp-content\/uploads\/2024\/11\/Fizzy-Luxury07-150x70.jpg 150w\" sizes=\"auto, (max-width: 2560px) 100vw, 2560px\" \/>\t\t\t\t\t\t\t\t\t\t\t\t\t\t\t<\/div>\n\t\t<div class=\"elementor-element elementor-element-e245f44 e-con-full e-flex e-con e-child\" data-id=\"e245f44\" data-element_type=\"container\" data-e-type=\"container\">\n\t\t\t\t<div class=\"elementor-element elementor-element-1dafd8c elementor-widget elementor-widget-heading\" data-id=\"1dafd8c\" data-element_type=\"widget\" data-e-type=\"widget\" data-widget_type=\"heading.default\">\n\t\t\t\t\t<h1 class=\"elementor-heading-title elementor-size-default\">Fizzy Luxury 15000 Puffs Eldobhat\u00f3 Vape - A pr\u00e9mium teljes\u00edtm\u00e9ny tal\u00e1lkozik a szem\u00e9lyre szabott vapinggel<\/h1>\t\t\t\t<\/div>\n\t\t\t\t<div class=\"elementor-element elementor-element-e23e1a3 color-scheme-inherit text-left elementor-widget elementor-widget-text-editor\" data-id=\"e23e1a3\" data-element_type=\"widget\" data-e-type=\"widget\" data-widget_type=\"text-editor.default\">\n\t\t\t\t\t\t\t\t\t<p>A Fizzy Luxury olyan vaperek sz\u00e1m\u00e1ra k\u00e9sz\u00fclt, akik kifinomults\u00e1got, er\u0151t \u00e9s kontrollt ig\u00e9nyelnek minden egyes slukkban. Ak\u00e1r 15.000 puffol\u00e1ssal \u00e9s nagyvonal\u00fa, 22 ml-es e-folyad\u00e9k kapacit\u00e1ssal hosszan tart\u00f3, gazdagon \u00edzgazdag \u00e9lm\u00e9nyt ny\u00fajt. <\/p><p>Fejlett h\u00e1l\u00f3s tekercs technol\u00f3gi\u00e1val tervezve, egyenletesen sima g\u0151zt \u00e9s mer\u00e9sz \u00edzt produk\u00e1l. Az \u00e1ll\u00edthat\u00f3 l\u00e9g\u00e1raml\u00e1si rendszer lehet\u0151v\u00e9 teszi a felhaszn\u00e1l\u00f3k sz\u00e1m\u00e1ra, hogy a szem\u00e9lyes preferenci\u00e1knak megfelel\u0151en finomhangolj\u00e1k a h\u00faz\u00e1st &#8211; legyen az sz\u0171k vagy l\u00e9gies. <\/p><p>A be\u00e9p\u00edtett LCD kijelz\u0151 val\u00f3s idej\u0171 friss\u00edt\u00e9seket biztos\u00edt az akkumul\u00e1tor \u00e9lettartam\u00e1r\u00f3l \u00e9s az e-folyad\u00e9k szintj\u00e9r\u0151l, \u00edgy mindig k\u00e9zben tarthatja a dolgokat. A Fizzy Luxury egy eleg\u00e1ns f\u00e9mtestben tal\u00e1lhat\u00f3, a k\u00f6nny\u0171 hordozhat\u00f3s\u00e1g \u00e9rdek\u00e9ben nyakl\u00e1nclyukkal ell\u00e1tott, \u00e9s a Fizzy Luxury egyes\u00edti az eleganci\u00e1t a mindennapi praktikuss\u00e1ggal. <\/p>\t\t\t\t\t\t\t\t<\/div>\n\t\t\t\t<div class=\"elementor-element elementor-element-34ddd79 elementor-widget elementor-widget-heading\" data-id=\"34ddd79\" data-element_type=\"widget\" data-e-type=\"widget\" data-widget_type=\"heading.default\">\n\t\t\t\t\t<h2 class=\"elementor-heading-title elementor-size-default\">Mi\u00e9rt v\u00e1lassza a Fizzy Luxury-t?<\/h2>\t\t\t\t<\/div>\n\t\t\t\t<div class=\"elementor-element elementor-element-14580b8 color-scheme-inherit text-left elementor-widget elementor-widget-text-editor\" data-id=\"14580b8\" data-element_type=\"widget\" data-e-type=\"widget\" data-widget_type=\"text-editor.default\">\n\t\t\t\t\t\t\t\t\t<p>\ud83d\udd3915<strong>,000 puff kapacit\u00e1s<\/strong><br>Ak\u00e1r 15,000 sima puffot biztos\u00edt a hosszabb, megszak\u00edt\u00e1s n\u00e9lk\u00fcli p\u00e1rologtat\u00e1si \u00e9lm\u00e9ny\u00e9rt.<\/p><p>\ud83d\udd39Pr\u00e9mium<strong>f\u00e9mszerkezet<\/strong><br>Tart\u00f3s \u00e9s karcs\u00fa f\u00e9mtest, amely eleg\u00e1ns \u00e9s tart\u00f3s min\u0151s\u00e9get k\u00f6lcs\u00f6n\u00f6z.<\/p><p>\ud83d\udd39Mesh<strong>Coil technol\u00f3gia<\/strong><br>Egyenletes h\u0151eloszl\u00e1st biztos\u00edt a mer\u00e9sz, tiszta \u00e9s \u00edzletes g\u0151z minden egyes slukkban.<\/p><p>\ud83d\udd3922mL<strong>E-Liquid Reservoir<\/strong><br>A nagyvonal\u00fa 22mL kapacit\u00e1s hosszabb haszn\u00e1latot biztos\u00edt kevesebb \u00fajrat\u00f6lt\u00e9ssel vagy cser\u00e9vel.<\/p><p>\ud83d\udd39Rendezhet\u0151<strong>l\u00e9g\u00e1raml\u00e1s-szab\u00e1lyoz\u00e1s<\/strong><br>Testre szabhatja a h\u00faz\u00e1st a sz\u0171k \u00e9s a szell\u0151s k\u00f6z\u00f6tt, hogy val\u00f3ban szem\u00e9lyre szabott vape sessiont kapjon.<\/p><p>\ud83d\udd39Integr\u00e1lt<strong>LCD kijelz\u0151<\/strong><br>Az akkumul\u00e1tor \u00e9lettartam\u00e1nak \u00e9s az e-folyad\u00e9k szintj\u00e9nek val\u00f3s idej\u0171 nyomon k\u00f6vet\u00e9se biztos\u00edtja a teljes ellen\u0151rz\u00e9st.<\/p><p>\ud83d\udd39 <strong>Be\u00e9p\u00edtett nyakl\u00e1nclyuk<\/strong><br>A k\u00f6nny\u0171 hordozhat\u00f3s\u00e1g \u00e9rdek\u00e9ben tervezt\u00e9k &#8211; vigye mag\u00e1val b\u00e1rhov\u00e1, ahol k\u00e9z n\u00e9lk\u00fcli k\u00e9nyelmet biztos\u00edt.<\/p>\t\t\t\t\t\t\t\t<\/div>\n\t\t\t\t<div class=\"elementor-element elementor-element-d53a1fe elementor-widget elementor-widget-heading\" data-id=\"d53a1fe\" data-element_type=\"widget\" data-e-type=\"widget\" data-widget_type=\"heading.default\">\n\t\t\t\t\t<h2 class=\"elementor-heading-title elementor-size-default\">Fizzy Luxury 15000 Puffs Vape \u00edzek list\u00e1ja:<\/h2>\t\t\t\t<\/div>\n\t\t\t\t<div class=\"elementor-element elementor-element-708bf36 color-scheme-inherit text-left elementor-widget elementor-widget-text-editor\" data-id=\"708bf36\" data-element_type=\"widget\" data-e-type=\"widget\" data-widget_type=\"text-editor.default\">\n\t\t\t\t\t\t\t\t\t<ol><li>\u00c1fonya m\u00e1lna<\/li><li>Barack<\/li><li>Sz\u0151l\u0151<\/li><li>\u00c1fonya<\/li><li>Eper<\/li><li>Fizzy Cherry<\/li><li>M\u00e1lna limon\u00e1d\u00e9<\/li><li>Savany\u00fa alma<\/li><li>Eper Kiwi Gr\u00e1n\u00e1talma<\/li><li>Citrom Lime<\/li><li>Eper ban\u00e1n<\/li><li>Narancs mang\u00f3 g\u00f6r\u00f6gdinnye<\/li><li>Red Bull<\/li><li>R\u00f3zsasz\u00edn limon\u00e1d\u00e9<\/li><li>Kiwi Golgotavir\u00e1g Guava<\/li><\/ol>\t\t\t\t\t\t\t\t<\/div>\n\t\t<div class=\"elementor-element elementor-element-24edc70 e-con-full e-flex e-con e-child\" data-id=\"24edc70\" data-element_type=\"container\" data-e-type=\"container\">\n\t\t\t\t<div class=\"elementor-element elementor-element-01b50ea elementor-mobile-align-center elementor-widget elementor-widget-button\" data-id=\"01b50ea\" data-element_type=\"widget\" data-e-type=\"widget\" data-widget_type=\"button.default\">\n\t\t\t\t\t\t\t\t\t\t<a class=\"elementor-button elementor-button-link elementor-size-sm\" href=\"https:\/\/fizzyvape.com\/contact-us\/\">\n\t\t\t\t\t\t<span class=\"elementor-button-content-wrapper\">\n\t\t\t\t\t\t\t\t\t<span class=\"elementor-button-text\">KAPCSOLATFELV\u00c9TEL<\/span>\n\t\t\t\t\t<\/span>\n\t\t\t\t\t<\/a>\n\t\t\t\t\t\t\t\t<\/div>\n\t\t\t\t<\/div>\n\t\t\t\t<\/div>\n\t\t\t\t<\/div>\n\t\t\t\t<\/div>\n\t\t","protected":false},"excerpt":{"rendered":"<p>Fizzy Luxury 15000 Puffs Eldobhat\u00f3 Vape &#8211; A pr\u00e9mium teljes\u00edtm\u00e9ny tal\u00e1lkozik a szem\u00e9lyre szabott vapinggel A Fizzy Luxury olyan vaperek<\/p>\n","protected":false},"featured_media":29489,"comment_status":"open","ping_status":"closed","template":"elementor_header_footer","meta":{"_crdt_document":"","om_disable_all_campaigns":false,"_monsterinsights_skip_tracking":false,"_monsterinsights_sitenote_active":false,"_monsterinsights_sitenote_note":"","_monsterinsights_sitenote_category":0},"product_brand":[],"product_cat":[162,163],"product_tag":[],"class_list":{"0":"post-31584","1":"product","2":"type-product","3":"status-publish","4":"has-post-thumbnail","6":"product_cat-eldobhato-vape","7":"product_cat-ujratoltheto-vapes","9":"first","10":"instock","11":"shipping-taxable","12":"product-type-simple"},"aioseo_notices":[],"_links":{"self":[{"href":"https:\/\/fizzyvape.com\/hu\/wp-json\/wp\/v2\/product\/31584","targetHints":{"allow":["GET"]}}],"collection":[{"href":"https:\/\/fizzyvape.com\/hu\/wp-json\/wp\/v2\/product"}],"about":[{"href":"https:\/\/fizzyvape.com\/hu\/wp-json\/wp\/v2\/types\/product"}],"replies":[{"embeddable":true,"href":"https:\/\/fizzyvape.com\/hu\/wp-json\/wp\/v2\/comments?post=31584"}],"version-history":[{"count":1,"href":"https:\/\/fizzyvape.com\/hu\/wp-json\/wp\/v2\/product\/31584\/revisions"}],"predecessor-version":[{"id":31641,"href":"https:\/\/fizzyvape.com\/hu\/wp-json\/wp\/v2\/product\/31584\/revisions\/31641"}],"wp:featuredmedia":[{"embeddable":true,"href":"https:\/\/fizzyvape.com\/hu\/wp-json\/wp\/v2\/media\/29489"}],"wp:attachment":[{"href":"https:\/\/fizzyvape.com\/hu\/wp-json\/wp\/v2\/media?parent=31584"}],"wp:term":[{"taxonomy":"product_brand","embeddable":true,"href":"https:\/\/fizzyvape.com\/hu\/wp-json\/wp\/v2\/product_brand?post=31584"},{"taxonomy":"product_cat","embeddable":true,"href":"https:\/\/fizzyvape.com\/hu\/wp-json\/wp\/v2\/product_cat?post=31584"},{"taxonomy":"product_tag","embeddable":true,"href":"https:\/\/fizzyvape.com\/hu\/wp-json\/wp\/v2\/product_tag?post=31584"}],"curies":[{"name":"wp","href":"https:\/\/api.w.org\/{rel}","templated":true}]}}