{"id":30880,"date":"2025-06-18T09:47:57","date_gmt":"2025-06-18T01:47:57","guid":{"rendered":"https:\/\/fizzyvape.com\/product\/max-iii-6in1-60000-puff-60000-puff\/"},"modified":"2026-01-21T15:24:57","modified_gmt":"2026-01-21T07:24:57","slug":"max-iii-6in1-60000-puff-60000-puff","status":"publish","type":"product","link":"https:\/\/fizzyvape.com\/hu\/product\/max-iii-6in1-60000-puff-60000-puff\/","title":{"rendered":"Max III 6in1 &#8211; 60000 Puff &#8211; 60000 Puff"},"content":{"rendered":"\t\t<div data-elementor-type=\"product-post\" data-elementor-id=\"30880\" class=\"elementor elementor-30880 elementor-2473\" data-elementor-post-type=\"product\">\n\t\t\t\t<div class=\"wd-negative-gap elementor-element elementor-element-50c2a61 e-flex e-con-boxed e-con e-parent\" data-id=\"50c2a61\" data-element_type=\"container\" data-e-type=\"container\">\n\t\t\t\t\t<div class=\"e-con-inner\">\n\t\t\t\t<div class=\"elementor-element elementor-element-f8789cd elementor-widget elementor-widget-heading\" data-id=\"f8789cd\" data-element_type=\"widget\" data-e-type=\"widget\" data-widget_type=\"heading.default\">\n\t\t\t\t\t<h1 class=\"elementor-heading-title elementor-size-default\">Fizzy Max III 6 az 1-ben 60000 Puffs eldobhat\u00f3 Vape | Nagykereskedelmi besz\u00e1ll\u00edt\u00f3<\/h1>\t\t\t\t<\/div>\n\t\t\t\t\t<\/div>\n\t\t\t\t<\/div>\n\t\t<div class=\"wd-negative-gap elementor-element elementor-element-1fc59b2 e-flex e-con-boxed e-con e-parent\" data-id=\"1fc59b2\" data-element_type=\"container\" data-e-type=\"container\">\n\t\t\t\t\t<div class=\"e-con-inner\">\n\t\t\t\t<div class=\"elementor-element elementor-element-db021bd color-scheme-inherit text-left elementor-widget elementor-widget-text-editor\" data-id=\"db021bd\" data-element_type=\"widget\" data-e-type=\"widget\" data-widget_type=\"text-editor.default\">\n\t\t\t\t\t\t\t\t\t<p><strong>Egy eszk\u00f6z, hat \u00edz &#8211; a v\u00e9gs\u0151 szagelsz\u00edv\u00f3 innov\u00e1ci\u00f3<\/strong><\/p><p>Tapasztalja meg a p\u00e1ratlan sokoldal\u00fas\u00e1got a Fizzy Max III 6 az 1-ben, egy 60000 Puffs <a href=\"https:\/\/fizzyvape.com\/hu\/product-category\/eldobhato-vape\/\">eldobhat\u00f3 vape<\/a>, amely hat pr\u00e9mium \u00edzvil\u00e1got egyes\u00edt egy \u00fajrat\u00f6lthet\u0151 eszk\u00f6zben. T\u00f6k\u00e9letes a v\u00e1ltozatoss\u00e1gra, teljes\u00edtm\u00e9nyre \u00e9s k\u00e9nyelemre v\u00e1gy\u00f3 vaperek sz\u00e1m\u00e1ra. <\/p>\t\t\t\t\t\t\t\t<\/div>\n\t\t\t\t<div class=\"elementor-element elementor-element-12ec70c elementor-widget elementor-widget-heading\" data-id=\"12ec70c\" data-element_type=\"widget\" data-e-type=\"widget\" data-widget_type=\"heading.default\">\n\t\t\t\t\t<h2 class=\"elementor-heading-title elementor-size-default\">Mi\u00e9rt v\u00e1lassza a Fizzy Max III 6in1 60000 Puffs Eldobhat\u00f3 Vape-t?<\/h2>\t\t\t\t<\/div>\n\t\t\t\t<div class=\"elementor-element elementor-element-92e8b26 color-scheme-inherit text-left elementor-widget elementor-widget-text-editor\" data-id=\"92e8b26\" data-element_type=\"widget\" data-e-type=\"widget\" data-widget_type=\"text-editor.default\">\n\t\t\t\t\t\t\t\t\t<ul><li><p><strong>60,000 Puffs Total<\/strong> &#8211; Hatalmas kapacit\u00e1s a hosszan tart\u00f3 el\u00e9gedetts\u00e9g\u00e9rt<\/p><\/li><li><p><strong>6 \u00edz 1 k\u00e9sz\u00fcl\u00e9kben<\/strong> &#8211; V\u00e1ltson k\u00f6nnyed\u00e9n az intelligens, forg\u00f3 sz\u00e1jr\u00e9sz seg\u00edts\u00e9g\u00e9vel.<\/p><\/li><li><p><strong>3 Pods x 20mL mindegyik<\/strong> &#8211; Kett\u0151s \u00edz\u0171 podok a gazdag \u00e9s r\u00e9tegzett vape-hez<\/p><\/li><li><p><strong>\u00dajrat\u00f6lthet\u0151 akkumul\u00e1tor<\/strong> &#8211; TYPE-C t\u00f6lt\u00e9s a maxim\u00e1lis hat\u00e9konys\u00e1g \u00e9rdek\u00e9ben<\/p><\/li><li><p><strong>LED kijelz\u0151<\/strong> &#8211; Az akkumul\u00e1tor t\u00f6lt\u00f6tts\u00e9gi szintj\u00e9t \u00e9s az e-folyad\u00e9k \u00e1llapot\u00e1t mutatja.<\/p><\/li><li><p><strong>Draw-Activated<\/strong> &#8211; Sima, probl\u00e9mamentes bel\u00e9gz\u00e9s, gombok n\u00e9lk\u00fcl.<\/p><\/li><\/ul>\t\t\t\t\t\t\t\t<\/div>\n\t\t\t\t<div class=\"elementor-element elementor-element-be4ea9c elementor-widget elementor-widget-heading\" data-id=\"be4ea9c\" data-element_type=\"widget\" data-e-type=\"widget\" data-widget_type=\"heading.default\">\n\t\t\t\t\t<h2 class=\"elementor-heading-title elementor-size-default\">Fizzy Max III 6in1 60000 Puffs Eldobhat\u00f3 Vape \u00edzek list\u00e1ja:<\/h2>\t\t\t\t<\/div>\n\t\t\t\t<div class=\"elementor-element elementor-element-90ed138 color-scheme-inherit text-left elementor-widget elementor-widget-text-editor\" data-id=\"90ed138\" data-element_type=\"widget\" data-e-type=\"widget\" data-widget_type=\"text-editor.default\">\n\t\t\t\t\t\t\t\t\t<ol><li>Eper M\u00e1lna \u00e9s mang\u00f3 Barack \u00e9s \u00e1fonya G\u00f6r\u00f6gdinnye<\/li><li>Vegyes bogy\u00f3s gy\u00fcm\u00f6lcs \u00e9s kiwi maracuja Guava \u00e9s eper g\u00f6r\u00f6gdinnye<\/li><li>\u00c1fonya-m\u00e1lna &amp; h\u00e1rmas dinnye &amp; eper j\u00e9g<\/li><li>Eper s\u00e1rk\u00e1nygy\u00fcm\u00f6lcs &amp; Red Bull &amp; m\u00e1lna g\u00f6r\u00f6gdinnye<\/li><li>Eper-kiwi &amp; \u00e1fonya j\u00e9g &amp; g\u00f6r\u00f6gdinnye j\u00e9g<\/li><li>\u00c1fonya Ice &amp; Fizzy Cherry &amp; M\u00e1lna Lemon<\/li><li>G\u00f6r\u00f6gdinnye j\u00e9g &amp; eper Van\u00edlia k\u00f3la &amp; vegyes<\/li><li>Eper Sz\u0151l\u0151 &amp; \u00c1fonya K\u00f3kusz &amp; Barack Citrom<\/li><li>Blue Razz Ice &amp; Strawberry Kiwi &amp; Sour Anan\u00e1sz Narancs<\/li><li>Epres g\u00f6r\u00f6gdinnye &amp; citromos lime &amp; \u00e1fony\u00e1s k\u00f3kuszos<\/li><li>Love 66 &amp; Red Bull g\u00f6r\u00f6gdinnye \u00e9s eper m\u00e1lna<\/li><li>Eper j\u00e9g &amp; Fizzy Cola &amp; g\u00f6r\u00f6gdinnye r\u00e1g\u00f3gumi<\/li><\/ol>\t\t\t\t\t\t\t\t<\/div>\n\t\t\t\t<div class=\"elementor-element elementor-element-816149c color-scheme-inherit text-left elementor-widget elementor-widget-text-editor\" data-id=\"816149c\" data-element_type=\"widget\" data-e-type=\"widget\" data-widget_type=\"text-editor.default\">\n\t\t\t\t\t\t\t\t\t<h3>GYIK a Fizzy Max III 6in1 60000 Puffs Eldobhat\u00f3 Vape-r\u0151l<\/h3><p><strong>1. Hogyan v\u00e1lthatok a hat \u00edz k\u00f6z\u00f6tt?<\/strong><br>A Fizzy Max III 6in1 egy intelligens, forgathat\u00f3 sz\u00f3r\u00f3fejjel rendelkezik, amely lehet\u0151v\u00e9 teszi az \u00edzek egyszer\u0171 v\u00e1lt\u00e1s\u00e1t. Egyszer\u0171en forgassa el a sz\u00e1jdarabot a hat el\u00e9rhet\u0151 \u00edz k\u00f6z\u00fcl val\u00f3 kiv\u00e1laszt\u00e1shoz. <\/p><p><strong>2. Milyen nikotintartalm\u00fa k\u00e9sz\u00fcl\u00e9kek \u00e1llnak rendelkez\u00e9sre?<\/strong><br>Ez a k\u00e9sz\u00fcl\u00e9k <strong>2% (20 mg)<\/strong> \u00e9s <strong>5% (50 mg)<\/strong> nikotin koncentr\u00e1ci\u00f3ban kaphat\u00f3. V\u00e1lassza ki a szem\u00e9lyes preferenci\u00e1inak vagy doh\u00e1nyz\u00e1si m\u00faltj\u00e1nak legink\u00e1bb megfelel\u0151 er\u0151ss\u00e9get. <\/p><p><strong>3. A Fizzy Max III 6in1 \u00fajrat\u00f6lthet\u0151?<\/strong><br>Igen, <strong>USB-C \u00fajrat\u00f6lthet\u0151 akkumul\u00e1torral<\/strong> van ell\u00e1tva, amely lehet\u0151v\u00e9 teszi, hogy a 60 000 puffot h\u00e1rom nagy podon kereszt\u00fcl teljes m\u00e9rt\u00e9kben kihaszn\u00e1lja an\u00e9lk\u00fcl, hogy agg\u00f3dnia kellene az energiaell\u00e1t\u00e1s miatt.<\/p><p><strong>4. H\u00e1ny podot tartalmaz a k\u00e9sz\u00fcl\u00e9k?<\/strong><br>A k\u00e9sz\u00fcl\u00e9k <strong>h\u00e1rom el\u0151re felt\u00f6lt\u00f6tt podot<\/strong> tartalmaz, amelyek mindegyike <strong>20 ml e-folyad\u00e9kot<\/strong> tartalmaz.<\/p>\t\t\t\t\t\t\t\t<\/div>\n\t\t\t\t\t<\/div>\n\t\t\t\t<\/div>\n\t\t<div class=\"elementor-element elementor-element-a0adde3 e-con-full wd-section-stretch e-flex e-con e-parent\" data-id=\"a0adde3\" data-element_type=\"container\" data-e-type=\"container\">\n\t\t\t\t<div class=\"elementor-element elementor-element-8ce0e64 elementor-widget elementor-widget-image\" data-id=\"8ce0e64\" data-element_type=\"widget\" data-e-type=\"widget\" data-widget_type=\"image.default\">\n\t\t\t\t\t\t\t\t\t\t\t\t\t\t\t\t<a href=\"https:\/\/shop.fizzyvape.com\/product-category\/fizzy-max-iii-60000-puffs-disposable-vape\/\">\n\t\t\t\t\t\t\t<img loading=\"lazy\" decoding=\"async\" width=\"1168\" height=\"2560\" src=\"https:\/\/fizzyvape.com\/wp-content\/uploads\/2025\/06\/60K-VAPE-Flavors--scaled.webp\" class=\"attachment-full size-full wp-image-30894\" alt=\"60K VAPE Flavors\" srcset=\"https:\/\/fizzyvape.com\/wp-content\/uploads\/2025\/06\/60K-VAPE-Flavors--scaled.webp 1168w, https:\/\/fizzyvape.com\/wp-content\/uploads\/2025\/06\/60K-VAPE-Flavors--137x300.webp 137w, https:\/\/fizzyvape.com\/wp-content\/uploads\/2025\/06\/60K-VAPE-Flavors--467x1024.webp 467w, https:\/\/fizzyvape.com\/wp-content\/uploads\/2025\/06\/60K-VAPE-Flavors--768x1684.webp 768w, https:\/\/fizzyvape.com\/wp-content\/uploads\/2025\/06\/60K-VAPE-Flavors--701x1536.webp 701w, https:\/\/fizzyvape.com\/wp-content\/uploads\/2025\/06\/60K-VAPE-Flavors--934x2048.webp 934w, https:\/\/fizzyvape.com\/wp-content\/uploads\/2025\/06\/60K-VAPE-Flavors--600x1316.webp 600w, https:\/\/fizzyvape.com\/wp-content\/uploads\/2025\/06\/60K-VAPE-Flavors--scaled-150x329.webp 150w\" sizes=\"auto, (max-width: 1168px) 100vw, 1168px\" \/>\t\t\t\t\t\t\t\t<\/a>\n\t\t\t\t\t\t\t\t\t\t\t\t\t\t\t<\/div>\n\t\t\t\t<div class=\"elementor-element elementor-element-8caef54 elementor-widget__width-inherit elementor-widget elementor-widget-image\" data-id=\"8caef54\" data-element_type=\"widget\" data-e-type=\"widget\" data-widget_type=\"image.default\">\n\t\t\t\t\t\t\t\t\t\t\t\t\t\t\t\t<a href=\"https:\/\/shop.fizzyvape.com\/product-category\/fizzy-max-iii-60000-puffs-disposable-vape\/\">\n\t\t\t\t\t\t\t<img loading=\"lazy\" decoding=\"async\" width=\"1920\" height=\"1245\" src=\"https:\/\/fizzyvape.com\/wp-content\/uploads\/2025\/06\/60K-VAPE_01.webp\" class=\"attachment-full size-full wp-image-30907\" alt=\"60K VAPE_01\" srcset=\"https:\/\/fizzyvape.com\/wp-content\/uploads\/2025\/06\/60K-VAPE_01.webp 1920w, https:\/\/fizzyvape.com\/wp-content\/uploads\/2025\/06\/60K-VAPE_01-300x195.webp 300w, https:\/\/fizzyvape.com\/wp-content\/uploads\/2025\/06\/60K-VAPE_01-1024x664.webp 1024w, https:\/\/fizzyvape.com\/wp-content\/uploads\/2025\/06\/60K-VAPE_01-768x498.webp 768w, https:\/\/fizzyvape.com\/wp-content\/uploads\/2025\/06\/60K-VAPE_01-1536x996.webp 1536w, https:\/\/fizzyvape.com\/wp-content\/uploads\/2025\/06\/60K-VAPE_01-600x389.webp 600w, https:\/\/fizzyvape.com\/wp-content\/uploads\/2025\/06\/60K-VAPE_01-150x97.webp 150w\" sizes=\"auto, (max-width: 1920px) 100vw, 1920px\" \/>\t\t\t\t\t\t\t\t<\/a>\n\t\t\t\t\t\t\t\t\t\t\t\t\t\t\t<\/div>\n\t\t\t\t<div class=\"elementor-element elementor-element-8333442 elementor-widget__width-inherit elementor-widget elementor-widget-image\" data-id=\"8333442\" data-element_type=\"widget\" data-e-type=\"widget\" data-widget_type=\"image.default\">\n\t\t\t\t\t\t\t\t\t\t\t\t\t\t\t\t<a href=\"https:\/\/shop.fizzyvape.com\/product-category\/fizzy-max-iii-60000-puffs-disposable-vape\/\">\n\t\t\t\t\t\t\t<img loading=\"lazy\" decoding=\"async\" width=\"1920\" height=\"1867\" src=\"https:\/\/fizzyvape.com\/wp-content\/uploads\/2025\/06\/60K-VAPE_02.webp\" class=\"attachment-full size-full wp-image-30908\" alt=\"60K VAPE_02\" srcset=\"https:\/\/fizzyvape.com\/wp-content\/uploads\/2025\/06\/60K-VAPE_02.webp 1920w, https:\/\/fizzyvape.com\/wp-content\/uploads\/2025\/06\/60K-VAPE_02-300x292.webp 300w, https:\/\/fizzyvape.com\/wp-content\/uploads\/2025\/06\/60K-VAPE_02-1024x996.webp 1024w, https:\/\/fizzyvape.com\/wp-content\/uploads\/2025\/06\/60K-VAPE_02-768x747.webp 768w, https:\/\/fizzyvape.com\/wp-content\/uploads\/2025\/06\/60K-VAPE_02-1536x1494.webp 1536w, https:\/\/fizzyvape.com\/wp-content\/uploads\/2025\/06\/60K-VAPE_02-600x583.webp 600w, https:\/\/fizzyvape.com\/wp-content\/uploads\/2025\/06\/60K-VAPE_02-150x146.webp 150w\" sizes=\"auto, (max-width: 1920px) 100vw, 1920px\" \/>\t\t\t\t\t\t\t\t<\/a>\n\t\t\t\t\t\t\t\t\t\t\t\t\t\t\t<\/div>\n\t\t\t\t<div class=\"elementor-element elementor-element-79feffa elementor-widget__width-inherit elementor-widget elementor-widget-image\" data-id=\"79feffa\" data-element_type=\"widget\" data-e-type=\"widget\" data-widget_type=\"image.default\">\n\t\t\t\t\t\t\t\t\t\t\t\t\t\t\t<img loading=\"lazy\" decoding=\"async\" width=\"1920\" height=\"2239\" src=\"https:\/\/fizzyvape.com\/wp-content\/uploads\/2025\/06\/60K-VAPE_03.webp\" class=\"attachment-full size-full wp-image-30909\" alt=\"60K VAPE_03\" srcset=\"https:\/\/fizzyvape.com\/wp-content\/uploads\/2025\/06\/60K-VAPE_03.webp 1920w, https:\/\/fizzyvape.com\/wp-content\/uploads\/2025\/06\/60K-VAPE_03-257x300.webp 257w, https:\/\/fizzyvape.com\/wp-content\/uploads\/2025\/06\/60K-VAPE_03-878x1024.webp 878w, https:\/\/fizzyvape.com\/wp-content\/uploads\/2025\/06\/60K-VAPE_03-768x896.webp 768w, https:\/\/fizzyvape.com\/wp-content\/uploads\/2025\/06\/60K-VAPE_03-1317x1536.webp 1317w, https:\/\/fizzyvape.com\/wp-content\/uploads\/2025\/06\/60K-VAPE_03-1756x2048.webp 1756w, https:\/\/fizzyvape.com\/wp-content\/uploads\/2025\/06\/60K-VAPE_03-600x700.webp 600w, https:\/\/fizzyvape.com\/wp-content\/uploads\/2025\/06\/60K-VAPE_03-150x175.webp 150w\" sizes=\"auto, (max-width: 1920px) 100vw, 1920px\" \/>\t\t\t\t\t\t\t\t\t\t\t\t\t\t\t<\/div>\n\t\t\t\t<div class=\"elementor-element elementor-element-fd1a84f elementor-widget__width-inherit elementor-widget elementor-widget-image\" data-id=\"fd1a84f\" data-element_type=\"widget\" data-e-type=\"widget\" data-widget_type=\"image.default\">\n\t\t\t\t\t\t\t\t\t\t\t\t\t\t\t<img loading=\"lazy\" decoding=\"async\" width=\"1776\" height=\"2560\" src=\"https:\/\/fizzyvape.com\/wp-content\/uploads\/2025\/06\/60K-VAPE_04-scaled.webp\" class=\"attachment-full size-full wp-image-30910\" alt=\"60K VAPE_04\" srcset=\"https:\/\/fizzyvape.com\/wp-content\/uploads\/2025\/06\/60K-VAPE_04-scaled.webp 1776w, https:\/\/fizzyvape.com\/wp-content\/uploads\/2025\/06\/60K-VAPE_04-208x300.webp 208w, https:\/\/fizzyvape.com\/wp-content\/uploads\/2025\/06\/60K-VAPE_04-711x1024.webp 711w, https:\/\/fizzyvape.com\/wp-content\/uploads\/2025\/06\/60K-VAPE_04-768x1107.webp 768w, https:\/\/fizzyvape.com\/wp-content\/uploads\/2025\/06\/60K-VAPE_04-1066x1536.webp 1066w, https:\/\/fizzyvape.com\/wp-content\/uploads\/2025\/06\/60K-VAPE_04-1421x2048.webp 1421w, https:\/\/fizzyvape.com\/wp-content\/uploads\/2025\/06\/60K-VAPE_04-600x865.webp 600w, https:\/\/fizzyvape.com\/wp-content\/uploads\/2025\/06\/60K-VAPE_04-scaled-150x216.webp 150w\" sizes=\"auto, (max-width: 1776px) 100vw, 1776px\" \/>\t\t\t\t\t\t\t\t\t\t\t\t\t\t\t<\/div>\n\t\t\t\t<div class=\"elementor-element elementor-element-aa64a04 elementor-widget__width-inherit elementor-widget elementor-widget-image\" data-id=\"aa64a04\" data-element_type=\"widget\" data-e-type=\"widget\" data-widget_type=\"image.default\">\n\t\t\t\t\t\t\t\t\t\t\t\t\t\t\t<img loading=\"lazy\" decoding=\"async\" width=\"1897\" height=\"2560\" src=\"https:\/\/fizzyvape.com\/wp-content\/uploads\/2025\/06\/60K-VAPE_05-scaled.webp\" class=\"attachment-full size-full wp-image-30911\" alt=\"60K VAPE_05\" srcset=\"https:\/\/fizzyvape.com\/wp-content\/uploads\/2025\/06\/60K-VAPE_05-scaled.webp 1897w, https:\/\/fizzyvape.com\/wp-content\/uploads\/2025\/06\/60K-VAPE_05-222x300.webp 222w, https:\/\/fizzyvape.com\/wp-content\/uploads\/2025\/06\/60K-VAPE_05-759x1024.webp 759w, https:\/\/fizzyvape.com\/wp-content\/uploads\/2025\/06\/60K-VAPE_05-768x1036.webp 768w, https:\/\/fizzyvape.com\/wp-content\/uploads\/2025\/06\/60K-VAPE_05-1138x1536.webp 1138w, https:\/\/fizzyvape.com\/wp-content\/uploads\/2025\/06\/60K-VAPE_05-1518x2048.webp 1518w, https:\/\/fizzyvape.com\/wp-content\/uploads\/2025\/06\/60K-VAPE_05-600x810.webp 600w, https:\/\/fizzyvape.com\/wp-content\/uploads\/2025\/06\/60K-VAPE_05-scaled-150x202.webp 150w\" sizes=\"auto, (max-width: 1897px) 100vw, 1897px\" \/>\t\t\t\t\t\t\t\t\t\t\t\t\t\t\t<\/div>\n\t\t\t\t<\/div>\n\t\t\t\t<\/div>\n\t\t","protected":false},"excerpt":{"rendered":"[html_block id=\"29301\"]\n","protected":false},"featured_media":30919,"comment_status":"closed","ping_status":"closed","template":"","meta":{"_crdt_document":"","om_disable_all_campaigns":false,"_monsterinsights_skip_tracking":false,"_monsterinsights_sitenote_active":false,"_monsterinsights_sitenote_note":"","_monsterinsights_sitenote_category":0},"product_brand":[],"product_cat":[162,163],"product_tag":[],"class_list":{"0":"post-30880","1":"product","2":"type-product","3":"status-publish","4":"has-post-thumbnail","6":"product_cat-eldobhato-vape","7":"product_cat-ujratoltheto-vapes","9":"first","10":"instock","11":"shipping-taxable","12":"product-type-simple"},"aioseo_notices":[],"_links":{"self":[{"href":"https:\/\/fizzyvape.com\/hu\/wp-json\/wp\/v2\/product\/30880","targetHints":{"allow":["GET"]}}],"collection":[{"href":"https:\/\/fizzyvape.com\/hu\/wp-json\/wp\/v2\/product"}],"about":[{"href":"https:\/\/fizzyvape.com\/hu\/wp-json\/wp\/v2\/types\/product"}],"replies":[{"embeddable":true,"href":"https:\/\/fizzyvape.com\/hu\/wp-json\/wp\/v2\/comments?post=30880"}],"version-history":[{"count":1,"href":"https:\/\/fizzyvape.com\/hu\/wp-json\/wp\/v2\/product\/30880\/revisions"}],"predecessor-version":[{"id":30922,"href":"https:\/\/fizzyvape.com\/hu\/wp-json\/wp\/v2\/product\/30880\/revisions\/30922"}],"wp:featuredmedia":[{"embeddable":true,"href":"https:\/\/fizzyvape.com\/hu\/wp-json\/wp\/v2\/media\/30919"}],"wp:attachment":[{"href":"https:\/\/fizzyvape.com\/hu\/wp-json\/wp\/v2\/media?parent=30880"}],"wp:term":[{"taxonomy":"product_brand","embeddable":true,"href":"https:\/\/fizzyvape.com\/hu\/wp-json\/wp\/v2\/product_brand?post=30880"},{"taxonomy":"product_cat","embeddable":true,"href":"https:\/\/fizzyvape.com\/hu\/wp-json\/wp\/v2\/product_cat?post=30880"},{"taxonomy":"product_tag","embeddable":true,"href":"https:\/\/fizzyvape.com\/hu\/wp-json\/wp\/v2\/product_tag?post=30880"}],"curies":[{"name":"wp","href":"https:\/\/api.w.org\/{rel}","templated":true}]}}