{"id":32523,"date":"2024-11-15T14:08:34","date_gmt":"2024-11-15T06:08:34","guid":{"rendered":"https:\/\/fizzyvape.com\/product\/grandes-10000-bouffees\/"},"modified":"2026-01-21T15:27:05","modified_gmt":"2026-01-21T07:27:05","slug":"grandes-10000-bouffees","status":"publish","type":"product","link":"https:\/\/fizzyvape.com\/fr\/product\/grandes-10000-bouffees\/","title":{"rendered":"Grandes 10000 bouff\u00e9es"},"content":{"rendered":"\t\t<div data-elementor-type=\"product-post\" data-elementor-id=\"32523\" class=\"elementor elementor-32523 elementor-480\" data-elementor-post-type=\"product\">\n\t\t\t\t<div class=\"elementor-element elementor-element-0585e94 e-con-full e-flex e-con e-parent\" data-id=\"0585e94\" data-element_type=\"container\" data-e-type=\"container\">\n\t\t\t\t<div class=\"elementor-element elementor-element-9ba6ff5 elementor-widget__width-inherit elementor-widget elementor-widget-image\" data-id=\"9ba6ff5\" data-element_type=\"widget\" data-e-type=\"widget\" data-widget_type=\"image.default\">\n\t\t\t\t\t\t\t\t\t\t\t\t\t\t\t<img loading=\"lazy\" decoding=\"async\" width=\"2560\" height=\"1200\" src=\"https:\/\/fizzyvape.com\/wp-content\/uploads\/2024\/11\/Fizzy-Great06.jpg\" class=\"attachment-full size-full wp-image-32530\" alt=\"Fizzy Great06\" srcset=\"https:\/\/fizzyvape.com\/wp-content\/uploads\/2024\/11\/Fizzy-Great06.jpg 2560w, https:\/\/fizzyvape.com\/wp-content\/uploads\/2024\/11\/Fizzy-Great06-300x141.jpg 300w, https:\/\/fizzyvape.com\/wp-content\/uploads\/2024\/11\/Fizzy-Great06-1024x480.jpg 1024w, https:\/\/fizzyvape.com\/wp-content\/uploads\/2024\/11\/Fizzy-Great06-768x360.jpg 768w, https:\/\/fizzyvape.com\/wp-content\/uploads\/2024\/11\/Fizzy-Great06-1536x720.jpg 1536w, https:\/\/fizzyvape.com\/wp-content\/uploads\/2024\/11\/Fizzy-Great06-2048x960.jpg 2048w, https:\/\/fizzyvape.com\/wp-content\/uploads\/2024\/11\/Fizzy-Great06-600x281.jpg 600w, https:\/\/fizzyvape.com\/wp-content\/uploads\/2024\/11\/Fizzy-Great06-150x70.jpg 150w\" sizes=\"auto, (max-width: 2560px) 100vw, 2560px\" \/>\t\t\t\t\t\t\t\t\t\t\t\t\t\t\t<\/div>\n\t\t\t\t<div class=\"elementor-element elementor-element-77f6750 elementor-widget__width-inherit elementor-widget elementor-widget-image\" data-id=\"77f6750\" data-element_type=\"widget\" data-e-type=\"widget\" data-widget_type=\"image.default\">\n\t\t\t\t\t\t\t\t\t\t\t\t\t\t\t<img loading=\"lazy\" decoding=\"async\" width=\"2560\" height=\"1197\" src=\"https:\/\/fizzyvape.com\/wp-content\/uploads\/2024\/11\/Fizzy-Great07.jpg\" class=\"attachment-full size-full wp-image-32531\" alt=\"Fizzy Great07\" srcset=\"https:\/\/fizzyvape.com\/wp-content\/uploads\/2024\/11\/Fizzy-Great07.jpg 2560w, https:\/\/fizzyvape.com\/wp-content\/uploads\/2024\/11\/Fizzy-Great07-300x140.jpg 300w, https:\/\/fizzyvape.com\/wp-content\/uploads\/2024\/11\/Fizzy-Great07-1024x479.jpg 1024w, https:\/\/fizzyvape.com\/wp-content\/uploads\/2024\/11\/Fizzy-Great07-768x359.jpg 768w, https:\/\/fizzyvape.com\/wp-content\/uploads\/2024\/11\/Fizzy-Great07-1536x718.jpg 1536w, https:\/\/fizzyvape.com\/wp-content\/uploads\/2024\/11\/Fizzy-Great07-2048x958.jpg 2048w, https:\/\/fizzyvape.com\/wp-content\/uploads\/2024\/11\/Fizzy-Great07-600x281.jpg 600w, https:\/\/fizzyvape.com\/wp-content\/uploads\/2024\/11\/Fizzy-Great07-150x70.jpg 150w\" sizes=\"auto, (max-width: 2560px) 100vw, 2560px\" \/>\t\t\t\t\t\t\t\t\t\t\t\t\t\t\t<\/div>\n\t\t\t\t<div class=\"elementor-element elementor-element-bc6947c elementor-widget__width-inherit elementor-widget elementor-widget-image\" data-id=\"bc6947c\" data-element_type=\"widget\" data-e-type=\"widget\" data-widget_type=\"image.default\">\n\t\t\t\t\t\t\t\t\t\t\t\t\t\t\t<img loading=\"lazy\" decoding=\"async\" width=\"2560\" height=\"1201\" src=\"https:\/\/fizzyvape.com\/wp-content\/uploads\/2024\/11\/Fizzy-Great08.jpg\" class=\"attachment-full size-full wp-image-32532\" alt=\"Fizzy Great08\" srcset=\"https:\/\/fizzyvape.com\/wp-content\/uploads\/2024\/11\/Fizzy-Great08.jpg 2560w, https:\/\/fizzyvape.com\/wp-content\/uploads\/2024\/11\/Fizzy-Great08-300x141.jpg 300w, https:\/\/fizzyvape.com\/wp-content\/uploads\/2024\/11\/Fizzy-Great08-1024x480.jpg 1024w, https:\/\/fizzyvape.com\/wp-content\/uploads\/2024\/11\/Fizzy-Great08-768x360.jpg 768w, https:\/\/fizzyvape.com\/wp-content\/uploads\/2024\/11\/Fizzy-Great08-1536x721.jpg 1536w, https:\/\/fizzyvape.com\/wp-content\/uploads\/2024\/11\/Fizzy-Great08-2048x961.jpg 2048w, https:\/\/fizzyvape.com\/wp-content\/uploads\/2024\/11\/Fizzy-Great08-600x281.jpg 600w, https:\/\/fizzyvape.com\/wp-content\/uploads\/2024\/11\/Fizzy-Great08-150x70.jpg 150w\" sizes=\"auto, (max-width: 2560px) 100vw, 2560px\" \/>\t\t\t\t\t\t\t\t\t\t\t\t\t\t\t<\/div>\n\t\t\t\t<div class=\"elementor-element elementor-element-da41c20 elementor-widget__width-inherit elementor-widget elementor-widget-image\" data-id=\"da41c20\" data-element_type=\"widget\" data-e-type=\"widget\" data-widget_type=\"image.default\">\n\t\t\t\t\t\t\t\t\t\t\t\t\t\t\t<img loading=\"lazy\" decoding=\"async\" width=\"2560\" height=\"1198\" src=\"https:\/\/fizzyvape.com\/wp-content\/uploads\/2024\/11\/Fizzy-Great09.jpg\" class=\"attachment-full size-full wp-image-32533\" alt=\"Fizzy Great09\" srcset=\"https:\/\/fizzyvape.com\/wp-content\/uploads\/2024\/11\/Fizzy-Great09.jpg 2560w, https:\/\/fizzyvape.com\/wp-content\/uploads\/2024\/11\/Fizzy-Great09-300x140.jpg 300w, https:\/\/fizzyvape.com\/wp-content\/uploads\/2024\/11\/Fizzy-Great09-1024x479.jpg 1024w, https:\/\/fizzyvape.com\/wp-content\/uploads\/2024\/11\/Fizzy-Great09-768x359.jpg 768w, https:\/\/fizzyvape.com\/wp-content\/uploads\/2024\/11\/Fizzy-Great09-1536x719.jpg 1536w, https:\/\/fizzyvape.com\/wp-content\/uploads\/2024\/11\/Fizzy-Great09-2048x958.jpg 2048w, https:\/\/fizzyvape.com\/wp-content\/uploads\/2024\/11\/Fizzy-Great09-600x281.jpg 600w, https:\/\/fizzyvape.com\/wp-content\/uploads\/2024\/11\/Fizzy-Great09-150x70.jpg 150w\" sizes=\"auto, (max-width: 2560px) 100vw, 2560px\" \/>\t\t\t\t\t\t\t\t\t\t\t\t\t\t\t<\/div>\n\t\t\t\t<div class=\"elementor-element elementor-element-c712978 elementor-widget__width-inherit elementor-widget elementor-widget-image\" data-id=\"c712978\" data-element_type=\"widget\" data-e-type=\"widget\" data-widget_type=\"image.default\">\n\t\t\t\t\t\t\t\t\t\t\t\t\t\t\t<img loading=\"lazy\" decoding=\"async\" width=\"2560\" height=\"1198\" src=\"https:\/\/fizzyvape.com\/wp-content\/uploads\/2024\/11\/Fizzy-Great02.jpg\" class=\"attachment-full size-full wp-image-32526\" alt=\"Fizzy Great02\" srcset=\"https:\/\/fizzyvape.com\/wp-content\/uploads\/2024\/11\/Fizzy-Great02.jpg 2560w, https:\/\/fizzyvape.com\/wp-content\/uploads\/2024\/11\/Fizzy-Great02-300x140.jpg 300w, https:\/\/fizzyvape.com\/wp-content\/uploads\/2024\/11\/Fizzy-Great02-1024x479.jpg 1024w, https:\/\/fizzyvape.com\/wp-content\/uploads\/2024\/11\/Fizzy-Great02-768x359.jpg 768w, https:\/\/fizzyvape.com\/wp-content\/uploads\/2024\/11\/Fizzy-Great02-1536x719.jpg 1536w, https:\/\/fizzyvape.com\/wp-content\/uploads\/2024\/11\/Fizzy-Great02-2048x958.jpg 2048w, https:\/\/fizzyvape.com\/wp-content\/uploads\/2024\/11\/Fizzy-Great02-600x281.jpg 600w, https:\/\/fizzyvape.com\/wp-content\/uploads\/2024\/11\/Fizzy-Great02-150x70.jpg 150w\" sizes=\"auto, (max-width: 2560px) 100vw, 2560px\" \/>\t\t\t\t\t\t\t\t\t\t\t\t\t\t\t<\/div>\n\t\t\t\t<div class=\"elementor-element elementor-element-62850a1 elementor-widget__width-inherit elementor-widget elementor-widget-image\" data-id=\"62850a1\" data-element_type=\"widget\" data-e-type=\"widget\" data-widget_type=\"image.default\">\n\t\t\t\t\t\t\t\t\t\t\t\t\t\t\t<img loading=\"lazy\" decoding=\"async\" width=\"2560\" height=\"1201\" src=\"https:\/\/fizzyvape.com\/wp-content\/uploads\/2024\/11\/Fizzy-Great01.jpg\" class=\"attachment-full size-full wp-image-32525\" alt=\"Fizzy Great01\" srcset=\"https:\/\/fizzyvape.com\/wp-content\/uploads\/2024\/11\/Fizzy-Great01.jpg 2560w, https:\/\/fizzyvape.com\/wp-content\/uploads\/2024\/11\/Fizzy-Great01-300x141.jpg 300w, https:\/\/fizzyvape.com\/wp-content\/uploads\/2024\/11\/Fizzy-Great01-1024x480.jpg 1024w, https:\/\/fizzyvape.com\/wp-content\/uploads\/2024\/11\/Fizzy-Great01-768x360.jpg 768w, https:\/\/fizzyvape.com\/wp-content\/uploads\/2024\/11\/Fizzy-Great01-1536x721.jpg 1536w, https:\/\/fizzyvape.com\/wp-content\/uploads\/2024\/11\/Fizzy-Great01-2048x961.jpg 2048w, https:\/\/fizzyvape.com\/wp-content\/uploads\/2024\/11\/Fizzy-Great01-600x281.jpg 600w, https:\/\/fizzyvape.com\/wp-content\/uploads\/2024\/11\/Fizzy-Great01-150x70.jpg 150w\" sizes=\"auto, (max-width: 2560px) 100vw, 2560px\" \/>\t\t\t\t\t\t\t\t\t\t\t\t\t\t\t<\/div>\n\t\t\t\t<div class=\"elementor-element elementor-element-8a02951 elementor-arrows-position-inside elementor-pagination-position-outside elementor-widget elementor-widget-image-carousel\" data-id=\"8a02951\" data-element_type=\"widget\" data-e-type=\"widget\" data-settings=\"{&quot;slides_to_show&quot;:&quot;3&quot;,&quot;navigation&quot;:&quot;both&quot;,&quot;autoplay&quot;:&quot;yes&quot;,&quot;pause_on_hover&quot;:&quot;yes&quot;,&quot;pause_on_interaction&quot;:&quot;yes&quot;,&quot;autoplay_speed&quot;:5000,&quot;infinite&quot;:&quot;yes&quot;,&quot;speed&quot;:500}\" data-widget_type=\"image-carousel.default\">\n\t\t\t\t\t\t\t<div class=\"elementor-image-carousel-wrapper swiper\" role=\"region\" aria-roledescription=\"carousel\" aria-label=\"\u56fe\u50cf\u8f6e\u64ad\" dir=\"ltr\">\n\t\t\t<div class=\"elementor-image-carousel swiper-wrapper\" aria-live=\"off\">\n\t\t\t\t\t\t\t\t<div class=\"swiper-slide\" role=\"group\" aria-roledescription=\"slide\" aria-label=\"1 sur 10\"><figure class=\"swiper-slide-inner\"><img decoding=\"async\" class=\"swiper-slide-image\" src=\"https:\/\/fizzyvape.com\/wp-content\/uploads\/2024\/11\/Fizzy-Great-Flavor01.jpg\" alt=\"Fizzy Great Flavor01\" \/><\/figure><\/div><div class=\"swiper-slide\" role=\"group\" aria-roledescription=\"slide\" aria-label=\"2 sur 10\"><figure class=\"swiper-slide-inner\"><img decoding=\"async\" class=\"swiper-slide-image\" src=\"https:\/\/fizzyvape.com\/wp-content\/uploads\/2024\/11\/Fizzy-Great-Flavor02.jpg\" alt=\"Fizzy Great Flavor02\" \/><\/figure><\/div><div class=\"swiper-slide\" role=\"group\" aria-roledescription=\"slide\" aria-label=\"3 sur 10\"><figure class=\"swiper-slide-inner\"><img decoding=\"async\" class=\"swiper-slide-image\" src=\"https:\/\/fizzyvape.com\/wp-content\/uploads\/2024\/11\/Fizzy-Great-Flavor03.jpg\" alt=\"Fizzy Great Flavor03\" \/><\/figure><\/div><div class=\"swiper-slide\" role=\"group\" aria-roledescription=\"slide\" aria-label=\"4 sur 10\"><figure class=\"swiper-slide-inner\"><img decoding=\"async\" class=\"swiper-slide-image\" src=\"https:\/\/fizzyvape.com\/wp-content\/uploads\/2024\/11\/Fizzy-Great-Flavor04.jpg\" alt=\"Fizzy Great Flavor04\" \/><\/figure><\/div><div class=\"swiper-slide\" role=\"group\" aria-roledescription=\"slide\" aria-label=\"5 sur 10\"><figure class=\"swiper-slide-inner\"><img decoding=\"async\" class=\"swiper-slide-image\" src=\"https:\/\/fizzyvape.com\/wp-content\/uploads\/2024\/11\/Fizzy-Great-Flavor05.jpg\" alt=\"Fizzy Great Flavor05\" \/><\/figure><\/div><div class=\"swiper-slide\" role=\"group\" aria-roledescription=\"slide\" aria-label=\"6 sur 10\"><figure class=\"swiper-slide-inner\"><img decoding=\"async\" class=\"swiper-slide-image\" src=\"https:\/\/fizzyvape.com\/wp-content\/uploads\/2024\/11\/Fizzy-Great-Flavor06.jpg\" alt=\"Fizzy Great Flavor06\" \/><\/figure><\/div><div class=\"swiper-slide\" role=\"group\" aria-roledescription=\"slide\" aria-label=\"7 sur 10\"><figure class=\"swiper-slide-inner\"><img decoding=\"async\" class=\"swiper-slide-image\" src=\"https:\/\/fizzyvape.com\/wp-content\/uploads\/2024\/11\/Fizzy-Great-Flavor07.jpg\" alt=\"Fizzy Great Flavor07\" \/><\/figure><\/div><div class=\"swiper-slide\" role=\"group\" aria-roledescription=\"slide\" aria-label=\"8 sur 10\"><figure class=\"swiper-slide-inner\"><img decoding=\"async\" class=\"swiper-slide-image\" src=\"https:\/\/fizzyvape.com\/wp-content\/uploads\/2024\/11\/Fizzy-Great-Flavor08.jpg\" alt=\"Fizzy Great Flavor08\" \/><\/figure><\/div><div class=\"swiper-slide\" role=\"group\" aria-roledescription=\"slide\" aria-label=\"9 sur 10\"><figure class=\"swiper-slide-inner\"><img decoding=\"async\" class=\"swiper-slide-image\" src=\"https:\/\/fizzyvape.com\/wp-content\/uploads\/2024\/11\/Fizzy-Great-Flavor09.jpg\" alt=\"Fizzy Great Flavor09\" \/><\/figure><\/div><div class=\"swiper-slide\" role=\"group\" aria-roledescription=\"slide\" aria-label=\"10 sur 10\"><figure class=\"swiper-slide-inner\"><img decoding=\"async\" class=\"swiper-slide-image\" src=\"https:\/\/fizzyvape.com\/wp-content\/uploads\/2024\/11\/Fizzy-Great-Flavor010.jpg\" alt=\"Fizzy Great Flavor010\" \/><\/figure><\/div>\t\t\t<\/div>\n\t\t\t\t\t\t\t\t\t\t\t\t<div class=\"elementor-swiper-button elementor-swiper-button-prev\" role=\"button\" tabindex=\"0\">\n\t\t\t\t\t\t<svg aria-hidden=\"true\" class=\"e-font-icon-svg e-eicon-chevron-left\" viewBox=\"0 0 1000 1000\" xmlns=\"http:\/\/www.w3.org\/2000\/svg\"><path d=\"M646 125C629 125 613 133 604 142L308 442C296 454 292 471 292 487 292 504 296 521 308 533L604 854C617 867 629 875 646 875 663 875 679 871 692 858 704 846 713 829 713 812 713 796 708 779 692 767L438 487 692 225C700 217 708 204 708 187 708 171 704 154 692 142 675 129 663 125 646 125Z\"><\/path><\/svg>\t\t\t\t\t<\/div>\n\t\t\t\t\t<div class=\"elementor-swiper-button elementor-swiper-button-next\" role=\"button\" tabindex=\"0\">\n\t\t\t\t\t\t<svg aria-hidden=\"true\" class=\"e-font-icon-svg e-eicon-chevron-right\" viewBox=\"0 0 1000 1000\" xmlns=\"http:\/\/www.w3.org\/2000\/svg\"><path d=\"M696 533C708 521 713 504 713 487 713 471 708 454 696 446L400 146C388 133 375 125 354 125 338 125 325 129 313 142 300 154 292 171 292 187 292 204 296 221 308 233L563 492 304 771C292 783 288 800 288 817 288 833 296 850 308 863 321 871 338 875 354 875 371 875 388 867 400 854L696 533Z\"><\/path><\/svg>\t\t\t\t\t<\/div>\n\t\t\t\t\n\t\t\t\t\t\t\t\t\t<div class=\"swiper-pagination\"><\/div>\n\t\t\t\t\t\t\t\t\t<\/div>\n\t\t\t\t\t\t<\/div>\n\t\t\t\t<div class=\"elementor-element elementor-element-c87135a elementor-widget__width-inherit elementor-widget elementor-widget-image\" data-id=\"c87135a\" data-element_type=\"widget\" data-e-type=\"widget\" data-widget_type=\"image.default\">\n\t\t\t\t\t\t\t\t\t\t\t\t\t\t\t<img loading=\"lazy\" decoding=\"async\" width=\"2560\" height=\"1201\" src=\"https:\/\/fizzyvape.com\/wp-content\/uploads\/2024\/11\/Fizzy-Great03.jpg\" class=\"attachment-full size-full wp-image-32527\" alt=\"Fizzy Great03\" srcset=\"https:\/\/fizzyvape.com\/wp-content\/uploads\/2024\/11\/Fizzy-Great03.jpg 2560w, https:\/\/fizzyvape.com\/wp-content\/uploads\/2024\/11\/Fizzy-Great03-300x141.jpg 300w, https:\/\/fizzyvape.com\/wp-content\/uploads\/2024\/11\/Fizzy-Great03-1024x480.jpg 1024w, https:\/\/fizzyvape.com\/wp-content\/uploads\/2024\/11\/Fizzy-Great03-768x360.jpg 768w, https:\/\/fizzyvape.com\/wp-content\/uploads\/2024\/11\/Fizzy-Great03-1536x721.jpg 1536w, https:\/\/fizzyvape.com\/wp-content\/uploads\/2024\/11\/Fizzy-Great03-2048x961.jpg 2048w, https:\/\/fizzyvape.com\/wp-content\/uploads\/2024\/11\/Fizzy-Great03-600x281.jpg 600w, https:\/\/fizzyvape.com\/wp-content\/uploads\/2024\/11\/Fizzy-Great03-150x70.jpg 150w\" sizes=\"auto, (max-width: 2560px) 100vw, 2560px\" \/>\t\t\t\t\t\t\t\t\t\t\t\t\t\t\t<\/div>\n\t\t\t\t<div class=\"elementor-element elementor-element-d4d3954 elementor-widget__width-inherit elementor-widget elementor-widget-image\" data-id=\"d4d3954\" data-element_type=\"widget\" data-e-type=\"widget\" data-widget_type=\"image.default\">\n\t\t\t\t\t\t\t\t\t\t\t\t\t\t\t<img loading=\"lazy\" decoding=\"async\" width=\"2560\" height=\"1202\" src=\"https:\/\/fizzyvape.com\/wp-content\/uploads\/2024\/11\/Fizzy-Great05.jpg\" class=\"attachment-full size-full wp-image-32529\" alt=\"Fizzy Great05\" srcset=\"https:\/\/fizzyvape.com\/wp-content\/uploads\/2024\/11\/Fizzy-Great05.jpg 2560w, https:\/\/fizzyvape.com\/wp-content\/uploads\/2024\/11\/Fizzy-Great05-300x141.jpg 300w, https:\/\/fizzyvape.com\/wp-content\/uploads\/2024\/11\/Fizzy-Great05-1024x481.jpg 1024w, https:\/\/fizzyvape.com\/wp-content\/uploads\/2024\/11\/Fizzy-Great05-768x361.jpg 768w, https:\/\/fizzyvape.com\/wp-content\/uploads\/2024\/11\/Fizzy-Great05-1536x721.jpg 1536w, https:\/\/fizzyvape.com\/wp-content\/uploads\/2024\/11\/Fizzy-Great05-2048x962.jpg 2048w, https:\/\/fizzyvape.com\/wp-content\/uploads\/2024\/11\/Fizzy-Great05-600x282.jpg 600w, https:\/\/fizzyvape.com\/wp-content\/uploads\/2024\/11\/Fizzy-Great05-150x70.jpg 150w\" sizes=\"auto, (max-width: 2560px) 100vw, 2560px\" \/>\t\t\t\t\t\t\t\t\t\t\t\t\t\t\t<\/div>\n\t\t<div class=\"elementor-element elementor-element-fef9cfb e-con-full e-flex e-con e-child\" data-id=\"fef9cfb\" data-element_type=\"container\" data-e-type=\"container\">\n\t\t\t\t<div class=\"elementor-element elementor-element-af5266f elementor-widget elementor-widget-heading\" data-id=\"af5266f\" data-element_type=\"widget\" data-e-type=\"widget\" data-widget_type=\"heading.default\">\n\t\t\t\t\t<h2 class=\"elementor-heading-title elementor-size-default\">Fizzy Great 10000 Puffs Vape jetable - Taille compacte, grande performance<\/h2>\t\t\t\t<\/div>\n\t\t\t\t<div class=\"elementor-element elementor-element-ec9e237 color-scheme-inherit text-left elementor-widget elementor-widget-text-editor\" data-id=\"ec9e237\" data-element_type=\"widget\" data-e-type=\"widget\" data-widget_type=\"text-editor.default\">\n\t\t\t\t\t\t\t\t\t<span>Con\u00e7u pour <\/span><span>pour les <\/span><span>vapers <\/span><span>qui <\/span><span>appr\u00e9cient <\/span><span>\u00e0 la fois <\/span><strong><span>portabilit\u00e9 <\/span><span>et <\/span><span>long\u00e9vit\u00e9<\/span><\/strong> <span>, <\/span><span>le <\/span><strong><span>FIZZY <\/span><span>Grand<\/span><\/strong> <span>livre  <\/span><span>exceptionnel  <\/span><span>performance  <\/span><span>en  <\/span><span>a  <\/span><span>sleek,  <\/span><span>voyage-<\/span><span>pr\u00eat  <\/span><span>forme.  <\/span><span>En d\u00e9pit de  <\/span><span>son  <\/span><span>compact  <\/span><span>taille,  <\/span><span>cette  <\/span><span>jetable  <\/span><span>vape  <\/span><span>paquets  <\/span><span>grave  <\/span><span>puissance-<\/span><span>offre  <\/span><span>monter  <\/span><span>\u00e0  <\/span><strong><span>10,000 <\/span><span>satisfaisant <\/span><span>bouff\u00e9es<\/span><\/strong> <span>soutenu <\/span><span>par <\/span><strong><span>18mL <\/span><span>de <\/span><span>premium <\/span><span>e-<\/span><span>liquide<\/span><\/strong> <span>et <\/span><strong><span>avanc\u00e9 <\/span><span>mesh <\/span><span>bobine <\/span><span>technologie<\/span><\/strong>  <span>pour <\/span><span>constamment <\/span><span>lisse <\/span><span>et <\/span><span>riche <\/span><span>saveur.<\/span>\t\t\t\t\t\t\t\t<\/div>\n\t\t\t\t<div class=\"elementor-element elementor-element-0d0f129 elementor-widget elementor-widget-heading\" data-id=\"0d0f129\" data-element_type=\"widget\" data-e-type=\"widget\" data-widget_type=\"heading.default\">\n\t\t\t\t\t<h2 class=\"elementor-heading-title elementor-size-default\">Pourquoi choisir Fizzy Great 10000 Puffs ?<\/h2>\t\t\t\t<\/div>\n\t\t\t\t<div class=\"elementor-element elementor-element-dfe7fc7 color-scheme-inherit text-left elementor-widget elementor-widget-text-editor\" data-id=\"dfe7fc7\" data-element_type=\"widget\" data-e-type=\"widget\" data-widget_type=\"text-editor.default\">\n\t\t\t\t\t\t\t\t\t<p><span>\ud83d\udd0b <\/span><strong><span>Jusqu&#8217;\u00e0 <\/span><span>jusqu&#8217;\u00e0 <\/span><span>10,000 <\/span><span>bouff\u00e9es<\/span><\/strong><span> &#8211; <\/span><span>Longue dur\u00e9e<\/span><span>durable <\/span><span>plaisir durable <\/span><span>sans <\/span><span>remplacement <\/span><span>remplacements constants.<\/span><br data-is-only-node=\"\"><span>\ud83d\udc5c <\/span><strong><span>Pocket-<\/span><span>de poche <\/span><span>Design<\/span><\/strong><span> &#8211; <\/span><span>L\u00e9ger, <\/span><span>compact, <\/span><span>et <\/span><span>id\u00e9al <\/span><span>pour <\/span><span>vaping <\/span><span>sur <\/span><span>en <\/span><span>en d\u00e9placement.<\/span><br><span>\ud83d\udd25 <\/span><strong><span>Maille <\/span><span>Bobine <\/span><span>Chauffage<\/span><\/strong><span> &#8211; <\/span><span>Fournit <\/span><span>lisse, <\/span><span>savoureuse <\/span><span>vapeur <\/span><span>\u00e0 chaque <\/span><span>chaque <\/span><span>\u00e0 chaque bouff\u00e9e.<\/span><br><span>\ud83d\udca7 <\/span><strong><span>18mL <\/span><span>E-<\/span><span>Liquide <\/span><span>Capacit\u00e9<\/span><\/strong><span> &#8211; <\/span><span>G\u00e9n\u00e9reusement <\/span><span>pr\u00e9<\/span><span>rempli <\/span><span>pour <\/span><span>prolong\u00e9e <\/span><span>vaping <\/span><span>sessions.<\/span><\/p>\t\t\t\t\t\t\t\t<\/div>\n\t\t\t\t<div class=\"elementor-element elementor-element-550cdb0 elementor-widget elementor-widget-heading\" data-id=\"550cdb0\" data-element_type=\"widget\" data-e-type=\"widget\" data-widget_type=\"heading.default\">\n\t\t\t\t\t<h2 class=\"elementor-heading-title elementor-size-default\">Fizzy Great 10000 Puffs Vape Flavors List :<\/h2>\t\t\t\t<\/div>\n\t\t\t\t<div class=\"elementor-element elementor-element-b7fedc7 color-scheme-inherit text-left elementor-widget elementor-widget-text-editor\" data-id=\"b7fedc7\" data-element_type=\"widget\" data-e-type=\"widget\" data-widget_type=\"text-editor.default\">\n\t\t\t\t\t\t\t\t\t<ol><li>Past\u00e8que<\/li><li>Glace aux myrtilles<\/li><li>Glace de raisin<\/li><li>Lychee Citron<\/li><li>Ananas P\u00eache Fruit de la passion<\/li><li>Framboise Raisin<\/li><li>P\u00eache<\/li><li>Mangue P\u00eache<\/li><li>Baies m\u00e9lang\u00e9es<\/li><li>Limonade \u00e0 la past\u00e8que et aux fraises<\/li><\/ol>\t\t\t\t\t\t\t\t<\/div>\n\t\t<div class=\"elementor-element elementor-element-735dc72 e-con-full e-flex e-con e-child\" data-id=\"735dc72\" data-element_type=\"container\" data-e-type=\"container\">\n\t\t\t\t<div class=\"elementor-element elementor-element-0aa78b9 elementor-mobile-align-center elementor-widget elementor-widget-button\" data-id=\"0aa78b9\" data-element_type=\"widget\" data-e-type=\"widget\" data-widget_type=\"button.default\">\n\t\t\t\t\t\t\t\t\t\t<a class=\"elementor-button elementor-button-link elementor-size-sm\" href=\"https:\/\/fizzyvape.com\/contact-us\/\">\n\t\t\t\t\t\t<span class=\"elementor-button-content-wrapper\">\n\t\t\t\t\t\t\t\t\t<span class=\"elementor-button-text\">CONTACTEZ-NOUS<\/span>\n\t\t\t\t\t<\/span>\n\t\t\t\t\t<\/a>\n\t\t\t\t\t\t\t\t<\/div>\n\t\t\t\t<\/div>\n\t\t\t\t<\/div>\n\t\t\t\t<\/div>\n\t\t\t\t<\/div>\n\t\t","protected":false},"excerpt":{"rendered":"<p>Fizzy Great 10000 Puffs Vape jetable &#8211; Taille compacte, grande performance Con\u00e7u pour pour les vapers qui appr\u00e9cient \u00e0 la<\/p>\n","protected":false},"featured_media":29496,"comment_status":"open","ping_status":"closed","template":"elementor_header_footer","meta":{"_crdt_document":"","om_disable_all_campaigns":false,"_monsterinsights_skip_tracking":false,"_monsterinsights_sitenote_active":false,"_monsterinsights_sitenote_note":"","_monsterinsights_sitenote_category":0},"product_brand":[],"product_cat":[166,167],"product_tag":[],"class_list":{"0":"post-32523","1":"product","2":"type-product","3":"status-publish","4":"has-post-thumbnail","6":"product_cat-vape-a-usage-unique","7":"product_cat-vapes-rechargeables","9":"first","10":"instock","11":"shipping-taxable","12":"product-type-simple"},"aioseo_notices":[],"_links":{"self":[{"href":"https:\/\/fizzyvape.com\/fr\/wp-json\/wp\/v2\/product\/32523","targetHints":{"allow":["GET"]}}],"collection":[{"href":"https:\/\/fizzyvape.com\/fr\/wp-json\/wp\/v2\/product"}],"about":[{"href":"https:\/\/fizzyvape.com\/fr\/wp-json\/wp\/v2\/types\/product"}],"replies":[{"embeddable":true,"href":"https:\/\/fizzyvape.com\/fr\/wp-json\/wp\/v2\/comments?post=32523"}],"version-history":[{"count":1,"href":"https:\/\/fizzyvape.com\/fr\/wp-json\/wp\/v2\/product\/32523\/revisions"}],"predecessor-version":[{"id":32534,"href":"https:\/\/fizzyvape.com\/fr\/wp-json\/wp\/v2\/product\/32523\/revisions\/32534"}],"wp:featuredmedia":[{"embeddable":true,"href":"https:\/\/fizzyvape.com\/fr\/wp-json\/wp\/v2\/media\/29496"}],"wp:attachment":[{"href":"https:\/\/fizzyvape.com\/fr\/wp-json\/wp\/v2\/media?parent=32523"}],"wp:term":[{"taxonomy":"product_brand","embeddable":true,"href":"https:\/\/fizzyvape.com\/fr\/wp-json\/wp\/v2\/product_brand?post=32523"},{"taxonomy":"product_cat","embeddable":true,"href":"https:\/\/fizzyvape.com\/fr\/wp-json\/wp\/v2\/product_cat?post=32523"},{"taxonomy":"product_tag","embeddable":true,"href":"https:\/\/fizzyvape.com\/fr\/wp-json\/wp\/v2\/product_tag?post=32523"}],"curies":[{"name":"wp","href":"https:\/\/api.w.org\/{rel}","templated":true}]}}