{"id":32112,"date":"2025-06-18T09:47:57","date_gmt":"2025-06-18T01:47:57","guid":{"rendered":"https:\/\/fizzyvape.com\/product\/max-iii-6en1-60000-puffs\/"},"modified":"2026-01-21T15:26:21","modified_gmt":"2026-01-21T07:26:21","slug":"max-iii-6en1-60000-puffs","status":"publish","type":"product","link":"https:\/\/fizzyvape.com\/es\/producto\/max-iii-6en1-60000-puffs\/","title":{"rendered":"Max III 6en1 &#8211; 60000 Puffs"},"content":{"rendered":"\t\t<div data-elementor-type=\"product-post\" data-elementor-id=\"32112\" class=\"elementor elementor-32112 elementor-2473\" data-elementor-post-type=\"product\">\n\t\t\t\t<div class=\"wd-negative-gap elementor-element elementor-element-50c2a61 e-flex e-con-boxed e-con e-parent\" data-id=\"50c2a61\" data-element_type=\"container\" data-e-type=\"container\">\n\t\t\t\t\t<div class=\"e-con-inner\">\n\t\t\t\t<div class=\"elementor-element elementor-element-f8789cd elementor-widget elementor-widget-heading\" data-id=\"f8789cd\" data-element_type=\"widget\" data-e-type=\"widget\" data-widget_type=\"heading.default\">\n\t\t\t\t\t<h1 class=\"elementor-heading-title elementor-size-default\">Fizzy Max III 6 en 1 60000 Puffs Vape Desechable | Mayorista<\/h1>\t\t\t\t<\/div>\n\t\t\t\t\t<\/div>\n\t\t\t\t<\/div>\n\t\t<div class=\"wd-negative-gap elementor-element elementor-element-1fc59b2 e-flex e-con-boxed e-con e-parent\" data-id=\"1fc59b2\" data-element_type=\"container\" data-e-type=\"container\">\n\t\t\t\t\t<div class=\"e-con-inner\">\n\t\t\t\t<div class=\"elementor-element elementor-element-db021bd color-scheme-inherit text-left elementor-widget elementor-widget-text-editor\" data-id=\"db021bd\" data-element_type=\"widget\" data-e-type=\"widget\" data-widget_type=\"text-editor.default\">\n\t\t\t\t\t\t\t\t\t<p><strong>Un dispositivo, seis sabores: la \u00faltima innovaci\u00f3n en vapeo<\/strong><\/p><p>Experimenta una versatilidad inigualable con el Fizzy Max III 6 en 1, un <a href=\"https:\/\/fizzyvape.com\/es\/categoria-producto\/vape-desechable\/\">vapeador desechable<\/a> de 60000 caladas que combina seis sabores premium en un solo dispositivo recargable. Perfecto para los vapeadores que anhelan variedad, rendimiento y comodidad. <\/p>\t\t\t\t\t\t\t\t<\/div>\n\t\t\t\t<div class=\"elementor-element elementor-element-12ec70c elementor-widget elementor-widget-heading\" data-id=\"12ec70c\" data-element_type=\"widget\" data-e-type=\"widget\" data-widget_type=\"heading.default\">\n\t\t\t\t\t<h2 class=\"elementor-heading-title elementor-size-default\">\u00bfPor qu\u00e9 elegir Fizzy Max III 6en1 60000 Puffs Vape Desechable?<\/h2>\t\t\t\t<\/div>\n\t\t\t\t<div class=\"elementor-element elementor-element-92e8b26 color-scheme-inherit text-left elementor-widget elementor-widget-text-editor\" data-id=\"92e8b26\" data-element_type=\"widget\" data-e-type=\"widget\" data-widget_type=\"text-editor.default\">\n\t\t\t\t\t\t\t\t\t<ul><li><p><strong>60.000 inhalaciones en total<\/strong>: gran capacidad para una satisfacci\u00f3n duradera<\/p><\/li><li><p><strong>6 sabores en 1 aparato<\/strong> &#8211; Cambia sin esfuerzo con la boquilla giratoria inteligente<\/p><\/li><li><p><strong>3 c\u00e1psulas de 20 ml cada una<\/strong> &#8211; C\u00e1psulas de doble sabor para un vapeo rico y en capas<\/p><\/li><li><p><strong>Bater\u00eda recargable<\/strong> &#8211; Carga TIPO-C para una m\u00e1xima eficacia<\/p><\/li><li><p><strong>Pantalla LED<\/strong> &#8211; Muestra el nivel de bater\u00eda y el estado del e-l\u00edquido<\/p><\/li><li><p><strong>Activado por tracci\u00f3n<\/strong>: inhalaci\u00f3n suave y sin complicaciones, sin necesidad de botones<\/p><\/li><\/ul>\t\t\t\t\t\t\t\t<\/div>\n\t\t\t\t<div class=\"elementor-element elementor-element-be4ea9c elementor-widget elementor-widget-heading\" data-id=\"be4ea9c\" data-element_type=\"widget\" data-e-type=\"widget\" data-widget_type=\"heading.default\">\n\t\t\t\t\t<h2 class=\"elementor-heading-title elementor-size-default\">Lista de Sabores de Vape Desechable Fizzy Max III 6en1 60000 Puffs:<\/h2>\t\t\t\t<\/div>\n\t\t\t\t<div class=\"elementor-element elementor-element-90ed138 color-scheme-inherit text-left elementor-widget elementor-widget-text-editor\" data-id=\"90ed138\" data-element_type=\"widget\" data-e-type=\"widget\" data-widget_type=\"text-editor.default\">\n\t\t\t\t\t\t\t\t\t<ol><li>Fresa Frambuesa y Mango Melocot\u00f3n y Ar\u00e1ndanos Sand\u00eda<\/li><li>Mezcla de bayas y kiwi Fruta de la pasi\u00f3n Guayaba y fresa Sand\u00eda<\/li><li>Ar\u00e1ndano Frambuesa y Triple Helado de Mel\u00f3n y Fresa<\/li><li>Fruta del Drag\u00f3n Fresa &amp; Red Bull &amp; Sand\u00eda Frambuesa<\/li><li>Hielo de fresa, kiwi, ar\u00e1ndanos y sand\u00eda<\/li><li>Hielo de Ar\u00e1ndano y Cereza efervescente y Frambuesa Lim\u00f3n<\/li><li>Sand\u00eda Helada y Fresa Vainilla Coca-Cola y Mixta<\/li><li>Fresa Uva y Ar\u00e1ndano Coco y Melocot\u00f3n Lim\u00f3n<\/li><li>Blue Razz Hielo y Fresa Kiwi y Pi\u00f1a Agria Naranja<\/li><li>Fresa Sand\u00eda &amp; Lim\u00f3n Lima &amp; Ar\u00e1ndanos Coco<\/li><li>Love 66 &amp; Red Bull Sand\u00eda y Fresa Frambuesa<\/li><li>Hielo de fresa &amp; Cola efervescente &amp; Chicle de sand\u00eda<\/li><\/ol>\t\t\t\t\t\t\t\t<\/div>\n\t\t\t\t<div class=\"elementor-element elementor-element-816149c color-scheme-inherit text-left elementor-widget elementor-widget-text-editor\" data-id=\"816149c\" data-element_type=\"widget\" data-e-type=\"widget\" data-widget_type=\"text-editor.default\">\n\t\t\t\t\t\t\t\t\t<h3>Preguntas frecuentes sobre Fizzy Max III 6en1 60000 Puffs Vape desechable<\/h3><p><strong>1. \u00bfC\u00f3mo cambio entre los seis sabores?<\/strong><br>El Fizzy Max III 6en1 incorpora una boquilla giratoria inteligente que te permite cambiar de sabor f\u00e1cilmente. S\u00f3lo tienes que girar la boquilla para seleccionar uno de los seis sabores disponibles. <\/p><p><strong>2. \u00bfQu\u00e9 concentraciones de nicotina hay disponibles?<\/strong><br>Este dispositivo est\u00e1 disponible en concentraciones de nicotina <strong>del 2% (20 mg)<\/strong> y <strong>del 5% (50 mg)<\/strong>. Elige la concentraci\u00f3n que mejor se adapte a tus preferencias personales o a tu historial como fumador. <\/p><p><strong>3. \u00bfEs recargable el Fizzy Max III 6en1?<\/strong><br>S\u00ed, viene con una <strong>bater\u00eda recargable USB-C<\/strong>, que te permite utilizar plenamente las 60.000 caladas en tres grandes c\u00e1psulas sin preocuparte por la energ\u00eda.<\/p><p><strong>4. \u00bfCu\u00e1ntas c\u00e1psulas incluye el aparato?<\/strong><br>El aparato incluye <strong>tres c\u00e1psulas precargadas<\/strong>, cada una de las cuales contiene <strong>20 ml de e-l\u00edquido<\/strong>.<\/p>\t\t\t\t\t\t\t\t<\/div>\n\t\t\t\t\t<\/div>\n\t\t\t\t<\/div>\n\t\t<div class=\"elementor-element elementor-element-a0adde3 e-con-full wd-section-stretch e-flex e-con e-parent\" data-id=\"a0adde3\" data-element_type=\"container\" data-e-type=\"container\">\n\t\t\t\t<div class=\"elementor-element elementor-element-8ce0e64 elementor-widget elementor-widget-image\" data-id=\"8ce0e64\" data-element_type=\"widget\" data-e-type=\"widget\" data-widget_type=\"image.default\">\n\t\t\t\t\t\t\t\t\t\t\t\t\t\t\t\t<a href=\"https:\/\/shop.fizzyvape.com\/product-category\/fizzy-max-iii-60000-puffs-disposable-vape\/\">\n\t\t\t\t\t\t\t<img loading=\"lazy\" decoding=\"async\" width=\"1168\" height=\"2560\" src=\"https:\/\/fizzyvape.com\/wp-content\/uploads\/2025\/06\/60K-VAPE-Flavors--scaled.webp\" class=\"attachment-full size-full wp-image-32126\" alt=\"60K VAPE Flavors\" srcset=\"https:\/\/fizzyvape.com\/wp-content\/uploads\/2025\/06\/60K-VAPE-Flavors--scaled.webp 1168w, https:\/\/fizzyvape.com\/wp-content\/uploads\/2025\/06\/60K-VAPE-Flavors--137x300.webp 137w, https:\/\/fizzyvape.com\/wp-content\/uploads\/2025\/06\/60K-VAPE-Flavors--467x1024.webp 467w, https:\/\/fizzyvape.com\/wp-content\/uploads\/2025\/06\/60K-VAPE-Flavors--768x1684.webp 768w, https:\/\/fizzyvape.com\/wp-content\/uploads\/2025\/06\/60K-VAPE-Flavors--701x1536.webp 701w, https:\/\/fizzyvape.com\/wp-content\/uploads\/2025\/06\/60K-VAPE-Flavors--934x2048.webp 934w, https:\/\/fizzyvape.com\/wp-content\/uploads\/2025\/06\/60K-VAPE-Flavors--600x1316.webp 600w, https:\/\/fizzyvape.com\/wp-content\/uploads\/2025\/06\/60K-VAPE-Flavors--scaled-150x329.webp 150w\" sizes=\"auto, (max-width: 1168px) 100vw, 1168px\" \/>\t\t\t\t\t\t\t\t<\/a>\n\t\t\t\t\t\t\t\t\t\t\t\t\t\t\t<\/div>\n\t\t\t\t<div class=\"elementor-element elementor-element-8caef54 elementor-widget__width-inherit elementor-widget elementor-widget-image\" data-id=\"8caef54\" data-element_type=\"widget\" data-e-type=\"widget\" data-widget_type=\"image.default\">\n\t\t\t\t\t\t\t\t\t\t\t\t\t\t\t\t<a href=\"https:\/\/shop.fizzyvape.com\/product-category\/fizzy-max-iii-60000-puffs-disposable-vape\/\">\n\t\t\t\t\t\t\t<img loading=\"lazy\" decoding=\"async\" width=\"1920\" height=\"1245\" src=\"https:\/\/fizzyvape.com\/wp-content\/uploads\/2025\/06\/60K-VAPE_01.webp\" class=\"attachment-full size-full wp-image-32143\" alt=\"60K VAPE_01\" srcset=\"https:\/\/fizzyvape.com\/wp-content\/uploads\/2025\/06\/60K-VAPE_01.webp 1920w, https:\/\/fizzyvape.com\/wp-content\/uploads\/2025\/06\/60K-VAPE_01-300x195.webp 300w, https:\/\/fizzyvape.com\/wp-content\/uploads\/2025\/06\/60K-VAPE_01-1024x664.webp 1024w, https:\/\/fizzyvape.com\/wp-content\/uploads\/2025\/06\/60K-VAPE_01-768x498.webp 768w, https:\/\/fizzyvape.com\/wp-content\/uploads\/2025\/06\/60K-VAPE_01-1536x996.webp 1536w, https:\/\/fizzyvape.com\/wp-content\/uploads\/2025\/06\/60K-VAPE_01-600x389.webp 600w, https:\/\/fizzyvape.com\/wp-content\/uploads\/2025\/06\/60K-VAPE_01-150x97.webp 150w\" sizes=\"auto, (max-width: 1920px) 100vw, 1920px\" \/>\t\t\t\t\t\t\t\t<\/a>\n\t\t\t\t\t\t\t\t\t\t\t\t\t\t\t<\/div>\n\t\t\t\t<div class=\"elementor-element elementor-element-8333442 elementor-widget__width-inherit elementor-widget elementor-widget-image\" data-id=\"8333442\" data-element_type=\"widget\" data-e-type=\"widget\" data-widget_type=\"image.default\">\n\t\t\t\t\t\t\t\t\t\t\t\t\t\t\t\t<a href=\"https:\/\/shop.fizzyvape.com\/product-category\/fizzy-max-iii-60000-puffs-disposable-vape\/\">\n\t\t\t\t\t\t\t<img loading=\"lazy\" decoding=\"async\" width=\"1920\" height=\"1867\" src=\"https:\/\/fizzyvape.com\/wp-content\/uploads\/2025\/06\/60K-VAPE_02.webp\" class=\"attachment-full size-full wp-image-32144\" alt=\"60K VAPE_02\" srcset=\"https:\/\/fizzyvape.com\/wp-content\/uploads\/2025\/06\/60K-VAPE_02.webp 1920w, https:\/\/fizzyvape.com\/wp-content\/uploads\/2025\/06\/60K-VAPE_02-300x292.webp 300w, https:\/\/fizzyvape.com\/wp-content\/uploads\/2025\/06\/60K-VAPE_02-1024x996.webp 1024w, https:\/\/fizzyvape.com\/wp-content\/uploads\/2025\/06\/60K-VAPE_02-768x747.webp 768w, https:\/\/fizzyvape.com\/wp-content\/uploads\/2025\/06\/60K-VAPE_02-1536x1494.webp 1536w, https:\/\/fizzyvape.com\/wp-content\/uploads\/2025\/06\/60K-VAPE_02-600x583.webp 600w, https:\/\/fizzyvape.com\/wp-content\/uploads\/2025\/06\/60K-VAPE_02-150x146.webp 150w\" sizes=\"auto, (max-width: 1920px) 100vw, 1920px\" \/>\t\t\t\t\t\t\t\t<\/a>\n\t\t\t\t\t\t\t\t\t\t\t\t\t\t\t<\/div>\n\t\t\t\t<div class=\"elementor-element elementor-element-79feffa elementor-widget__width-inherit elementor-widget elementor-widget-image\" data-id=\"79feffa\" data-element_type=\"widget\" data-e-type=\"widget\" data-widget_type=\"image.default\">\n\t\t\t\t\t\t\t\t\t\t\t\t\t\t\t<img loading=\"lazy\" decoding=\"async\" width=\"1920\" height=\"2239\" src=\"https:\/\/fizzyvape.com\/wp-content\/uploads\/2025\/06\/60K-VAPE_03.webp\" class=\"attachment-full size-full wp-image-32145\" alt=\"60K VAPE_03\" srcset=\"https:\/\/fizzyvape.com\/wp-content\/uploads\/2025\/06\/60K-VAPE_03.webp 1920w, https:\/\/fizzyvape.com\/wp-content\/uploads\/2025\/06\/60K-VAPE_03-257x300.webp 257w, https:\/\/fizzyvape.com\/wp-content\/uploads\/2025\/06\/60K-VAPE_03-878x1024.webp 878w, https:\/\/fizzyvape.com\/wp-content\/uploads\/2025\/06\/60K-VAPE_03-768x896.webp 768w, https:\/\/fizzyvape.com\/wp-content\/uploads\/2025\/06\/60K-VAPE_03-1317x1536.webp 1317w, https:\/\/fizzyvape.com\/wp-content\/uploads\/2025\/06\/60K-VAPE_03-1756x2048.webp 1756w, https:\/\/fizzyvape.com\/wp-content\/uploads\/2025\/06\/60K-VAPE_03-600x700.webp 600w, https:\/\/fizzyvape.com\/wp-content\/uploads\/2025\/06\/60K-VAPE_03-150x175.webp 150w\" sizes=\"auto, (max-width: 1920px) 100vw, 1920px\" \/>\t\t\t\t\t\t\t\t\t\t\t\t\t\t\t<\/div>\n\t\t\t\t<div class=\"elementor-element elementor-element-fd1a84f elementor-widget__width-inherit elementor-widget elementor-widget-image\" data-id=\"fd1a84f\" data-element_type=\"widget\" data-e-type=\"widget\" data-widget_type=\"image.default\">\n\t\t\t\t\t\t\t\t\t\t\t\t\t\t\t<img loading=\"lazy\" decoding=\"async\" width=\"1776\" height=\"2560\" src=\"https:\/\/fizzyvape.com\/wp-content\/uploads\/2025\/06\/60K-VAPE_04-scaled.webp\" class=\"attachment-full size-full wp-image-32146\" alt=\"60K VAPE_04\" srcset=\"https:\/\/fizzyvape.com\/wp-content\/uploads\/2025\/06\/60K-VAPE_04-scaled.webp 1776w, https:\/\/fizzyvape.com\/wp-content\/uploads\/2025\/06\/60K-VAPE_04-208x300.webp 208w, https:\/\/fizzyvape.com\/wp-content\/uploads\/2025\/06\/60K-VAPE_04-711x1024.webp 711w, https:\/\/fizzyvape.com\/wp-content\/uploads\/2025\/06\/60K-VAPE_04-768x1107.webp 768w, https:\/\/fizzyvape.com\/wp-content\/uploads\/2025\/06\/60K-VAPE_04-1066x1536.webp 1066w, https:\/\/fizzyvape.com\/wp-content\/uploads\/2025\/06\/60K-VAPE_04-1421x2048.webp 1421w, https:\/\/fizzyvape.com\/wp-content\/uploads\/2025\/06\/60K-VAPE_04-600x865.webp 600w, https:\/\/fizzyvape.com\/wp-content\/uploads\/2025\/06\/60K-VAPE_04-scaled-150x216.webp 150w\" sizes=\"auto, (max-width: 1776px) 100vw, 1776px\" \/>\t\t\t\t\t\t\t\t\t\t\t\t\t\t\t<\/div>\n\t\t\t\t<div class=\"elementor-element elementor-element-aa64a04 elementor-widget__width-inherit elementor-widget elementor-widget-image\" data-id=\"aa64a04\" data-element_type=\"widget\" data-e-type=\"widget\" data-widget_type=\"image.default\">\n\t\t\t\t\t\t\t\t\t\t\t\t\t\t\t<img loading=\"lazy\" decoding=\"async\" width=\"1897\" height=\"2560\" src=\"https:\/\/fizzyvape.com\/wp-content\/uploads\/2025\/06\/60K-VAPE_05-scaled.webp\" class=\"attachment-full size-full wp-image-32147\" alt=\"60K VAPE_05\" srcset=\"https:\/\/fizzyvape.com\/wp-content\/uploads\/2025\/06\/60K-VAPE_05-scaled.webp 1897w, https:\/\/fizzyvape.com\/wp-content\/uploads\/2025\/06\/60K-VAPE_05-222x300.webp 222w, https:\/\/fizzyvape.com\/wp-content\/uploads\/2025\/06\/60K-VAPE_05-759x1024.webp 759w, https:\/\/fizzyvape.com\/wp-content\/uploads\/2025\/06\/60K-VAPE_05-768x1036.webp 768w, https:\/\/fizzyvape.com\/wp-content\/uploads\/2025\/06\/60K-VAPE_05-1138x1536.webp 1138w, https:\/\/fizzyvape.com\/wp-content\/uploads\/2025\/06\/60K-VAPE_05-1518x2048.webp 1518w, https:\/\/fizzyvape.com\/wp-content\/uploads\/2025\/06\/60K-VAPE_05-600x810.webp 600w, https:\/\/fizzyvape.com\/wp-content\/uploads\/2025\/06\/60K-VAPE_05-scaled-150x202.webp 150w\" sizes=\"auto, (max-width: 1897px) 100vw, 1897px\" \/>\t\t\t\t\t\t\t\t\t\t\t\t\t\t\t<\/div>\n\t\t\t\t<\/div>\n\t\t\t\t<\/div>\n\t\t","protected":false},"excerpt":{"rendered":"[html_block id=\"29301\"]\n","protected":false},"featured_media":32154,"comment_status":"closed","ping_status":"closed","template":"","meta":{"_crdt_document":"","om_disable_all_campaigns":false,"_monsterinsights_skip_tracking":false,"_monsterinsights_sitenote_active":false,"_monsterinsights_sitenote_note":"","_monsterinsights_sitenote_category":0},"product_brand":[],"product_cat":[172,173],"product_tag":[],"class_list":{"0":"post-32112","1":"product","2":"type-product","3":"status-publish","4":"has-post-thumbnail","6":"product_cat-vape-desechable","7":"product_cat-vapes-recargables","9":"first","10":"instock","11":"shipping-taxable","12":"product-type-simple"},"aioseo_notices":[],"_links":{"self":[{"href":"https:\/\/fizzyvape.com\/es\/wp-json\/wp\/v2\/product\/32112","targetHints":{"allow":["GET"]}}],"collection":[{"href":"https:\/\/fizzyvape.com\/es\/wp-json\/wp\/v2\/product"}],"about":[{"href":"https:\/\/fizzyvape.com\/es\/wp-json\/wp\/v2\/types\/product"}],"replies":[{"embeddable":true,"href":"https:\/\/fizzyvape.com\/es\/wp-json\/wp\/v2\/comments?post=32112"}],"version-history":[{"count":1,"href":"https:\/\/fizzyvape.com\/es\/wp-json\/wp\/v2\/product\/32112\/revisions"}],"predecessor-version":[{"id":32156,"href":"https:\/\/fizzyvape.com\/es\/wp-json\/wp\/v2\/product\/32112\/revisions\/32156"}],"wp:featuredmedia":[{"embeddable":true,"href":"https:\/\/fizzyvape.com\/es\/wp-json\/wp\/v2\/media\/32154"}],"wp:attachment":[{"href":"https:\/\/fizzyvape.com\/es\/wp-json\/wp\/v2\/media?parent=32112"}],"wp:term":[{"taxonomy":"product_brand","embeddable":true,"href":"https:\/\/fizzyvape.com\/es\/wp-json\/wp\/v2\/product_brand?post=32112"},{"taxonomy":"product_cat","embeddable":true,"href":"https:\/\/fizzyvape.com\/es\/wp-json\/wp\/v2\/product_cat?post=32112"},{"taxonomy":"product_tag","embeddable":true,"href":"https:\/\/fizzyvape.com\/es\/wp-json\/wp\/v2\/product_tag?post=32112"}],"curies":[{"name":"wp","href":"https:\/\/api.w.org\/{rel}","templated":true}]}}