{"id":31760,"date":"2024-11-15T14:10:34","date_gmt":"2024-11-15T06:10:34","guid":{"rendered":"https:\/\/fizzyvape.com\/product\/nova-plus-40000-puffs\/"},"modified":"2026-01-21T15:26:06","modified_gmt":"2026-01-21T07:26:06","slug":"nova-plus-40000-puffs","status":"publish","type":"product","link":"https:\/\/fizzyvape.com\/es\/producto\/nova-plus-40000-puffs\/","title":{"rendered":"Nova Plus 40000 Puffs"},"content":{"rendered":"\t\t<div data-elementor-type=\"product-post\" data-elementor-id=\"31760\" class=\"elementor elementor-31760 elementor-488\" data-elementor-post-type=\"product\">\n\t\t\t\t<div class=\"wd-negative-gap elementor-element elementor-element-bcf0db8 e-flex e-con-boxed e-con e-parent\" data-id=\"bcf0db8\" data-element_type=\"container\" data-e-type=\"container\">\n\t\t\t\t\t<div class=\"e-con-inner\">\n\t\t\t\t<div class=\"elementor-element elementor-element-0b1c0fa elementor-widget elementor-widget-heading\" data-id=\"0b1c0fa\" data-element_type=\"widget\" data-e-type=\"widget\" data-widget_type=\"heading.default\">\n\t\t\t\t\t<h1 class=\"elementor-heading-title elementor-size-default\">Fizzy Nova Plus 40000 Puffs Vape Desechable - Vaping Premium Redefinido<\/h1>\t\t\t\t<\/div>\n\t\t\t\t<div class=\"elementor-element elementor-element-c6e8de8 color-scheme-inherit text-left elementor-widget elementor-widget-text-editor\" data-id=\"c6e8de8\" data-element_type=\"widget\" data-e-type=\"widget\" data-widget_type=\"text-editor.default\">\n\t\t\t\t\t\t\t\t\t<p>Experimenta el futuro del vapeo desechable con <strong>Fizzy Nova Plus 40000 Puffs<\/strong>. Dise\u00f1ado para los vapeadores que exigen excelencia, este dispositivo de \u00faltima generaci\u00f3n combina un rendimiento de vanguardia, un sabor excepcional y una longevidad inigualable, todo ello en un formato elegante y f\u00e1cil de transportar. <\/p>\t\t\t\t\t\t\t\t<\/div>\n\t\t\t\t<div class=\"elementor-element elementor-element-b9f7c79 elementor-widget elementor-widget-heading\" data-id=\"b9f7c79\" data-element_type=\"widget\" data-e-type=\"widget\" data-widget_type=\"heading.default\">\n\t\t\t\t\t<h2 class=\"elementor-heading-title elementor-size-default\">\u00bfPor qu\u00e9 elegir Fizzy Nova Plus?<\/h2>\t\t\t\t<\/div>\n\t\t\t\t<div class=\"elementor-element elementor-element-b4e1e3f color-scheme-inherit text-left elementor-widget elementor-widget-text-editor\" data-id=\"b4e1e3f\" data-element_type=\"widget\" data-e-type=\"widget\" data-widget_type=\"text-editor.default\">\n\t\t\t\t\t\t\t\t\t<ul><li><strong>Gran n\u00famero de caladas &#8211; <\/strong>Disfruta de hasta <strong>40.000 caladas<\/strong>, que te proporcionar\u00e1n semanas de satisfacci\u00f3n constante sin necesidad de sustituirlas con frecuencia.<\/li><li><strong>Gran capacidad de e-l\u00edquido<\/strong> &#8211; Precargado con <strong>40 ml de e-l\u00edquido de primera calidad<\/strong> para una experiencia de vapeo realmente duradera e ininterrumpida.<\/li><li><strong>Tecnolog\u00eda de doble bobina de malla &#8211; <\/strong>Dise\u00f1ada para <strong>un sabor m\u00e1s intenso<\/strong> y <strong>un vapor m\u00e1s denso<\/strong>, lo que garantiza que cada calada sea suave, sabrosa y profundamente satisfactoria.<\/li><li><strong>Modos de vapeo ajustables &#8211; <\/strong>Cambia entre <strong>el modo Eco<\/strong> para prolongar la duraci\u00f3n de la bater\u00eda y <strong>el modo Turbo<\/strong> para un sabor y una producci\u00f3n de vapor m\u00e1s intensos, seg\u00fan tus preferencias.<\/li><li><strong>Pantalla LED inteligente &#8211; <\/strong>Mant\u00e9n el control con una pantalla clara e inteligente que muestra <strong>el nivel de bater\u00eda<\/strong> y <strong>el estado del e-l\u00edquido<\/strong> de un vistazo.<\/li><li><strong>Carga r\u00e1pida por USB-C: <\/strong>alimentada por una robusta <strong>bater\u00eda de 850 mAh<\/strong>, se carga por completo en s\u00f3lo <strong>2 horas<\/strong>, para que est\u00e9s listo para vapear en cualquier momento y lugar.<\/li><\/ul>\t\t\t\t\t\t\t\t<\/div>\n\t\t\t\t<div class=\"elementor-element elementor-element-4c4befa elementor-widget elementor-widget-heading\" data-id=\"4c4befa\" data-element_type=\"widget\" data-e-type=\"widget\" data-widget_type=\"heading.default\">\n\t\t\t\t\t<h2 class=\"elementor-heading-title elementor-size-default\">Lista de sabores de Vape Desechable Fizzy Nova Plus 40000 Puffs:<\/h2>\t\t\t\t<\/div>\n\t\t\t\t<div class=\"elementor-element elementor-element-aaf8600 color-scheme-inherit text-left elementor-widget elementor-widget-text-editor\" data-id=\"aaf8600\" data-element_type=\"widget\" data-e-type=\"widget\" data-widget_type=\"text-editor.default\">\n\t\t\t\t\t\t\t\t\t<ol><li>Fresa Kiwi<\/li><li>Hielo de ar\u00e1ndanos<\/li><li>Hielo de sand\u00eda<\/li><li>Melocot\u00f3n Mango Sand\u00eda<\/li><li>Kiwi Fruta de la pasi\u00f3n Guayaba<\/li><li>Frambuesa Lim\u00f3n<\/li><li>Triple baya<\/li><li>Melocot\u00f3n helado<\/li><li>Uva Lima<\/li><li>Limonada Blue Razz<\/li><li>Hielo de fresa<\/li><li>Coco con ar\u00e1ndanos<\/li><\/ol>\t\t\t\t\t\t\t\t<\/div>\n\t\t<div class=\"elementor-element elementor-element-7481ca8 e-con-full e-flex e-con e-child\" data-id=\"7481ca8\" data-element_type=\"container\" data-e-type=\"container\">\n\t\t\t\t<div class=\"elementor-element elementor-element-4032ef5 elementor-widget elementor-widget-button\" data-id=\"4032ef5\" data-element_type=\"widget\" data-e-type=\"widget\" data-widget_type=\"button.default\">\n\t\t\t\t\t\t\t\t\t\t<a class=\"elementor-button elementor-button-link elementor-size-sm\" href=\"https:\/\/shop.fizzyvape.com\/product-category\/fizzy-nova-plus-40000-puffs-disposable-vape\/\">\n\t\t\t\t\t\t<span class=\"elementor-button-content-wrapper\">\n\t\t\t\t\t\t\t\t\t<span class=\"elementor-button-text\">Comprar ahora<\/span>\n\t\t\t\t\t<\/span>\n\t\t\t\t\t<\/a>\n\t\t\t\t\t\t\t\t<\/div>\n\t\t\t\t<\/div>\n\t\t\t\t\t<\/div>\n\t\t\t\t<\/div>\n\t\t<div class=\"elementor-element elementor-element-2bc4d93 e-con-full e-flex e-con e-parent\" data-id=\"2bc4d93\" data-element_type=\"container\" data-e-type=\"container\">\n\t\t\t\t<div class=\"elementor-element elementor-element-62a3ae7 elementor-widget elementor-widget-image\" data-id=\"62a3ae7\" data-element_type=\"widget\" data-e-type=\"widget\" data-widget_type=\"image.default\">\n\t\t\t\t\t\t\t\t\t\t\t\t\t\t\t<img loading=\"lazy\" decoding=\"async\" width=\"2121\" height=\"1321\" src=\"https:\/\/fizzyvape.com\/wp-content\/uploads\/2024\/11\/40000\u8be6\u60c5\u9875_01.jpg\" class=\"attachment-full size-full wp-image-31772\" alt=\"40000 puff Disposable Vape\" srcset=\"https:\/\/fizzyvape.com\/wp-content\/uploads\/2024\/11\/40000\u8be6\u60c5\u9875_01.jpg 2121w, https:\/\/fizzyvape.com\/wp-content\/uploads\/2024\/11\/40000\u8be6\u60c5\u9875_01-300x187.jpg 300w, https:\/\/fizzyvape.com\/wp-content\/uploads\/2024\/11\/40000\u8be6\u60c5\u9875_01-1024x638.jpg 1024w, https:\/\/fizzyvape.com\/wp-content\/uploads\/2024\/11\/40000\u8be6\u60c5\u9875_01-768x478.jpg 768w, https:\/\/fizzyvape.com\/wp-content\/uploads\/2024\/11\/40000\u8be6\u60c5\u9875_01-1536x957.jpg 1536w, https:\/\/fizzyvape.com\/wp-content\/uploads\/2024\/11\/40000\u8be6\u60c5\u9875_01-2048x1276.jpg 2048w, https:\/\/fizzyvape.com\/wp-content\/uploads\/2024\/11\/40000\u8be6\u60c5\u9875_01-600x374.jpg 600w, https:\/\/fizzyvape.com\/wp-content\/uploads\/2024\/11\/40000\u8be6\u60c5\u9875_01-150x93.jpg 150w\" sizes=\"auto, (max-width: 2121px) 100vw, 2121px\" \/>\t\t\t\t\t\t\t\t\t\t\t\t\t\t\t<\/div>\n\t\t\t\t<div class=\"elementor-element elementor-element-267f30a elementor-widget elementor-widget-image\" data-id=\"267f30a\" data-element_type=\"widget\" data-e-type=\"widget\" data-widget_type=\"image.default\">\n\t\t\t\t\t\t\t\t\t\t\t\t\t\t\t<img loading=\"lazy\" decoding=\"async\" width=\"2121\" height=\"2519\" src=\"https:\/\/fizzyvape.com\/wp-content\/uploads\/2024\/11\/40000\u8be6\u60c5\u9875_02.jpg\" class=\"attachment-full size-full wp-image-31773\" alt=\"\" srcset=\"https:\/\/fizzyvape.com\/wp-content\/uploads\/2024\/11\/40000\u8be6\u60c5\u9875_02.jpg 2121w, https:\/\/fizzyvape.com\/wp-content\/uploads\/2024\/11\/40000\u8be6\u60c5\u9875_02-253x300.jpg 253w, https:\/\/fizzyvape.com\/wp-content\/uploads\/2024\/11\/40000\u8be6\u60c5\u9875_02-862x1024.jpg 862w, https:\/\/fizzyvape.com\/wp-content\/uploads\/2024\/11\/40000\u8be6\u60c5\u9875_02-768x912.jpg 768w, https:\/\/fizzyvape.com\/wp-content\/uploads\/2024\/11\/40000\u8be6\u60c5\u9875_02-1293x1536.jpg 1293w, https:\/\/fizzyvape.com\/wp-content\/uploads\/2024\/11\/40000\u8be6\u60c5\u9875_02-1724x2048.jpg 1724w, https:\/\/fizzyvape.com\/wp-content\/uploads\/2024\/11\/40000\u8be6\u60c5\u9875_02-600x713.jpg 600w, https:\/\/fizzyvape.com\/wp-content\/uploads\/2024\/11\/40000\u8be6\u60c5\u9875_02-150x178.jpg 150w\" sizes=\"auto, (max-width: 2121px) 100vw, 2121px\" \/>\t\t\t\t\t\t\t\t\t\t\t\t\t\t\t<\/div>\n\t\t\t\t<div class=\"elementor-element elementor-element-4b9c868 elementor-widget elementor-widget-image\" data-id=\"4b9c868\" data-element_type=\"widget\" data-e-type=\"widget\" data-widget_type=\"image.default\">\n\t\t\t\t\t\t\t\t\t\t\t\t\t\t\t<img loading=\"lazy\" decoding=\"async\" width=\"2121\" height=\"1801\" src=\"https:\/\/fizzyvape.com\/wp-content\/uploads\/2024\/11\/40000\u8be6\u60c5\u9875_03.jpg\" class=\"attachment-full size-full wp-image-31774\" alt=\"\" srcset=\"https:\/\/fizzyvape.com\/wp-content\/uploads\/2024\/11\/40000\u8be6\u60c5\u9875_03.jpg 2121w, https:\/\/fizzyvape.com\/wp-content\/uploads\/2024\/11\/40000\u8be6\u60c5\u9875_03-300x255.jpg 300w, https:\/\/fizzyvape.com\/wp-content\/uploads\/2024\/11\/40000\u8be6\u60c5\u9875_03-1024x870.jpg 1024w, https:\/\/fizzyvape.com\/wp-content\/uploads\/2024\/11\/40000\u8be6\u60c5\u9875_03-768x652.jpg 768w, https:\/\/fizzyvape.com\/wp-content\/uploads\/2024\/11\/40000\u8be6\u60c5\u9875_03-1536x1304.jpg 1536w, https:\/\/fizzyvape.com\/wp-content\/uploads\/2024\/11\/40000\u8be6\u60c5\u9875_03-2048x1739.jpg 2048w, https:\/\/fizzyvape.com\/wp-content\/uploads\/2024\/11\/40000\u8be6\u60c5\u9875_03-600x509.jpg 600w, https:\/\/fizzyvape.com\/wp-content\/uploads\/2024\/11\/40000\u8be6\u60c5\u9875_03-150x127.jpg 150w\" sizes=\"auto, (max-width: 2121px) 100vw, 2121px\" \/>\t\t\t\t\t\t\t\t\t\t\t\t\t\t\t<\/div>\n\t\t\t\t<div class=\"elementor-element elementor-element-3d40e8d elementor-widget elementor-widget-image\" data-id=\"3d40e8d\" data-element_type=\"widget\" data-e-type=\"widget\" data-widget_type=\"image.default\">\n\t\t\t\t\t\t\t\t\t\t\t\t\t\t\t<img loading=\"lazy\" decoding=\"async\" width=\"2121\" height=\"2026\" src=\"https:\/\/fizzyvape.com\/wp-content\/uploads\/2024\/11\/40000\u8be6\u60c5\u9875_04.jpg\" class=\"attachment-full size-full wp-image-31776\" alt=\"\" srcset=\"https:\/\/fizzyvape.com\/wp-content\/uploads\/2024\/11\/40000\u8be6\u60c5\u9875_04.jpg 2121w, https:\/\/fizzyvape.com\/wp-content\/uploads\/2024\/11\/40000\u8be6\u60c5\u9875_04-300x287.jpg 300w, https:\/\/fizzyvape.com\/wp-content\/uploads\/2024\/11\/40000\u8be6\u60c5\u9875_04-1024x978.jpg 1024w, https:\/\/fizzyvape.com\/wp-content\/uploads\/2024\/11\/40000\u8be6\u60c5\u9875_04-768x734.jpg 768w, https:\/\/fizzyvape.com\/wp-content\/uploads\/2024\/11\/40000\u8be6\u60c5\u9875_04-1536x1467.jpg 1536w, https:\/\/fizzyvape.com\/wp-content\/uploads\/2024\/11\/40000\u8be6\u60c5\u9875_04-2048x1956.jpg 2048w, https:\/\/fizzyvape.com\/wp-content\/uploads\/2024\/11\/40000\u8be6\u60c5\u9875_04-600x573.jpg 600w, https:\/\/fizzyvape.com\/wp-content\/uploads\/2024\/11\/40000\u8be6\u60c5\u9875_04-150x143.jpg 150w\" sizes=\"auto, (max-width: 2121px) 100vw, 2121px\" \/>\t\t\t\t\t\t\t\t\t\t\t\t\t\t\t<\/div>\n\t\t\t\t<div class=\"elementor-element elementor-element-0ef0b98 elementor-widget elementor-widget-image\" data-id=\"0ef0b98\" data-element_type=\"widget\" data-e-type=\"widget\" data-widget_type=\"image.default\">\n\t\t\t\t\t\t\t\t\t\t\t\t\t\t\t<img loading=\"lazy\" decoding=\"async\" width=\"2121\" height=\"1410\" src=\"https:\/\/fizzyvape.com\/wp-content\/uploads\/2024\/11\/40000\u8be6\u60c5\u9875_05.jpg\" class=\"attachment-full size-full wp-image-31778\" alt=\"\" srcset=\"https:\/\/fizzyvape.com\/wp-content\/uploads\/2024\/11\/40000\u8be6\u60c5\u9875_05.jpg 2121w, https:\/\/fizzyvape.com\/wp-content\/uploads\/2024\/11\/40000\u8be6\u60c5\u9875_05-300x199.jpg 300w, https:\/\/fizzyvape.com\/wp-content\/uploads\/2024\/11\/40000\u8be6\u60c5\u9875_05-1024x681.jpg 1024w, https:\/\/fizzyvape.com\/wp-content\/uploads\/2024\/11\/40000\u8be6\u60c5\u9875_05-768x511.jpg 768w, https:\/\/fizzyvape.com\/wp-content\/uploads\/2024\/11\/40000\u8be6\u60c5\u9875_05-1536x1021.jpg 1536w, https:\/\/fizzyvape.com\/wp-content\/uploads\/2024\/11\/40000\u8be6\u60c5\u9875_05-2048x1361.jpg 2048w, https:\/\/fizzyvape.com\/wp-content\/uploads\/2024\/11\/40000\u8be6\u60c5\u9875_05-600x399.jpg 600w, https:\/\/fizzyvape.com\/wp-content\/uploads\/2024\/11\/40000\u8be6\u60c5\u9875_05-150x100.jpg 150w\" sizes=\"auto, (max-width: 2121px) 100vw, 2121px\" \/>\t\t\t\t\t\t\t\t\t\t\t\t\t\t\t<\/div>\n\t\t\t\t<\/div>\n\t\t\t\t<\/div>\n\t\t","protected":false},"excerpt":{"rendered":"<p>Disfruta de un vapeo ultralargo con hasta <strong>40.000 caladas<\/strong>, un rico sabor gracias a <strong>las bobinas de doble malla<\/strong> y una personalizaci\u00f3n inteligente con <strong>los modos Eco y Turbo<\/strong>. Con <strong>40 ml de e-l\u00edquido<\/strong>, una <strong>bater\u00eda recargable de 850 mAh<\/strong> y un <strong>elegante acabado met\u00e1lico<\/strong>, Nova Plus redefine lo que puede ser un vapeador desechable. <\/p>\n","protected":false},"featured_media":29121,"comment_status":"closed","ping_status":"closed","template":"","meta":{"_crdt_document":"","om_disable_all_campaigns":false,"_monsterinsights_skip_tracking":false,"_monsterinsights_sitenote_active":false,"_monsterinsights_sitenote_note":"","_monsterinsights_sitenote_category":0},"product_brand":[],"product_cat":[172,173],"product_tag":[],"class_list":{"0":"post-31760","1":"product","2":"type-product","3":"status-publish","4":"has-post-thumbnail","6":"product_cat-vape-desechable","7":"product_cat-vapes-recargables","9":"first","10":"instock","11":"shipping-taxable","12":"product-type-simple"},"aioseo_notices":[],"_links":{"self":[{"href":"https:\/\/fizzyvape.com\/es\/wp-json\/wp\/v2\/product\/31760","targetHints":{"allow":["GET"]}}],"collection":[{"href":"https:\/\/fizzyvape.com\/es\/wp-json\/wp\/v2\/product"}],"about":[{"href":"https:\/\/fizzyvape.com\/es\/wp-json\/wp\/v2\/types\/product"}],"replies":[{"embeddable":true,"href":"https:\/\/fizzyvape.com\/es\/wp-json\/wp\/v2\/comments?post=31760"}],"version-history":[{"count":1,"href":"https:\/\/fizzyvape.com\/es\/wp-json\/wp\/v2\/product\/31760\/revisions"}],"predecessor-version":[{"id":31820,"href":"https:\/\/fizzyvape.com\/es\/wp-json\/wp\/v2\/product\/31760\/revisions\/31820"}],"wp:featuredmedia":[{"embeddable":true,"href":"https:\/\/fizzyvape.com\/es\/wp-json\/wp\/v2\/media\/29121"}],"wp:attachment":[{"href":"https:\/\/fizzyvape.com\/es\/wp-json\/wp\/v2\/media?parent=31760"}],"wp:term":[{"taxonomy":"product_brand","embeddable":true,"href":"https:\/\/fizzyvape.com\/es\/wp-json\/wp\/v2\/product_brand?post=31760"},{"taxonomy":"product_cat","embeddable":true,"href":"https:\/\/fizzyvape.com\/es\/wp-json\/wp\/v2\/product_cat?post=31760"},{"taxonomy":"product_tag","embeddable":true,"href":"https:\/\/fizzyvape.com\/es\/wp-json\/wp\/v2\/product_tag?post=31760"}],"curies":[{"name":"wp","href":"https:\/\/api.w.org\/{rel}","templated":true}]}}