{"id":31321,"date":"2025-12-29T15:05:45","date_gmt":"2025-12-29T07:05:45","guid":{"rendered":"https:\/\/fizzyvape.com\/product\/150k-puffs-15-en-1\/"},"modified":"2026-01-21T15:25:33","modified_gmt":"2026-01-21T07:25:33","slug":"150k-puffs-15-en-1","status":"publish","type":"product","link":"https:\/\/fizzyvape.com\/es\/producto\/150k-puffs-15-en-1\/","title":{"rendered":"150K Puffs 15 en 1"},"content":{"rendered":"\t\t<div data-elementor-type=\"product-post\" data-elementor-id=\"31321\" class=\"elementor elementor-31321 elementor-29818\" data-elementor-post-type=\"product\">\n\t\t\t\t<div class=\"wd-negative-gap elementor-element elementor-element-47bfc5e e-flex e-con-boxed e-con e-parent\" data-id=\"47bfc5e\" data-element_type=\"container\" data-e-type=\"container\">\n\t\t\t\t\t<div class=\"e-con-inner\">\n\t\t\t\t<div class=\"elementor-element elementor-element-3b6e603 color-scheme-inherit text-left elementor-widget elementor-widget-text-editor\" data-id=\"3b6e603\" data-element_type=\"widget\" data-e-type=\"widget\" data-widget_type=\"text-editor.default\">\n\t\t\t\t\t\t\t\t\t<h1>Vapeador Desechable Fizzy 150K 150000 Puffs: Lo \u00faltimo en vapeadores inteligentes 15 en 1<\/h1><p>El <b>Fizzy 150K 150000 Puffs<\/b> no es s\u00f3lo un dispositivo de gran capacidad; es una revoluci\u00f3n tecnol\u00f3gica en la industria del vapeo desechable. Como buque insignia de Fizzy, combina un <b>recuento<\/b> sin precedentes <b>de 150.000 caladas<\/b> con un <b>sistema multi-sabor<\/b> patentado y una <b>monitorizaci\u00f3n inteligente<\/b>, estableciendo un nuevo est\u00e1ndar de rendimiento y valor. <\/p><h2>\ud83d\ude80 Principales caracter\u00edsticas del producto<\/h2><h4><b>1. Resistencia y capacidad inigualables<\/b><\/h4><p>Dise\u00f1ado para la satisfacci\u00f3n a largo plazo, el Fizzy 150K es el vapeador &#8220;maratoniano&#8221; definitivo.<\/p><ul><li><p><b>L\u00edder en la industria con 150.000 inhalaciones:<\/b> Una enorme vida \u00fatil que dura m\u00e1s que docenas de desechables est\u00e1ndar.<\/p><\/li><li><p><b>Dep\u00f3sito ultra grande de 80 ml:<\/b> Precargado con e-l\u00edquido Fizzy de primera calidad para un uso ininterrumpido.<\/p><\/li><li><p><b>Bater\u00eda din\u00e1mica de 1000 mAh:<\/b> Una c\u00e9lula recargable de alta capacidad garantiza que el dispositivo rinda al m\u00e1ximo hasta la \u00faltima gota.<\/p><\/li><li><p><b>Soluci\u00f3n rentable:<\/b> Reduce dr\u00e1sticamente el coste por esponja para los consumidores y la frecuencia de sustituci\u00f3n para los minoristas.<\/p><\/li><\/ul><h4><b>2. Innovaci\u00f3n de sabor 15 en 1 patentada<\/b><\/h4><p>Experimenta la libertad total de sabores. El Fizzy 150K cuenta con una arquitectura \u00fanica de tanque cu\u00e1druple que te permite cambiar de sabor al instante. <\/p><ul><li><p><b>4 canales de e-l\u00edquido independientes:<\/b> Cuatro dep\u00f3sitos independientes de 20 ml (A, B, C y D) garantizan que no se mezclen los sabores.<\/p><\/li><li><p><b>15 combinaciones de sabores:<\/b> Utiliza el bot\u00f3n f\u00edsico para elegir entre 4 sabores base o desbloquear 11 mezclas h\u00edbridas.<\/p><\/li><li><p><b>Integridad del sabor puro:<\/b> La avanzada tecnolog\u00eda de aislamiento mantiene cada perfil de sabor n\u00edtido y distinto.<\/p><\/li><\/ul><h4><b>3. Sistema inteligente de visualizaci\u00f3n<\/b><\/h4><p>Transparencia total al alcance de tu mano. La pantalla HD integrada proporciona datos en tiempo real para una experiencia sin preocupaciones. <\/p><ul><li><p><b>Monitor de porcentaje de bater\u00eda:<\/b> Conoce exactamente cu\u00e1ndo recargar a trav\u00e9s del puerto Tipo-C.<\/p><\/li><li><p><b>Rastreo de e-l\u00edquidos de cuatro tanques:<\/b> Indicadores de nivel individuales para los cuatro canales de e-l\u00edquido.<\/p><\/li><li><p><b>Informaci\u00f3n sobre el modo activo:<\/b> Ve claramente qu\u00e9 canal o combinaci\u00f3n de sabores est\u00e1 activo en ese momento.<\/p><\/li><\/ul><h4><b>4. Revolucionaria tecnolog\u00eda de malla cu\u00e1druple<\/b><\/h4><p>La potencia se une a la precisi\u00f3n. El sistema de calentamiento interno est\u00e1 dise\u00f1ado para manejar el enorme volumen de e-l\u00edquido manteniendo la intensidad del sabor. <\/p><ul><li><p><b>Arquitectura de 4 espirales de malla:<\/b> Cuatro bobinas de malla sincronizadas proporcionan un calentamiento instant\u00e1neo y uniforme.<\/p><\/li><li><p><b>Resistencia de precisi\u00f3n de 4*1,0\u03a9:<\/b> Optimizada para un equilibrio perfecto de vapor denso y suave golpe de garganta.<\/p><\/li><li><p><b>Sabor constante:<\/b> La tecnolog\u00eda patentada evita las caladas quemadas, incluso cuando te acercas a la calada 150.000.<\/p><\/li><\/ul>\t\t\t\t\t\t\t\t<\/div>\n\t\t\t\t\t<\/div>\n\t\t\t\t<\/div>\n\t\t<div class=\"wd-negative-gap elementor-element elementor-element-da2825a e-flex e-con-boxed e-con e-parent\" data-id=\"da2825a\" data-element_type=\"container\" data-e-type=\"container\">\n\t\t\t\t\t<div class=\"e-con-inner\">\n\t\t\t\t<div class=\"elementor-element elementor-element-74d2315 color-scheme-inherit text-left elementor-widget elementor-widget-text-editor\" data-id=\"74d2315\" data-element_type=\"widget\" data-e-type=\"widget\" data-widget_type=\"text-editor.default\">\n\t\t\t\t\t\t\t\t\t<h2><strong>Lista de Sabores de Vape Desechable<\/strong> Recargable Fizzy 15 en 1 150K Puffs <strong>:<\/strong><\/h2><ol><li>hielo de sand\u00eda &amp; toro rojo &amp; frambuesa fresa &amp; triple hielo de mel\u00f3n<\/li><li>fresa hielo &amp; kiwi fruta de la pasi\u00f3n guayaba &amp; melocot\u00f3n mango sand\u00eda &amp; uva burst<\/li><li>red bull &amp; fresa kiwi granada &amp; ar\u00e1ndano hielo &amp; pi\u00f1a coco<\/li><li>fresa kiwi &amp; bayas mixtas &amp; sand\u00eda chicle &amp; melocot\u00f3n jugoso<\/li><li>ar\u00e1ndano frambuesa &amp; fresa hielo &amp; limonada blue razz &amp; gominola sand\u00eda<\/li><li>ponche de frutas tropicales y sand\u00eda frambuesa y ar\u00e1ndanos coco y fresa skittles<\/li><li>amor 66 y fresa kiwi y sand\u00eda ar\u00e1ndano y frambuesa limonada<\/li><li>baya mixta y pi\u00f1a melocot\u00f3n fruta de la pasi\u00f3n y cola efervescente y fresa frambuesa<\/li><li>blue razz rapsberry y sand\u00eda cereza hielo y fresa uva y fruta de la pasi\u00f3n naranja melocot\u00f3n<\/li><li>cereza con gas &amp; fresa fruta del drag\u00f3n &amp; lim\u00f3n lima &amp; sand\u00eda ar\u00e1ndano<\/li><li>coca de vainilla y fresa &amp; frambuesa &amp; sand\u00eda hielo &amp; cereza baya<\/li><li>ar\u00e1ndano helado &amp; fresa sand\u00eda &amp; mojito &amp; kiwi fruta de la pasi\u00f3n guayaba<\/li><\/ol>\t\t\t\t\t\t\t\t<\/div>\n\t\t\t\t<div class=\"elementor-element elementor-element-d4fbf27 color-scheme-inherit text-left elementor-widget elementor-widget-text-editor\" data-id=\"d4fbf27\" data-element_type=\"widget\" data-e-type=\"widget\" data-widget_type=\"text-editor.default\">\n\t\t\t\t\t\t\t\t\t<h2><strong>\u00bfPor qu\u00e9 elegir Fizzy 150K Puffs?<\/strong><\/h2><ul><li><p>Soluci\u00f3n desechable de puff ultra-alto<\/p><\/li><li><p>Innovaci\u00f3n multi-sabor 15 en 1<\/p><\/li><li><p>Pantalla inteligente con datos en tiempo real<\/p><\/li><li><p>Dise\u00f1o recargable y ecol\u00f3gico<\/p><\/li><li><p>Ideal para <strong>mayoristas, distribuidores y minoristas de vapeo<\/strong><\/p><\/li><\/ul><p>Como marca de confianza con a\u00f1os de experiencia en el sector, <strong>Fizzy sigue superando los l\u00edmites de la tecnolog\u00eda de vaporizadores desechables<\/strong>.<\/p>\t\t\t\t\t\t\t\t<\/div>\n\t\t\t\t\t<\/div>\n\t\t\t\t<\/div>\n\t\t<div class=\"wd-negative-gap elementor-element elementor-element-258c428 e-flex e-con-boxed e-con e-parent\" data-id=\"258c428\" data-element_type=\"container\" data-e-type=\"container\">\n\t\t\t\t\t<div class=\"e-con-inner\">\n\t\t\t\t<div class=\"elementor-element elementor-element-461b777 color-scheme-inherit text-left elementor-widget elementor-widget-text-editor\" data-id=\"461b777\" data-element_type=\"widget\" data-e-type=\"widget\" data-widget_type=\"text-editor.default\">\n\t\t\t\t\t\t\t\t\t<h2>FAQ &#8211; Fizzy 150K Puffs Vape Desechable<\/h2><p><strong>\u00bfC\u00f3mo funciona el sistema de sabor 15 en 1?<\/strong><\/p><p>El dispositivo contiene cuatro canales de sabor independientes (A, B, C, D). Seleccionando distintas combinaciones mediante los botones de control, los usuarios pueden acceder a hasta <strong>15 modos de sabor \u00fanicos<\/strong>. <\/p><p><strong>\u00bfPuedo comprobar el nivel de e-l\u00edquido de cada sabor?<\/strong><\/p><p>S\u00ed. La pantalla inteligente muestra <strong>los niveles individuales de e-l\u00edquido para cada canal de sabor<\/strong>, lo que permite un control preciso.<\/p><p><strong>\u00bfEs recargable el Fizzy 150K?<\/strong><\/p><p>S\u00ed. Incorpora una <strong>bater\u00eda recargable de 1000 mAh<\/strong> con <strong>carga Tipo-C<\/strong> para una reposici\u00f3n de energ\u00eda r\u00e1pida y eficiente.<\/p><p><strong>\u00bfEl cambio de sabores afecta a la calidad del vapor?<\/strong><\/p><p>No. El sistema de bobina de malla cu\u00e1druple est\u00e1 dise\u00f1ado para mantener <strong>una calidad constante de vapor y sabor<\/strong>, incluso al cambiar entre distintas combinaciones de sabores. <\/p><p><strong>\u00bfEste producto es adecuado para la distribuci\u00f3n al por mayor?<\/strong><\/p><p>S\u00ed. El Fizzy 150K es ideal para <strong>mayoristas, distribuidores y minoristas de vapeo<\/strong> que buscan soluciones de vapeo desechables, innovadoras y de gran capacidad.<\/p><p><strong>\u00bfQu\u00e9 diferencia a este dispositivo de los vaporizadores desechables normales?<\/strong><\/p><p>A diferencia de los desechables est\u00e1ndar, este dispositivo combina <strong>la selecci\u00f3n de varios sabores, la visualizaci\u00f3n en tiempo real, un recuento de caladas ultrarr\u00e1pido y la funcionalidad recargable<\/strong> en un solo producto.<\/p>\t\t\t\t\t\t\t\t<\/div>\n\t\t\t\t\t<\/div>\n\t\t\t\t<\/div>\n\t\t<div class=\"wd-negative-gap elementor-element elementor-element-d8c54b9 e-flex e-con-boxed e-con e-parent\" data-id=\"d8c54b9\" data-element_type=\"container\" data-e-type=\"container\">\n\t\t\t\t\t<div class=\"e-con-inner\">\n\t\t\t\t<div class=\"elementor-element elementor-element-9630d8a elementor-widget elementor-widget-shortcode\" data-id=\"9630d8a\" data-element_type=\"widget\" data-e-type=\"widget\" data-widget_type=\"shortcode.default\">\n\t\t\t\t\t\t\t<div class=\"elementor-shortcode\">\t\t\t<link rel=\"stylesheet\" id=\"elementor-post-30351-css\" href=\"https:\/\/fizzyvape.com\/wp-content\/uploads\/elementor\/css\/post-30351.css?ver=1777063452\" type=\"text\/css\" media=\"all\">\n\t\t\t\t\t<div data-elementor-type=\"wp-post\" data-elementor-id=\"30351\" class=\"elementor elementor-30351\" data-elementor-post-type=\"cms_block\">\n\t\t\t\t<div class=\"elementor-element elementor-element-b1bf99a e-con-full wd-section-stretch e-flex e-con e-parent\" data-id=\"b1bf99a\" data-element_type=\"container\" data-e-type=\"container\">\n\t\t\t\t<div class=\"elementor-element elementor-element-4bcebb7 elementor-widget elementor-widget-wd_image_or_svg\" data-id=\"4bcebb7\" data-element_type=\"widget\" data-e-type=\"widget\" data-widget_type=\"wd_image_or_svg.default\">\n\t\t\t\t<div class=\"elementor-widget-container\">\n\t\t\t\t\t\n\t\t<div class=\"wd-image text-left\">\n\t\t\t\t\t\t\t\t<img loading=\"lazy\" decoding=\"async\" width=\"1920\" height=\"915\" src=\"https:\/\/fizzyvape.com\/wp-content\/uploads\/2025\/12\/Fizzy-150K-Puffs-Disposable-Vape-0.jpg\" class=\"attachment-full size-full\" alt=\"Fizzy 150K Puffs Disposable Vape - 0\" srcset=\"https:\/\/fizzyvape.com\/wp-content\/uploads\/2025\/12\/Fizzy-150K-Puffs-Disposable-Vape-0.jpg 1920w, https:\/\/fizzyvape.com\/wp-content\/uploads\/2025\/12\/Fizzy-150K-Puffs-Disposable-Vape-0-400x191.jpg 400w, https:\/\/fizzyvape.com\/wp-content\/uploads\/2025\/12\/Fizzy-150K-Puffs-Disposable-Vape-0-1300x620.jpg 1300w, https:\/\/fizzyvape.com\/wp-content\/uploads\/2025\/12\/Fizzy-150K-Puffs-Disposable-Vape-0-768x366.jpg 768w, https:\/\/fizzyvape.com\/wp-content\/uploads\/2025\/12\/Fizzy-150K-Puffs-Disposable-Vape-0-1536x732.jpg 1536w, https:\/\/fizzyvape.com\/wp-content\/uploads\/2025\/12\/Fizzy-150K-Puffs-Disposable-Vape-0-430x205.jpg 430w, https:\/\/fizzyvape.com\/wp-content\/uploads\/2025\/12\/Fizzy-150K-Puffs-Disposable-Vape-0-700x334.jpg 700w, https:\/\/fizzyvape.com\/wp-content\/uploads\/2025\/12\/Fizzy-150K-Puffs-Disposable-Vape-0-150x71.jpg 150w\" sizes=\"auto, (max-width: 1920px) 100vw, 1920px\" \/>\t\t\t\t\t<\/div>\n\n\t\t\t\t\t\t<\/div>\n\t\t\t\t<\/div>\n\t\t\t\t<div class=\"elementor-element elementor-element-57fb82b elementor-widget elementor-widget-wd_image_or_svg\" data-id=\"57fb82b\" data-element_type=\"widget\" data-e-type=\"widget\" data-widget_type=\"wd_image_or_svg.default\">\n\t\t\t\t<div class=\"elementor-widget-container\">\n\t\t\t\t\t\n\t\t<div class=\"wd-image text-left\">\n\t\t\t\t\t\t\t\t<img loading=\"lazy\" decoding=\"async\" width=\"1920\" height=\"1084\" src=\"https:\/\/fizzyvape.com\/wp-content\/uploads\/2025\/12\/Fizzy-150K-Puffs-Disposable-Vape-2.jpg\" class=\"attachment-full size-full\" alt=\"Fizzy 150K Puffs Disposable Vape - 2\" srcset=\"https:\/\/fizzyvape.com\/wp-content\/uploads\/2025\/12\/Fizzy-150K-Puffs-Disposable-Vape-2.jpg 1920w, https:\/\/fizzyvape.com\/wp-content\/uploads\/2025\/12\/Fizzy-150K-Puffs-Disposable-Vape-2-400x226.jpg 400w, https:\/\/fizzyvape.com\/wp-content\/uploads\/2025\/12\/Fizzy-150K-Puffs-Disposable-Vape-2-1300x734.jpg 1300w, https:\/\/fizzyvape.com\/wp-content\/uploads\/2025\/12\/Fizzy-150K-Puffs-Disposable-Vape-2-768x434.jpg 768w, https:\/\/fizzyvape.com\/wp-content\/uploads\/2025\/12\/Fizzy-150K-Puffs-Disposable-Vape-2-1536x867.jpg 1536w, https:\/\/fizzyvape.com\/wp-content\/uploads\/2025\/12\/Fizzy-150K-Puffs-Disposable-Vape-2-430x243.jpg 430w, https:\/\/fizzyvape.com\/wp-content\/uploads\/2025\/12\/Fizzy-150K-Puffs-Disposable-Vape-2-700x395.jpg 700w, https:\/\/fizzyvape.com\/wp-content\/uploads\/2025\/12\/Fizzy-150K-Puffs-Disposable-Vape-2-150x85.jpg 150w\" sizes=\"auto, (max-width: 1920px) 100vw, 1920px\" \/>\t\t\t\t\t<\/div>\n\n\t\t\t\t\t\t<\/div>\n\t\t\t\t<\/div>\n\t\t\t\t<div class=\"elementor-element elementor-element-8c01a1f elementor-widget elementor-widget-wd_image_or_svg\" data-id=\"8c01a1f\" data-element_type=\"widget\" data-e-type=\"widget\" data-widget_type=\"wd_image_or_svg.default\">\n\t\t\t\t<div class=\"elementor-widget-container\">\n\t\t\t\t\t\n\t\t<div class=\"wd-image text-left\">\n\t\t\t\t\t\t\t\t<img loading=\"lazy\" decoding=\"async\" width=\"1920\" height=\"981\" src=\"https:\/\/fizzyvape.com\/wp-content\/uploads\/2025\/12\/Fizzy-150K-Puffs-Disposable-Vape-3.jpg\" class=\"attachment-full size-full\" alt=\"Fizzy 150K Puffs Disposable Vape - 3\" srcset=\"https:\/\/fizzyvape.com\/wp-content\/uploads\/2025\/12\/Fizzy-150K-Puffs-Disposable-Vape-3.jpg 1920w, https:\/\/fizzyvape.com\/wp-content\/uploads\/2025\/12\/Fizzy-150K-Puffs-Disposable-Vape-3-400x204.jpg 400w, https:\/\/fizzyvape.com\/wp-content\/uploads\/2025\/12\/Fizzy-150K-Puffs-Disposable-Vape-3-1300x664.jpg 1300w, https:\/\/fizzyvape.com\/wp-content\/uploads\/2025\/12\/Fizzy-150K-Puffs-Disposable-Vape-3-768x392.jpg 768w, https:\/\/fizzyvape.com\/wp-content\/uploads\/2025\/12\/Fizzy-150K-Puffs-Disposable-Vape-3-1536x785.jpg 1536w, https:\/\/fizzyvape.com\/wp-content\/uploads\/2025\/12\/Fizzy-150K-Puffs-Disposable-Vape-3-430x220.jpg 430w, https:\/\/fizzyvape.com\/wp-content\/uploads\/2025\/12\/Fizzy-150K-Puffs-Disposable-Vape-3-700x358.jpg 700w, https:\/\/fizzyvape.com\/wp-content\/uploads\/2025\/12\/Fizzy-150K-Puffs-Disposable-Vape-3-150x77.jpg 150w\" sizes=\"auto, (max-width: 1920px) 100vw, 1920px\" \/>\t\t\t\t\t<\/div>\n\n\t\t\t\t\t\t<\/div>\n\t\t\t\t<\/div>\n\t\t\t\t<div class=\"elementor-element elementor-element-0da72e0 elementor-widget elementor-widget-wd_image_or_svg\" data-id=\"0da72e0\" data-element_type=\"widget\" data-e-type=\"widget\" data-widget_type=\"wd_image_or_svg.default\">\n\t\t\t\t<div class=\"elementor-widget-container\">\n\t\t\t\t\t\n\t\t<div class=\"wd-image text-left\">\n\t\t\t\t\t\t\t\t<img loading=\"lazy\" decoding=\"async\" width=\"1920\" height=\"769\" src=\"https:\/\/fizzyvape.com\/wp-content\/uploads\/2025\/12\/Fizzy-150K-Puffs-Disposable-Vape-4.jpg\" class=\"attachment-full size-full\" alt=\"Fizzy 150K Puffs Disposable Vape - 4\" srcset=\"https:\/\/fizzyvape.com\/wp-content\/uploads\/2025\/12\/Fizzy-150K-Puffs-Disposable-Vape-4.jpg 1920w, https:\/\/fizzyvape.com\/wp-content\/uploads\/2025\/12\/Fizzy-150K-Puffs-Disposable-Vape-4-400x160.jpg 400w, https:\/\/fizzyvape.com\/wp-content\/uploads\/2025\/12\/Fizzy-150K-Puffs-Disposable-Vape-4-1300x521.jpg 1300w, https:\/\/fizzyvape.com\/wp-content\/uploads\/2025\/12\/Fizzy-150K-Puffs-Disposable-Vape-4-768x308.jpg 768w, https:\/\/fizzyvape.com\/wp-content\/uploads\/2025\/12\/Fizzy-150K-Puffs-Disposable-Vape-4-1536x615.jpg 1536w, https:\/\/fizzyvape.com\/wp-content\/uploads\/2025\/12\/Fizzy-150K-Puffs-Disposable-Vape-4-430x172.jpg 430w, https:\/\/fizzyvape.com\/wp-content\/uploads\/2025\/12\/Fizzy-150K-Puffs-Disposable-Vape-4-700x280.jpg 700w, https:\/\/fizzyvape.com\/wp-content\/uploads\/2025\/12\/Fizzy-150K-Puffs-Disposable-Vape-4-150x60.jpg 150w\" sizes=\"auto, (max-width: 1920px) 100vw, 1920px\" \/>\t\t\t\t\t<\/div>\n\n\t\t\t\t\t\t<\/div>\n\t\t\t\t<\/div>\n\t\t\t\t<div class=\"elementor-element elementor-element-a8d3d16 elementor-widget elementor-widget-wd_image_or_svg\" data-id=\"a8d3d16\" data-element_type=\"widget\" data-e-type=\"widget\" data-widget_type=\"wd_image_or_svg.default\">\n\t\t\t\t<div class=\"elementor-widget-container\">\n\t\t\t\t\t\n\t\t<div class=\"wd-image text-center\">\n\t\t\t\t\t\t\t\t<img loading=\"lazy\" decoding=\"async\" width=\"1663\" height=\"2560\" src=\"https:\/\/fizzyvape.com\/wp-content\/uploads\/2025\/12\/Fizzy-150K-Puffs-Disposable-Vape-5-1-scaled.jpg\" class=\"attachment-full size-full\" alt=\"Fizzy 150K Puffs Disposable Vape Flavors List - 5\" srcset=\"https:\/\/fizzyvape.com\/wp-content\/uploads\/2025\/12\/Fizzy-150K-Puffs-Disposable-Vape-5-1-scaled.jpg 1663w, https:\/\/fizzyvape.com\/wp-content\/uploads\/2025\/12\/Fizzy-150K-Puffs-Disposable-Vape-5-1-195x300.jpg 195w, https:\/\/fizzyvape.com\/wp-content\/uploads\/2025\/12\/Fizzy-150K-Puffs-Disposable-Vape-5-1-520x800.jpg 520w, https:\/\/fizzyvape.com\/wp-content\/uploads\/2025\/12\/Fizzy-150K-Puffs-Disposable-Vape-5-1-768x1182.jpg 768w, https:\/\/fizzyvape.com\/wp-content\/uploads\/2025\/12\/Fizzy-150K-Puffs-Disposable-Vape-5-1-998x1536.jpg 998w, https:\/\/fizzyvape.com\/wp-content\/uploads\/2025\/12\/Fizzy-150K-Puffs-Disposable-Vape-5-1-1330x2048.jpg 1330w, https:\/\/fizzyvape.com\/wp-content\/uploads\/2025\/12\/Fizzy-150K-Puffs-Disposable-Vape-5-1-430x662.jpg 430w, https:\/\/fizzyvape.com\/wp-content\/uploads\/2025\/12\/Fizzy-150K-Puffs-Disposable-Vape-5-1-700x1078.jpg 700w, https:\/\/fizzyvape.com\/wp-content\/uploads\/2025\/12\/Fizzy-150K-Puffs-Disposable-Vape-5-1-150x231.jpg 150w\" sizes=\"auto, (max-width: 1663px) 100vw, 1663px\" \/>\t\t\t\t\t<\/div>\n\n\t\t\t\t\t\t<\/div>\n\t\t\t\t<\/div>\n\t\t\t\t<div class=\"elementor-element elementor-element-2948100 elementor-widget elementor-widget-wd_image_or_svg\" data-id=\"2948100\" data-element_type=\"widget\" data-e-type=\"widget\" data-widget_type=\"wd_image_or_svg.default\">\n\t\t\t\t<div class=\"elementor-widget-container\">\n\t\t\t\t\t\n\t\t<div class=\"wd-image text-left\">\n\t\t\t\t\t\t\t\t<img loading=\"lazy\" decoding=\"async\" width=\"1920\" height=\"823\" src=\"https:\/\/fizzyvape.com\/wp-content\/uploads\/2025\/12\/Fizzy-150K-Puffs-Disposable-Vape-6-1.jpg\" class=\"attachment-full size-full\" alt=\"Fizzy 150K Puffs Disposable Vape - 6\" srcset=\"https:\/\/fizzyvape.com\/wp-content\/uploads\/2025\/12\/Fizzy-150K-Puffs-Disposable-Vape-6-1.jpg 1920w, https:\/\/fizzyvape.com\/wp-content\/uploads\/2025\/12\/Fizzy-150K-Puffs-Disposable-Vape-6-1-400x171.jpg 400w, https:\/\/fizzyvape.com\/wp-content\/uploads\/2025\/12\/Fizzy-150K-Puffs-Disposable-Vape-6-1-1300x557.jpg 1300w, https:\/\/fizzyvape.com\/wp-content\/uploads\/2025\/12\/Fizzy-150K-Puffs-Disposable-Vape-6-1-768x329.jpg 768w, https:\/\/fizzyvape.com\/wp-content\/uploads\/2025\/12\/Fizzy-150K-Puffs-Disposable-Vape-6-1-1536x658.jpg 1536w, https:\/\/fizzyvape.com\/wp-content\/uploads\/2025\/12\/Fizzy-150K-Puffs-Disposable-Vape-6-1-430x184.jpg 430w, https:\/\/fizzyvape.com\/wp-content\/uploads\/2025\/12\/Fizzy-150K-Puffs-Disposable-Vape-6-1-700x300.jpg 700w, https:\/\/fizzyvape.com\/wp-content\/uploads\/2025\/12\/Fizzy-150K-Puffs-Disposable-Vape-6-1-150x64.jpg 150w\" sizes=\"auto, (max-width: 1920px) 100vw, 1920px\" \/>\t\t\t\t\t<\/div>\n\n\t\t\t\t\t\t<\/div>\n\t\t\t\t<\/div>\n\t\t\t\t<div class=\"elementor-element elementor-element-00e6aa4 elementor-widget elementor-widget-wd_image_or_svg\" data-id=\"00e6aa4\" data-element_type=\"widget\" data-e-type=\"widget\" data-widget_type=\"wd_image_or_svg.default\">\n\t\t\t\t<div class=\"elementor-widget-container\">\n\t\t\t\t\t\n\t\t<div class=\"wd-image text-left\">\n\t\t\t\t\t\t\t\t<img loading=\"lazy\" decoding=\"async\" width=\"1920\" height=\"1266\" src=\"https:\/\/fizzyvape.com\/wp-content\/uploads\/2025\/12\/Fizzy-150K-Puffs-Disposable-Vape-8-1.jpg\" class=\"attachment-full size-full\" alt=\"Fizzy 150K Puffs Disposable Vape - 8\" srcset=\"https:\/\/fizzyvape.com\/wp-content\/uploads\/2025\/12\/Fizzy-150K-Puffs-Disposable-Vape-8-1.jpg 1920w, https:\/\/fizzyvape.com\/wp-content\/uploads\/2025\/12\/Fizzy-150K-Puffs-Disposable-Vape-8-1-400x264.jpg 400w, https:\/\/fizzyvape.com\/wp-content\/uploads\/2025\/12\/Fizzy-150K-Puffs-Disposable-Vape-8-1-1213x800.jpg 1213w, https:\/\/fizzyvape.com\/wp-content\/uploads\/2025\/12\/Fizzy-150K-Puffs-Disposable-Vape-8-1-768x506.jpg 768w, https:\/\/fizzyvape.com\/wp-content\/uploads\/2025\/12\/Fizzy-150K-Puffs-Disposable-Vape-8-1-1536x1013.jpg 1536w, https:\/\/fizzyvape.com\/wp-content\/uploads\/2025\/12\/Fizzy-150K-Puffs-Disposable-Vape-8-1-430x284.jpg 430w, https:\/\/fizzyvape.com\/wp-content\/uploads\/2025\/12\/Fizzy-150K-Puffs-Disposable-Vape-8-1-700x462.jpg 700w, https:\/\/fizzyvape.com\/wp-content\/uploads\/2025\/12\/Fizzy-150K-Puffs-Disposable-Vape-8-1-150x99.jpg 150w\" sizes=\"auto, (max-width: 1920px) 100vw, 1920px\" \/>\t\t\t\t\t<\/div>\n\n\t\t\t\t\t\t<\/div>\n\t\t\t\t<\/div>\n\t\t\t\t<\/div>\n\t\t\t\t<\/div>\n\t\t<\/div>\n\t\t\t\t\t\t<\/div>\n\t\t\t\t\t<\/div>\n\t\t\t\t<\/div>\n\t\t\t\t<\/div>\n\t\t","protected":false},"excerpt":{"rendered":"[html_block id=\"30031\"]\n","protected":false},"featured_media":31323,"comment_status":"closed","ping_status":"closed","template":"","meta":{"_crdt_document":"","om_disable_all_campaigns":false,"_monsterinsights_skip_tracking":false,"_monsterinsights_sitenote_active":false,"_monsterinsights_sitenote_note":"","_monsterinsights_sitenote_category":0},"product_brand":[],"product_cat":[172],"product_tag":[],"class_list":{"0":"post-31321","1":"product","2":"type-product","3":"status-publish","4":"has-post-thumbnail","6":"product_cat-vape-desechable","8":"first","9":"instock","10":"shipping-taxable","11":"product-type-simple"},"aioseo_notices":[],"_links":{"self":[{"href":"https:\/\/fizzyvape.com\/es\/wp-json\/wp\/v2\/product\/31321","targetHints":{"allow":["GET"]}}],"collection":[{"href":"https:\/\/fizzyvape.com\/es\/wp-json\/wp\/v2\/product"}],"about":[{"href":"https:\/\/fizzyvape.com\/es\/wp-json\/wp\/v2\/types\/product"}],"replies":[{"embeddable":true,"href":"https:\/\/fizzyvape.com\/es\/wp-json\/wp\/v2\/comments?post=31321"}],"version-history":[{"count":1,"href":"https:\/\/fizzyvape.com\/es\/wp-json\/wp\/v2\/product\/31321\/revisions"}],"predecessor-version":[{"id":31337,"href":"https:\/\/fizzyvape.com\/es\/wp-json\/wp\/v2\/product\/31321\/revisions\/31337"}],"wp:featuredmedia":[{"embeddable":true,"href":"https:\/\/fizzyvape.com\/es\/wp-json\/wp\/v2\/media\/31323"}],"wp:attachment":[{"href":"https:\/\/fizzyvape.com\/es\/wp-json\/wp\/v2\/media?parent=31321"}],"wp:term":[{"taxonomy":"product_brand","embeddable":true,"href":"https:\/\/fizzyvape.com\/es\/wp-json\/wp\/v2\/product_brand?post=31321"},{"taxonomy":"product_cat","embeddable":true,"href":"https:\/\/fizzyvape.com\/es\/wp-json\/wp\/v2\/product_cat?post=31321"},{"taxonomy":"product_tag","embeddable":true,"href":"https:\/\/fizzyvape.com\/es\/wp-json\/wp\/v2\/product_tag?post=31321"}],"curies":[{"name":"wp","href":"https:\/\/api.w.org\/{rel}","templated":true}]}}