{"id":31823,"date":"2024-11-15T14:10:34","date_gmt":"2024-11-15T06:10:34","guid":{"rendered":"https:\/\/fizzyvape.com\/product\/nova-plus-40000-windbeutel\/"},"modified":"2026-01-21T15:26:07","modified_gmt":"2026-01-21T07:26:07","slug":"nova-plus-40000-windbeutel","status":"publish","type":"product","link":"https:\/\/fizzyvape.com\/de\/product\/nova-plus-40000-windbeutel\/","title":{"rendered":"Nova Plus 40000 Windbeutel"},"content":{"rendered":"\t\t<div data-elementor-type=\"product-post\" data-elementor-id=\"31823\" class=\"elementor elementor-31823 elementor-488\" data-elementor-post-type=\"product\">\n\t\t\t\t<div class=\"wd-negative-gap elementor-element elementor-element-bcf0db8 e-flex e-con-boxed e-con e-parent\" data-id=\"bcf0db8\" data-element_type=\"container\" data-e-type=\"container\">\n\t\t\t\t\t<div class=\"e-con-inner\">\n\t\t\t\t<div class=\"elementor-element elementor-element-0b1c0fa elementor-widget elementor-widget-heading\" data-id=\"0b1c0fa\" data-element_type=\"widget\" data-e-type=\"widget\" data-widget_type=\"heading.default\">\n\t\t\t\t\t<h1 class=\"elementor-heading-title elementor-size-default\">Fizzy Nova Plus 40000 Puffs Einweg-Vape - Premium Vaping neu definiert<\/h1>\t\t\t\t<\/div>\n\t\t\t\t<div class=\"elementor-element elementor-element-c6e8de8 color-scheme-inherit text-left elementor-widget elementor-widget-text-editor\" data-id=\"c6e8de8\" data-element_type=\"widget\" data-e-type=\"widget\" data-widget_type=\"text-editor.default\">\n\t\t\t\t\t\t\t\t\t<p>Erleben Sie die Zukunft des Einwegdampfens mit der <strong>Fizzy Nova Plus 40000 Puffs<\/strong>. Dieses Ger\u00e4t der n\u00e4chsten Generation wurde f\u00fcr Verdampfer mit hohen Anspr\u00fcchen an die Qualit\u00e4t entwickelt und kombiniert modernste Leistung, au\u00dfergew\u00f6hnlichen Geschmack und unerreichte Langlebigkeit &#8211; und das alles in einer schlanken, reisefreundlichen Form. <\/p>\t\t\t\t\t\t\t\t<\/div>\n\t\t\t\t<div class=\"elementor-element elementor-element-b9f7c79 elementor-widget elementor-widget-heading\" data-id=\"b9f7c79\" data-element_type=\"widget\" data-e-type=\"widget\" data-widget_type=\"heading.default\">\n\t\t\t\t\t<h2 class=\"elementor-heading-title elementor-size-default\">Warum Fizzy Nova Plus w\u00e4hlen?<\/h2>\t\t\t\t<\/div>\n\t\t\t\t<div class=\"elementor-element elementor-element-b4e1e3f color-scheme-inherit text-left elementor-widget elementor-widget-text-editor\" data-id=\"b4e1e3f\" data-element_type=\"widget\" data-e-type=\"widget\" data-widget_type=\"text-editor.default\">\n\t\t\t\t\t\t\t\t\t<ul><li><strong>Ultra- High Puff Count &#8211; <\/strong>Genie\u00dfen Sie bis zu <strong>40.000 Z\u00fcge<\/strong>, die Ihnen wochenlang Freude bereiten, ohne dass Sie die Zigaretten h\u00e4ufig austauschen m\u00fcssen.<\/li><li><strong>Massive E-Liquid-Kapazit\u00e4t<\/strong> &#8211; Vorgef\u00fcllt mit <strong>40 ml Premium-E-Liquid<\/strong> f\u00fcr ein wirklich lang anhaltendes und ununterbrochenes Dampferlebnis.<\/li><li><strong>Dual Mesh Coil Technology &#8211; <\/strong>Entwickelt f\u00fcr <strong>reicheren Geschmack<\/strong> und <strong>dichteren Dampf<\/strong>, um sicherzustellen, dass jeder Zug weich, geschmackvoll und tief befriedigend ist.<\/li><li><strong>Einstellbare Vaping-Modi &#8211; <\/strong>Schalten Sie zwischen dem <strong>Eco-Modus<\/strong> f\u00fcr eine l\u00e4ngere Akkulaufzeit und dem <strong>Turbo-Modus<\/strong> f\u00fcr intensiveren Geschmack und Dampfproduktion um &#8211; ganz nach Ihren Vorlieben.<\/li><li><strong>Intelligentes LED-Display &#8211; <\/strong>Behalten Sie die Kontrolle mit einem klaren, intelligenten Display, das den <strong>Akkustand<\/strong> und den <strong>Status des E-Liquids<\/strong> auf einen Blick anzeigt.<\/li><li><strong>Schnelles USB-C-Laden &#8211; <\/strong>Der robuste <strong>850-mAh-Akku<\/strong> ist in nur <strong>2 Stunden<\/strong> vollst\u00e4ndig aufgeladen, damit Sie jederzeit und \u00fcberall dampfen k\u00f6nnen.<\/li><\/ul>\t\t\t\t\t\t\t\t<\/div>\n\t\t\t\t<div class=\"elementor-element elementor-element-4c4befa elementor-widget elementor-widget-heading\" data-id=\"4c4befa\" data-element_type=\"widget\" data-e-type=\"widget\" data-widget_type=\"heading.default\">\n\t\t\t\t\t<h2 class=\"elementor-heading-title elementor-size-default\">Fizzy Nova Plus 40000 Puffs Einweg-Vape-Aromen Liste:<\/h2>\t\t\t\t<\/div>\n\t\t\t\t<div class=\"elementor-element elementor-element-aaf8600 color-scheme-inherit text-left elementor-widget elementor-widget-text-editor\" data-id=\"aaf8600\" data-element_type=\"widget\" data-e-type=\"widget\" data-widget_type=\"text-editor.default\">\n\t\t\t\t\t\t\t\t\t<ol><li>Erdbeere Kiwi<\/li><li>Heidelbeere Eis<\/li><li>Wassermelone Eis<\/li><li>Pfirsich Mango Wassermelone<\/li><li>Kiwi Passionsfrucht Guave<\/li><li>Himbeere-Zitrone<\/li><li>Dreifach-Beere<\/li><li>Pfirsich Eis<\/li><li>Weintraube Limette<\/li><li>Blue Razz Limonade<\/li><li>Erdbeereis<\/li><li>Heidelbeere Kokosnuss<\/li><\/ol>\t\t\t\t\t\t\t\t<\/div>\n\t\t<div class=\"elementor-element elementor-element-7481ca8 e-con-full e-flex e-con e-child\" data-id=\"7481ca8\" data-element_type=\"container\" data-e-type=\"container\">\n\t\t\t\t<div class=\"elementor-element elementor-element-4032ef5 elementor-widget elementor-widget-button\" data-id=\"4032ef5\" data-element_type=\"widget\" data-e-type=\"widget\" data-widget_type=\"button.default\">\n\t\t\t\t\t\t\t\t\t\t<a class=\"elementor-button elementor-button-link elementor-size-sm\" href=\"https:\/\/shop.fizzyvape.com\/product-category\/fizzy-nova-plus-40000-puffs-disposable-vape\/\">\n\t\t\t\t\t\t<span class=\"elementor-button-content-wrapper\">\n\t\t\t\t\t\t\t\t\t<span class=\"elementor-button-text\">Jetzt kaufen<\/span>\n\t\t\t\t\t<\/span>\n\t\t\t\t\t<\/a>\n\t\t\t\t\t\t\t\t<\/div>\n\t\t\t\t<\/div>\n\t\t\t\t\t<\/div>\n\t\t\t\t<\/div>\n\t\t<div class=\"elementor-element elementor-element-2bc4d93 e-con-full e-flex e-con e-parent\" data-id=\"2bc4d93\" data-element_type=\"container\" data-e-type=\"container\">\n\t\t\t\t<div class=\"elementor-element elementor-element-62a3ae7 elementor-widget elementor-widget-image\" data-id=\"62a3ae7\" data-element_type=\"widget\" data-e-type=\"widget\" data-widget_type=\"image.default\">\n\t\t\t\t\t\t\t\t\t\t\t\t\t\t\t<img loading=\"lazy\" decoding=\"async\" width=\"2121\" height=\"1321\" src=\"https:\/\/fizzyvape.com\/wp-content\/uploads\/2024\/11\/40000\u8be6\u60c5\u9875_01.jpg\" class=\"attachment-full size-full wp-image-31847\" alt=\"40000 puff Disposable Vape\" srcset=\"https:\/\/fizzyvape.com\/wp-content\/uploads\/2024\/11\/40000\u8be6\u60c5\u9875_01.jpg 2121w, https:\/\/fizzyvape.com\/wp-content\/uploads\/2024\/11\/40000\u8be6\u60c5\u9875_01-300x187.jpg 300w, https:\/\/fizzyvape.com\/wp-content\/uploads\/2024\/11\/40000\u8be6\u60c5\u9875_01-1024x638.jpg 1024w, https:\/\/fizzyvape.com\/wp-content\/uploads\/2024\/11\/40000\u8be6\u60c5\u9875_01-768x478.jpg 768w, https:\/\/fizzyvape.com\/wp-content\/uploads\/2024\/11\/40000\u8be6\u60c5\u9875_01-1536x957.jpg 1536w, https:\/\/fizzyvape.com\/wp-content\/uploads\/2024\/11\/40000\u8be6\u60c5\u9875_01-2048x1276.jpg 2048w, https:\/\/fizzyvape.com\/wp-content\/uploads\/2024\/11\/40000\u8be6\u60c5\u9875_01-600x374.jpg 600w, https:\/\/fizzyvape.com\/wp-content\/uploads\/2024\/11\/40000\u8be6\u60c5\u9875_01-150x93.jpg 150w\" sizes=\"auto, (max-width: 2121px) 100vw, 2121px\" \/>\t\t\t\t\t\t\t\t\t\t\t\t\t\t\t<\/div>\n\t\t\t\t<div class=\"elementor-element elementor-element-267f30a elementor-widget elementor-widget-image\" data-id=\"267f30a\" data-element_type=\"widget\" data-e-type=\"widget\" data-widget_type=\"image.default\">\n\t\t\t\t\t\t\t\t\t\t\t\t\t\t\t<img loading=\"lazy\" decoding=\"async\" width=\"2121\" height=\"2519\" src=\"https:\/\/fizzyvape.com\/wp-content\/uploads\/2024\/11\/40000\u8be6\u60c5\u9875_02.jpg\" class=\"attachment-full size-full wp-image-31849\" alt=\"\" srcset=\"https:\/\/fizzyvape.com\/wp-content\/uploads\/2024\/11\/40000\u8be6\u60c5\u9875_02.jpg 2121w, https:\/\/fizzyvape.com\/wp-content\/uploads\/2024\/11\/40000\u8be6\u60c5\u9875_02-253x300.jpg 253w, https:\/\/fizzyvape.com\/wp-content\/uploads\/2024\/11\/40000\u8be6\u60c5\u9875_02-862x1024.jpg 862w, https:\/\/fizzyvape.com\/wp-content\/uploads\/2024\/11\/40000\u8be6\u60c5\u9875_02-768x912.jpg 768w, https:\/\/fizzyvape.com\/wp-content\/uploads\/2024\/11\/40000\u8be6\u60c5\u9875_02-1293x1536.jpg 1293w, https:\/\/fizzyvape.com\/wp-content\/uploads\/2024\/11\/40000\u8be6\u60c5\u9875_02-1724x2048.jpg 1724w, https:\/\/fizzyvape.com\/wp-content\/uploads\/2024\/11\/40000\u8be6\u60c5\u9875_02-600x713.jpg 600w, https:\/\/fizzyvape.com\/wp-content\/uploads\/2024\/11\/40000\u8be6\u60c5\u9875_02-150x178.jpg 150w\" sizes=\"auto, (max-width: 2121px) 100vw, 2121px\" \/>\t\t\t\t\t\t\t\t\t\t\t\t\t\t\t<\/div>\n\t\t\t\t<div class=\"elementor-element elementor-element-4b9c868 elementor-widget elementor-widget-image\" data-id=\"4b9c868\" data-element_type=\"widget\" data-e-type=\"widget\" data-widget_type=\"image.default\">\n\t\t\t\t\t\t\t\t\t\t\t\t\t\t\t<img loading=\"lazy\" decoding=\"async\" width=\"2121\" height=\"1801\" src=\"https:\/\/fizzyvape.com\/wp-content\/uploads\/2024\/11\/40000\u8be6\u60c5\u9875_03.jpg\" class=\"attachment-full size-full wp-image-31851\" alt=\"\" srcset=\"https:\/\/fizzyvape.com\/wp-content\/uploads\/2024\/11\/40000\u8be6\u60c5\u9875_03.jpg 2121w, https:\/\/fizzyvape.com\/wp-content\/uploads\/2024\/11\/40000\u8be6\u60c5\u9875_03-300x255.jpg 300w, https:\/\/fizzyvape.com\/wp-content\/uploads\/2024\/11\/40000\u8be6\u60c5\u9875_03-1024x870.jpg 1024w, https:\/\/fizzyvape.com\/wp-content\/uploads\/2024\/11\/40000\u8be6\u60c5\u9875_03-768x652.jpg 768w, https:\/\/fizzyvape.com\/wp-content\/uploads\/2024\/11\/40000\u8be6\u60c5\u9875_03-1536x1304.jpg 1536w, https:\/\/fizzyvape.com\/wp-content\/uploads\/2024\/11\/40000\u8be6\u60c5\u9875_03-2048x1739.jpg 2048w, https:\/\/fizzyvape.com\/wp-content\/uploads\/2024\/11\/40000\u8be6\u60c5\u9875_03-600x509.jpg 600w, https:\/\/fizzyvape.com\/wp-content\/uploads\/2024\/11\/40000\u8be6\u60c5\u9875_03-150x127.jpg 150w\" sizes=\"auto, (max-width: 2121px) 100vw, 2121px\" \/>\t\t\t\t\t\t\t\t\t\t\t\t\t\t\t<\/div>\n\t\t\t\t<div class=\"elementor-element elementor-element-3d40e8d elementor-widget elementor-widget-image\" data-id=\"3d40e8d\" data-element_type=\"widget\" data-e-type=\"widget\" data-widget_type=\"image.default\">\n\t\t\t\t\t\t\t\t\t\t\t\t\t\t\t<img loading=\"lazy\" decoding=\"async\" width=\"2121\" height=\"2026\" src=\"https:\/\/fizzyvape.com\/wp-content\/uploads\/2024\/11\/40000\u8be6\u60c5\u9875_04.jpg\" class=\"attachment-full size-full wp-image-31853\" alt=\"\" srcset=\"https:\/\/fizzyvape.com\/wp-content\/uploads\/2024\/11\/40000\u8be6\u60c5\u9875_04.jpg 2121w, https:\/\/fizzyvape.com\/wp-content\/uploads\/2024\/11\/40000\u8be6\u60c5\u9875_04-300x287.jpg 300w, https:\/\/fizzyvape.com\/wp-content\/uploads\/2024\/11\/40000\u8be6\u60c5\u9875_04-1024x978.jpg 1024w, https:\/\/fizzyvape.com\/wp-content\/uploads\/2024\/11\/40000\u8be6\u60c5\u9875_04-768x734.jpg 768w, https:\/\/fizzyvape.com\/wp-content\/uploads\/2024\/11\/40000\u8be6\u60c5\u9875_04-1536x1467.jpg 1536w, https:\/\/fizzyvape.com\/wp-content\/uploads\/2024\/11\/40000\u8be6\u60c5\u9875_04-2048x1956.jpg 2048w, https:\/\/fizzyvape.com\/wp-content\/uploads\/2024\/11\/40000\u8be6\u60c5\u9875_04-600x573.jpg 600w, https:\/\/fizzyvape.com\/wp-content\/uploads\/2024\/11\/40000\u8be6\u60c5\u9875_04-150x143.jpg 150w\" sizes=\"auto, (max-width: 2121px) 100vw, 2121px\" \/>\t\t\t\t\t\t\t\t\t\t\t\t\t\t\t<\/div>\n\t\t\t\t<div class=\"elementor-element elementor-element-0ef0b98 elementor-widget elementor-widget-image\" data-id=\"0ef0b98\" data-element_type=\"widget\" data-e-type=\"widget\" data-widget_type=\"image.default\">\n\t\t\t\t\t\t\t\t\t\t\t\t\t\t\t<img loading=\"lazy\" decoding=\"async\" width=\"2121\" height=\"1410\" src=\"https:\/\/fizzyvape.com\/wp-content\/uploads\/2024\/11\/40000\u8be6\u60c5\u9875_05.jpg\" class=\"attachment-full size-full wp-image-31855\" alt=\"\" srcset=\"https:\/\/fizzyvape.com\/wp-content\/uploads\/2024\/11\/40000\u8be6\u60c5\u9875_05.jpg 2121w, https:\/\/fizzyvape.com\/wp-content\/uploads\/2024\/11\/40000\u8be6\u60c5\u9875_05-300x199.jpg 300w, https:\/\/fizzyvape.com\/wp-content\/uploads\/2024\/11\/40000\u8be6\u60c5\u9875_05-1024x681.jpg 1024w, https:\/\/fizzyvape.com\/wp-content\/uploads\/2024\/11\/40000\u8be6\u60c5\u9875_05-768x511.jpg 768w, https:\/\/fizzyvape.com\/wp-content\/uploads\/2024\/11\/40000\u8be6\u60c5\u9875_05-1536x1021.jpg 1536w, https:\/\/fizzyvape.com\/wp-content\/uploads\/2024\/11\/40000\u8be6\u60c5\u9875_05-2048x1361.jpg 2048w, https:\/\/fizzyvape.com\/wp-content\/uploads\/2024\/11\/40000\u8be6\u60c5\u9875_05-600x399.jpg 600w, https:\/\/fizzyvape.com\/wp-content\/uploads\/2024\/11\/40000\u8be6\u60c5\u9875_05-150x100.jpg 150w\" sizes=\"auto, (max-width: 2121px) 100vw, 2121px\" \/>\t\t\t\t\t\t\t\t\t\t\t\t\t\t\t<\/div>\n\t\t\t\t<\/div>\n\t\t\t\t<\/div>\n\t\t","protected":false},"excerpt":{"rendered":"<p>Genie\u00dfen Sie ultra-langes Dampfen mit bis zu <strong>40.000 Z\u00fcgen<\/strong>, reiches Aroma von <strong>Dual-Mesh-Spulen<\/strong> und intelligente Anpassung mit <strong>Eco &amp; Turbo Modi<\/strong>. Mit <strong>40 ml E-Liquid<\/strong>, einem <strong>wiederaufladbaren 850-mAh-Akku<\/strong> und einem <strong>eleganten Metallgeh\u00e4use<\/strong> definiert der Nova Plus neu, was ein Einwegdampfer sein kann. <\/p>\n","protected":false},"featured_media":29121,"comment_status":"closed","ping_status":"closed","template":"","meta":{"_crdt_document":"","om_disable_all_campaigns":false,"_monsterinsights_skip_tracking":false,"_monsterinsights_sitenote_active":false,"_monsterinsights_sitenote_note":"","_monsterinsights_sitenote_category":0},"product_brand":[],"product_cat":[164,165],"product_tag":[],"class_list":{"0":"post-31823","1":"product","2":"type-product","3":"status-publish","4":"has-post-thumbnail","6":"product_cat-einweg-dampfgerat","7":"product_cat-wiederaufladbare-vapes","9":"first","10":"instock","11":"shipping-taxable","12":"product-type-simple"},"aioseo_notices":[],"_links":{"self":[{"href":"https:\/\/fizzyvape.com\/de\/wp-json\/wp\/v2\/product\/31823","targetHints":{"allow":["GET"]}}],"collection":[{"href":"https:\/\/fizzyvape.com\/de\/wp-json\/wp\/v2\/product"}],"about":[{"href":"https:\/\/fizzyvape.com\/de\/wp-json\/wp\/v2\/types\/product"}],"replies":[{"embeddable":true,"href":"https:\/\/fizzyvape.com\/de\/wp-json\/wp\/v2\/comments?post=31823"}],"version-history":[{"count":1,"href":"https:\/\/fizzyvape.com\/de\/wp-json\/wp\/v2\/product\/31823\/revisions"}],"predecessor-version":[{"id":31882,"href":"https:\/\/fizzyvape.com\/de\/wp-json\/wp\/v2\/product\/31823\/revisions\/31882"}],"wp:featuredmedia":[{"embeddable":true,"href":"https:\/\/fizzyvape.com\/de\/wp-json\/wp\/v2\/media\/29121"}],"wp:attachment":[{"href":"https:\/\/fizzyvape.com\/de\/wp-json\/wp\/v2\/media?parent=31823"}],"wp:term":[{"taxonomy":"product_brand","embeddable":true,"href":"https:\/\/fizzyvape.com\/de\/wp-json\/wp\/v2\/product_brand?post=31823"},{"taxonomy":"product_cat","embeddable":true,"href":"https:\/\/fizzyvape.com\/de\/wp-json\/wp\/v2\/product_cat?post=31823"},{"taxonomy":"product_tag","embeddable":true,"href":"https:\/\/fizzyvape.com\/de\/wp-json\/wp\/v2\/product_tag?post=31823"}],"curies":[{"name":"wp","href":"https:\/\/api.w.org\/{rel}","templated":true}]}}