{"id":31322,"date":"2025-12-29T15:05:45","date_gmt":"2025-12-29T07:05:45","guid":{"rendered":"https:\/\/fizzyvape.com\/product\/150k-puffs-15-in-1\/"},"modified":"2026-01-21T15:25:33","modified_gmt":"2026-01-21T07:25:33","slug":"150k-puffs-15-in-1","status":"publish","type":"product","link":"https:\/\/fizzyvape.com\/de\/product\/150k-puffs-15-in-1\/","title":{"rendered":"150K Puffs 15-in-1"},"content":{"rendered":"\t\t<div data-elementor-type=\"product-post\" data-elementor-id=\"31322\" class=\"elementor elementor-31322 elementor-29818\" data-elementor-post-type=\"product\">\n\t\t\t\t<div class=\"wd-negative-gap elementor-element elementor-element-47bfc5e e-flex e-con-boxed e-con e-parent\" data-id=\"47bfc5e\" data-element_type=\"container\" data-e-type=\"container\">\n\t\t\t\t\t<div class=\"e-con-inner\">\n\t\t\t\t<div class=\"elementor-element elementor-element-3b6e603 color-scheme-inherit text-left elementor-widget elementor-widget-text-editor\" data-id=\"3b6e603\" data-element_type=\"widget\" data-e-type=\"widget\" data-widget_type=\"text-editor.default\">\n\t\t\t\t\t\t\t\t\t<h1>Fizzy 150K 150000 Puffs Einweg-Dampfger\u00e4t: Das ultimative 15-in-1 Smart-Flaggschiff<\/h1><p>Der <b>Fizzy 150K 150000 Puffs<\/b> ist nicht nur ein Ger\u00e4t mit hoher Kapazit\u00e4t, er ist eine technologische Revolution in der Einwegverdampferbranche. Das Flaggschiff von Fizzy kombiniert eine beispiellose <b>Anzahl von 150.000 Puffs<\/b> mit einem patentierten <b>Multi-Flavor-System<\/b> und einer <b>intelligenten \u00dcberwachung<\/b> und setzt damit einen neuen Standard f\u00fcr Leistung und Wert. <\/p><h2>\ud83d\ude80 Wichtige Produkt-Highlights<\/h2><h4><b>1. Unerreichte Ausdauer &amp; Kapazit\u00e4t<\/b><\/h4><p>Der Fizzy 150K wurde f\u00fcr langfristige Zufriedenheit entwickelt und ist der definitive &#8220;Marathon&#8221;-Dampfer.<\/p><ul><li><p><b>Branchenf\u00fchrend mit 150.000 Puffs:<\/b> Eine enorme Lebensdauer, die Dutzende von Standard-Einwegprodukten \u00fcberdauert.<\/p><\/li><li><p><b>Ultra-gro\u00dfer 80ml-Beh\u00e4lter:<\/b> Vorgef\u00fcllt mit erstklassigem Fizzy E-Liquid f\u00fcr ununterbrochenen Gebrauch.<\/p><\/li><li><p><b>1000mAh Dynamischer Akku:<\/b> Eine wiederaufladbare Zelle mit hoher Kapazit\u00e4t sorgt daf\u00fcr, dass das Ger\u00e4t bis zum letzten Tropfen seine volle Leistung erbringt.<\/p><\/li><li><p><b>Kosteneffiziente L\u00f6sung:<\/b> Reduziert die Kosten pro Puff f\u00fcr die Verbraucher und die H\u00e4ufigkeit des Austauschs f\u00fcr die Einzelh\u00e4ndler drastisch.<\/p><\/li><\/ul><h4><b>2. Patentierte 15-in-1 Geschmacksinnovation<\/b><\/h4><p>Erleben Sie totale Geschmacksfreiheit. Die Fizzy 150K verf\u00fcgt \u00fcber eine einzigartige Quad-Tank-Architektur, die es Ihnen erm\u00f6glicht, die Geschmacksrichtungen sofort zu wechseln. <\/p><ul><li><p><b>4 unabh\u00e4ngige E-Liquid-Kan\u00e4le:<\/b> Vier separate 20ml-Tanks (A, B, C und D) sorgen daf\u00fcr, dass sich die Aromen nicht vermischen.<\/p><\/li><li><p><b>15 Geschmackskombinationen:<\/b> W\u00e4hlen Sie mit der physischen Umschalttaste zwischen 4 Basisgeschmacksrichtungen oder schalten Sie 11 Hybridmischungen frei.<\/p><\/li><li><p><b>Reine Geschmacksintegrit\u00e4t:<\/b> Die fortschrittliche Isolationstechnologie sorgt daf\u00fcr, dass jedes Geschmacksprofil knackig und deutlich bleibt.<\/p><\/li><\/ul><h4><b>3. Intelligentes intelligentes Display-System<\/b><\/h4><p>Totale Transparenz auf Knopfdruck. Der eingebaute HD-Bildschirm liefert Daten in Echtzeit und sorgt f\u00fcr ein sorgenfreies Erlebnis. <\/p><ul><li><p><b>Akku-Prozentsatz-Monitor:<\/b> Sie wissen genau, wann Sie den Akku \u00fcber den Type-C-Anschluss aufladen m\u00fcssen.<\/p><\/li><li><p><b>Quad-Tank E-Liquid-Verfolgung:<\/b> Individuelle F\u00fcllstandsanzeigen f\u00fcr alle vier E-Liquid-Kan\u00e4le.<\/p><\/li><li><p><b>Feedback zum aktiven Modus:<\/b> Sehen Sie klar und deutlich, welcher Geschmackskanal oder welche Kombination gerade aktiv ist.<\/p><\/li><\/ul><h4><b>4. Revolution\u00e4re Quad-Mesh-Technologie<\/b><\/h4><p>Leistung trifft Pr\u00e4zision. Das interne Heizsystem ist so konzipiert, dass es die enorme Menge an E-Liquid verarbeiten kann und gleichzeitig die Geschmacksintensit\u00e4t beibeh\u00e4lt. <\/p><ul><li><p><b>4-Mesh-Spulen Architektur:<\/b> Vier synchronisierte Maschenspulen sorgen f\u00fcr sofortige und gleichm\u00e4\u00dfige Erw\u00e4rmung.<\/p><\/li><li><p><b>4*1.0\u03a9 Pr\u00e4zisionswiderstand:<\/b> Optimiert f\u00fcr eine perfekte Balance aus dichtem Dampf und sanftem Kehlkopfschlag.<\/p><\/li><li><p><b>Konsistente Geschmacksabgabe:<\/b> Propriet\u00e4re Technologie verhindert verbrannte Z\u00fcge, selbst wenn Sie sich dem 150.000sten Zug n\u00e4hern.<\/p><\/li><\/ul>\t\t\t\t\t\t\t\t<\/div>\n\t\t\t\t\t<\/div>\n\t\t\t\t<\/div>\n\t\t<div class=\"wd-negative-gap elementor-element elementor-element-da2825a e-flex e-con-boxed e-con e-parent\" data-id=\"da2825a\" data-element_type=\"container\" data-e-type=\"container\">\n\t\t\t\t\t<div class=\"e-con-inner\">\n\t\t\t\t<div class=\"elementor-element elementor-element-74d2315 color-scheme-inherit text-left elementor-widget elementor-widget-text-editor\" data-id=\"74d2315\" data-element_type=\"widget\" data-e-type=\"widget\" data-widget_type=\"text-editor.default\">\n\t\t\t\t\t\t\t\t\t<h2>Fizzy 15-in-1 150K Puffs Wiederaufladbare <strong>Einweg-Vape Aromen Liste:<\/strong><\/h2><ol><li>Wassermeloneneis &amp; Red Bull &amp; Erdbeer-Himbeer &amp; Dreifach-Meloneneis<\/li><li>Erdbeereis &amp; Kiwi Passionsfrucht Guave &amp; Pfirsich Mango Wassermelone &amp; Traube Burst<\/li><li>Red Bull &amp; Erdbeere Kiwi Granatapfel &amp; Heidelbeere Eis &amp; Ananas Kokosnuss<\/li><li>Erdbeer-Kiwi &amp; Gemischte Beeren &amp; Wassermelone Bubblegum &amp; Saftiger Pfirsich<\/li><li>Heidelbeere-Himbeere &amp; Erdbeere Eis &amp; Blue Razz Limonade &amp; Wassermelone Gummib\u00e4rchen<\/li><li>Tropische Fruchtbowle &amp; Wassermelone Himbeere &amp; Heidelbeere Kokosnuss &amp; Erdbeere Skittles<\/li><li>Liebe 66 &amp; Erdbeere Kiwi &amp; Wassermelone Heidelbeere &amp; Himbeerlimonade<\/li><li>Beerenmix &amp; Ananas Pfirsich Passionsfrucht &amp; Cola &amp; Erdbeere Himbeere<\/li><li>blue razz rapsbeere &amp; wassermelone kirsche eis &amp; erdbeere traube &amp; passionsfrucht orange pfirsich<\/li><li>Sprudel Kirsche &amp; Erdbeere Drachenfrucht &amp; Zitrone Limette &amp; Wassermelone Heidelbeere<\/li><li>Erdbeer-Vanille-Cola &amp; Heidelbeere-Himbeere &amp; Wassermelone-Eis &amp; Kirsche-Beere<\/li><li>Heidelbeereis &amp; Erdbeere Wassermelone &amp; Mojito &amp; Kiwi Passionsfrucht Guave<\/li><\/ol>\t\t\t\t\t\t\t\t<\/div>\n\t\t\t\t<div class=\"elementor-element elementor-element-d4fbf27 color-scheme-inherit text-left elementor-widget elementor-widget-text-editor\" data-id=\"d4fbf27\" data-element_type=\"widget\" data-e-type=\"widget\" data-widget_type=\"text-editor.default\">\n\t\t\t\t\t\t\t\t\t<h2><strong>Warum Fizzy 150K Puffs w\u00e4hlen?<\/strong><\/h2><ul><li><p>Einwegl\u00f6sung mit ultrahoher Puste<\/p><\/li><li><p>15-in-1 Multigeschmacks-Innovation<\/p><\/li><li><p>Intelligenter Bildschirm mit Echtzeitdaten<\/p><\/li><li><p>Wiederaufladbar, umweltbewusstes Design<\/p><\/li><li><p>Ideal f\u00fcr <strong>Gro\u00dfh\u00e4ndler, Distributoren und Vape-Einzelh\u00e4ndler<\/strong><\/p><\/li><\/ul><p>Als vertrauensw\u00fcrdige Marke mit jahrelanger Erfahrung in der Branche <strong>setzt Fizzy immer wieder neue Ma\u00dfst\u00e4be in der Einweg-Vape-Technologie<\/strong>.<\/p>\t\t\t\t\t\t\t\t<\/div>\n\t\t\t\t\t<\/div>\n\t\t\t\t<\/div>\n\t\t<div class=\"wd-negative-gap elementor-element elementor-element-258c428 e-flex e-con-boxed e-con e-parent\" data-id=\"258c428\" data-element_type=\"container\" data-e-type=\"container\">\n\t\t\t\t\t<div class=\"e-con-inner\">\n\t\t\t\t<div class=\"elementor-element elementor-element-461b777 color-scheme-inherit text-left elementor-widget elementor-widget-text-editor\" data-id=\"461b777\" data-element_type=\"widget\" data-e-type=\"widget\" data-widget_type=\"text-editor.default\">\n\t\t\t\t\t\t\t\t\t<h2>FAQ &#8211; Fizzy 150K Puffs Einwegverdampfer<\/h2><p><strong>Wie funktioniert das 15-in-1-Aromasystem?<\/strong><\/p><p>Das Ger\u00e4t verf\u00fcgt \u00fcber vier separate Aromakan\u00e4le (A, B, C, D). Durch die Auswahl verschiedener Kombinationen \u00fcber die Steuertasten k\u00f6nnen Benutzer auf bis zu <strong>15 einzigartige Geschmacksmodi<\/strong> zugreifen. <\/p><p><strong>Kann ich den F\u00fcllstand des E-Liquids f\u00fcr jede Geschmacksrichtung \u00fcberpr\u00fcfen?<\/strong><\/p><p>Ja. Das intelligente Display zeigt <strong>f\u00fcr jeden Geschmackskanal den individuellen Fl\u00fcssigkeitsstand<\/strong> an und erm\u00f6glicht so eine pr\u00e4zise \u00dcberwachung. <\/p><p><strong>Ist der Fizzy 150K wiederaufladbar?<\/strong><\/p><p>Ja. Es verf\u00fcgt \u00fcber einen <strong>1000mAh-Akku<\/strong> mit <strong>Type-C-Ladung<\/strong> f\u00fcr schnelles und effizientes Aufladen der Energie. <\/p><p><strong>Beeinflusst der Wechsel der Geschmacksrichtung die Qualit\u00e4t des Dampfes?<\/strong><\/p><p>Nein. Das Quad-Mesh-Coil-System wurde entwickelt, um eine <strong>gleichbleibende Dampf- und Geschmacksqualit\u00e4t<\/strong> zu gew\u00e4hrleisten, auch wenn Sie zwischen verschiedenen Geschmackskombinationen wechseln. <\/p><p><strong>Ist dieses Produkt f\u00fcr den Gro\u00dfhandelsvertrieb geeignet?<\/strong><\/p><p>Ja. Der Fizzy 150K ist ideal f\u00fcr <strong>Gro\u00dfh\u00e4ndler, Distributoren und Vape-Einzelh\u00e4ndler<\/strong>, die nach innovativen Einweg-Vape-L\u00f6sungen mit hoher Kapazit\u00e4t suchen. <\/p><p><strong>Was unterscheidet dieses Ger\u00e4t von herk\u00f6mmlichen Einweg-Vapes?<\/strong><\/p><p>Im Gegensatz zu herk\u00f6mmlichen Einwegprodukten kombiniert dieses Ger\u00e4t die <strong>Auswahl mehrerer Geschmacksrichtungen, eine Echtzeitanzeige, eine extrem hohe Puffzahl und eine wiederaufladbare Funktion<\/strong> in einem Produkt.<\/p>\t\t\t\t\t\t\t\t<\/div>\n\t\t\t\t\t<\/div>\n\t\t\t\t<\/div>\n\t\t<div class=\"wd-negative-gap elementor-element elementor-element-d8c54b9 e-flex e-con-boxed e-con e-parent\" data-id=\"d8c54b9\" data-element_type=\"container\" data-e-type=\"container\">\n\t\t\t\t\t<div class=\"e-con-inner\">\n\t\t\t\t<div class=\"elementor-element elementor-element-9630d8a elementor-widget elementor-widget-shortcode\" data-id=\"9630d8a\" data-element_type=\"widget\" data-e-type=\"widget\" data-widget_type=\"shortcode.default\">\n\t\t\t\t\t\t\t<div class=\"elementor-shortcode\">\t\t\t<link rel=\"stylesheet\" id=\"elementor-post-30351-css\" href=\"https:\/\/fizzyvape.com\/wp-content\/uploads\/elementor\/css\/post-30351.css?ver=1777063452\" type=\"text\/css\" media=\"all\">\n\t\t\t\t\t<div data-elementor-type=\"wp-post\" data-elementor-id=\"30351\" class=\"elementor elementor-30351\" data-elementor-post-type=\"cms_block\">\n\t\t\t\t<div class=\"elementor-element elementor-element-b1bf99a e-con-full wd-section-stretch e-flex e-con e-parent\" data-id=\"b1bf99a\" data-element_type=\"container\" data-e-type=\"container\">\n\t\t\t\t<div class=\"elementor-element elementor-element-4bcebb7 elementor-widget elementor-widget-wd_image_or_svg\" data-id=\"4bcebb7\" data-element_type=\"widget\" data-e-type=\"widget\" data-widget_type=\"wd_image_or_svg.default\">\n\t\t\t\t<div class=\"elementor-widget-container\">\n\t\t\t\t\t\n\t\t<div class=\"wd-image text-left\">\n\t\t\t\t\t\t\t\t<img loading=\"lazy\" decoding=\"async\" width=\"1920\" height=\"915\" src=\"https:\/\/fizzyvape.com\/wp-content\/uploads\/2025\/12\/Fizzy-150K-Puffs-Disposable-Vape-0.jpg\" class=\"attachment-full size-full\" alt=\"Fizzy 150K Puffs Disposable Vape - 0\" srcset=\"https:\/\/fizzyvape.com\/wp-content\/uploads\/2025\/12\/Fizzy-150K-Puffs-Disposable-Vape-0.jpg 1920w, https:\/\/fizzyvape.com\/wp-content\/uploads\/2025\/12\/Fizzy-150K-Puffs-Disposable-Vape-0-400x191.jpg 400w, https:\/\/fizzyvape.com\/wp-content\/uploads\/2025\/12\/Fizzy-150K-Puffs-Disposable-Vape-0-1300x620.jpg 1300w, https:\/\/fizzyvape.com\/wp-content\/uploads\/2025\/12\/Fizzy-150K-Puffs-Disposable-Vape-0-768x366.jpg 768w, https:\/\/fizzyvape.com\/wp-content\/uploads\/2025\/12\/Fizzy-150K-Puffs-Disposable-Vape-0-1536x732.jpg 1536w, https:\/\/fizzyvape.com\/wp-content\/uploads\/2025\/12\/Fizzy-150K-Puffs-Disposable-Vape-0-430x205.jpg 430w, https:\/\/fizzyvape.com\/wp-content\/uploads\/2025\/12\/Fizzy-150K-Puffs-Disposable-Vape-0-700x334.jpg 700w, https:\/\/fizzyvape.com\/wp-content\/uploads\/2025\/12\/Fizzy-150K-Puffs-Disposable-Vape-0-150x71.jpg 150w\" sizes=\"auto, (max-width: 1920px) 100vw, 1920px\" \/>\t\t\t\t\t<\/div>\n\n\t\t\t\t\t\t<\/div>\n\t\t\t\t<\/div>\n\t\t\t\t<div class=\"elementor-element elementor-element-57fb82b elementor-widget elementor-widget-wd_image_or_svg\" data-id=\"57fb82b\" data-element_type=\"widget\" data-e-type=\"widget\" data-widget_type=\"wd_image_or_svg.default\">\n\t\t\t\t<div class=\"elementor-widget-container\">\n\t\t\t\t\t\n\t\t<div class=\"wd-image text-left\">\n\t\t\t\t\t\t\t\t<img loading=\"lazy\" decoding=\"async\" width=\"1920\" height=\"1084\" src=\"https:\/\/fizzyvape.com\/wp-content\/uploads\/2025\/12\/Fizzy-150K-Puffs-Disposable-Vape-2.jpg\" class=\"attachment-full size-full\" alt=\"Fizzy 150K Puffs Disposable Vape - 2\" srcset=\"https:\/\/fizzyvape.com\/wp-content\/uploads\/2025\/12\/Fizzy-150K-Puffs-Disposable-Vape-2.jpg 1920w, https:\/\/fizzyvape.com\/wp-content\/uploads\/2025\/12\/Fizzy-150K-Puffs-Disposable-Vape-2-400x226.jpg 400w, https:\/\/fizzyvape.com\/wp-content\/uploads\/2025\/12\/Fizzy-150K-Puffs-Disposable-Vape-2-1300x734.jpg 1300w, https:\/\/fizzyvape.com\/wp-content\/uploads\/2025\/12\/Fizzy-150K-Puffs-Disposable-Vape-2-768x434.jpg 768w, https:\/\/fizzyvape.com\/wp-content\/uploads\/2025\/12\/Fizzy-150K-Puffs-Disposable-Vape-2-1536x867.jpg 1536w, https:\/\/fizzyvape.com\/wp-content\/uploads\/2025\/12\/Fizzy-150K-Puffs-Disposable-Vape-2-430x243.jpg 430w, https:\/\/fizzyvape.com\/wp-content\/uploads\/2025\/12\/Fizzy-150K-Puffs-Disposable-Vape-2-700x395.jpg 700w, https:\/\/fizzyvape.com\/wp-content\/uploads\/2025\/12\/Fizzy-150K-Puffs-Disposable-Vape-2-150x85.jpg 150w\" sizes=\"auto, (max-width: 1920px) 100vw, 1920px\" \/>\t\t\t\t\t<\/div>\n\n\t\t\t\t\t\t<\/div>\n\t\t\t\t<\/div>\n\t\t\t\t<div class=\"elementor-element elementor-element-8c01a1f elementor-widget elementor-widget-wd_image_or_svg\" data-id=\"8c01a1f\" data-element_type=\"widget\" data-e-type=\"widget\" data-widget_type=\"wd_image_or_svg.default\">\n\t\t\t\t<div class=\"elementor-widget-container\">\n\t\t\t\t\t\n\t\t<div class=\"wd-image text-left\">\n\t\t\t\t\t\t\t\t<img loading=\"lazy\" decoding=\"async\" width=\"1920\" height=\"981\" src=\"https:\/\/fizzyvape.com\/wp-content\/uploads\/2025\/12\/Fizzy-150K-Puffs-Disposable-Vape-3.jpg\" class=\"attachment-full size-full\" alt=\"Fizzy 150K Puffs Disposable Vape - 3\" srcset=\"https:\/\/fizzyvape.com\/wp-content\/uploads\/2025\/12\/Fizzy-150K-Puffs-Disposable-Vape-3.jpg 1920w, https:\/\/fizzyvape.com\/wp-content\/uploads\/2025\/12\/Fizzy-150K-Puffs-Disposable-Vape-3-400x204.jpg 400w, https:\/\/fizzyvape.com\/wp-content\/uploads\/2025\/12\/Fizzy-150K-Puffs-Disposable-Vape-3-1300x664.jpg 1300w, https:\/\/fizzyvape.com\/wp-content\/uploads\/2025\/12\/Fizzy-150K-Puffs-Disposable-Vape-3-768x392.jpg 768w, https:\/\/fizzyvape.com\/wp-content\/uploads\/2025\/12\/Fizzy-150K-Puffs-Disposable-Vape-3-1536x785.jpg 1536w, https:\/\/fizzyvape.com\/wp-content\/uploads\/2025\/12\/Fizzy-150K-Puffs-Disposable-Vape-3-430x220.jpg 430w, https:\/\/fizzyvape.com\/wp-content\/uploads\/2025\/12\/Fizzy-150K-Puffs-Disposable-Vape-3-700x358.jpg 700w, https:\/\/fizzyvape.com\/wp-content\/uploads\/2025\/12\/Fizzy-150K-Puffs-Disposable-Vape-3-150x77.jpg 150w\" sizes=\"auto, (max-width: 1920px) 100vw, 1920px\" \/>\t\t\t\t\t<\/div>\n\n\t\t\t\t\t\t<\/div>\n\t\t\t\t<\/div>\n\t\t\t\t<div class=\"elementor-element elementor-element-0da72e0 elementor-widget elementor-widget-wd_image_or_svg\" data-id=\"0da72e0\" data-element_type=\"widget\" data-e-type=\"widget\" data-widget_type=\"wd_image_or_svg.default\">\n\t\t\t\t<div class=\"elementor-widget-container\">\n\t\t\t\t\t\n\t\t<div class=\"wd-image text-left\">\n\t\t\t\t\t\t\t\t<img loading=\"lazy\" decoding=\"async\" width=\"1920\" height=\"769\" src=\"https:\/\/fizzyvape.com\/wp-content\/uploads\/2025\/12\/Fizzy-150K-Puffs-Disposable-Vape-4.jpg\" class=\"attachment-full size-full\" alt=\"Fizzy 150K Puffs Disposable Vape - 4\" srcset=\"https:\/\/fizzyvape.com\/wp-content\/uploads\/2025\/12\/Fizzy-150K-Puffs-Disposable-Vape-4.jpg 1920w, https:\/\/fizzyvape.com\/wp-content\/uploads\/2025\/12\/Fizzy-150K-Puffs-Disposable-Vape-4-400x160.jpg 400w, https:\/\/fizzyvape.com\/wp-content\/uploads\/2025\/12\/Fizzy-150K-Puffs-Disposable-Vape-4-1300x521.jpg 1300w, https:\/\/fizzyvape.com\/wp-content\/uploads\/2025\/12\/Fizzy-150K-Puffs-Disposable-Vape-4-768x308.jpg 768w, https:\/\/fizzyvape.com\/wp-content\/uploads\/2025\/12\/Fizzy-150K-Puffs-Disposable-Vape-4-1536x615.jpg 1536w, https:\/\/fizzyvape.com\/wp-content\/uploads\/2025\/12\/Fizzy-150K-Puffs-Disposable-Vape-4-430x172.jpg 430w, https:\/\/fizzyvape.com\/wp-content\/uploads\/2025\/12\/Fizzy-150K-Puffs-Disposable-Vape-4-700x280.jpg 700w, https:\/\/fizzyvape.com\/wp-content\/uploads\/2025\/12\/Fizzy-150K-Puffs-Disposable-Vape-4-150x60.jpg 150w\" sizes=\"auto, (max-width: 1920px) 100vw, 1920px\" \/>\t\t\t\t\t<\/div>\n\n\t\t\t\t\t\t<\/div>\n\t\t\t\t<\/div>\n\t\t\t\t<div class=\"elementor-element elementor-element-a8d3d16 elementor-widget elementor-widget-wd_image_or_svg\" data-id=\"a8d3d16\" data-element_type=\"widget\" data-e-type=\"widget\" data-widget_type=\"wd_image_or_svg.default\">\n\t\t\t\t<div class=\"elementor-widget-container\">\n\t\t\t\t\t\n\t\t<div class=\"wd-image text-center\">\n\t\t\t\t\t\t\t\t<img loading=\"lazy\" decoding=\"async\" width=\"1663\" height=\"2560\" src=\"https:\/\/fizzyvape.com\/wp-content\/uploads\/2025\/12\/Fizzy-150K-Puffs-Disposable-Vape-5-1-scaled.jpg\" class=\"attachment-full size-full\" alt=\"Fizzy 150K Puffs Disposable Vape Flavors List - 5\" srcset=\"https:\/\/fizzyvape.com\/wp-content\/uploads\/2025\/12\/Fizzy-150K-Puffs-Disposable-Vape-5-1-scaled.jpg 1663w, https:\/\/fizzyvape.com\/wp-content\/uploads\/2025\/12\/Fizzy-150K-Puffs-Disposable-Vape-5-1-195x300.jpg 195w, https:\/\/fizzyvape.com\/wp-content\/uploads\/2025\/12\/Fizzy-150K-Puffs-Disposable-Vape-5-1-520x800.jpg 520w, https:\/\/fizzyvape.com\/wp-content\/uploads\/2025\/12\/Fizzy-150K-Puffs-Disposable-Vape-5-1-768x1182.jpg 768w, https:\/\/fizzyvape.com\/wp-content\/uploads\/2025\/12\/Fizzy-150K-Puffs-Disposable-Vape-5-1-998x1536.jpg 998w, https:\/\/fizzyvape.com\/wp-content\/uploads\/2025\/12\/Fizzy-150K-Puffs-Disposable-Vape-5-1-1330x2048.jpg 1330w, https:\/\/fizzyvape.com\/wp-content\/uploads\/2025\/12\/Fizzy-150K-Puffs-Disposable-Vape-5-1-430x662.jpg 430w, https:\/\/fizzyvape.com\/wp-content\/uploads\/2025\/12\/Fizzy-150K-Puffs-Disposable-Vape-5-1-700x1078.jpg 700w, https:\/\/fizzyvape.com\/wp-content\/uploads\/2025\/12\/Fizzy-150K-Puffs-Disposable-Vape-5-1-150x231.jpg 150w\" sizes=\"auto, (max-width: 1663px) 100vw, 1663px\" \/>\t\t\t\t\t<\/div>\n\n\t\t\t\t\t\t<\/div>\n\t\t\t\t<\/div>\n\t\t\t\t<div class=\"elementor-element elementor-element-2948100 elementor-widget elementor-widget-wd_image_or_svg\" data-id=\"2948100\" data-element_type=\"widget\" data-e-type=\"widget\" data-widget_type=\"wd_image_or_svg.default\">\n\t\t\t\t<div class=\"elementor-widget-container\">\n\t\t\t\t\t\n\t\t<div class=\"wd-image text-left\">\n\t\t\t\t\t\t\t\t<img loading=\"lazy\" decoding=\"async\" width=\"1920\" height=\"823\" src=\"https:\/\/fizzyvape.com\/wp-content\/uploads\/2025\/12\/Fizzy-150K-Puffs-Disposable-Vape-6-1.jpg\" class=\"attachment-full size-full\" alt=\"Fizzy 150K Puffs Disposable Vape - 6\" srcset=\"https:\/\/fizzyvape.com\/wp-content\/uploads\/2025\/12\/Fizzy-150K-Puffs-Disposable-Vape-6-1.jpg 1920w, https:\/\/fizzyvape.com\/wp-content\/uploads\/2025\/12\/Fizzy-150K-Puffs-Disposable-Vape-6-1-400x171.jpg 400w, https:\/\/fizzyvape.com\/wp-content\/uploads\/2025\/12\/Fizzy-150K-Puffs-Disposable-Vape-6-1-1300x557.jpg 1300w, https:\/\/fizzyvape.com\/wp-content\/uploads\/2025\/12\/Fizzy-150K-Puffs-Disposable-Vape-6-1-768x329.jpg 768w, https:\/\/fizzyvape.com\/wp-content\/uploads\/2025\/12\/Fizzy-150K-Puffs-Disposable-Vape-6-1-1536x658.jpg 1536w, https:\/\/fizzyvape.com\/wp-content\/uploads\/2025\/12\/Fizzy-150K-Puffs-Disposable-Vape-6-1-430x184.jpg 430w, https:\/\/fizzyvape.com\/wp-content\/uploads\/2025\/12\/Fizzy-150K-Puffs-Disposable-Vape-6-1-700x300.jpg 700w, https:\/\/fizzyvape.com\/wp-content\/uploads\/2025\/12\/Fizzy-150K-Puffs-Disposable-Vape-6-1-150x64.jpg 150w\" sizes=\"auto, (max-width: 1920px) 100vw, 1920px\" \/>\t\t\t\t\t<\/div>\n\n\t\t\t\t\t\t<\/div>\n\t\t\t\t<\/div>\n\t\t\t\t<div class=\"elementor-element elementor-element-00e6aa4 elementor-widget elementor-widget-wd_image_or_svg\" data-id=\"00e6aa4\" data-element_type=\"widget\" data-e-type=\"widget\" data-widget_type=\"wd_image_or_svg.default\">\n\t\t\t\t<div class=\"elementor-widget-container\">\n\t\t\t\t\t\n\t\t<div class=\"wd-image text-left\">\n\t\t\t\t\t\t\t\t<img loading=\"lazy\" decoding=\"async\" width=\"1920\" height=\"1266\" src=\"https:\/\/fizzyvape.com\/wp-content\/uploads\/2025\/12\/Fizzy-150K-Puffs-Disposable-Vape-8-1.jpg\" class=\"attachment-full size-full\" alt=\"Fizzy 150K Puffs Disposable Vape - 8\" srcset=\"https:\/\/fizzyvape.com\/wp-content\/uploads\/2025\/12\/Fizzy-150K-Puffs-Disposable-Vape-8-1.jpg 1920w, https:\/\/fizzyvape.com\/wp-content\/uploads\/2025\/12\/Fizzy-150K-Puffs-Disposable-Vape-8-1-400x264.jpg 400w, https:\/\/fizzyvape.com\/wp-content\/uploads\/2025\/12\/Fizzy-150K-Puffs-Disposable-Vape-8-1-1213x800.jpg 1213w, https:\/\/fizzyvape.com\/wp-content\/uploads\/2025\/12\/Fizzy-150K-Puffs-Disposable-Vape-8-1-768x506.jpg 768w, https:\/\/fizzyvape.com\/wp-content\/uploads\/2025\/12\/Fizzy-150K-Puffs-Disposable-Vape-8-1-1536x1013.jpg 1536w, https:\/\/fizzyvape.com\/wp-content\/uploads\/2025\/12\/Fizzy-150K-Puffs-Disposable-Vape-8-1-430x284.jpg 430w, https:\/\/fizzyvape.com\/wp-content\/uploads\/2025\/12\/Fizzy-150K-Puffs-Disposable-Vape-8-1-700x462.jpg 700w, https:\/\/fizzyvape.com\/wp-content\/uploads\/2025\/12\/Fizzy-150K-Puffs-Disposable-Vape-8-1-150x99.jpg 150w\" sizes=\"auto, (max-width: 1920px) 100vw, 1920px\" \/>\t\t\t\t\t<\/div>\n\n\t\t\t\t\t\t<\/div>\n\t\t\t\t<\/div>\n\t\t\t\t<\/div>\n\t\t\t\t<\/div>\n\t\t<\/div>\n\t\t\t\t\t\t<\/div>\n\t\t\t\t\t<\/div>\n\t\t\t\t<\/div>\n\t\t\t\t<\/div>\n\t\t","protected":false},"excerpt":{"rendered":"[html_block id=\"30031\"]\n","protected":false},"featured_media":31325,"comment_status":"closed","ping_status":"closed","template":"","meta":{"_crdt_document":"","om_disable_all_campaigns":false,"_monsterinsights_skip_tracking":false,"_monsterinsights_sitenote_active":false,"_monsterinsights_sitenote_note":"","_monsterinsights_sitenote_category":0},"product_brand":[],"product_cat":[164],"product_tag":[],"class_list":{"0":"post-31322","1":"product","2":"type-product","3":"status-publish","4":"has-post-thumbnail","6":"product_cat-einweg-dampfgerat","8":"first","9":"instock","10":"shipping-taxable","11":"product-type-simple"},"aioseo_notices":[],"_links":{"self":[{"href":"https:\/\/fizzyvape.com\/de\/wp-json\/wp\/v2\/product\/31322","targetHints":{"allow":["GET"]}}],"collection":[{"href":"https:\/\/fizzyvape.com\/de\/wp-json\/wp\/v2\/product"}],"about":[{"href":"https:\/\/fizzyvape.com\/de\/wp-json\/wp\/v2\/types\/product"}],"replies":[{"embeddable":true,"href":"https:\/\/fizzyvape.com\/de\/wp-json\/wp\/v2\/comments?post=31322"}],"version-history":[{"count":1,"href":"https:\/\/fizzyvape.com\/de\/wp-json\/wp\/v2\/product\/31322\/revisions"}],"predecessor-version":[{"id":31338,"href":"https:\/\/fizzyvape.com\/de\/wp-json\/wp\/v2\/product\/31322\/revisions\/31338"}],"wp:featuredmedia":[{"embeddable":true,"href":"https:\/\/fizzyvape.com\/de\/wp-json\/wp\/v2\/media\/31325"}],"wp:attachment":[{"href":"https:\/\/fizzyvape.com\/de\/wp-json\/wp\/v2\/media?parent=31322"}],"wp:term":[{"taxonomy":"product_brand","embeddable":true,"href":"https:\/\/fizzyvape.com\/de\/wp-json\/wp\/v2\/product_brand?post=31322"},{"taxonomy":"product_cat","embeddable":true,"href":"https:\/\/fizzyvape.com\/de\/wp-json\/wp\/v2\/product_cat?post=31322"},{"taxonomy":"product_tag","embeddable":true,"href":"https:\/\/fizzyvape.com\/de\/wp-json\/wp\/v2\/product_tag?post=31322"}],"curies":[{"name":"wp","href":"https:\/\/api.w.org\/{rel}","templated":true}]}}