{"id":30938,"date":"2025-06-18T09:47:57","date_gmt":"2025-06-18T01:47:57","guid":{"rendered":"https:\/\/fizzyvape.com\/product\/max-iii-6in1-60000-zuege\/"},"modified":"2026-01-21T15:24:57","modified_gmt":"2026-01-21T07:24:57","slug":"max-iii-6in1-60000-zuege","status":"publish","type":"product","link":"https:\/\/fizzyvape.com\/de\/product\/max-iii-6in1-60000-zuege\/","title":{"rendered":"Max III 6in1 &#8211; 60000 Z\u00fcge"},"content":{"rendered":"\t\t<div data-elementor-type=\"product-post\" data-elementor-id=\"30938\" class=\"elementor elementor-30938 elementor-2473\" data-elementor-post-type=\"product\">\n\t\t\t\t<div class=\"wd-negative-gap elementor-element elementor-element-50c2a61 e-flex e-con-boxed e-con e-parent\" data-id=\"50c2a61\" data-element_type=\"container\" data-e-type=\"container\">\n\t\t\t\t\t<div class=\"e-con-inner\">\n\t\t\t\t<div class=\"elementor-element elementor-element-f8789cd elementor-widget elementor-widget-heading\" data-id=\"f8789cd\" data-element_type=\"widget\" data-e-type=\"widget\" data-widget_type=\"heading.default\">\n\t\t\t\t\t<h1 class=\"elementor-heading-title elementor-size-default\">Fizzy Max III 6-in-1 60000 Puffs Einweg Vape | Gro\u00dfhandel Lieferant<\/h1>\t\t\t\t<\/div>\n\t\t\t\t\t<\/div>\n\t\t\t\t<\/div>\n\t\t<div class=\"wd-negative-gap elementor-element elementor-element-1fc59b2 e-flex e-con-boxed e-con e-parent\" data-id=\"1fc59b2\" data-element_type=\"container\" data-e-type=\"container\">\n\t\t\t\t\t<div class=\"e-con-inner\">\n\t\t\t\t<div class=\"elementor-element elementor-element-db021bd color-scheme-inherit text-left elementor-widget elementor-widget-text-editor\" data-id=\"db021bd\" data-element_type=\"widget\" data-e-type=\"widget\" data-widget_type=\"text-editor.default\">\n\t\t\t\t\t\t\t\t\t<p><strong>Ein Ger\u00e4t, sechs Geschmacksrichtungen &#8211; die ultimative Vaping-Innovation<\/strong><\/p><p>Erleben Sie un\u00fcbertroffene Vielseitigkeit mit dem Fizzy Max III 6 in 1, einem 60000 Puffs <a href=\"https:\/\/fizzyvape.com\/de\/product-category\/einweg-dampfgerat\/\">Einwegdampfer<\/a>, der sechs Premium-Aromen in einem wiederaufladbaren Ger\u00e4t vereint. Perfekt f\u00fcr Dampfer, die sich nach Vielfalt, Leistung und Komfort sehnen. <\/p>\t\t\t\t\t\t\t\t<\/div>\n\t\t\t\t<div class=\"elementor-element elementor-element-12ec70c elementor-widget elementor-widget-heading\" data-id=\"12ec70c\" data-element_type=\"widget\" data-e-type=\"widget\" data-widget_type=\"heading.default\">\n\t\t\t\t\t<h2 class=\"elementor-heading-title elementor-size-default\">Warum sollten Sie sich f\u00fcr Fizzy Max III 6in1 60000 Puffs Disposable Vape entscheiden?<\/h2>\t\t\t\t<\/div>\n\t\t\t\t<div class=\"elementor-element elementor-element-92e8b26 color-scheme-inherit text-left elementor-widget elementor-widget-text-editor\" data-id=\"92e8b26\" data-element_type=\"widget\" data-e-type=\"widget\" data-widget_type=\"text-editor.default\">\n\t\t\t\t\t\t\t\t\t<ul><li><p><strong>60.000 Puffs insgesamt<\/strong> &#8211; Massive Kapazit\u00e4t f\u00fcr lang anhaltende Zufriedenheit<\/p><\/li><li><p><strong>6 Geschmacksrichtungen in 1 Ger\u00e4t<\/strong> &#8211; Wechseln Sie m\u00fchelos mit dem intelligenten rotierenden Mundst\u00fcck<\/p><\/li><li><p><strong>3 Pods x je 20ml<\/strong> &#8211; Pods mit zwei Geschmacksrichtungen f\u00fcr ein reichhaltiges und vielschichtiges Vape<\/p><\/li><li><p><strong>Wiederaufladbarer Akku<\/strong> &#8211; TYPE-C Aufladung f\u00fcr maximale Effizienz<\/p><\/li><li><p><strong>LED-Anzeige<\/strong> &#8211; Zeigt den Batteriestand und den Status des E-Liquids an<\/p><\/li><li><p><strong>Draw-Activated<\/strong> &#8211; Sanftes, m\u00fcheloses Inhalieren ohne Kn\u00f6pfe<\/p><\/li><\/ul>\t\t\t\t\t\t\t\t<\/div>\n\t\t\t\t<div class=\"elementor-element elementor-element-be4ea9c elementor-widget elementor-widget-heading\" data-id=\"be4ea9c\" data-element_type=\"widget\" data-e-type=\"widget\" data-widget_type=\"heading.default\">\n\t\t\t\t\t<h2 class=\"elementor-heading-title elementor-size-default\">Fizzy Max III 6in1 60000 Puffs Einweg Vape Aromen Liste:<\/h2>\t\t\t\t<\/div>\n\t\t\t\t<div class=\"elementor-element elementor-element-90ed138 color-scheme-inherit text-left elementor-widget elementor-widget-text-editor\" data-id=\"90ed138\" data-element_type=\"widget\" data-e-type=\"widget\" data-widget_type=\"text-editor.default\">\n\t\t\t\t\t\t\t\t\t<ol><li>Erdbeere Himbeere &amp; Mango Pfirsich &amp; Heidelbeere Wassermelone<\/li><li>Gemischte Beeren &amp; Kiwi Passionsfrucht Guave &amp; Erdbeere Wassermelone<\/li><li>Heidelbeere-Himbeere &amp; Dreifach Melone &amp; Erdbeere Eis<\/li><li>Erdbeere Drachenfrucht &amp; Red Bull &amp; Himbeere Wassermelone<\/li><li>Erdbeer-Kiwi &amp; Heidelbeere Eis &amp; Wassermelone Eis<\/li><li>Blaubeereis &amp; Sprudelkirsche &amp; Himbeere-Zitrone<\/li><li>Wassermelone Eis &amp; Erdbeere Vanille Cola &amp; Gemischt<\/li><li>Erdbeere Weintraube &amp; Heidelbeere Kokosnuss &amp; Pfirsich Zitrone<\/li><li>Blue Razz Ice &amp; Erdbeere Kiwi &amp; Saure Ananas Orange<\/li><li>Erdbeer-Wassermelone &amp; Zitrone-Limette &amp; Heidelbeer-Kokosnuss<\/li><li>Love 66 &amp; Red Bull Wassermelone &amp; Erdbeere-Himbeere<\/li><li>Strawberry Ice &amp; Fizzy Cola &amp; Wassermelone Kaugummi<\/li><\/ol>\t\t\t\t\t\t\t\t<\/div>\n\t\t\t\t<div class=\"elementor-element elementor-element-816149c color-scheme-inherit text-left elementor-widget elementor-widget-text-editor\" data-id=\"816149c\" data-element_type=\"widget\" data-e-type=\"widget\" data-widget_type=\"text-editor.default\">\n\t\t\t\t\t\t\t\t\t<h3>H\u00e4ufig gestellte Fragen zu Fizzy Max III 6in1 60000 Puffs Einwegverdampfer<\/h3><p><strong>1. Wie kann ich zwischen den sechs Geschmacksrichtungen wechseln?<\/strong><br>Der Fizzy Max III 6in1 verf\u00fcgt \u00fcber ein intelligentes, drehbares Mundst\u00fcck, mit dem Sie die Geschmacksrichtungen leicht wechseln k\u00f6nnen. Drehen Sie einfach das Mundst\u00fcck, um zwischen den sechs verf\u00fcgbaren Geschmacksrichtungen zu w\u00e4hlen. <\/p><p><strong>2. Welche Nikotinst\u00e4rken gibt es?<\/strong><br>Dieses Ger\u00e4t ist in den Konzentrationen <strong>2% (20mg<\/strong> ) und <strong>5% (50mg)<\/strong> Nikotin erh\u00e4ltlich. W\u00e4hlen Sie die St\u00e4rke, die am besten zu Ihren pers\u00f6nlichen Vorlieben oder Ihrer Rauchgeschichte passt. <\/p><p><strong>3. Ist der Fizzy Max III 6in1 wiederaufladbar?<\/strong><br>Ja, er wird mit einem <strong>USB-C-Akku<\/strong> geliefert, mit dem Sie die 60.000 Z\u00fcge der drei gro\u00dfen Pods voll ausnutzen k\u00f6nnen, ohne sich Gedanken \u00fcber die Stromversorgung zu machen.<\/p><p><strong>4. Wie viele Kapseln sind im Ger\u00e4t enthalten?<\/strong><br>Das Ger\u00e4t enth\u00e4lt <strong>drei vorgef\u00fcllte Kapseln<\/strong>, die jeweils <strong>20 ml E-Liquid<\/strong> enthalten.<\/p>\t\t\t\t\t\t\t\t<\/div>\n\t\t\t\t\t<\/div>\n\t\t\t\t<\/div>\n\t\t<div class=\"elementor-element elementor-element-a0adde3 e-con-full wd-section-stretch e-flex e-con e-parent\" data-id=\"a0adde3\" data-element_type=\"container\" data-e-type=\"container\">\n\t\t\t\t<div class=\"elementor-element elementor-element-8ce0e64 elementor-widget elementor-widget-image\" data-id=\"8ce0e64\" data-element_type=\"widget\" data-e-type=\"widget\" data-widget_type=\"image.default\">\n\t\t\t\t\t\t\t\t\t\t\t\t\t\t\t\t<a href=\"https:\/\/shop.fizzyvape.com\/product-category\/fizzy-max-iii-60000-puffs-disposable-vape\/\">\n\t\t\t\t\t\t\t<img loading=\"lazy\" decoding=\"async\" width=\"1168\" height=\"2560\" src=\"https:\/\/fizzyvape.com\/wp-content\/uploads\/2025\/06\/60K-VAPE-Flavors--scaled.webp\" class=\"attachment-full size-full wp-image-30947\" alt=\"60K VAPE Flavors\" srcset=\"https:\/\/fizzyvape.com\/wp-content\/uploads\/2025\/06\/60K-VAPE-Flavors--scaled.webp 1168w, https:\/\/fizzyvape.com\/wp-content\/uploads\/2025\/06\/60K-VAPE-Flavors--137x300.webp 137w, https:\/\/fizzyvape.com\/wp-content\/uploads\/2025\/06\/60K-VAPE-Flavors--467x1024.webp 467w, https:\/\/fizzyvape.com\/wp-content\/uploads\/2025\/06\/60K-VAPE-Flavors--768x1684.webp 768w, https:\/\/fizzyvape.com\/wp-content\/uploads\/2025\/06\/60K-VAPE-Flavors--701x1536.webp 701w, https:\/\/fizzyvape.com\/wp-content\/uploads\/2025\/06\/60K-VAPE-Flavors--934x2048.webp 934w, https:\/\/fizzyvape.com\/wp-content\/uploads\/2025\/06\/60K-VAPE-Flavors--600x1316.webp 600w, https:\/\/fizzyvape.com\/wp-content\/uploads\/2025\/06\/60K-VAPE-Flavors--scaled-150x329.webp 150w\" sizes=\"auto, (max-width: 1168px) 100vw, 1168px\" \/>\t\t\t\t\t\t\t\t<\/a>\n\t\t\t\t\t\t\t\t\t\t\t\t\t\t\t<\/div>\n\t\t\t\t<div class=\"elementor-element elementor-element-8caef54 elementor-widget__width-inherit elementor-widget elementor-widget-image\" data-id=\"8caef54\" data-element_type=\"widget\" data-e-type=\"widget\" data-widget_type=\"image.default\">\n\t\t\t\t\t\t\t\t\t\t\t\t\t\t\t\t<a href=\"https:\/\/shop.fizzyvape.com\/product-category\/fizzy-max-iii-60000-puffs-disposable-vape\/\">\n\t\t\t\t\t\t\t<img loading=\"lazy\" decoding=\"async\" width=\"1920\" height=\"1245\" src=\"https:\/\/fizzyvape.com\/wp-content\/uploads\/2025\/06\/60K-VAPE_01.webp\" class=\"attachment-full size-full wp-image-30966\" alt=\"60K VAPE_01\" srcset=\"https:\/\/fizzyvape.com\/wp-content\/uploads\/2025\/06\/60K-VAPE_01.webp 1920w, https:\/\/fizzyvape.com\/wp-content\/uploads\/2025\/06\/60K-VAPE_01-300x195.webp 300w, https:\/\/fizzyvape.com\/wp-content\/uploads\/2025\/06\/60K-VAPE_01-1024x664.webp 1024w, https:\/\/fizzyvape.com\/wp-content\/uploads\/2025\/06\/60K-VAPE_01-768x498.webp 768w, https:\/\/fizzyvape.com\/wp-content\/uploads\/2025\/06\/60K-VAPE_01-1536x996.webp 1536w, https:\/\/fizzyvape.com\/wp-content\/uploads\/2025\/06\/60K-VAPE_01-600x389.webp 600w, https:\/\/fizzyvape.com\/wp-content\/uploads\/2025\/06\/60K-VAPE_01-150x97.webp 150w\" sizes=\"auto, (max-width: 1920px) 100vw, 1920px\" \/>\t\t\t\t\t\t\t\t<\/a>\n\t\t\t\t\t\t\t\t\t\t\t\t\t\t\t<\/div>\n\t\t\t\t<div class=\"elementor-element elementor-element-8333442 elementor-widget__width-inherit elementor-widget elementor-widget-image\" data-id=\"8333442\" data-element_type=\"widget\" data-e-type=\"widget\" data-widget_type=\"image.default\">\n\t\t\t\t\t\t\t\t\t\t\t\t\t\t\t\t<a href=\"https:\/\/shop.fizzyvape.com\/product-category\/fizzy-max-iii-60000-puffs-disposable-vape\/\">\n\t\t\t\t\t\t\t<img loading=\"lazy\" decoding=\"async\" width=\"1920\" height=\"1867\" src=\"https:\/\/fizzyvape.com\/wp-content\/uploads\/2025\/06\/60K-VAPE_02.webp\" class=\"attachment-full size-full wp-image-30967\" alt=\"60K VAPE_02\" srcset=\"https:\/\/fizzyvape.com\/wp-content\/uploads\/2025\/06\/60K-VAPE_02.webp 1920w, https:\/\/fizzyvape.com\/wp-content\/uploads\/2025\/06\/60K-VAPE_02-300x292.webp 300w, https:\/\/fizzyvape.com\/wp-content\/uploads\/2025\/06\/60K-VAPE_02-1024x996.webp 1024w, https:\/\/fizzyvape.com\/wp-content\/uploads\/2025\/06\/60K-VAPE_02-768x747.webp 768w, https:\/\/fizzyvape.com\/wp-content\/uploads\/2025\/06\/60K-VAPE_02-1536x1494.webp 1536w, https:\/\/fizzyvape.com\/wp-content\/uploads\/2025\/06\/60K-VAPE_02-600x583.webp 600w, https:\/\/fizzyvape.com\/wp-content\/uploads\/2025\/06\/60K-VAPE_02-150x146.webp 150w\" sizes=\"auto, (max-width: 1920px) 100vw, 1920px\" \/>\t\t\t\t\t\t\t\t<\/a>\n\t\t\t\t\t\t\t\t\t\t\t\t\t\t\t<\/div>\n\t\t\t\t<div class=\"elementor-element elementor-element-79feffa elementor-widget__width-inherit elementor-widget elementor-widget-image\" data-id=\"79feffa\" data-element_type=\"widget\" data-e-type=\"widget\" data-widget_type=\"image.default\">\n\t\t\t\t\t\t\t\t\t\t\t\t\t\t\t<img loading=\"lazy\" decoding=\"async\" width=\"1920\" height=\"2239\" src=\"https:\/\/fizzyvape.com\/wp-content\/uploads\/2025\/06\/60K-VAPE_03.webp\" class=\"attachment-full size-full wp-image-30968\" alt=\"60K VAPE_03\" srcset=\"https:\/\/fizzyvape.com\/wp-content\/uploads\/2025\/06\/60K-VAPE_03.webp 1920w, https:\/\/fizzyvape.com\/wp-content\/uploads\/2025\/06\/60K-VAPE_03-257x300.webp 257w, https:\/\/fizzyvape.com\/wp-content\/uploads\/2025\/06\/60K-VAPE_03-878x1024.webp 878w, https:\/\/fizzyvape.com\/wp-content\/uploads\/2025\/06\/60K-VAPE_03-768x896.webp 768w, https:\/\/fizzyvape.com\/wp-content\/uploads\/2025\/06\/60K-VAPE_03-1317x1536.webp 1317w, https:\/\/fizzyvape.com\/wp-content\/uploads\/2025\/06\/60K-VAPE_03-1756x2048.webp 1756w, https:\/\/fizzyvape.com\/wp-content\/uploads\/2025\/06\/60K-VAPE_03-600x700.webp 600w, https:\/\/fizzyvape.com\/wp-content\/uploads\/2025\/06\/60K-VAPE_03-150x175.webp 150w\" sizes=\"auto, (max-width: 1920px) 100vw, 1920px\" \/>\t\t\t\t\t\t\t\t\t\t\t\t\t\t\t<\/div>\n\t\t\t\t<div class=\"elementor-element elementor-element-fd1a84f elementor-widget__width-inherit elementor-widget elementor-widget-image\" data-id=\"fd1a84f\" data-element_type=\"widget\" data-e-type=\"widget\" data-widget_type=\"image.default\">\n\t\t\t\t\t\t\t\t\t\t\t\t\t\t\t<img loading=\"lazy\" decoding=\"async\" width=\"1776\" height=\"2560\" src=\"https:\/\/fizzyvape.com\/wp-content\/uploads\/2025\/06\/60K-VAPE_04-scaled.webp\" class=\"attachment-full size-full wp-image-30970\" alt=\"60K VAPE_04\" srcset=\"https:\/\/fizzyvape.com\/wp-content\/uploads\/2025\/06\/60K-VAPE_04-scaled.webp 1776w, https:\/\/fizzyvape.com\/wp-content\/uploads\/2025\/06\/60K-VAPE_04-208x300.webp 208w, https:\/\/fizzyvape.com\/wp-content\/uploads\/2025\/06\/60K-VAPE_04-711x1024.webp 711w, https:\/\/fizzyvape.com\/wp-content\/uploads\/2025\/06\/60K-VAPE_04-768x1107.webp 768w, https:\/\/fizzyvape.com\/wp-content\/uploads\/2025\/06\/60K-VAPE_04-1066x1536.webp 1066w, https:\/\/fizzyvape.com\/wp-content\/uploads\/2025\/06\/60K-VAPE_04-1421x2048.webp 1421w, https:\/\/fizzyvape.com\/wp-content\/uploads\/2025\/06\/60K-VAPE_04-600x865.webp 600w, https:\/\/fizzyvape.com\/wp-content\/uploads\/2025\/06\/60K-VAPE_04-scaled-150x216.webp 150w\" sizes=\"auto, (max-width: 1776px) 100vw, 1776px\" \/>\t\t\t\t\t\t\t\t\t\t\t\t\t\t\t<\/div>\n\t\t\t\t<div class=\"elementor-element elementor-element-aa64a04 elementor-widget__width-inherit elementor-widget elementor-widget-image\" data-id=\"aa64a04\" data-element_type=\"widget\" data-e-type=\"widget\" data-widget_type=\"image.default\">\n\t\t\t\t\t\t\t\t\t\t\t\t\t\t\t<img loading=\"lazy\" decoding=\"async\" width=\"1897\" height=\"2560\" src=\"https:\/\/fizzyvape.com\/wp-content\/uploads\/2025\/06\/60K-VAPE_05-scaled.webp\" class=\"attachment-full size-full wp-image-30971\" alt=\"60K VAPE_05\" srcset=\"https:\/\/fizzyvape.com\/wp-content\/uploads\/2025\/06\/60K-VAPE_05-scaled.webp 1897w, https:\/\/fizzyvape.com\/wp-content\/uploads\/2025\/06\/60K-VAPE_05-222x300.webp 222w, https:\/\/fizzyvape.com\/wp-content\/uploads\/2025\/06\/60K-VAPE_05-759x1024.webp 759w, https:\/\/fizzyvape.com\/wp-content\/uploads\/2025\/06\/60K-VAPE_05-768x1036.webp 768w, https:\/\/fizzyvape.com\/wp-content\/uploads\/2025\/06\/60K-VAPE_05-1138x1536.webp 1138w, https:\/\/fizzyvape.com\/wp-content\/uploads\/2025\/06\/60K-VAPE_05-1518x2048.webp 1518w, https:\/\/fizzyvape.com\/wp-content\/uploads\/2025\/06\/60K-VAPE_05-600x810.webp 600w, https:\/\/fizzyvape.com\/wp-content\/uploads\/2025\/06\/60K-VAPE_05-scaled-150x202.webp 150w\" sizes=\"auto, (max-width: 1897px) 100vw, 1897px\" \/>\t\t\t\t\t\t\t\t\t\t\t\t\t\t\t<\/div>\n\t\t\t\t<\/div>\n\t\t\t\t<\/div>\n\t\t","protected":false},"excerpt":{"rendered":"[html_block id=\"29301\"]\n","protected":false},"featured_media":30978,"comment_status":"closed","ping_status":"closed","template":"","meta":{"_crdt_document":"","om_disable_all_campaigns":false,"_monsterinsights_skip_tracking":false,"_monsterinsights_sitenote_active":false,"_monsterinsights_sitenote_note":"","_monsterinsights_sitenote_category":0},"product_brand":[],"product_cat":[164,165],"product_tag":[],"class_list":{"0":"post-30938","1":"product","2":"type-product","3":"status-publish","4":"has-post-thumbnail","6":"product_cat-einweg-dampfgerat","7":"product_cat-wiederaufladbare-vapes","9":"first","10":"instock","11":"shipping-taxable","12":"product-type-simple"},"aioseo_notices":[],"_links":{"self":[{"href":"https:\/\/fizzyvape.com\/de\/wp-json\/wp\/v2\/product\/30938","targetHints":{"allow":["GET"]}}],"collection":[{"href":"https:\/\/fizzyvape.com\/de\/wp-json\/wp\/v2\/product"}],"about":[{"href":"https:\/\/fizzyvape.com\/de\/wp-json\/wp\/v2\/types\/product"}],"replies":[{"embeddable":true,"href":"https:\/\/fizzyvape.com\/de\/wp-json\/wp\/v2\/comments?post=30938"}],"version-history":[{"count":1,"href":"https:\/\/fizzyvape.com\/de\/wp-json\/wp\/v2\/product\/30938\/revisions"}],"predecessor-version":[{"id":30980,"href":"https:\/\/fizzyvape.com\/de\/wp-json\/wp\/v2\/product\/30938\/revisions\/30980"}],"wp:featuredmedia":[{"embeddable":true,"href":"https:\/\/fizzyvape.com\/de\/wp-json\/wp\/v2\/media\/30978"}],"wp:attachment":[{"href":"https:\/\/fizzyvape.com\/de\/wp-json\/wp\/v2\/media?parent=30938"}],"wp:term":[{"taxonomy":"product_brand","embeddable":true,"href":"https:\/\/fizzyvape.com\/de\/wp-json\/wp\/v2\/product_brand?post=30938"},{"taxonomy":"product_cat","embeddable":true,"href":"https:\/\/fizzyvape.com\/de\/wp-json\/wp\/v2\/product_cat?post=30938"},{"taxonomy":"product_tag","embeddable":true,"href":"https:\/\/fizzyvape.com\/de\/wp-json\/wp\/v2\/product_tag?post=30938"}],"curies":[{"name":"wp","href":"https:\/\/api.w.org\/{rel}","templated":true}]}}